{"id":2672,"date":"2025-04-15T23:41:48","date_gmt":"2025-04-15T21:41:48","guid":{"rendered":"https:\/\/x-sports.world\/?post_type=product&#038;p=2672"},"modified":"2026-05-01T13:15:42","modified_gmt":"2026-05-01T11:15:42","slug":"wakeboard-x-wake-electron-2-0-hexa-2023-outlet","status":"publish","type":"product","link":"https:\/\/x-sports.world\/pl\/produkt\/wakeboard-x-wake-electron-2-0-hexa-2023-outlet\/","title":{"rendered":"WAKEBOARD X-WAKE ELECTRON 2.0 HEXA OUTLET 2023"},"content":{"rendered":"<h1>DESKA WAKEBOARDOWA X-WAKE ELECTRON 2.0 HEXA<\/h1>\n<p>ELECTRON 2.0 HEXA BASE ZOSTA\u0141 STWORZONY W CELU PRZESUWANIA GRANIC POZA CODZIENNYMI ROZWI\u0104ZANIAMI. JAZDA Z PRZESZKODAMI W PARKU ROZWIN\u0118\u0141A SI\u0118 NA PRZEZ LATA I TERAZ OSI\u0104GN\u0118\u0141A POZIOM, O KT\u00d3RYM NIE MOGLI\u015aMY SIE MARZY\u0106.<br \/>\nWYMAGANIA DLA KIEROWC\u00d3W NIEUSTANNIE SI\u0118 ZMIENIAJ\u0104 I WZRASTAJ\u0104, CHCEMY SPE\u0141NIA\u0106 SUROWE WYMAGANIA, DLATEGO STWORZYLI\u015aMY HEXA BASE.CHARAKTERYSTYKA <b>SZE\u015aCIOK\u0104TNY<\/b> STRUKTURA ZOSTA\u0141A ZAPROJEKTOWANA TAK, BY \u0141AMA\u0141 NAPI\u0118CIE POWIERZCHNI WODY PODCZAS L\u0104DOWANIA. FORMOWANA PODSTAWA ZMNIEJSZA TARCIE NA ELEMENTACH WAKEPARKU I ZAPEWNIA G\u0141ADKIE UCZUCIE NAWET NA SUCHYCH PRZESZKODACH.<\/p>\n<p><img fetchpriority=\"high\" decoding=\"async\" class=\"aligncenter wp-image-2590 size-full\" src=\"https:\/\/x-sports.world\/wp-content\/uploads\/2025\/04\/OUT-ELECTRON-2.0-2023X.jpg\" alt=\"\" width=\"1920\" height=\"1200\" srcset=\"https:\/\/x-sports.world\/wp-content\/uploads\/2025\/04\/OUT-ELECTRON-2.0-2023X.jpg 1920w, https:\/\/x-sports.world\/wp-content\/uploads\/2025\/04\/OUT-ELECTRON-2.0-2023X-300x188.jpg 300w, https:\/\/x-sports.world\/wp-content\/uploads\/2025\/04\/OUT-ELECTRON-2.0-2023X-1024x640.jpg 1024w, https:\/\/x-sports.world\/wp-content\/uploads\/2025\/04\/OUT-ELECTRON-2.0-2023X-768x480.jpg 768w, https:\/\/x-sports.world\/wp-content\/uploads\/2025\/04\/OUT-ELECTRON-2.0-2023X-1536x960.jpg 1536w, https:\/\/x-sports.world\/wp-content\/uploads\/2025\/04\/OUT-ELECTRON-2.0-2023X-600x375.jpg 600w\" sizes=\"(max-width: 1920px) 100vw, 1920px\" \/><\/p>\n<h2 style=\"text-align: center;\">TECHNOLOGIA<\/h2>\n<h3 style=\"text-align: center;\">ELEKTRON 2.0 HEXA RDZE\u0143 DREWNIANY<\/h3>\n<p>Drewniany rdze\u0144 jest sercem ka\u017cdej naszej deski. Drewno Paulownia jest lekkie i wytrzyma\u0142e, co czyni je idealnym wyborem podczas procesu projektowania deski wakeboardowej.<\/p>\n<p><img decoding=\"async\" class=\"aligncenter wp-image-1898 size-full\" src=\"https:\/\/x-sports.world\/wp-content\/uploads\/2025\/04\/ELECTRON-3.0-PETROL-WOODCOREX.jpg\" alt=\"\" width=\"1920\" height=\"1200\" srcset=\"https:\/\/x-sports.world\/wp-content\/uploads\/2025\/04\/ELECTRON-3.0-PETROL-WOODCOREX.jpg 1920w, https:\/\/x-sports.world\/wp-content\/uploads\/2025\/04\/ELECTRON-3.0-PETROL-WOODCOREX-300x188.jpg 300w, https:\/\/x-sports.world\/wp-content\/uploads\/2025\/04\/ELECTRON-3.0-PETROL-WOODCOREX-1024x640.jpg 1024w, https:\/\/x-sports.world\/wp-content\/uploads\/2025\/04\/ELECTRON-3.0-PETROL-WOODCOREX-768x480.jpg 768w, https:\/\/x-sports.world\/wp-content\/uploads\/2025\/04\/ELECTRON-3.0-PETROL-WOODCOREX-1536x960.jpg 1536w, https:\/\/x-sports.world\/wp-content\/uploads\/2025\/04\/ELECTRON-3.0-PETROL-WOODCOREX-600x375.jpg 600w\" sizes=\"(max-width: 1920px) 100vw, 1920px\" \/><\/p>\n<h3 style=\"text-align: center;\">KONSTRUKCJA ELECTRON 2.0 HEXA CARBON<\/h3>\n<p>U\u017cywanie wielu r\u00f3\u017cnych warstw to strategiczny proces, kt\u00f3ry wymaga wykorzystania wiedzy i do\u015bwiadczenia. Jest to klucz do osi\u0105gni\u0119cia optymalnej wytrzyma\u0142o\u015bci i imponuj\u0105cych cech. W\u0142\u00f3kno w\u0119glowe odgrywa znacz\u0105c\u0105 rol\u0119 w zwi\u0119kszaniu popa deski, dodaj\u0105c zastrzyk energii przy ka\u017cdym skoku.<br \/>\nU\u017cywanie wielu r\u00f3\u017cnych warstw to strategiczny proces, kt\u00f3ry wymaga wykorzystania wiedzy i do\u015bwiadczenia. Jest to klucz do osi\u0105gni\u0119cia optymalnej wytrzyma\u0142o\u015bci i imponuj\u0105cych cech. W\u0142\u00f3kno w\u0119glowe odgrywa znacz\u0105c\u0105 rol\u0119 w zwi\u0119kszaniu popa deski, dodaj\u0105c zastrzyk energii przy ka\u017cdym skoku.<\/p>\n<p>&nbsp;<\/p>\n<h2><img decoding=\"async\" class=\"aligncenter wp-image-1873 size-full\" src=\"https:\/\/x-sports.world\/wp-content\/uploads\/2025\/04\/ELECTRON-3.0-2X.jpg\" alt=\"\" width=\"1920\" height=\"1200\" srcset=\"https:\/\/x-sports.world\/wp-content\/uploads\/2025\/04\/ELECTRON-3.0-2X.jpg 1920w, https:\/\/x-sports.world\/wp-content\/uploads\/2025\/04\/ELECTRON-3.0-2X-300x188.jpg 300w, https:\/\/x-sports.world\/wp-content\/uploads\/2025\/04\/ELECTRON-3.0-2X-1024x640.jpg 1024w, https:\/\/x-sports.world\/wp-content\/uploads\/2025\/04\/ELECTRON-3.0-2X-768x480.jpg 768w, https:\/\/x-sports.world\/wp-content\/uploads\/2025\/04\/ELECTRON-3.0-2X-1536x960.jpg 1536w, https:\/\/x-sports.world\/wp-content\/uploads\/2025\/04\/ELECTRON-3.0-2X-600x375.jpg 600w\" sizes=\"(max-width: 1920px) 100vw, 1920px\" \/><\/h2>\n<h3 style=\"text-align: center;\">ELECTRON 2.0 HEXA P\u0141ASKI WIEK<\/h3>\n<p>Ta <strong>\u00a0P\u0142aska<\/strong> konstrukcja deski sprawia, \u017ce jest ona prosta i przewidywalna. Jej r\u00f3wna powierzchnia rozk\u0142ada flex wzd\u0142u\u017c deski, dzi\u0119ki czemu jest responsywna we wszystkich kierunkach.<\/p>\n<p>&nbsp;<\/p>\n<h2><img loading=\"lazy\" decoding=\"async\" class=\"aligncenter wp-image-1875 size-full\" src=\"https:\/\/x-sports.world\/wp-content\/uploads\/2025\/04\/ELECTRON-3.0-4X.jpg\" alt=\"\" width=\"1920\" height=\"1200\" srcset=\"https:\/\/x-sports.world\/wp-content\/uploads\/2025\/04\/ELECTRON-3.0-4X.jpg 1920w, https:\/\/x-sports.world\/wp-content\/uploads\/2025\/04\/ELECTRON-3.0-4X-300x188.jpg 300w, https:\/\/x-sports.world\/wp-content\/uploads\/2025\/04\/ELECTRON-3.0-4X-1024x640.jpg 1024w, https:\/\/x-sports.world\/wp-content\/uploads\/2025\/04\/ELECTRON-3.0-4X-768x480.jpg 768w, https:\/\/x-sports.world\/wp-content\/uploads\/2025\/04\/ELECTRON-3.0-4X-1536x960.jpg 1536w, https:\/\/x-sports.world\/wp-content\/uploads\/2025\/04\/ELECTRON-3.0-4X-600x375.jpg 600w\" sizes=\"(max-width: 1920px) 100vw, 1920px\" \/><\/h2>\n<h3 style=\"text-align: center;\">ELEKTRON 2.0 HEXA BAZA<\/h3>\n<p>HEXA BASE 3.0<br \/>\nSze\u015bciok\u0105tna struktura rozbija napi\u0119cie powierzchniowe wody podczas l\u0105dowania, a tak\u017ce zmniejsza poweirzchni\u0119 tarcia o elementy wakeparku, zapewniaj\u0105c swobodne slajdy nawet na suchych przeszkodach<\/p>\n<p><img loading=\"lazy\" decoding=\"async\" class=\"aligncenter wp-image-1884 size-full\" src=\"https:\/\/x-sports.world\/wp-content\/uploads\/2025\/04\/ELECTRON-3.0-METALIC-GREY-HEXA-BASE.jpg\" alt=\"\" width=\"1920\" height=\"1200\" srcset=\"https:\/\/x-sports.world\/wp-content\/uploads\/2025\/04\/ELECTRON-3.0-METALIC-GREY-HEXA-BASE.jpg 1920w, https:\/\/x-sports.world\/wp-content\/uploads\/2025\/04\/ELECTRON-3.0-METALIC-GREY-HEXA-BASE-300x188.jpg 300w, https:\/\/x-sports.world\/wp-content\/uploads\/2025\/04\/ELECTRON-3.0-METALIC-GREY-HEXA-BASE-1024x640.jpg 1024w, https:\/\/x-sports.world\/wp-content\/uploads\/2025\/04\/ELECTRON-3.0-METALIC-GREY-HEXA-BASE-768x480.jpg 768w, https:\/\/x-sports.world\/wp-content\/uploads\/2025\/04\/ELECTRON-3.0-METALIC-GREY-HEXA-BASE-1536x960.jpg 1536w, https:\/\/x-sports.world\/wp-content\/uploads\/2025\/04\/ELECTRON-3.0-METALIC-GREY-HEXA-BASE-600x375.jpg 600w\" sizes=\"(max-width: 1920px) 100vw, 1920px\" \/><\/p>\n<h3 style=\"text-align: center;\">WK\u0141ADKI DO BUT\u00d3W ELECTRON 2.0 TOUGH<\/h3>\n<p>Deski X wakeboard s\u0105 zaprojektowane ze wzmocnionymi wk\u0142adkami, aby zapobiec wyrwaniu but\u00f3w z deski. Ponadto wiele warstw carbonu w konstrukcji deski nie tylko zapewnia jej wytrzyma\u0142o\u015b\u0107 i pop, ale tak\u017ce zwi\u0119ksza trwa\u0142o\u015b\u0107 insert\u00f3w,<\/p>\n<h3 style=\"text-align: center;\">ELECTRON 2.0 HEXA CI\u0104G\u0141Y ROCKER<\/h3>\n<p>Continous rocker charakteryzuje si\u0119 pojedyncz\u0105, nieprzerwan\u0105 krzywizn\u0105 od jednego ko\u0144ca do drugiego, co nadaje desce jednolity \u0142uk. To skutkuje p\u0142ynniejsz\u0105 i stabilniejsz\u0105 jazd\u0105.<\/p>\n<h3 style=\"text-align: center;\">\u017bYWICA BIOLOGICZNA ELECTRON 2.0 HEXA \u2013 <span style=\"color: #00ff00;\">ZielonyPoxy<\/span><\/h3>\n<p>GreenPoxy to linia bio-epoxy-\u017cywic opracowanych przez Sicomin, zaprojektowanych w celu zmniejszenia wp\u0142ywu na \u015brodowisko. \u017bywice te wykorzystuj\u0105 odnawialne, ro\u015blinne surowce, co czyni je przyjazn\u0105 dla \u015brodowiska alternatyw\u0105 dla tradycyjnych produkt\u00f3w petrochemicznych. GreenPoxy oferuje wysok\u0105 wydajno\u015b\u0107 mechaniczn\u0105 i przejrzysto\u015b\u0107, jednocze\u015bnie obni\u017caj\u0105c emisj\u0119 CO2. Do 50% jego struktury molekularnej pochodzi ze \u017ar\u00f3de\u0142 ro\u015blinnych. Jest stosowany w r\u00f3\u017cnych ga\u0142\u0119ziach przemys\u0142u, takich jak deski surfingowe i laminaty, aby zapewni\u0107 zr\u00f3wnowa\u017con\u0105 wydajno\u015b\u0107 bez uszczerbku dla jako\u015bci.<\/p>\n<p>Wi\u0119cej informacji znajdziesz na stronie GreenPoxy.<\/p>\n<p><img loading=\"lazy\" decoding=\"async\" class=\"size-medium wp-image-1808 aligncenter\" src=\"https:\/\/x-sports.world\/wp-content\/uploads\/2025\/04\/NEUTRON-BIO-RESIN-300x188.jpg\" alt=\"\" width=\"300\" height=\"188\" srcset=\"https:\/\/x-sports.world\/wp-content\/uploads\/2025\/04\/NEUTRON-BIO-RESIN-300x188.jpg 300w, https:\/\/x-sports.world\/wp-content\/uploads\/2025\/04\/NEUTRON-BIO-RESIN-1024x640.jpg 1024w, https:\/\/x-sports.world\/wp-content\/uploads\/2025\/04\/NEUTRON-BIO-RESIN-768x480.jpg 768w, https:\/\/x-sports.world\/wp-content\/uploads\/2025\/04\/NEUTRON-BIO-RESIN-1536x960.jpg 1536w, https:\/\/x-sports.world\/wp-content\/uploads\/2025\/04\/NEUTRON-BIO-RESIN-600x375.jpg 600w, https:\/\/x-sports.world\/wp-content\/uploads\/2025\/04\/NEUTRON-BIO-RESIN.jpg 1920w\" sizes=\"(max-width: 300px) 100vw, 300px\" \/><\/p>\n<h3 style=\"text-align: center;\">ELECTRON 2.0 HEXA NOWA PODSTAWA M\u0141YNOWA<\/h3>\n<ul>\n<li>Materia\u0142 ten charakteryzuje si\u0119 wyj\u0105tkow\u0105 odporno\u015bci\u0105 na \u015bcieranie i uderzenia<\/li>\n<li>Powierzchnia jest nieprzywieraj\u0105ca i samosmaruj\u0105ca, co u\u0142atwia czyszczenie i konserwacj\u0119<\/li>\n<li>Posiada niski wsp\u00f3\u0142czynnik tarcia i wysok\u0105 odporno\u015b\u0107 na p\u0119kni\u0119cia napr\u0119\u017ceniowe<\/li>\n<li>Materia\u0142 ten mo\u017cna stosowa\u0107 przez d\u0142ugi czas bez utraty funkcjonalno\u015bci<\/li>\n<li>Bardzo wysoka masa cz\u0105steczkowa<\/li>\n<\/ul>\n<p><img loading=\"lazy\" decoding=\"async\" class=\"aligncenter wp-image-1893 size-full\" src=\"https:\/\/x-sports.world\/wp-content\/uploads\/2025\/04\/ELECTRON-3.0-PETROL-GRIND-BASEX.jpg\" alt=\"\" width=\"1920\" height=\"1200\" srcset=\"https:\/\/x-sports.world\/wp-content\/uploads\/2025\/04\/ELECTRON-3.0-PETROL-GRIND-BASEX.jpg 1920w, https:\/\/x-sports.world\/wp-content\/uploads\/2025\/04\/ELECTRON-3.0-PETROL-GRIND-BASEX-300x188.jpg 300w, https:\/\/x-sports.world\/wp-content\/uploads\/2025\/04\/ELECTRON-3.0-PETROL-GRIND-BASEX-1024x640.jpg 1024w, https:\/\/x-sports.world\/wp-content\/uploads\/2025\/04\/ELECTRON-3.0-PETROL-GRIND-BASEX-768x480.jpg 768w, https:\/\/x-sports.world\/wp-content\/uploads\/2025\/04\/ELECTRON-3.0-PETROL-GRIND-BASEX-1536x960.jpg 1536w, https:\/\/x-sports.world\/wp-content\/uploads\/2025\/04\/ELECTRON-3.0-PETROL-GRIND-BASEX-600x375.jpg 600w\" sizes=\"(max-width: 1920px) 100vw, 1920px\" \/><\/p>\n<h2 style=\"text-align: center;\"><img loading=\"lazy\" decoding=\"async\" class=\"aligncenter wp-image-1878 size-full\" src=\"https:\/\/x-sports.world\/wp-content\/uploads\/2025\/04\/ELECTRON-3.0-7X.jpg\" alt=\"\" width=\"1920\" height=\"1200\" srcset=\"https:\/\/x-sports.world\/wp-content\/uploads\/2025\/04\/ELECTRON-3.0-7X.jpg 1920w, https:\/\/x-sports.world\/wp-content\/uploads\/2025\/04\/ELECTRON-3.0-7X-300x188.jpg 300w, https:\/\/x-sports.world\/wp-content\/uploads\/2025\/04\/ELECTRON-3.0-7X-1024x640.jpg 1024w, https:\/\/x-sports.world\/wp-content\/uploads\/2025\/04\/ELECTRON-3.0-7X-768x480.jpg 768w, https:\/\/x-sports.world\/wp-content\/uploads\/2025\/04\/ELECTRON-3.0-7X-1536x960.jpg 1536w, https:\/\/x-sports.world\/wp-content\/uploads\/2025\/04\/ELECTRON-3.0-7X-600x375.jpg 600w\" sizes=\"(max-width: 1920px) 100vw, 1920px\" \/><img loading=\"lazy\" decoding=\"async\" class=\"aligncenter wp-image-2681 size-full\" src=\"https:\/\/x-sports.world\/wp-content\/uploads\/2025\/04\/image.png\" alt=\"\" width=\"270\" height=\"310\" srcset=\"https:\/\/x-sports.world\/wp-content\/uploads\/2025\/04\/image.png 270w, https:\/\/x-sports.world\/wp-content\/uploads\/2025\/04\/image-261x300.png 261w\" sizes=\"(max-width: 270px) 100vw, 270px\" \/><\/h2>","protected":false},"excerpt":{"rendered":"<p>X Wake Electron 2.0 Hexa Base zosta\u0142 stworzony po to, by przekracza\u0107 granice i przekracza\u0107 ograniczenia.<\/p>","protected":false},"featured_media":2682,"template":"","meta":[],"product_brand":[],"product_cat":[56],"product_tag":[],"class_list":{"0":"post-2672","1":"product","2":"type-product","3":"status-publish","4":"has-post-thumbnail","6":"product_cat-outlet-x-wake","7":"product_shipping_class-wake-boards","9":"first","10":"instock","11":"sale","12":"taxable","13":"shipping-taxable","14":"purchasable","15":"product-type-variable"},"yoast_head":"<!-- This site is optimized with the Yoast SEO plugin v26.4 - https:\/\/yoast.com\/wordpress\/plugins\/seo\/ -->\n<title>WAKEBOARD X-WAKE ELECTRON 2.0 HEXA 2023 OUTLET - X-Sports.world - X-Wake | X-Surf<\/title>\n<meta name=\"robots\" content=\"index, follow, max-snippet:-1, max-image-preview:large, max-video-preview:-1\" \/>\n<link rel=\"canonical\" href=\"https:\/\/x-sports.world\/pl\/produkt\/wakeboard-x-wake-electron-2-0-hexa-2023-outlet\/\" \/>\n<meta property=\"og:locale\" content=\"pl_PL\" \/>\n<meta property=\"og:type\" content=\"article\" \/>\n<meta property=\"og:title\" content=\"WAKEBOARD X-WAKE ELECTRON 2.0 HEXA 2023 OUTLET - X-Sports.world - X-Wake | X-Surf\" \/>\n<meta property=\"og:description\" content=\"X Wake Electron 2.0 Hexa Base was created to push boundaries beyond limits.\" \/>\n<meta property=\"og:url\" content=\"https:\/\/x-sports.world\/pl\/produkt\/wakeboard-x-wake-electron-2-0-hexa-2023-outlet\/\" \/>\n<meta property=\"og:site_name\" content=\"X-Sports.world - X-Wake | X-Surf\" \/>\n<meta property=\"article:modified_time\" content=\"2026-05-01T11:15:42+00:00\" \/>\n<meta property=\"og:image\" content=\"https:\/\/x-sports.world\/wp-content\/uploads\/2025\/04\/3.jpg\" \/>\n\t<meta property=\"og:image:width\" content=\"1200\" \/>\n\t<meta property=\"og:image:height\" content=\"1200\" \/>\n\t<meta property=\"og:image:type\" content=\"image\/jpeg\" \/>\n<meta name=\"twitter:card\" content=\"summary_large_image\" \/>\n<meta name=\"twitter:label1\" content=\"Szacowany czas czytania\" \/>\n\t<meta name=\"twitter:data1\" content=\"3 minuty\" \/>\n<script type=\"application\/ld+json\" class=\"yoast-schema-graph\">{\"@context\":\"https:\/\/schema.org\",\"@graph\":[{\"@type\":\"WebPage\",\"@id\":\"https:\/\/x-sports.world\/product\/wakeboard-x-wake-electron-2-0-hexa-2023-outlet\/\",\"url\":\"https:\/\/x-sports.world\/product\/wakeboard-x-wake-electron-2-0-hexa-2023-outlet\/\",\"name\":\"WAKEBOARD X-WAKE ELECTRON 2.0 HEXA 2023 OUTLET - X-Sports.world - X-Wake | X-Surf\",\"isPartOf\":{\"@id\":\"https:\/\/x-sports.world\/#website\"},\"primaryImageOfPage\":{\"@id\":\"https:\/\/x-sports.world\/product\/wakeboard-x-wake-electron-2-0-hexa-2023-outlet\/#primaryimage\"},\"image\":{\"@id\":\"https:\/\/x-sports.world\/product\/wakeboard-x-wake-electron-2-0-hexa-2023-outlet\/#primaryimage\"},\"thumbnailUrl\":\"https:\/\/x-sports.world\/wp-content\/uploads\/2025\/04\/3.jpg\",\"datePublished\":\"2025-04-15T21:41:48+00:00\",\"dateModified\":\"2026-05-01T11:15:42+00:00\",\"breadcrumb\":{\"@id\":\"https:\/\/x-sports.world\/product\/wakeboard-x-wake-electron-2-0-hexa-2023-outlet\/#breadcrumb\"},\"inLanguage\":\"pl-PL\",\"potentialAction\":[{\"@type\":\"ReadAction\",\"target\":[\"https:\/\/x-sports.world\/product\/wakeboard-x-wake-electron-2-0-hexa-2023-outlet\/\"]}]},{\"@type\":\"ImageObject\",\"inLanguage\":\"pl-PL\",\"@id\":\"https:\/\/x-sports.world\/product\/wakeboard-x-wake-electron-2-0-hexa-2023-outlet\/#primaryimage\",\"url\":\"https:\/\/x-sports.world\/wp-content\/uploads\/2025\/04\/3.jpg\",\"contentUrl\":\"https:\/\/x-sports.world\/wp-content\/uploads\/2025\/04\/3.jpg\",\"width\":1200,\"height\":1200},{\"@type\":\"BreadcrumbList\",\"@id\":\"https:\/\/x-sports.world\/product\/wakeboard-x-wake-electron-2-0-hexa-2023-outlet\/#breadcrumb\",\"itemListElement\":[{\"@type\":\"ListItem\",\"position\":1,\"name\":\"Home\",\"item\":\"https:\/\/x-sports.world\/\"},{\"@type\":\"ListItem\",\"position\":2,\"name\":\"Shop\",\"item\":\"https:\/\/x-sports.world\/shop\/\"},{\"@type\":\"ListItem\",\"position\":3,\"name\":\"WAKEBOARD X-WAKE ELECTRON 2.0 HEXA 2023 OUTLET\"}]},{\"@type\":\"WebSite\",\"@id\":\"https:\/\/x-sports.world\/#website\",\"url\":\"https:\/\/x-sports.world\/\",\"name\":\"X-Sports.world - X-Wake Wakeboards | X-Surf Surfboards\",\"description\":\"Kolejna witryna WordPress\",\"publisher\":{\"@id\":\"https:\/\/x-sports.world\/#organization\"},\"potentialAction\":[{\"@type\":\"SearchAction\",\"target\":{\"@type\":\"EntryPoint\",\"urlTemplate\":\"https:\/\/x-sports.world\/?s={search_term_string}\"},\"query-input\":{\"@type\":\"PropertyValueSpecification\",\"valueRequired\":true,\"valueName\":\"search_term_string\"}}],\"inLanguage\":\"pl-PL\"},{\"@type\":\"Organization\",\"@id\":\"https:\/\/x-sports.world\/#organization\",\"name\":\"X-Sports.world - X-Wake | X-Surf\",\"url\":\"https:\/\/x-sports.world\/\",\"logo\":{\"@type\":\"ImageObject\",\"inLanguage\":\"pl-PL\",\"@id\":\"https:\/\/x-sports.world\/#\/schema\/logo\/image\/\",\"url\":\"https:\/\/x-sports.world\/wp-content\/uploads\/2025\/04\/XSPORTS-BLACK-LOGO.png\",\"contentUrl\":\"https:\/\/x-sports.world\/wp-content\/uploads\/2025\/04\/XSPORTS-BLACK-LOGO.png\",\"width\":3810,\"height\":1016,\"caption\":\"X-Sports.world - X-Wake | X-Surf\"},\"image\":{\"@id\":\"https:\/\/x-sports.world\/#\/schema\/logo\/image\/\"}}]}<\/script>\n<!-- \/ Yoast SEO plugin. -->","yoast_head_json":{"title":"WAKEBOARD X-WAKE ELECTRON 2.0 HEXA 2023 OUTLET - X-Sports.world - X-Wake | X-Surf","robots":{"index":"index","follow":"follow","max-snippet":"max-snippet:-1","max-image-preview":"max-image-preview:large","max-video-preview":"max-video-preview:-1"},"canonical":"https:\/\/x-sports.world\/pl\/produkt\/wakeboard-x-wake-electron-2-0-hexa-2023-outlet\/","og_locale":"pl_PL","og_type":"article","og_title":"WAKEBOARD X-WAKE ELECTRON 2.0 HEXA 2023 OUTLET - X-Sports.world - X-Wake | X-Surf","og_description":"X Wake Electron 2.0 Hexa Base was created to push boundaries beyond limits.","og_url":"https:\/\/x-sports.world\/pl\/produkt\/wakeboard-x-wake-electron-2-0-hexa-2023-outlet\/","og_site_name":"X-Sports.world - X-Wake | X-Surf","article_modified_time":"2026-05-01T11:15:42+00:00","og_image":[{"width":1200,"height":1200,"url":"https:\/\/x-sports.world\/wp-content\/uploads\/2025\/04\/3.jpg","type":"image\/jpeg"}],"twitter_card":"summary_large_image","twitter_misc":{"Szacowany czas czytania":"3 minuty"},"schema":{"@context":"https:\/\/schema.org","@graph":[{"@type":"WebPage","@id":"https:\/\/x-sports.world\/product\/wakeboard-x-wake-electron-2-0-hexa-2023-outlet\/","url":"https:\/\/x-sports.world\/product\/wakeboard-x-wake-electron-2-0-hexa-2023-outlet\/","name":"WAKEBOARD X-WAKE ELECTRON 2.0 HEXA 2023 OUTLET - X-Sports.world - X-Wake | X-Surf","isPartOf":{"@id":"https:\/\/x-sports.world\/#website"},"primaryImageOfPage":{"@id":"https:\/\/x-sports.world\/product\/wakeboard-x-wake-electron-2-0-hexa-2023-outlet\/#primaryimage"},"image":{"@id":"https:\/\/x-sports.world\/product\/wakeboard-x-wake-electron-2-0-hexa-2023-outlet\/#primaryimage"},"thumbnailUrl":"https:\/\/x-sports.world\/wp-content\/uploads\/2025\/04\/3.jpg","datePublished":"2025-04-15T21:41:48+00:00","dateModified":"2026-05-01T11:15:42+00:00","breadcrumb":{"@id":"https:\/\/x-sports.world\/product\/wakeboard-x-wake-electron-2-0-hexa-2023-outlet\/#breadcrumb"},"inLanguage":"pl-PL","potentialAction":[{"@type":"ReadAction","target":["https:\/\/x-sports.world\/product\/wakeboard-x-wake-electron-2-0-hexa-2023-outlet\/"]}]},{"@type":"ImageObject","inLanguage":"pl-PL","@id":"https:\/\/x-sports.world\/product\/wakeboard-x-wake-electron-2-0-hexa-2023-outlet\/#primaryimage","url":"https:\/\/x-sports.world\/wp-content\/uploads\/2025\/04\/3.jpg","contentUrl":"https:\/\/x-sports.world\/wp-content\/uploads\/2025\/04\/3.jpg","width":1200,"height":1200},{"@type":"BreadcrumbList","@id":"https:\/\/x-sports.world\/product\/wakeboard-x-wake-electron-2-0-hexa-2023-outlet\/#breadcrumb","itemListElement":[{"@type":"ListItem","position":1,"name":"Home","item":"https:\/\/x-sports.world\/"},{"@type":"ListItem","position":2,"name":"Shop","item":"https:\/\/x-sports.world\/shop\/"},{"@type":"ListItem","position":3,"name":"WAKEBOARD X-WAKE ELECTRON 2.0 HEXA 2023 OUTLET"}]},{"@type":"WebSite","@id":"https:\/\/x-sports.world\/#website","url":"https:\/\/x-sports.world\/","name":"X-Sports.world - X-Wake Wakeboards | X-Surf Surfboards","description":"Kolejna witryna WordPress","publisher":{"@id":"https:\/\/x-sports.world\/#organization"},"potentialAction":[{"@type":"SearchAction","target":{"@type":"EntryPoint","urlTemplate":"https:\/\/x-sports.world\/?s={search_term_string}"},"query-input":{"@type":"PropertyValueSpecification","valueRequired":true,"valueName":"search_term_string"}}],"inLanguage":"pl-PL"},{"@type":"Organization","@id":"https:\/\/x-sports.world\/#organization","name":"X-Sports.world - X-Wake | X-Surf","url":"https:\/\/x-sports.world\/","logo":{"@type":"ImageObject","inLanguage":"pl-PL","@id":"https:\/\/x-sports.world\/#\/schema\/logo\/image\/","url":"https:\/\/x-sports.world\/wp-content\/uploads\/2025\/04\/XSPORTS-BLACK-LOGO.png","contentUrl":"https:\/\/x-sports.world\/wp-content\/uploads\/2025\/04\/XSPORTS-BLACK-LOGO.png","width":3810,"height":1016,"caption":"X-Sports.world - X-Wake | X-Surf"},"image":{"@id":"https:\/\/x-sports.world\/#\/schema\/logo\/image\/"}}]}},"_links":{"self":[{"href":"https:\/\/x-sports.world\/pl\/wp-json\/wp\/v2\/product\/2672","targetHints":{"allow":["GET"]}}],"collection":[{"href":"https:\/\/x-sports.world\/pl\/wp-json\/wp\/v2\/product"}],"about":[{"href":"https:\/\/x-sports.world\/pl\/wp-json\/wp\/v2\/types\/product"}],"version-history":[{"count":2,"href":"https:\/\/x-sports.world\/pl\/wp-json\/wp\/v2\/product\/2672\/revisions"}],"predecessor-version":[{"id":2746,"href":"https:\/\/x-sports.world\/pl\/wp-json\/wp\/v2\/product\/2672\/revisions\/2746"}],"wp:featuredmedia":[{"embeddable":true,"href":"https:\/\/x-sports.world\/pl\/wp-json\/wp\/v2\/media\/2682"}],"wp:attachment":[{"href":"https:\/\/x-sports.world\/pl\/wp-json\/wp\/v2\/media?parent=2672"}],"wp:term":[{"taxonomy":"product_brand","embeddable":true,"href":"https:\/\/x-sports.world\/pl\/wp-json\/wp\/v2\/product_brand?post=2672"},{"taxonomy":"product_cat","embeddable":true,"href":"https:\/\/x-sports.world\/pl\/wp-json\/wp\/v2\/product_cat?post=2672"},{"taxonomy":"product_tag","embeddable":true,"href":"https:\/\/x-sports.world\/pl\/wp-json\/wp\/v2\/product_tag?post=2672"}],"curies":[{"name":"wp","href":"https:\/\/api.w.org\/{rel}","templated":true}]}}