{"id":2653,"date":"2025-04-15T22:35:22","date_gmt":"2025-04-15T20:35:22","guid":{"rendered":"https:\/\/x-sports.world\/?post_type=product&#038;p=2653"},"modified":"2026-03-17T16:00:49","modified_gmt":"2026-03-17T14:00:49","slug":"wakeboard-x-wake-neutron-2023-outlet","status":"publish","type":"product","link":"https:\/\/x-sports.world\/pl\/produkt\/wakeboard-x-wake-neutron-2023-outlet\/","title":{"rendered":"OUTLET WAKEBOARDU X-WAKE NEUTRON 2023"},"content":{"rendered":"<h1>DESKA WAKEBOARDOWA X-WAKE NEUTRON 2023<\/h1>\n<p>Poznaj Neutrona, wakeboard dla tych, kt\u00f3rzy chc\u0105 deski kt\u00f3ra da poczucie wolno\u015bci i lekko\u015bci na wodzie. Jego kszta\u0142t 3D zapewnia niezr\u00f3wnan\u0105 stabilno\u015b\u0107 po\u0142\u0105czon\u0105 z precyzyjn\u0105 kontrol\u0105. Mi\u0119kkie tipy zapewniaj\u0105 du\u017cego popa oraz wyznaczaj\u0105 nowy standard precyzji najazdu. Rdze\u0144 z lekkiego drewna paulowni wzmocniony w\u0142\u00f3knem w\u0119glowym tworzy nowoczesn\u0105 konstrukcj\u0119, kt\u00f3ra \u0142\u0105czy pi\u00f3rkow\u0105 lekko\u015b\u0107 z niesamowit\u0105 wytrzyma\u0142o\u015bci\u0105 i natychmiastow\u0105 responsywno\u015bci\u0105. Bez wzgl\u0119du na to, czy l\u0105dujesz wysoki skok, czy robisz nosepressa na railu. Neutron przesuwa granice i daje niespotykan\u0105 lekko\u015b\u0107.<\/p>\n<p><img fetchpriority=\"high\" decoding=\"async\" class=\"aligncenter wp-image-2599 size-full\" src=\"https:\/\/x-sports.world\/wp-content\/uploads\/2025\/04\/OUT-NEUTRONX-2023.jpg\" alt=\"\" width=\"1920\" height=\"1200\" srcset=\"https:\/\/x-sports.world\/wp-content\/uploads\/2025\/04\/OUT-NEUTRONX-2023.jpg 1920w, https:\/\/x-sports.world\/wp-content\/uploads\/2025\/04\/OUT-NEUTRONX-2023-300x188.jpg 300w, https:\/\/x-sports.world\/wp-content\/uploads\/2025\/04\/OUT-NEUTRONX-2023-1024x640.jpg 1024w, https:\/\/x-sports.world\/wp-content\/uploads\/2025\/04\/OUT-NEUTRONX-2023-768x480.jpg 768w, https:\/\/x-sports.world\/wp-content\/uploads\/2025\/04\/OUT-NEUTRONX-2023-1536x960.jpg 1536w, https:\/\/x-sports.world\/wp-content\/uploads\/2025\/04\/OUT-NEUTRONX-2023-600x375.jpg 600w\" sizes=\"(max-width: 1920px) 100vw, 1920px\" \/><\/p>\n<p>&nbsp;<\/p>\n<h2 style=\"text-align: center;\">TECHNOLOGIA<\/h2>\n<h3 style=\"text-align: center;\">RDZE\u0143 DREWNIANY<\/h3>\n<p>Drewniany rdze\u0144 jest sercem ka\u017cdej naszej deski. Drewno Paulownia jest lekkie i wytrzyma\u0142e, co czyni je idealnym wyborem podczas procesu projektowania deski wakeboardowej.<\/p>\n<p><img decoding=\"async\" class=\"aligncenter wp-image-1816 size-full\" src=\"https:\/\/x-sports.world\/wp-content\/uploads\/2025\/04\/NEUTRON-WOODCORE.jpg\" alt=\"\" width=\"1920\" height=\"1200\" srcset=\"https:\/\/x-sports.world\/wp-content\/uploads\/2025\/04\/NEUTRON-WOODCORE.jpg 1920w, https:\/\/x-sports.world\/wp-content\/uploads\/2025\/04\/NEUTRON-WOODCORE-300x188.jpg 300w, https:\/\/x-sports.world\/wp-content\/uploads\/2025\/04\/NEUTRON-WOODCORE-1024x640.jpg 1024w, https:\/\/x-sports.world\/wp-content\/uploads\/2025\/04\/NEUTRON-WOODCORE-768x480.jpg 768w, https:\/\/x-sports.world\/wp-content\/uploads\/2025\/04\/NEUTRON-WOODCORE-1536x960.jpg 1536w, https:\/\/x-sports.world\/wp-content\/uploads\/2025\/04\/NEUTRON-WOODCORE-600x375.jpg 600w\" sizes=\"(max-width: 1920px) 100vw, 1920px\" \/><\/p>\n<p><img decoding=\"async\" class=\"aligncenter wp-image-1865 size-full\" src=\"https:\/\/x-sports.world\/wp-content\/uploads\/2025\/04\/NEUTRON-2X.jpg\" alt=\"\" width=\"1920\" height=\"1200\" srcset=\"https:\/\/x-sports.world\/wp-content\/uploads\/2025\/04\/NEUTRON-2X.jpg 1920w, https:\/\/x-sports.world\/wp-content\/uploads\/2025\/04\/NEUTRON-2X-300x188.jpg 300w, https:\/\/x-sports.world\/wp-content\/uploads\/2025\/04\/NEUTRON-2X-1024x640.jpg 1024w, https:\/\/x-sports.world\/wp-content\/uploads\/2025\/04\/NEUTRON-2X-768x480.jpg 768w, https:\/\/x-sports.world\/wp-content\/uploads\/2025\/04\/NEUTRON-2X-1536x960.jpg 1536w, https:\/\/x-sports.world\/wp-content\/uploads\/2025\/04\/NEUTRON-2X-600x375.jpg 600w\" sizes=\"(max-width: 1920px) 100vw, 1920px\" \/><\/p>\n<h3 style=\"text-align: center;\">KONSTRUKCJA KOMPOZYTOWA<\/h3>\n<p>U\u017cywanie wielu r\u00f3\u017cnych warstw to strategiczny proces, kt\u00f3ry wymaga wykorzystania wiedzy i do\u015bwiadczenia. Jest to klucz do osi\u0105gni\u0119cia optymalnej wytrzyma\u0142o\u015bci i imponuj\u0105cych cech. W\u0142\u00f3kno w\u0119glowe odgrywa znacz\u0105c\u0105 rol\u0119 w zwi\u0119kszaniu popa deski, dodaj\u0105c zastrzyk energii przy ka\u017cdym skoku.<br \/>\nU\u017cywanie wielu r\u00f3\u017cnych warstw to strategiczny proces, kt\u00f3ry wymaga wykorzystania wiedzy i do\u015bwiadczenia. Jest to klucz do osi\u0105gni\u0119cia optymalnej wytrzyma\u0142o\u015bci i imponuj\u0105cych cech. W\u0142\u00f3kno w\u0119glowe odgrywa znacz\u0105c\u0105 rol\u0119 w zwi\u0119kszaniu popa deski, dodaj\u0105c zastrzyk energii przy ka\u017cdym skoku.<\/p>\n<p>&nbsp;<\/p>\n<h2><img loading=\"lazy\" decoding=\"async\" class=\"aligncenter wp-image-1867 size-full\" src=\"https:\/\/x-sports.world\/wp-content\/uploads\/2025\/04\/NEUTRON-4X.jpg\" alt=\"\" width=\"1920\" height=\"1200\" srcset=\"https:\/\/x-sports.world\/wp-content\/uploads\/2025\/04\/NEUTRON-4X.jpg 1920w, https:\/\/x-sports.world\/wp-content\/uploads\/2025\/04\/NEUTRON-4X-300x188.jpg 300w, https:\/\/x-sports.world\/wp-content\/uploads\/2025\/04\/NEUTRON-4X-1024x640.jpg 1024w, https:\/\/x-sports.world\/wp-content\/uploads\/2025\/04\/NEUTRON-4X-768x480.jpg 768w, https:\/\/x-sports.world\/wp-content\/uploads\/2025\/04\/NEUTRON-4X-1536x960.jpg 1536w, https:\/\/x-sports.world\/wp-content\/uploads\/2025\/04\/NEUTRON-4X-600x375.jpg 600w\" sizes=\"(max-width: 1920px) 100vw, 1920px\" \/><\/h2>\n<h3 style=\"text-align: center;\">KANA\u0141Y TRIPLE-C<\/h3>\n<p>Potr\u00f3jne kana\u0142y umieszczone na ko\u0144cach deski znacz\u0105co zwi\u0119kszaj\u0105 stabilno\u015b\u0107 podczas l\u0105dowania nawet najbardziej wymagaj\u0105cych invert\u00f3w. Dodatkowo optymalizuj\u0105 przep\u0142yw wody pod desk\u0105 w momencie zacinania kraw\u0119dzi, co przek\u0142ada si\u0119 na bardziej precyzyjne prowadzenie i lepsze trzymanie toru jazdy.<br \/>\nKana\u0142y CCC r\u00f3wnie\u017c sprawdzaj\u0105 w je\u017adzie po railach i boxach.<\/p>\n<p>&nbsp;<\/p>\n<h2><img loading=\"lazy\" decoding=\"async\" class=\"aligncenter wp-image-1869 size-full\" src=\"https:\/\/x-sports.world\/wp-content\/uploads\/2025\/04\/NEUTRON-6X.jpg\" alt=\"\" width=\"1920\" height=\"1200\" srcset=\"https:\/\/x-sports.world\/wp-content\/uploads\/2025\/04\/NEUTRON-6X.jpg 1920w, https:\/\/x-sports.world\/wp-content\/uploads\/2025\/04\/NEUTRON-6X-300x188.jpg 300w, https:\/\/x-sports.world\/wp-content\/uploads\/2025\/04\/NEUTRON-6X-1024x640.jpg 1024w, https:\/\/x-sports.world\/wp-content\/uploads\/2025\/04\/NEUTRON-6X-768x480.jpg 768w, https:\/\/x-sports.world\/wp-content\/uploads\/2025\/04\/NEUTRON-6X-1536x960.jpg 1536w, https:\/\/x-sports.world\/wp-content\/uploads\/2025\/04\/NEUTRON-6X-600x375.jpg 600w\" sizes=\"(max-width: 1920px) 100vw, 1920px\" \/><\/h2>\n<h3 style=\"text-align: center;\">KANA\u0141Y BOCZNE<\/h3>\n<p>Wszystkie kana\u0142y na desce wsp\u00f3\u0142graj\u0105 z sob\u0105 podczas jazdy po wodzie. Kana\u0142y boczne kieruj\u0105 przep\u0142ywem wody pod desk\u0105 i zapobiegaj\u0105 \"driftowaniu\" deski podczas zakr\u0119t\u00f3w.<\/p>\n<p><img loading=\"lazy\" decoding=\"async\" class=\"aligncenter wp-image-1809 size-full\" src=\"https:\/\/x-sports.world\/wp-content\/uploads\/2025\/04\/NEUTRON-CHANNELS.jpg\" alt=\"\" width=\"1920\" height=\"1200\" srcset=\"https:\/\/x-sports.world\/wp-content\/uploads\/2025\/04\/NEUTRON-CHANNELS.jpg 1920w, https:\/\/x-sports.world\/wp-content\/uploads\/2025\/04\/NEUTRON-CHANNELS-300x188.jpg 300w, https:\/\/x-sports.world\/wp-content\/uploads\/2025\/04\/NEUTRON-CHANNELS-1024x640.jpg 1024w, https:\/\/x-sports.world\/wp-content\/uploads\/2025\/04\/NEUTRON-CHANNELS-768x480.jpg 768w, https:\/\/x-sports.world\/wp-content\/uploads\/2025\/04\/NEUTRON-CHANNELS-1536x960.jpg 1536w, https:\/\/x-sports.world\/wp-content\/uploads\/2025\/04\/NEUTRON-CHANNELS-600x375.jpg 600w\" sizes=\"(max-width: 1920px) 100vw, 1920px\" \/><\/p>\n<h2><img loading=\"lazy\" decoding=\"async\" class=\"aligncenter wp-image-1868 size-full\" src=\"https:\/\/x-sports.world\/wp-content\/uploads\/2025\/04\/NEUTRON-5X.jpg\" alt=\"\" width=\"1920\" height=\"1200\" srcset=\"https:\/\/x-sports.world\/wp-content\/uploads\/2025\/04\/NEUTRON-5X.jpg 1920w, https:\/\/x-sports.world\/wp-content\/uploads\/2025\/04\/NEUTRON-5X-300x188.jpg 300w, https:\/\/x-sports.world\/wp-content\/uploads\/2025\/04\/NEUTRON-5X-1024x640.jpg 1024w, https:\/\/x-sports.world\/wp-content\/uploads\/2025\/04\/NEUTRON-5X-768x480.jpg 768w, https:\/\/x-sports.world\/wp-content\/uploads\/2025\/04\/NEUTRON-5X-1536x960.jpg 1536w, https:\/\/x-sports.world\/wp-content\/uploads\/2025\/04\/NEUTRON-5X-600x375.jpg 600w\" sizes=\"(max-width: 1920px) 100vw, 1920px\" \/><\/h2>\n<h3 style=\"text-align: center;\">WZMOCNIONE MOCOWANIA BUT\u00d3W<\/h3>\n<p>Deski X wakeboard s\u0105 zaprojektowane ze wzmocnionymi wk\u0142adkami, aby zapobiec wyrwaniu but\u00f3w z deski. Ponadto wiele warstw carbonu w konstrukcji deski nie tylko zapewnia jej wytrzyma\u0142o\u015b\u0107 i pop, ale tak\u017ce zwi\u0119ksza trwa\u0142o\u015b\u0107 insert\u00f3w,<\/p>\n<h3 style=\"text-align: center;\">CONTINOUS ROCKER<\/h3>\n<p>Continous rocker charakteryzuje si\u0119 pojedyncz\u0105, nieprzerwan\u0105 krzywizn\u0105 od jednego ko\u0144ca do drugiego, co nadaje desce jednolity \u0142uk. To skutkuje p\u0142ynniejsz\u0105 i stabilniejsz\u0105 jazd\u0105.<\/p>\n<h3 style=\"text-align: center;\">NEUTRON <span style=\"color: #00ff00;\">\u017bYWICA BIO<\/span> &#8211; <span style=\"color: #00ff00;\">ZielonyPoxy<\/span><\/h3>\n<p>GreenPoxy to linia bio-epoxy-\u017cywic opracowanych przez Sicomin, zaprojektowanych w celu zmniejszenia wp\u0142ywu na \u015brodowisko. \u017bywice te wykorzystuj\u0105 odnawialne, ro\u015blinne surowce, co czyni je przyjazn\u0105 dla \u015brodowiska alternatyw\u0105 dla tradycyjnych produkt\u00f3w petrochemicznych. GreenPoxy oferuje wysok\u0105 wydajno\u015b\u0107 mechaniczn\u0105 i przejrzysto\u015b\u0107, jednocze\u015bnie obni\u017caj\u0105c emisj\u0119 CO2. Do 50% jego struktury molekularnej pochodzi ze \u017ar\u00f3de\u0142 ro\u015blinnych. Jest stosowany w r\u00f3\u017cnych ga\u0142\u0119ziach przemys\u0142u, takich jak deski surfingowe i laminaty, aby zapewni\u0107 zr\u00f3wnowa\u017con\u0105 wydajno\u015b\u0107 bez uszczerbku dla jako\u015bci.<\/p>\n<p>Wi\u0119cej informacji znajdziesz na stronie GreenPoxy.<\/p>\n<h2><img loading=\"lazy\" decoding=\"async\" class=\"aligncenter wp-image-1808 size-medium\" src=\"https:\/\/x-sports.world\/wp-content\/uploads\/2025\/04\/NEUTRON-BIO-RESIN-300x188.jpg\" alt=\"\" width=\"300\" height=\"188\" srcset=\"https:\/\/x-sports.world\/wp-content\/uploads\/2025\/04\/NEUTRON-BIO-RESIN-300x188.jpg 300w, https:\/\/x-sports.world\/wp-content\/uploads\/2025\/04\/NEUTRON-BIO-RESIN-1024x640.jpg 1024w, https:\/\/x-sports.world\/wp-content\/uploads\/2025\/04\/NEUTRON-BIO-RESIN-768x480.jpg 768w, https:\/\/x-sports.world\/wp-content\/uploads\/2025\/04\/NEUTRON-BIO-RESIN-1536x960.jpg 1536w, https:\/\/x-sports.world\/wp-content\/uploads\/2025\/04\/NEUTRON-BIO-RESIN-600x375.jpg 600w, https:\/\/x-sports.world\/wp-content\/uploads\/2025\/04\/NEUTRON-BIO-RESIN.jpg 1920w\" sizes=\"(max-width: 300px) 100vw, 300px\" \/><\/h2>\n<p><img loading=\"lazy\" decoding=\"async\" class=\"aligncenter wp-image-1866 size-full\" src=\"https:\/\/x-sports.world\/wp-content\/uploads\/2025\/04\/NEUTRON-3X.jpg\" alt=\"\" width=\"1920\" height=\"1200\" srcset=\"https:\/\/x-sports.world\/wp-content\/uploads\/2025\/04\/NEUTRON-3X.jpg 1920w, https:\/\/x-sports.world\/wp-content\/uploads\/2025\/04\/NEUTRON-3X-300x188.jpg 300w, https:\/\/x-sports.world\/wp-content\/uploads\/2025\/04\/NEUTRON-3X-1024x640.jpg 1024w, https:\/\/x-sports.world\/wp-content\/uploads\/2025\/04\/NEUTRON-3X-768x480.jpg 768w, https:\/\/x-sports.world\/wp-content\/uploads\/2025\/04\/NEUTRON-3X-1536x960.jpg 1536w, https:\/\/x-sports.world\/wp-content\/uploads\/2025\/04\/NEUTRON-3X-600x375.jpg 600w\" sizes=\"(max-width: 1920px) 100vw, 1920px\" \/><\/p>\n<h3 style=\"text-align: center;\">NEW GRIND-BASE<\/h3>\n<ul>\n<li>Materia\u0142 ten charakteryzuje si\u0119 wyj\u0105tkow\u0105 odporno\u015bci\u0105 na \u015bcieranie i uderzenia<\/li>\n<li>Powierzchnia jest nieprzywieraj\u0105ca i samosmaruj\u0105ca, co u\u0142atwia czyszczenie i konserwacj\u0119<\/li>\n<li>Posiada niski wsp\u00f3\u0142czynnik tarcia i wysok\u0105 odporno\u015b\u0107 na p\u0119kni\u0119cia napr\u0119\u017ceniowe<\/li>\n<li>Materia\u0142 ten mo\u017cna stosowa\u0107 przez d\u0142ugi czas bez utraty funkcjonalno\u015bci<\/li>\n<li>Bardzo du\u017ca masa cz\u0105steczkowa<\/li>\n<\/ul>\n<p><img loading=\"lazy\" decoding=\"async\" class=\"aligncenter wp-image-1302 size-full\" src=\"http:\/\/x-sports.world\/wp-content\/uploads\/2025\/04\/PERGLIDE-SURFACE.png\" alt=\"\" width=\"1920\" height=\"1200\" srcset=\"https:\/\/x-sports.world\/wp-content\/uploads\/2025\/04\/PERGLIDE-SURFACE.png 1920w, https:\/\/x-sports.world\/wp-content\/uploads\/2025\/04\/PERGLIDE-SURFACE-300x188.png 300w, https:\/\/x-sports.world\/wp-content\/uploads\/2025\/04\/PERGLIDE-SURFACE-1024x640.png 1024w, https:\/\/x-sports.world\/wp-content\/uploads\/2025\/04\/PERGLIDE-SURFACE-768x480.png 768w, https:\/\/x-sports.world\/wp-content\/uploads\/2025\/04\/PERGLIDE-SURFACE-1536x960.png 1536w, https:\/\/x-sports.world\/wp-content\/uploads\/2025\/04\/PERGLIDE-SURFACE-600x375.png 600w\" sizes=\"(max-width: 1920px) 100vw, 1920px\" \/><\/p>\n<h2 style=\"text-align: center;\"><img loading=\"lazy\" decoding=\"async\" class=\"aligncenter wp-image-1870 size-full\" src=\"https:\/\/x-sports.world\/wp-content\/uploads\/2025\/04\/NEUTRON-7X.jpg\" alt=\"\" width=\"1920\" height=\"1200\" srcset=\"https:\/\/x-sports.world\/wp-content\/uploads\/2025\/04\/NEUTRON-7X.jpg 1920w, https:\/\/x-sports.world\/wp-content\/uploads\/2025\/04\/NEUTRON-7X-300x188.jpg 300w, https:\/\/x-sports.world\/wp-content\/uploads\/2025\/04\/NEUTRON-7X-1024x640.jpg 1024w, https:\/\/x-sports.world\/wp-content\/uploads\/2025\/04\/NEUTRON-7X-768x480.jpg 768w, https:\/\/x-sports.world\/wp-content\/uploads\/2025\/04\/NEUTRON-7X-1536x960.jpg 1536w, https:\/\/x-sports.world\/wp-content\/uploads\/2025\/04\/NEUTRON-7X-600x375.jpg 600w\" sizes=\"(max-width: 1920px) 100vw, 1920px\" \/><\/h2>\n<p>&nbsp;<\/p>","protected":false},"excerpt":{"rendered":"<p><strong>NEUTRON<\/strong> \u2013 Zaawansowany kszta\u0142t 3D pozwala na uzyskanie sztywnego \u015brodka deski wakeboardowej, przy jednoczesnym zachowaniu elastycznych tip\u00f3w, co zapewnia maksymalny pop i lepsz\u0105 kontrol\u0119 na przeszkodach.<\/p>","protected":false},"featured_media":2598,"template":"","meta":[],"product_brand":[],"product_cat":[56],"product_tag":[],"class_list":{"0":"post-2653","1":"product","2":"type-product","3":"status-publish","4":"has-post-thumbnail","6":"product_cat-outlet-x-wake","7":"product_shipping_class-wake-boards","9":"first","10":"instock","11":"sale","12":"taxable","13":"shipping-taxable","14":"purchasable","15":"product-type-variable"},"yoast_head":"<!-- This site is optimized with the Yoast SEO plugin v26.4 - https:\/\/yoast.com\/wordpress\/plugins\/seo\/ -->\n<title>WAKEBOARD X-WAKE NEUTRON 2023 OUTLET - X-Sports.world - X-Wake | X-Surf<\/title>\n<meta name=\"robots\" content=\"index, follow, max-snippet:-1, max-image-preview:large, max-video-preview:-1\" \/>\n<link rel=\"canonical\" href=\"https:\/\/x-sports.world\/pl\/produkt\/wakeboard-x-wake-neutron-2023-outlet\/\" \/>\n<meta property=\"og:locale\" content=\"pl_PL\" \/>\n<meta property=\"og:type\" content=\"article\" \/>\n<meta property=\"og:title\" content=\"WAKEBOARD X-WAKE NEUTRON 2023 OUTLET - X-Sports.world - X-Wake | X-Surf\" \/>\n<meta property=\"og:description\" content=\"NEUTRON - The advanced 3D shape allows for a rigid wakeboard center, while maintaining flexible tips for maximum pop and improved press control.\" \/>\n<meta property=\"og:url\" content=\"https:\/\/x-sports.world\/pl\/produkt\/wakeboard-x-wake-neutron-2023-outlet\/\" \/>\n<meta property=\"og:site_name\" content=\"X-Sports.world - X-Wake | X-Surf\" \/>\n<meta property=\"article:modified_time\" content=\"2026-03-17T14:00:49+00:00\" \/>\n<meta property=\"og:image\" content=\"https:\/\/x-sports.world\/wp-content\/uploads\/2025\/04\/OUT-NEUTRON-2023.jpg\" \/>\n\t<meta property=\"og:image:width\" content=\"1200\" \/>\n\t<meta property=\"og:image:height\" content=\"1200\" \/>\n\t<meta property=\"og:image:type\" content=\"image\/jpeg\" \/>\n<meta name=\"twitter:card\" content=\"summary_large_image\" \/>\n<meta name=\"twitter:label1\" content=\"Szacowany czas czytania\" \/>\n\t<meta name=\"twitter:data1\" content=\"5 minut\" \/>\n<script type=\"application\/ld+json\" class=\"yoast-schema-graph\">{\"@context\":\"https:\/\/schema.org\",\"@graph\":[{\"@type\":\"WebPage\",\"@id\":\"https:\/\/x-sports.world\/product\/wakeboard-x-wake-neutron-2023-outlet\/\",\"url\":\"https:\/\/x-sports.world\/product\/wakeboard-x-wake-neutron-2023-outlet\/\",\"name\":\"WAKEBOARD X-WAKE NEUTRON 2023 OUTLET - X-Sports.world - X-Wake | X-Surf\",\"isPartOf\":{\"@id\":\"https:\/\/x-sports.world\/#website\"},\"primaryImageOfPage\":{\"@id\":\"https:\/\/x-sports.world\/product\/wakeboard-x-wake-neutron-2023-outlet\/#primaryimage\"},\"image\":{\"@id\":\"https:\/\/x-sports.world\/product\/wakeboard-x-wake-neutron-2023-outlet\/#primaryimage\"},\"thumbnailUrl\":\"https:\/\/x-sports.world\/wp-content\/uploads\/2025\/04\/OUT-NEUTRON-2023.jpg\",\"datePublished\":\"2025-04-15T20:35:22+00:00\",\"dateModified\":\"2026-03-17T14:00:49+00:00\",\"breadcrumb\":{\"@id\":\"https:\/\/x-sports.world\/product\/wakeboard-x-wake-neutron-2023-outlet\/#breadcrumb\"},\"inLanguage\":\"pl-PL\",\"potentialAction\":[{\"@type\":\"ReadAction\",\"target\":[\"https:\/\/x-sports.world\/product\/wakeboard-x-wake-neutron-2023-outlet\/\"]}]},{\"@type\":\"ImageObject\",\"inLanguage\":\"pl-PL\",\"@id\":\"https:\/\/x-sports.world\/product\/wakeboard-x-wake-neutron-2023-outlet\/#primaryimage\",\"url\":\"https:\/\/x-sports.world\/wp-content\/uploads\/2025\/04\/OUT-NEUTRON-2023.jpg\",\"contentUrl\":\"https:\/\/x-sports.world\/wp-content\/uploads\/2025\/04\/OUT-NEUTRON-2023.jpg\",\"width\":1200,\"height\":1200},{\"@type\":\"BreadcrumbList\",\"@id\":\"https:\/\/x-sports.world\/product\/wakeboard-x-wake-neutron-2023-outlet\/#breadcrumb\",\"itemListElement\":[{\"@type\":\"ListItem\",\"position\":1,\"name\":\"Home\",\"item\":\"https:\/\/x-sports.world\/\"},{\"@type\":\"ListItem\",\"position\":2,\"name\":\"Shop\",\"item\":\"https:\/\/x-sports.world\/shop\/\"},{\"@type\":\"ListItem\",\"position\":3,\"name\":\"WAKEBOARD X-WAKE NEUTRON 2023 OUTLET\"}]},{\"@type\":\"WebSite\",\"@id\":\"https:\/\/x-sports.world\/#website\",\"url\":\"https:\/\/x-sports.world\/\",\"name\":\"X-Sports.world - X-Wake Wakeboards | X-Surf Surfboards\",\"description\":\"Kolejna witryna WordPress\",\"publisher\":{\"@id\":\"https:\/\/x-sports.world\/#organization\"},\"potentialAction\":[{\"@type\":\"SearchAction\",\"target\":{\"@type\":\"EntryPoint\",\"urlTemplate\":\"https:\/\/x-sports.world\/?s={search_term_string}\"},\"query-input\":{\"@type\":\"PropertyValueSpecification\",\"valueRequired\":true,\"valueName\":\"search_term_string\"}}],\"inLanguage\":\"pl-PL\"},{\"@type\":\"Organization\",\"@id\":\"https:\/\/x-sports.world\/#organization\",\"name\":\"X-Sports.world - X-Wake | X-Surf\",\"url\":\"https:\/\/x-sports.world\/\",\"logo\":{\"@type\":\"ImageObject\",\"inLanguage\":\"pl-PL\",\"@id\":\"https:\/\/x-sports.world\/#\/schema\/logo\/image\/\",\"url\":\"https:\/\/x-sports.world\/wp-content\/uploads\/2025\/04\/XSPORTS-BLACK-LOGO.png\",\"contentUrl\":\"https:\/\/x-sports.world\/wp-content\/uploads\/2025\/04\/XSPORTS-BLACK-LOGO.png\",\"width\":3810,\"height\":1016,\"caption\":\"X-Sports.world - X-Wake | X-Surf\"},\"image\":{\"@id\":\"https:\/\/x-sports.world\/#\/schema\/logo\/image\/\"}}]}<\/script>\n<!-- \/ Yoast SEO plugin. -->","yoast_head_json":{"title":"WAKEBOARD X-WAKE NEUTRON 2023 OUTLET - X-Sports.world - X-Wake | X-Surf","robots":{"index":"index","follow":"follow","max-snippet":"max-snippet:-1","max-image-preview":"max-image-preview:large","max-video-preview":"max-video-preview:-1"},"canonical":"https:\/\/x-sports.world\/pl\/produkt\/wakeboard-x-wake-neutron-2023-outlet\/","og_locale":"pl_PL","og_type":"article","og_title":"WAKEBOARD X-WAKE NEUTRON 2023 OUTLET - X-Sports.world - X-Wake | X-Surf","og_description":"NEUTRON - The advanced 3D shape allows for a rigid wakeboard center, while maintaining flexible tips for maximum pop and improved press control.","og_url":"https:\/\/x-sports.world\/pl\/produkt\/wakeboard-x-wake-neutron-2023-outlet\/","og_site_name":"X-Sports.world - X-Wake | X-Surf","article_modified_time":"2026-03-17T14:00:49+00:00","og_image":[{"width":1200,"height":1200,"url":"https:\/\/x-sports.world\/wp-content\/uploads\/2025\/04\/OUT-NEUTRON-2023.jpg","type":"image\/jpeg"}],"twitter_card":"summary_large_image","twitter_misc":{"Szacowany czas czytania":"5 minut"},"schema":{"@context":"https:\/\/schema.org","@graph":[{"@type":"WebPage","@id":"https:\/\/x-sports.world\/product\/wakeboard-x-wake-neutron-2023-outlet\/","url":"https:\/\/x-sports.world\/product\/wakeboard-x-wake-neutron-2023-outlet\/","name":"WAKEBOARD X-WAKE NEUTRON 2023 OUTLET - X-Sports.world - X-Wake | X-Surf","isPartOf":{"@id":"https:\/\/x-sports.world\/#website"},"primaryImageOfPage":{"@id":"https:\/\/x-sports.world\/product\/wakeboard-x-wake-neutron-2023-outlet\/#primaryimage"},"image":{"@id":"https:\/\/x-sports.world\/product\/wakeboard-x-wake-neutron-2023-outlet\/#primaryimage"},"thumbnailUrl":"https:\/\/x-sports.world\/wp-content\/uploads\/2025\/04\/OUT-NEUTRON-2023.jpg","datePublished":"2025-04-15T20:35:22+00:00","dateModified":"2026-03-17T14:00:49+00:00","breadcrumb":{"@id":"https:\/\/x-sports.world\/product\/wakeboard-x-wake-neutron-2023-outlet\/#breadcrumb"},"inLanguage":"pl-PL","potentialAction":[{"@type":"ReadAction","target":["https:\/\/x-sports.world\/product\/wakeboard-x-wake-neutron-2023-outlet\/"]}]},{"@type":"ImageObject","inLanguage":"pl-PL","@id":"https:\/\/x-sports.world\/product\/wakeboard-x-wake-neutron-2023-outlet\/#primaryimage","url":"https:\/\/x-sports.world\/wp-content\/uploads\/2025\/04\/OUT-NEUTRON-2023.jpg","contentUrl":"https:\/\/x-sports.world\/wp-content\/uploads\/2025\/04\/OUT-NEUTRON-2023.jpg","width":1200,"height":1200},{"@type":"BreadcrumbList","@id":"https:\/\/x-sports.world\/product\/wakeboard-x-wake-neutron-2023-outlet\/#breadcrumb","itemListElement":[{"@type":"ListItem","position":1,"name":"Home","item":"https:\/\/x-sports.world\/"},{"@type":"ListItem","position":2,"name":"Shop","item":"https:\/\/x-sports.world\/shop\/"},{"@type":"ListItem","position":3,"name":"WAKEBOARD X-WAKE NEUTRON 2023 OUTLET"}]},{"@type":"WebSite","@id":"https:\/\/x-sports.world\/#website","url":"https:\/\/x-sports.world\/","name":"X-Sports.world - X-Wake Wakeboards | X-Surf Surfboards","description":"Kolejna witryna WordPress","publisher":{"@id":"https:\/\/x-sports.world\/#organization"},"potentialAction":[{"@type":"SearchAction","target":{"@type":"EntryPoint","urlTemplate":"https:\/\/x-sports.world\/?s={search_term_string}"},"query-input":{"@type":"PropertyValueSpecification","valueRequired":true,"valueName":"search_term_string"}}],"inLanguage":"pl-PL"},{"@type":"Organization","@id":"https:\/\/x-sports.world\/#organization","name":"X-Sports.world - X-Wake | X-Surf","url":"https:\/\/x-sports.world\/","logo":{"@type":"ImageObject","inLanguage":"pl-PL","@id":"https:\/\/x-sports.world\/#\/schema\/logo\/image\/","url":"https:\/\/x-sports.world\/wp-content\/uploads\/2025\/04\/XSPORTS-BLACK-LOGO.png","contentUrl":"https:\/\/x-sports.world\/wp-content\/uploads\/2025\/04\/XSPORTS-BLACK-LOGO.png","width":3810,"height":1016,"caption":"X-Sports.world - X-Wake | X-Surf"},"image":{"@id":"https:\/\/x-sports.world\/#\/schema\/logo\/image\/"}}]}},"_links":{"self":[{"href":"https:\/\/x-sports.world\/pl\/wp-json\/wp\/v2\/product\/2653","targetHints":{"allow":["GET"]}}],"collection":[{"href":"https:\/\/x-sports.world\/pl\/wp-json\/wp\/v2\/product"}],"about":[{"href":"https:\/\/x-sports.world\/pl\/wp-json\/wp\/v2\/types\/product"}],"version-history":[{"count":3,"href":"https:\/\/x-sports.world\/pl\/wp-json\/wp\/v2\/product\/2653\/revisions"}],"predecessor-version":[{"id":2661,"href":"https:\/\/x-sports.world\/pl\/wp-json\/wp\/v2\/product\/2653\/revisions\/2661"}],"wp:featuredmedia":[{"embeddable":true,"href":"https:\/\/x-sports.world\/pl\/wp-json\/wp\/v2\/media\/2598"}],"wp:attachment":[{"href":"https:\/\/x-sports.world\/pl\/wp-json\/wp\/v2\/media?parent=2653"}],"wp:term":[{"taxonomy":"product_brand","embeddable":true,"href":"https:\/\/x-sports.world\/pl\/wp-json\/wp\/v2\/product_brand?post=2653"},{"taxonomy":"product_cat","embeddable":true,"href":"https:\/\/x-sports.world\/pl\/wp-json\/wp\/v2\/product_cat?post=2653"},{"taxonomy":"product_tag","embeddable":true,"href":"https:\/\/x-sports.world\/pl\/wp-json\/wp\/v2\/product_tag?post=2653"}],"curies":[{"name":"wp","href":"https:\/\/api.w.org\/{rel}","templated":true}]}}