{"id":2609,"date":"2025-04-15T21:52:56","date_gmt":"2025-04-15T19:52:56","guid":{"rendered":"https:\/\/x-sports.world\/?post_type=product&#038;p=2609"},"modified":"2026-04-26T15:36:45","modified_gmt":"2026-04-26T13:36:45","slug":"wakeboard-x-wake-quark-2023-outlet","status":"publish","type":"product","link":"https:\/\/x-sports.world\/pl\/produkt\/wakeboard-x-wake-quark-2023-outlet\/","title":{"rendered":"OUTLET WAKEBOARDU X-WAKE QUARK 2023"},"content":{"rendered":"<h1>DESKA WAKEBOARDOWA X-WAKE QUARK 2023<\/h1>\n<p><img fetchpriority=\"high\" decoding=\"async\" class=\"aligncenter wp-image-2602 size-full\" src=\"https:\/\/x-sports.world\/wp-content\/uploads\/2025\/04\/OUT-QUARK-2023X.jpg\" alt=\"\" width=\"1920\" height=\"1200\" srcset=\"https:\/\/x-sports.world\/wp-content\/uploads\/2025\/04\/OUT-QUARK-2023X.jpg 1920w, https:\/\/x-sports.world\/wp-content\/uploads\/2025\/04\/OUT-QUARK-2023X-300x188.jpg 300w, https:\/\/x-sports.world\/wp-content\/uploads\/2025\/04\/OUT-QUARK-2023X-1024x640.jpg 1024w, https:\/\/x-sports.world\/wp-content\/uploads\/2025\/04\/OUT-QUARK-2023X-768x480.jpg 768w, https:\/\/x-sports.world\/wp-content\/uploads\/2025\/04\/OUT-QUARK-2023X-1536x960.jpg 1536w, https:\/\/x-sports.world\/wp-content\/uploads\/2025\/04\/OUT-QUARK-2023X-600x375.jpg 600w\" sizes=\"(max-width: 1920px) 100vw, 1920px\" \/><\/p>\n<p>Quark to nasza najmniejsza deska stworzona dla najm\u0142odszych rider\u00f3w. Najni\u017csza waga i mi\u0119kki flex gwarantuj\u0105, \u017ce Quark jest idealnym wyborem dla m\u0142odych adept\u00f3w. Dzi\u0119ki technologii w\u0142\u00f3kna w\u0119glowego rdze\u0144 drewniany mo\u017ce by\u0107 cie\u0144szy i l\u017cejszy bez utraty trwa\u0142o\u015bci i elastyczno\u015bci.<br \/>\nD\u0142ugie kana\u0142y boczne sprawiaj\u0105, \u017ce deska jest bardzo stabilna i \u0142atwa w prowadzeniu, co gwarantuje szybkie i \u0142atwe post\u0119py.<br \/>\nWysokiej jako\u015bci deska wakeboardowa pozwalaj\u0105ca na d\u0142ugie je\u017cd\u017cenie bez utraty funkcjonalno\u015bci<\/p>\n<h2 style=\"text-align: center;\">TECHNOLOGIA<\/h2>\n<h3 style=\"text-align: center;\">RDZE\u0143 DREWNIANY<\/h3>\n<p>Drewniany rdze\u0144 jest sercem ka\u017cdej naszej deski. Drewno Paulownia jest lekkie i wytrzyma\u0142e, co czyni je idealnym wyborem podczas procesu projektowania deski wakeboardowej.<\/p>\n<p><img decoding=\"async\" class=\"aligncenter wp-image-2038 size-full\" src=\"https:\/\/x-sports.world\/wp-content\/uploads\/2025\/04\/QUARK-WOODCOREX.jpg\" alt=\"\" width=\"1920\" height=\"1200\" srcset=\"https:\/\/x-sports.world\/wp-content\/uploads\/2025\/04\/QUARK-WOODCOREX.jpg 1920w, https:\/\/x-sports.world\/wp-content\/uploads\/2025\/04\/QUARK-WOODCOREX-300x188.jpg 300w, https:\/\/x-sports.world\/wp-content\/uploads\/2025\/04\/QUARK-WOODCOREX-1024x640.jpg 1024w, https:\/\/x-sports.world\/wp-content\/uploads\/2025\/04\/QUARK-WOODCOREX-768x480.jpg 768w, https:\/\/x-sports.world\/wp-content\/uploads\/2025\/04\/QUARK-WOODCOREX-1536x960.jpg 1536w, https:\/\/x-sports.world\/wp-content\/uploads\/2025\/04\/QUARK-WOODCOREX-600x375.jpg 600w\" sizes=\"(max-width: 1920px) 100vw, 1920px\" \/><\/p>\n<h2><img decoding=\"async\" class=\"aligncenter wp-image-2024 size-full\" src=\"https:\/\/x-sports.world\/wp-content\/uploads\/2025\/04\/QUARK-2X.jpg\" alt=\"\" width=\"1920\" height=\"1200\" srcset=\"https:\/\/x-sports.world\/wp-content\/uploads\/2025\/04\/QUARK-2X.jpg 1920w, https:\/\/x-sports.world\/wp-content\/uploads\/2025\/04\/QUARK-2X-300x188.jpg 300w, https:\/\/x-sports.world\/wp-content\/uploads\/2025\/04\/QUARK-2X-1024x640.jpg 1024w, https:\/\/x-sports.world\/wp-content\/uploads\/2025\/04\/QUARK-2X-768x480.jpg 768w, https:\/\/x-sports.world\/wp-content\/uploads\/2025\/04\/QUARK-2X-1536x960.jpg 1536w, https:\/\/x-sports.world\/wp-content\/uploads\/2025\/04\/QUARK-2X-600x375.jpg 600w\" sizes=\"(max-width: 1920px) 100vw, 1920px\" \/><\/h2>\n<h3 style=\"text-align: center;\">WZMACNIANA KARBONEM<\/h3>\n<p>U\u017cywanie wielu r\u00f3\u017cnych warstw to strategiczny proces, kt\u00f3ry wymaga wykorzystania wiedzy i do\u015bwiadczenia. Jest to klucz do osi\u0105gni\u0119cia optymalnej wytrzyma\u0142o\u015bci i imponuj\u0105cych cech. W\u0142\u00f3kno w\u0119glowe odgrywa znacz\u0105c\u0105 rol\u0119 w zwi\u0119kszaniu popa deski, dodaj\u0105c zastrzyk energii przy ka\u017cdym skoku.<\/p>\n<h2><img loading=\"lazy\" decoding=\"async\" class=\"aligncenter wp-image-2025 size-full\" src=\"https:\/\/x-sports.world\/wp-content\/uploads\/2025\/04\/QUARK-3X.jpg\" alt=\"\" width=\"1920\" height=\"1200\" srcset=\"https:\/\/x-sports.world\/wp-content\/uploads\/2025\/04\/QUARK-3X.jpg 1920w, https:\/\/x-sports.world\/wp-content\/uploads\/2025\/04\/QUARK-3X-300x188.jpg 300w, https:\/\/x-sports.world\/wp-content\/uploads\/2025\/04\/QUARK-3X-1024x640.jpg 1024w, https:\/\/x-sports.world\/wp-content\/uploads\/2025\/04\/QUARK-3X-768x480.jpg 768w, https:\/\/x-sports.world\/wp-content\/uploads\/2025\/04\/QUARK-3X-1536x960.jpg 1536w, https:\/\/x-sports.world\/wp-content\/uploads\/2025\/04\/QUARK-3X-600x375.jpg 600w\" sizes=\"(max-width: 1920px) 100vw, 1920px\" \/><\/h2>\n<h3 style=\"text-align: center;\">FLAT SURFACE AREAS<\/h3>\n<p>G\u00f3rna p\u0142aska konstrukcja deski sprawia, \u017ce jest ona prosta i przewidywalna. Jej r\u00f3wna powierzchnia rozk\u0142ada flex wzd\u0142u\u017c deski, dzi\u0119ki czemu jest responsywna we wszystkich kierunkach.<\/p>\n<h2><img loading=\"lazy\" decoding=\"async\" class=\"aligncenter wp-image-2026 size-full\" src=\"https:\/\/x-sports.world\/wp-content\/uploads\/2025\/04\/QUARK-4X.jpg\" alt=\"\" width=\"1920\" height=\"1200\" srcset=\"https:\/\/x-sports.world\/wp-content\/uploads\/2025\/04\/QUARK-4X.jpg 1920w, https:\/\/x-sports.world\/wp-content\/uploads\/2025\/04\/QUARK-4X-300x188.jpg 300w, https:\/\/x-sports.world\/wp-content\/uploads\/2025\/04\/QUARK-4X-1024x640.jpg 1024w, https:\/\/x-sports.world\/wp-content\/uploads\/2025\/04\/QUARK-4X-768x480.jpg 768w, https:\/\/x-sports.world\/wp-content\/uploads\/2025\/04\/QUARK-4X-1536x960.jpg 1536w, https:\/\/x-sports.world\/wp-content\/uploads\/2025\/04\/QUARK-4X-600x375.jpg 600w\" sizes=\"(max-width: 1920px) 100vw, 1920px\" \/><\/h2>\n<h3 style=\"text-align: center;\">KANA\u0141Y BOCZNE<\/h3>\n<p>Zapewniaj\u0105 dobr\u0105 i stabiln\u0105 przyczepno\u015b\u0107 na wodzie, \u0142agodniejsze l\u0105dowania i wi\u0119ksz\u0105 przyczepno\u015b\u0107 na kraw\u0119dzi.<\/p>\n<p><img loading=\"lazy\" decoding=\"async\" class=\"aligncenter wp-image-2028 size-full\" src=\"https:\/\/x-sports.world\/wp-content\/uploads\/2025\/04\/QUARK-BASE-CHANNELSX.jpg\" alt=\"\" width=\"1920\" height=\"1200\" srcset=\"https:\/\/x-sports.world\/wp-content\/uploads\/2025\/04\/QUARK-BASE-CHANNELSX.jpg 1920w, https:\/\/x-sports.world\/wp-content\/uploads\/2025\/04\/QUARK-BASE-CHANNELSX-300x188.jpg 300w, https:\/\/x-sports.world\/wp-content\/uploads\/2025\/04\/QUARK-BASE-CHANNELSX-1024x640.jpg 1024w, https:\/\/x-sports.world\/wp-content\/uploads\/2025\/04\/QUARK-BASE-CHANNELSX-768x480.jpg 768w, https:\/\/x-sports.world\/wp-content\/uploads\/2025\/04\/QUARK-BASE-CHANNELSX-1536x960.jpg 1536w, https:\/\/x-sports.world\/wp-content\/uploads\/2025\/04\/QUARK-BASE-CHANNELSX-600x375.jpg 600w\" sizes=\"(max-width: 1920px) 100vw, 1920px\" \/><\/p>\n<h3 style=\"text-align: center;\">WZMACNIANE MOCOWANIA BUT\u00d3W<\/h3>\n<p>Deski X wakeboard s\u0105 zaprojektowane ze wzmocnionymi wk\u0142adkami, aby zapobiec wyrwaniu but\u00f3w z deski. Ponadto wiele warstw carbonu w konstrukcji deski nie tylko zapewnia jej wytrzyma\u0142o\u015b\u0107 i pop, ale tak\u017ce zwi\u0119ksza trwa\u0142o\u015b\u0107 insert\u00f3w,<\/p>\n<p>&nbsp;<\/p>\n<h2><img loading=\"lazy\" decoding=\"async\" class=\"aligncenter wp-image-2041 size-full\" src=\"https:\/\/x-sports.world\/wp-content\/uploads\/2025\/04\/QUARK-6X.jpg\" alt=\"\" width=\"1920\" height=\"1200\" srcset=\"https:\/\/x-sports.world\/wp-content\/uploads\/2025\/04\/QUARK-6X.jpg 1920w, https:\/\/x-sports.world\/wp-content\/uploads\/2025\/04\/QUARK-6X-300x188.jpg 300w, https:\/\/x-sports.world\/wp-content\/uploads\/2025\/04\/QUARK-6X-1024x640.jpg 1024w, https:\/\/x-sports.world\/wp-content\/uploads\/2025\/04\/QUARK-6X-768x480.jpg 768w, https:\/\/x-sports.world\/wp-content\/uploads\/2025\/04\/QUARK-6X-1536x960.jpg 1536w, https:\/\/x-sports.world\/wp-content\/uploads\/2025\/04\/QUARK-6X-600x375.jpg 600w\" sizes=\"(max-width: 1920px) 100vw, 1920px\" \/><\/h2>\n<h3 style=\"text-align: center;\">CONTINOUS ROCKER<\/h3>\n<p>Continous rocker charakteryzuje si\u0119 pojedyncz\u0105, nieprzerwan\u0105 krzywizn\u0105 od jednego ko\u0144ca do drugiego, co nadaje desce jednolity \u0142uk. To skutkuje p\u0142ynniejsz\u0105 i stabilniejsz\u0105 jazd\u0105.<\/p>\n<p>&nbsp;<\/p>\n<h3 style=\"text-align: center;\">QUARK <span style=\"color: #339966;\">\u017bYWICA BIO \u2013<\/span> <span style=\"color: #00ff00;\">ZielonyPoxy<\/span><\/h3>\n<p>GreenPoxy to linia bio-epoxy-\u017cywic opracowanych przez Sicomin, zaprojektowanych w celu zmniejszenia wp\u0142ywu na \u015brodowisko. \u017bywice te wykorzystuj\u0105 odnawialne, ro\u015blinne surowce, co czyni je przyjazn\u0105 dla \u015brodowiska alternatyw\u0105 dla tradycyjnych produkt\u00f3w petrochemicznych. GreenPoxy oferuje wysok\u0105 wydajno\u015b\u0107 mechaniczn\u0105 i przejrzysto\u015b\u0107, jednocze\u015bnie obni\u017caj\u0105c emisj\u0119 CO2. Do 50% jego struktury molekularnej pochodzi ze \u017ar\u00f3de\u0142 ro\u015blinnych. Jest stosowany w r\u00f3\u017cnych ga\u0142\u0119ziach przemys\u0142u, takich jak deski surfingowe i laminaty, aby zapewni\u0107 zr\u00f3wnowa\u017con\u0105 wydajno\u015b\u0107 bez uszczerbku dla jako\u015bci.<\/p>\n<p>Wi\u0119cej informacji znajdziesz na stronie GreenPoxy.<\/p>\n<p><img loading=\"lazy\" decoding=\"async\" class=\"size-medium wp-image-1491 aligncenter\" src=\"https:\/\/x-sports.world\/wp-content\/uploads\/2025\/04\/SICOMIN-BIO-RESIN-300x300.png\" alt=\"\" width=\"300\" height=\"300\" srcset=\"https:\/\/x-sports.world\/wp-content\/uploads\/2025\/04\/SICOMIN-BIO-RESIN-300x300.png 300w, https:\/\/x-sports.world\/wp-content\/uploads\/2025\/04\/SICOMIN-BIO-RESIN-1024x1024.png 1024w, https:\/\/x-sports.world\/wp-content\/uploads\/2025\/04\/SICOMIN-BIO-RESIN-150x150.png 150w, https:\/\/x-sports.world\/wp-content\/uploads\/2025\/04\/SICOMIN-BIO-RESIN-768x768.png 768w, https:\/\/x-sports.world\/wp-content\/uploads\/2025\/04\/SICOMIN-BIO-RESIN-600x600.png 600w, https:\/\/x-sports.world\/wp-content\/uploads\/2025\/04\/SICOMIN-BIO-RESIN-100x100.png 100w, https:\/\/x-sports.world\/wp-content\/uploads\/2025\/04\/SICOMIN-BIO-RESIN-50x50.png 50w, https:\/\/x-sports.world\/wp-content\/uploads\/2025\/04\/SICOMIN-BIO-RESIN.png 1200w\" sizes=\"(max-width: 300px) 100vw, 300px\" \/><\/p>\n<h3 style=\"text-align: center;\">NEW GRIND-BASE<\/h3>\n<ul>\n<li>Materia\u0142 ten charakteryzuje si\u0119 wyj\u0105tkow\u0105 odporno\u015bci\u0105 na \u015bcieranie i uderzenia<\/li>\n<li>Powierzchnia jest nieprzywieraj\u0105ca i samosmaruj\u0105ca, co u\u0142atwia czyszczenie i konserwacj\u0119<\/li>\n<li>Posiada niski wsp\u00f3\u0142czynnik tarcia i wysok\u0105 odporno\u015b\u0107 na p\u0119kni\u0119cia napr\u0119\u017ceniowe<\/li>\n<li>Materia\u0142 ten mo\u017cna stosowa\u0107 przez d\u0142ugi czas bez utraty funkcjonalno\u015bci<\/li>\n<li>ULTRA WYSOKA MASA CZ\u0104STECZKOWA<\/li>\n<\/ul>\n<h3><img loading=\"lazy\" decoding=\"async\" class=\"aligncenter wp-image-2033 size-full\" src=\"https:\/\/x-sports.world\/wp-content\/uploads\/2025\/04\/QUARK-GRIND-BASEX.jpg\" alt=\"\" width=\"1920\" height=\"1200\" srcset=\"https:\/\/x-sports.world\/wp-content\/uploads\/2025\/04\/QUARK-GRIND-BASEX.jpg 1920w, https:\/\/x-sports.world\/wp-content\/uploads\/2025\/04\/QUARK-GRIND-BASEX-300x188.jpg 300w, https:\/\/x-sports.world\/wp-content\/uploads\/2025\/04\/QUARK-GRIND-BASEX-1024x640.jpg 1024w, https:\/\/x-sports.world\/wp-content\/uploads\/2025\/04\/QUARK-GRIND-BASEX-768x480.jpg 768w, https:\/\/x-sports.world\/wp-content\/uploads\/2025\/04\/QUARK-GRIND-BASEX-1536x960.jpg 1536w, https:\/\/x-sports.world\/wp-content\/uploads\/2025\/04\/QUARK-GRIND-BASEX-600x375.jpg 600w\" sizes=\"(max-width: 1920px) 100vw, 1920px\" \/><\/h3>\n<p><img loading=\"lazy\" decoding=\"async\" class=\"aligncenter wp-image-2619 size-full\" src=\"https:\/\/x-sports.world\/wp-content\/uploads\/2025\/04\/1.jpg\" alt=\"\" width=\"1920\" height=\"1200\" srcset=\"https:\/\/x-sports.world\/wp-content\/uploads\/2025\/04\/1.jpg 1920w, https:\/\/x-sports.world\/wp-content\/uploads\/2025\/04\/1-300x188.jpg 300w, https:\/\/x-sports.world\/wp-content\/uploads\/2025\/04\/1-1024x640.jpg 1024w, https:\/\/x-sports.world\/wp-content\/uploads\/2025\/04\/1-768x480.jpg 768w, https:\/\/x-sports.world\/wp-content\/uploads\/2025\/04\/1-1536x960.jpg 1536w, https:\/\/x-sports.world\/wp-content\/uploads\/2025\/04\/1-600x375.jpg 600w\" sizes=\"(max-width: 1920px) 100vw, 1920px\" \/><\/p>\n<p>&nbsp;<\/p>\n<p>&nbsp;<\/p>","protected":false},"excerpt":{"rendered":"<p>Quark to nasza najmniejsza deska stworzona dla najm\u0142odszych rider\u00f3w. Najni\u017csza waga i mi\u0119kki flex gwarantuj\u0105, \u017ce Quark jest idealnym wyborem dla m\u0142odych adept\u00f3w.<\/p>","protected":false},"featured_media":2618,"template":"","meta":[],"product_brand":[],"product_cat":[56],"product_tag":[],"class_list":{"0":"post-2609","1":"product","2":"type-product","3":"status-publish","4":"has-post-thumbnail","6":"product_cat-outlet-x-wake","7":"product_shipping_class-wake-boards","9":"first","10":"instock","11":"sale","12":"taxable","13":"shipping-taxable","14":"purchasable","15":"product-type-variable"},"yoast_head":"<!-- This site is optimized with the Yoast SEO plugin v26.4 - https:\/\/yoast.com\/wordpress\/plugins\/seo\/ -->\n<title>WAKEBOARD X-WAKE QUARK 2023 OUTLET - X-Sports.world - X-Wake | X-Surf<\/title>\n<meta name=\"robots\" content=\"index, follow, max-snippet:-1, max-image-preview:large, max-video-preview:-1\" \/>\n<link rel=\"canonical\" href=\"https:\/\/x-sports.world\/pl\/produkt\/wakeboard-x-wake-quark-2023-outlet\/\" \/>\n<meta property=\"og:locale\" content=\"pl_PL\" \/>\n<meta property=\"og:type\" content=\"article\" \/>\n<meta property=\"og:title\" content=\"WAKEBOARD X-WAKE QUARK 2023 OUTLET - X-Sports.world - X-Wake | X-Surf\" \/>\n<meta property=\"og:description\" content=\"Quark is our smallest board made for the youngest riders. Supreme low weight and soft flex guarantee that Quark is the perfect choice for young adepts.\" \/>\n<meta property=\"og:url\" content=\"https:\/\/x-sports.world\/pl\/produkt\/wakeboard-x-wake-quark-2023-outlet\/\" \/>\n<meta property=\"og:site_name\" content=\"X-Sports.world - X-Wake | X-Surf\" \/>\n<meta property=\"article:modified_time\" content=\"2026-04-26T13:36:45+00:00\" \/>\n<meta property=\"og:image\" content=\"https:\/\/x-sports.world\/wp-content\/uploads\/2025\/04\/out-quark-all.jpg\" \/>\n\t<meta property=\"og:image:width\" content=\"1200\" \/>\n\t<meta property=\"og:image:height\" content=\"1200\" \/>\n\t<meta property=\"og:image:type\" content=\"image\/jpeg\" \/>\n<meta name=\"twitter:card\" content=\"summary_large_image\" \/>\n<meta name=\"twitter:label1\" content=\"Szacowany czas czytania\" \/>\n\t<meta name=\"twitter:data1\" content=\"3 minuty\" \/>\n<script type=\"application\/ld+json\" class=\"yoast-schema-graph\">{\"@context\":\"https:\/\/schema.org\",\"@graph\":[{\"@type\":\"WebPage\",\"@id\":\"https:\/\/x-sports.world\/product\/wakeboard-x-wake-quark-2023-outlet\/\",\"url\":\"https:\/\/x-sports.world\/product\/wakeboard-x-wake-quark-2023-outlet\/\",\"name\":\"WAKEBOARD X-WAKE QUARK 2023 OUTLET - X-Sports.world - X-Wake | X-Surf\",\"isPartOf\":{\"@id\":\"https:\/\/x-sports.world\/#website\"},\"primaryImageOfPage\":{\"@id\":\"https:\/\/x-sports.world\/product\/wakeboard-x-wake-quark-2023-outlet\/#primaryimage\"},\"image\":{\"@id\":\"https:\/\/x-sports.world\/product\/wakeboard-x-wake-quark-2023-outlet\/#primaryimage\"},\"thumbnailUrl\":\"https:\/\/x-sports.world\/wp-content\/uploads\/2025\/04\/out-quark-all.jpg\",\"datePublished\":\"2025-04-15T19:52:56+00:00\",\"dateModified\":\"2026-04-26T13:36:45+00:00\",\"breadcrumb\":{\"@id\":\"https:\/\/x-sports.world\/product\/wakeboard-x-wake-quark-2023-outlet\/#breadcrumb\"},\"inLanguage\":\"pl-PL\",\"potentialAction\":[{\"@type\":\"ReadAction\",\"target\":[\"https:\/\/x-sports.world\/product\/wakeboard-x-wake-quark-2023-outlet\/\"]}]},{\"@type\":\"ImageObject\",\"inLanguage\":\"pl-PL\",\"@id\":\"https:\/\/x-sports.world\/product\/wakeboard-x-wake-quark-2023-outlet\/#primaryimage\",\"url\":\"https:\/\/x-sports.world\/wp-content\/uploads\/2025\/04\/out-quark-all.jpg\",\"contentUrl\":\"https:\/\/x-sports.world\/wp-content\/uploads\/2025\/04\/out-quark-all.jpg\",\"width\":1200,\"height\":1200},{\"@type\":\"BreadcrumbList\",\"@id\":\"https:\/\/x-sports.world\/product\/wakeboard-x-wake-quark-2023-outlet\/#breadcrumb\",\"itemListElement\":[{\"@type\":\"ListItem\",\"position\":1,\"name\":\"Home\",\"item\":\"https:\/\/x-sports.world\/\"},{\"@type\":\"ListItem\",\"position\":2,\"name\":\"Shop\",\"item\":\"https:\/\/x-sports.world\/shop\/\"},{\"@type\":\"ListItem\",\"position\":3,\"name\":\"WAKEBOARD X-WAKE QUARK 2023 OUTLET\"}]},{\"@type\":\"WebSite\",\"@id\":\"https:\/\/x-sports.world\/#website\",\"url\":\"https:\/\/x-sports.world\/\",\"name\":\"X-Sports.world - X-Wake Wakeboards | X-Surf Surfboards\",\"description\":\"Kolejna witryna WordPress\",\"publisher\":{\"@id\":\"https:\/\/x-sports.world\/#organization\"},\"potentialAction\":[{\"@type\":\"SearchAction\",\"target\":{\"@type\":\"EntryPoint\",\"urlTemplate\":\"https:\/\/x-sports.world\/?s={search_term_string}\"},\"query-input\":{\"@type\":\"PropertyValueSpecification\",\"valueRequired\":true,\"valueName\":\"search_term_string\"}}],\"inLanguage\":\"pl-PL\"},{\"@type\":\"Organization\",\"@id\":\"https:\/\/x-sports.world\/#organization\",\"name\":\"X-Sports.world - X-Wake | X-Surf\",\"url\":\"https:\/\/x-sports.world\/\",\"logo\":{\"@type\":\"ImageObject\",\"inLanguage\":\"pl-PL\",\"@id\":\"https:\/\/x-sports.world\/#\/schema\/logo\/image\/\",\"url\":\"https:\/\/x-sports.world\/wp-content\/uploads\/2025\/04\/XSPORTS-BLACK-LOGO.png\",\"contentUrl\":\"https:\/\/x-sports.world\/wp-content\/uploads\/2025\/04\/XSPORTS-BLACK-LOGO.png\",\"width\":3810,\"height\":1016,\"caption\":\"X-Sports.world - X-Wake | X-Surf\"},\"image\":{\"@id\":\"https:\/\/x-sports.world\/#\/schema\/logo\/image\/\"}}]}<\/script>\n<!-- \/ Yoast SEO plugin. -->","yoast_head_json":{"title":"WAKEBOARD X-WAKE QUARK 2023 OUTLET - X-Sports.world - X-Wake | X-Surf","robots":{"index":"index","follow":"follow","max-snippet":"max-snippet:-1","max-image-preview":"max-image-preview:large","max-video-preview":"max-video-preview:-1"},"canonical":"https:\/\/x-sports.world\/pl\/produkt\/wakeboard-x-wake-quark-2023-outlet\/","og_locale":"pl_PL","og_type":"article","og_title":"WAKEBOARD X-WAKE QUARK 2023 OUTLET - X-Sports.world - X-Wake | X-Surf","og_description":"Quark is our smallest board made for the youngest riders. Supreme low weight and soft flex guarantee that Quark is the perfect choice for young adepts.","og_url":"https:\/\/x-sports.world\/pl\/produkt\/wakeboard-x-wake-quark-2023-outlet\/","og_site_name":"X-Sports.world - X-Wake | X-Surf","article_modified_time":"2026-04-26T13:36:45+00:00","og_image":[{"width":1200,"height":1200,"url":"https:\/\/x-sports.world\/wp-content\/uploads\/2025\/04\/out-quark-all.jpg","type":"image\/jpeg"}],"twitter_card":"summary_large_image","twitter_misc":{"Szacowany czas czytania":"3 minuty"},"schema":{"@context":"https:\/\/schema.org","@graph":[{"@type":"WebPage","@id":"https:\/\/x-sports.world\/product\/wakeboard-x-wake-quark-2023-outlet\/","url":"https:\/\/x-sports.world\/product\/wakeboard-x-wake-quark-2023-outlet\/","name":"WAKEBOARD X-WAKE QUARK 2023 OUTLET - X-Sports.world - X-Wake | X-Surf","isPartOf":{"@id":"https:\/\/x-sports.world\/#website"},"primaryImageOfPage":{"@id":"https:\/\/x-sports.world\/product\/wakeboard-x-wake-quark-2023-outlet\/#primaryimage"},"image":{"@id":"https:\/\/x-sports.world\/product\/wakeboard-x-wake-quark-2023-outlet\/#primaryimage"},"thumbnailUrl":"https:\/\/x-sports.world\/wp-content\/uploads\/2025\/04\/out-quark-all.jpg","datePublished":"2025-04-15T19:52:56+00:00","dateModified":"2026-04-26T13:36:45+00:00","breadcrumb":{"@id":"https:\/\/x-sports.world\/product\/wakeboard-x-wake-quark-2023-outlet\/#breadcrumb"},"inLanguage":"pl-PL","potentialAction":[{"@type":"ReadAction","target":["https:\/\/x-sports.world\/product\/wakeboard-x-wake-quark-2023-outlet\/"]}]},{"@type":"ImageObject","inLanguage":"pl-PL","@id":"https:\/\/x-sports.world\/product\/wakeboard-x-wake-quark-2023-outlet\/#primaryimage","url":"https:\/\/x-sports.world\/wp-content\/uploads\/2025\/04\/out-quark-all.jpg","contentUrl":"https:\/\/x-sports.world\/wp-content\/uploads\/2025\/04\/out-quark-all.jpg","width":1200,"height":1200},{"@type":"BreadcrumbList","@id":"https:\/\/x-sports.world\/product\/wakeboard-x-wake-quark-2023-outlet\/#breadcrumb","itemListElement":[{"@type":"ListItem","position":1,"name":"Home","item":"https:\/\/x-sports.world\/"},{"@type":"ListItem","position":2,"name":"Shop","item":"https:\/\/x-sports.world\/shop\/"},{"@type":"ListItem","position":3,"name":"WAKEBOARD X-WAKE QUARK 2023 OUTLET"}]},{"@type":"WebSite","@id":"https:\/\/x-sports.world\/#website","url":"https:\/\/x-sports.world\/","name":"X-Sports.world - X-Wake Wakeboards | X-Surf Surfboards","description":"Kolejna witryna WordPress","publisher":{"@id":"https:\/\/x-sports.world\/#organization"},"potentialAction":[{"@type":"SearchAction","target":{"@type":"EntryPoint","urlTemplate":"https:\/\/x-sports.world\/?s={search_term_string}"},"query-input":{"@type":"PropertyValueSpecification","valueRequired":true,"valueName":"search_term_string"}}],"inLanguage":"pl-PL"},{"@type":"Organization","@id":"https:\/\/x-sports.world\/#organization","name":"X-Sports.world - X-Wake | X-Surf","url":"https:\/\/x-sports.world\/","logo":{"@type":"ImageObject","inLanguage":"pl-PL","@id":"https:\/\/x-sports.world\/#\/schema\/logo\/image\/","url":"https:\/\/x-sports.world\/wp-content\/uploads\/2025\/04\/XSPORTS-BLACK-LOGO.png","contentUrl":"https:\/\/x-sports.world\/wp-content\/uploads\/2025\/04\/XSPORTS-BLACK-LOGO.png","width":3810,"height":1016,"caption":"X-Sports.world - X-Wake | X-Surf"},"image":{"@id":"https:\/\/x-sports.world\/#\/schema\/logo\/image\/"}}]}},"_links":{"self":[{"href":"https:\/\/x-sports.world\/pl\/wp-json\/wp\/v2\/product\/2609","targetHints":{"allow":["GET"]}}],"collection":[{"href":"https:\/\/x-sports.world\/pl\/wp-json\/wp\/v2\/product"}],"about":[{"href":"https:\/\/x-sports.world\/pl\/wp-json\/wp\/v2\/types\/product"}],"version-history":[{"count":2,"href":"https:\/\/x-sports.world\/pl\/wp-json\/wp\/v2\/product\/2609\/revisions"}],"predecessor-version":[{"id":2749,"href":"https:\/\/x-sports.world\/pl\/wp-json\/wp\/v2\/product\/2609\/revisions\/2749"}],"wp:featuredmedia":[{"embeddable":true,"href":"https:\/\/x-sports.world\/pl\/wp-json\/wp\/v2\/media\/2618"}],"wp:attachment":[{"href":"https:\/\/x-sports.world\/pl\/wp-json\/wp\/v2\/media?parent=2609"}],"wp:term":[{"taxonomy":"product_brand","embeddable":true,"href":"https:\/\/x-sports.world\/pl\/wp-json\/wp\/v2\/product_brand?post=2609"},{"taxonomy":"product_cat","embeddable":true,"href":"https:\/\/x-sports.world\/pl\/wp-json\/wp\/v2\/product_cat?post=2609"},{"taxonomy":"product_tag","embeddable":true,"href":"https:\/\/x-sports.world\/pl\/wp-json\/wp\/v2\/product_tag?post=2609"}],"curies":[{"name":"wp","href":"https:\/\/api.w.org\/{rel}","templated":true}]}}