{"id":2583,"date":"2025-04-15T20:27:47","date_gmt":"2025-04-15T18:27:47","guid":{"rendered":"https:\/\/x-sports.world\/?post_type=product&#038;p=2583"},"modified":"2026-03-17T16:00:49","modified_gmt":"2026-03-17T14:00:49","slug":"wakeboard-x-wake-boson-2023-outlet","status":"publish","type":"product","link":"https:\/\/x-sports.world\/pl\/produkt\/wakeboard-x-wake-boson-2023-outlet\/","title":{"rendered":"OUTLET WAKEBOARDU X-WAKE BOSON 2023"},"content":{"rendered":"<h1 style=\"text-align: left;\">DESKA WAKEBOARDOWA X-WAKE BOSON 2023<\/h1>\n<p>Boson jest stworzony dla rider\u00f3w, kt\u00f3rzy szukaj\u0105 deski na k\u00f3rej mo\u017cna polega\u0107 w ka\u017cdych warunkach. Jego w\u0105ski kszta\u0142t sprawia, \u017ce szybka zmiany kraw\u0119dzi jest \u0142atwe i przewidywalna. Boson ma pot\u0119\u017cnego popa i \u015bwietne wyj\u015bcie z kraw\u0119dzi dzi\u0119ki swojej konstrukcji.<br \/>\nSp\u00f3d deski jest wyposa\u017cony w  kana\u0142y, kt\u00f3re zapobiegaj\u0105 wszelkim bocznym po\u015blizgom, zapewniaj\u0105c Ci stabilno\u015b\u0107 i pewno\u015b\u0107 l\u0105dowania. Boson ma continous rocker dzi\u0119ki czemu \u015bwietnie sprawuje si\u0119 na przeszkodach.<br \/>\nG\u00f3rne kana\u0142y spe\u0142niaj\u0105 par\u0119 funkcji. Zmniejszaj\u0105 wag\u0119, zwi\u0119kszaj\u0105 sztywno\u015b\u0107 i nadaj\u0105 mu wyj\u0105tkowy, futurystyczny wygl\u0105d, kt\u00f3ry przyci\u0105ga wzrok.<\/p>\n<p><img fetchpriority=\"high\" decoding=\"async\" class=\"aligncenter wp-image-2589 size-full\" src=\"https:\/\/x-sports.world\/wp-content\/uploads\/2025\/04\/OUT-BOSON-2023X.jpg\" alt=\"\" width=\"1920\" height=\"1200\" srcset=\"https:\/\/x-sports.world\/wp-content\/uploads\/2025\/04\/OUT-BOSON-2023X.jpg 1920w, https:\/\/x-sports.world\/wp-content\/uploads\/2025\/04\/OUT-BOSON-2023X-300x188.jpg 300w, https:\/\/x-sports.world\/wp-content\/uploads\/2025\/04\/OUT-BOSON-2023X-1024x640.jpg 1024w, https:\/\/x-sports.world\/wp-content\/uploads\/2025\/04\/OUT-BOSON-2023X-768x480.jpg 768w, https:\/\/x-sports.world\/wp-content\/uploads\/2025\/04\/OUT-BOSON-2023X-1536x960.jpg 1536w, https:\/\/x-sports.world\/wp-content\/uploads\/2025\/04\/OUT-BOSON-2023X-600x375.jpg 600w\" sizes=\"(max-width: 1920px) 100vw, 1920px\" \/><\/p>\n<p>&nbsp;<\/p>\n<h2 style=\"text-align: center;\">TECHNOLOGIA<\/h2>\n<h3 style=\"text-align: center;\">KONSTRUKCJA  KOMPOZYTOWA<\/h3>\n<p>U\u017cywanie wielu r\u00f3\u017cnych warstw to strategiczny proces, kt\u00f3ry wymaga wykorzystania wiedzy i do\u015bwiadczenia. Jest to klucz do osi\u0105gni\u0119cia optymalnej wytrzyma\u0142o\u015bci i imponuj\u0105cych cech. W\u0142\u00f3kno w\u0119glowe odgrywa znacz\u0105c\u0105 rol\u0119 w zwi\u0119kszaniu popa deski, dodaj\u0105c zastrzyk energii przy ka\u017cdym skoku.<\/p>\n<h3 style=\"text-align: center;\">Rdze\u0144 drewniany<\/h3>\n<p>Drewniany rdze\u0144 jest sercem ka\u017cdej naszej deski. Drewno Paulownia jest lekkie i wytrzyma\u0142e, co czyni je idealnym wyborem podczas procesu projektowania deski wakeboardowej.<\/p>\n<p><img decoding=\"async\" class=\"aligncenter wp-image-1846 size-full\" src=\"https:\/\/x-sports.world\/wp-content\/uploads\/2025\/04\/BOSON-WOODCOREX.jpg\" alt=\"\" width=\"1920\" height=\"1200\" srcset=\"https:\/\/x-sports.world\/wp-content\/uploads\/2025\/04\/BOSON-WOODCOREX.jpg 1920w, https:\/\/x-sports.world\/wp-content\/uploads\/2025\/04\/BOSON-WOODCOREX-300x188.jpg 300w, https:\/\/x-sports.world\/wp-content\/uploads\/2025\/04\/BOSON-WOODCOREX-1024x640.jpg 1024w, https:\/\/x-sports.world\/wp-content\/uploads\/2025\/04\/BOSON-WOODCOREX-768x480.jpg 768w, https:\/\/x-sports.world\/wp-content\/uploads\/2025\/04\/BOSON-WOODCOREX-1536x960.jpg 1536w, https:\/\/x-sports.world\/wp-content\/uploads\/2025\/04\/BOSON-WOODCOREX-600x375.jpg 600w\" sizes=\"(max-width: 1920px) 100vw, 1920px\" \/><\/p>\n<h2><img decoding=\"async\" class=\"aligncenter wp-image-1860 size-full\" src=\"https:\/\/x-sports.world\/wp-content\/uploads\/2025\/04\/BOSON-4XX.jpg\" alt=\"\" width=\"1920\" height=\"1200\" srcset=\"https:\/\/x-sports.world\/wp-content\/uploads\/2025\/04\/BOSON-4XX.jpg 1920w, https:\/\/x-sports.world\/wp-content\/uploads\/2025\/04\/BOSON-4XX-300x188.jpg 300w, https:\/\/x-sports.world\/wp-content\/uploads\/2025\/04\/BOSON-4XX-1024x640.jpg 1024w, https:\/\/x-sports.world\/wp-content\/uploads\/2025\/04\/BOSON-4XX-768x480.jpg 768w, https:\/\/x-sports.world\/wp-content\/uploads\/2025\/04\/BOSON-4XX-1536x960.jpg 1536w, https:\/\/x-sports.world\/wp-content\/uploads\/2025\/04\/BOSON-4XX-600x375.jpg 600w\" sizes=\"(max-width: 1920px) 100vw, 1920px\" \/><\/h2>\n<h3 style=\"text-align: center;\">VEE-CHANNELS<\/h3>\n<p>Kana\u0142y umieszczone na ko\u0144cach deski zosta\u0142y zaprojektowane z my\u015bl\u0105 o maksymalnej funkcjonalno\u015bci podczas jazdy na przeszkodach. Ich g\u0142\u00f3wnym zadaniem jest zwi\u0119kszenie stabilno\u015bci deski w trakcie najazdu oraz podczas  jazdy po railach czy boxach. Dzi\u0119ki odpowiedniemu profilowi, kana\u0142y kieruj\u0105 przep\u0142yw wody w kontrolowany spos\u00f3b, co pozwala lepiej trzyma\u0107 lini\u0119 i ogranicza niepo\u017c\u0105dane u\u015blizgi. Dodatkowo wp\u0142ywaj\u0105 one na og\u00f3lne czucie deski pod nogami, poprawiaj\u0105c precyzj\u0119 ruch\u00f3w i daj\u0105c Ci wi\u0119ksz\u0105 pewno\u015b\u0107 w technicznych manewrach.<\/p>\n<h2><\/h2>\n<h2><img loading=\"lazy\" decoding=\"async\" class=\"aligncenter wp-image-1859 size-full\" src=\"https:\/\/x-sports.world\/wp-content\/uploads\/2025\/04\/BOSON-3XX.jpg\" alt=\"\" width=\"1920\" height=\"1200\" srcset=\"https:\/\/x-sports.world\/wp-content\/uploads\/2025\/04\/BOSON-3XX.jpg 1920w, https:\/\/x-sports.world\/wp-content\/uploads\/2025\/04\/BOSON-3XX-300x188.jpg 300w, https:\/\/x-sports.world\/wp-content\/uploads\/2025\/04\/BOSON-3XX-1024x640.jpg 1024w, https:\/\/x-sports.world\/wp-content\/uploads\/2025\/04\/BOSON-3XX-768x480.jpg 768w, https:\/\/x-sports.world\/wp-content\/uploads\/2025\/04\/BOSON-3XX-1536x960.jpg 1536w, https:\/\/x-sports.world\/wp-content\/uploads\/2025\/04\/BOSON-3XX-600x375.jpg 600w\" sizes=\"(max-width: 1920px) 100vw, 1920px\" \/><\/h2>\n<h3 style=\"text-align: center;\">KANA\u0141Y BOCZNE<\/h3>\n<p>Wszystkie kana\u0142y na desce wsp\u00f3\u0142graj\u0105 z sob\u0105 podczas jazdy po wodzie. Kana\u0142y boczne kieruj\u0105 przep\u0142ywem wody pod desk\u0105 i zapobiegaj\u0105 \"driftowaniu\" deski podczas zakr\u0119t\u00f3w.<\/p>\n<p><img loading=\"lazy\" decoding=\"async\" class=\"aligncenter wp-image-1840 size-full\" src=\"https:\/\/x-sports.world\/wp-content\/uploads\/2025\/04\/BOSON-CHANNELSX.jpg\" alt=\"\" width=\"1920\" height=\"1200\" srcset=\"https:\/\/x-sports.world\/wp-content\/uploads\/2025\/04\/BOSON-CHANNELSX.jpg 1920w, https:\/\/x-sports.world\/wp-content\/uploads\/2025\/04\/BOSON-CHANNELSX-300x188.jpg 300w, https:\/\/x-sports.world\/wp-content\/uploads\/2025\/04\/BOSON-CHANNELSX-1024x640.jpg 1024w, https:\/\/x-sports.world\/wp-content\/uploads\/2025\/04\/BOSON-CHANNELSX-768x480.jpg 768w, https:\/\/x-sports.world\/wp-content\/uploads\/2025\/04\/BOSON-CHANNELSX-1536x960.jpg 1536w, https:\/\/x-sports.world\/wp-content\/uploads\/2025\/04\/BOSON-CHANNELSX-600x375.jpg 600w\" sizes=\"(max-width: 1920px) 100vw, 1920px\" \/><\/p>\n<h3 style=\"text-align: center;\">Wzmacniane mocowania but\u00f3w<\/h3>\n<p>Deski X wakeboard s\u0105 zaprojektowane ze wzmocnionymi wk\u0142adkami, aby zapobiec wyrwaniu but\u00f3w z deski. Ponadto wiele warstw carbonu w konstrukcji deski nie tylko zapewnia jej wytrzyma\u0142o\u015b\u0107 i pop, ale tak\u017ce zwi\u0119ksza trwa\u0142o\u015b\u0107 insert\u00f3w,<\/p>\n<p>&nbsp;<\/p>\n<h3 style=\"text-align: center;\">CONTINOUS ROCKER<\/h3>\n<p>Continous rocker charakteryzuje si\u0119 pojedyncz\u0105, nieprzerwan\u0105 krzywizn\u0105 od jednego ko\u0144ca do drugiego, co nadaje desce jednolity \u0142uk. To skutkuje p\u0142ynniejsz\u0105 i stabilniejsz\u0105 jazd\u0105.<\/p>\n<h3 style=\"text-align: center;\">BIOGRAFIA BOZONU <span style=\"color: #00ff00;\">\u017bYWICA<\/span> &#8211; <span style=\"color: #00ff00;\">ZielonyPoxy<\/span><\/h3>\n<p>GreenPoxy to linia bio-epoxy-\u017cywic opracowanych przez Sicomin, zaprojektowanych w celu zmniejszenia wp\u0142ywu na \u015brodowisko. \u017bywice te wykorzystuj\u0105 odnawialne, ro\u015blinne surowce, co czyni je przyjazn\u0105 dla \u015brodowiska alternatyw\u0105 dla tradycyjnych produkt\u00f3w petrochemicznych. GreenPoxy oferuje wysok\u0105 wydajno\u015b\u0107 mechaniczn\u0105 i przejrzysto\u015b\u0107, jednocze\u015bnie obni\u017caj\u0105c emisj\u0119 CO2. Do 50% jego struktury molekularnej pochodzi ze \u017ar\u00f3de\u0142 ro\u015blinnych. Jest stosowany w r\u00f3\u017cnych ga\u0142\u0119ziach przemys\u0142u, takich jak deski surfingowe i laminaty, aby zapewni\u0107 zr\u00f3wnowa\u017con\u0105 wydajno\u015b\u0107 bez uszczerbku dla jako\u015bci.<\/p>\n<p>Wi\u0119cej informacji znajdziesz na stronie GreenPoxy.<\/p>\n<h2><img loading=\"lazy\" decoding=\"async\" class=\"size-medium wp-image-1808 aligncenter\" src=\"https:\/\/x-sports.world\/wp-content\/uploads\/2025\/04\/NEUTRON-BIO-RESIN-300x188.jpg\" alt=\"\" width=\"300\" height=\"188\" srcset=\"https:\/\/x-sports.world\/wp-content\/uploads\/2025\/04\/NEUTRON-BIO-RESIN-300x188.jpg 300w, https:\/\/x-sports.world\/wp-content\/uploads\/2025\/04\/NEUTRON-BIO-RESIN-1024x640.jpg 1024w, https:\/\/x-sports.world\/wp-content\/uploads\/2025\/04\/NEUTRON-BIO-RESIN-768x480.jpg 768w, https:\/\/x-sports.world\/wp-content\/uploads\/2025\/04\/NEUTRON-BIO-RESIN-1536x960.jpg 1536w, https:\/\/x-sports.world\/wp-content\/uploads\/2025\/04\/NEUTRON-BIO-RESIN-600x375.jpg 600w, https:\/\/x-sports.world\/wp-content\/uploads\/2025\/04\/NEUTRON-BIO-RESIN.jpg 1920w\" sizes=\"(max-width: 300px) 100vw, 300px\" \/><\/h2>\n<h3><\/h3>","protected":false},"excerpt":{"rendered":"<p>Ta <strong>BOSON <\/strong>jest przeznaczona dla rider\u00f3w, kt\u00f3rzy oczekuj\u0105 najwy\u017cszej wydajno\u015bci i maksymalnego zaufania do swojej deski.<\/p>","protected":false},"featured_media":2588,"template":"","meta":[],"product_brand":[],"product_cat":[56],"product_tag":[],"class_list":{"0":"post-2583","1":"product","2":"type-product","3":"status-publish","4":"has-post-thumbnail","6":"product_cat-outlet-x-wake","7":"product_shipping_class-wake-boards","9":"first","10":"instock","11":"sale","12":"taxable","13":"shipping-taxable","14":"purchasable","15":"product-type-variable"},"yoast_head":"<!-- This site is optimized with the Yoast SEO plugin v26.4 - https:\/\/yoast.com\/wordpress\/plugins\/seo\/ -->\n<title>WAKEBOARD X-WAKE BOSON 2023 OUTLET - X-Sports.world - X-Wake | X-Surf<\/title>\n<meta name=\"robots\" content=\"index, follow, max-snippet:-1, max-image-preview:large, max-video-preview:-1\" \/>\n<link rel=\"canonical\" href=\"https:\/\/x-sports.world\/pl\/produkt\/wakeboard-x-wake-boson-2023-outlet\/\" \/>\n<meta property=\"og:locale\" content=\"pl_PL\" \/>\n<meta property=\"og:type\" content=\"article\" \/>\n<meta property=\"og:title\" content=\"WAKEBOARD X-WAKE BOSON 2023 OUTLET - X-Sports.world - X-Wake | X-Surf\" \/>\n<meta property=\"og:description\" content=\"The BOSON is built for riders who want top-tier performance and maximum trust for your board.\" \/>\n<meta property=\"og:url\" content=\"https:\/\/x-sports.world\/pl\/produkt\/wakeboard-x-wake-boson-2023-outlet\/\" \/>\n<meta property=\"og:site_name\" content=\"X-Sports.world - X-Wake | X-Surf\" \/>\n<meta property=\"article:modified_time\" content=\"2026-03-17T14:00:49+00:00\" \/>\n<meta property=\"og:image\" content=\"https:\/\/x-sports.world\/wp-content\/uploads\/2025\/04\/OUT-BOSON-2023.jpg\" \/>\n\t<meta property=\"og:image:width\" content=\"1200\" \/>\n\t<meta property=\"og:image:height\" content=\"1200\" \/>\n\t<meta property=\"og:image:type\" content=\"image\/jpeg\" \/>\n<meta name=\"twitter:card\" content=\"summary_large_image\" \/>\n<meta name=\"twitter:label1\" content=\"Szacowany czas czytania\" \/>\n\t<meta name=\"twitter:data1\" content=\"2 minuty\" \/>\n<script type=\"application\/ld+json\" class=\"yoast-schema-graph\">{\"@context\":\"https:\/\/schema.org\",\"@graph\":[{\"@type\":\"WebPage\",\"@id\":\"https:\/\/x-sports.world\/product\/wakeboard-x-wake-boson-2023-outlet\/\",\"url\":\"https:\/\/x-sports.world\/product\/wakeboard-x-wake-boson-2023-outlet\/\",\"name\":\"WAKEBOARD X-WAKE BOSON 2023 OUTLET - X-Sports.world - X-Wake | X-Surf\",\"isPartOf\":{\"@id\":\"https:\/\/x-sports.world\/#website\"},\"primaryImageOfPage\":{\"@id\":\"https:\/\/x-sports.world\/product\/wakeboard-x-wake-boson-2023-outlet\/#primaryimage\"},\"image\":{\"@id\":\"https:\/\/x-sports.world\/product\/wakeboard-x-wake-boson-2023-outlet\/#primaryimage\"},\"thumbnailUrl\":\"https:\/\/x-sports.world\/wp-content\/uploads\/2025\/04\/OUT-BOSON-2023.jpg\",\"datePublished\":\"2025-04-15T18:27:47+00:00\",\"dateModified\":\"2026-03-17T14:00:49+00:00\",\"breadcrumb\":{\"@id\":\"https:\/\/x-sports.world\/product\/wakeboard-x-wake-boson-2023-outlet\/#breadcrumb\"},\"inLanguage\":\"pl-PL\",\"potentialAction\":[{\"@type\":\"ReadAction\",\"target\":[\"https:\/\/x-sports.world\/product\/wakeboard-x-wake-boson-2023-outlet\/\"]}]},{\"@type\":\"ImageObject\",\"inLanguage\":\"pl-PL\",\"@id\":\"https:\/\/x-sports.world\/product\/wakeboard-x-wake-boson-2023-outlet\/#primaryimage\",\"url\":\"https:\/\/x-sports.world\/wp-content\/uploads\/2025\/04\/OUT-BOSON-2023.jpg\",\"contentUrl\":\"https:\/\/x-sports.world\/wp-content\/uploads\/2025\/04\/OUT-BOSON-2023.jpg\",\"width\":1200,\"height\":1200},{\"@type\":\"BreadcrumbList\",\"@id\":\"https:\/\/x-sports.world\/product\/wakeboard-x-wake-boson-2023-outlet\/#breadcrumb\",\"itemListElement\":[{\"@type\":\"ListItem\",\"position\":1,\"name\":\"Home\",\"item\":\"https:\/\/x-sports.world\/\"},{\"@type\":\"ListItem\",\"position\":2,\"name\":\"Shop\",\"item\":\"https:\/\/x-sports.world\/shop\/\"},{\"@type\":\"ListItem\",\"position\":3,\"name\":\"WAKEBOARD X-WAKE BOSON 2023 OUTLET\"}]},{\"@type\":\"WebSite\",\"@id\":\"https:\/\/x-sports.world\/#website\",\"url\":\"https:\/\/x-sports.world\/\",\"name\":\"X-Sports.world - X-Wake Wakeboards | X-Surf Surfboards\",\"description\":\"Kolejna witryna WordPress\",\"publisher\":{\"@id\":\"https:\/\/x-sports.world\/#organization\"},\"potentialAction\":[{\"@type\":\"SearchAction\",\"target\":{\"@type\":\"EntryPoint\",\"urlTemplate\":\"https:\/\/x-sports.world\/?s={search_term_string}\"},\"query-input\":{\"@type\":\"PropertyValueSpecification\",\"valueRequired\":true,\"valueName\":\"search_term_string\"}}],\"inLanguage\":\"pl-PL\"},{\"@type\":\"Organization\",\"@id\":\"https:\/\/x-sports.world\/#organization\",\"name\":\"X-Sports.world - X-Wake | X-Surf\",\"url\":\"https:\/\/x-sports.world\/\",\"logo\":{\"@type\":\"ImageObject\",\"inLanguage\":\"pl-PL\",\"@id\":\"https:\/\/x-sports.world\/#\/schema\/logo\/image\/\",\"url\":\"https:\/\/x-sports.world\/wp-content\/uploads\/2025\/04\/XSPORTS-BLACK-LOGO.png\",\"contentUrl\":\"https:\/\/x-sports.world\/wp-content\/uploads\/2025\/04\/XSPORTS-BLACK-LOGO.png\",\"width\":3810,\"height\":1016,\"caption\":\"X-Sports.world - X-Wake | X-Surf\"},\"image\":{\"@id\":\"https:\/\/x-sports.world\/#\/schema\/logo\/image\/\"}}]}<\/script>\n<!-- \/ Yoast SEO plugin. -->","yoast_head_json":{"title":"WAKEBOARD X-WAKE BOSON 2023 OUTLET - X-Sports.world - X-Wake | X-Surf","robots":{"index":"index","follow":"follow","max-snippet":"max-snippet:-1","max-image-preview":"max-image-preview:large","max-video-preview":"max-video-preview:-1"},"canonical":"https:\/\/x-sports.world\/pl\/produkt\/wakeboard-x-wake-boson-2023-outlet\/","og_locale":"pl_PL","og_type":"article","og_title":"WAKEBOARD X-WAKE BOSON 2023 OUTLET - X-Sports.world - X-Wake | X-Surf","og_description":"The BOSON is built for riders who want top-tier performance and maximum trust for your board.","og_url":"https:\/\/x-sports.world\/pl\/produkt\/wakeboard-x-wake-boson-2023-outlet\/","og_site_name":"X-Sports.world - X-Wake | X-Surf","article_modified_time":"2026-03-17T14:00:49+00:00","og_image":[{"width":1200,"height":1200,"url":"https:\/\/x-sports.world\/wp-content\/uploads\/2025\/04\/OUT-BOSON-2023.jpg","type":"image\/jpeg"}],"twitter_card":"summary_large_image","twitter_misc":{"Szacowany czas czytania":"2 minuty"},"schema":{"@context":"https:\/\/schema.org","@graph":[{"@type":"WebPage","@id":"https:\/\/x-sports.world\/product\/wakeboard-x-wake-boson-2023-outlet\/","url":"https:\/\/x-sports.world\/product\/wakeboard-x-wake-boson-2023-outlet\/","name":"WAKEBOARD X-WAKE BOSON 2023 OUTLET - X-Sports.world - X-Wake | X-Surf","isPartOf":{"@id":"https:\/\/x-sports.world\/#website"},"primaryImageOfPage":{"@id":"https:\/\/x-sports.world\/product\/wakeboard-x-wake-boson-2023-outlet\/#primaryimage"},"image":{"@id":"https:\/\/x-sports.world\/product\/wakeboard-x-wake-boson-2023-outlet\/#primaryimage"},"thumbnailUrl":"https:\/\/x-sports.world\/wp-content\/uploads\/2025\/04\/OUT-BOSON-2023.jpg","datePublished":"2025-04-15T18:27:47+00:00","dateModified":"2026-03-17T14:00:49+00:00","breadcrumb":{"@id":"https:\/\/x-sports.world\/product\/wakeboard-x-wake-boson-2023-outlet\/#breadcrumb"},"inLanguage":"pl-PL","potentialAction":[{"@type":"ReadAction","target":["https:\/\/x-sports.world\/product\/wakeboard-x-wake-boson-2023-outlet\/"]}]},{"@type":"ImageObject","inLanguage":"pl-PL","@id":"https:\/\/x-sports.world\/product\/wakeboard-x-wake-boson-2023-outlet\/#primaryimage","url":"https:\/\/x-sports.world\/wp-content\/uploads\/2025\/04\/OUT-BOSON-2023.jpg","contentUrl":"https:\/\/x-sports.world\/wp-content\/uploads\/2025\/04\/OUT-BOSON-2023.jpg","width":1200,"height":1200},{"@type":"BreadcrumbList","@id":"https:\/\/x-sports.world\/product\/wakeboard-x-wake-boson-2023-outlet\/#breadcrumb","itemListElement":[{"@type":"ListItem","position":1,"name":"Home","item":"https:\/\/x-sports.world\/"},{"@type":"ListItem","position":2,"name":"Shop","item":"https:\/\/x-sports.world\/shop\/"},{"@type":"ListItem","position":3,"name":"WAKEBOARD X-WAKE BOSON 2023 OUTLET"}]},{"@type":"WebSite","@id":"https:\/\/x-sports.world\/#website","url":"https:\/\/x-sports.world\/","name":"X-Sports.world - X-Wake Wakeboards | X-Surf Surfboards","description":"Kolejna witryna WordPress","publisher":{"@id":"https:\/\/x-sports.world\/#organization"},"potentialAction":[{"@type":"SearchAction","target":{"@type":"EntryPoint","urlTemplate":"https:\/\/x-sports.world\/?s={search_term_string}"},"query-input":{"@type":"PropertyValueSpecification","valueRequired":true,"valueName":"search_term_string"}}],"inLanguage":"pl-PL"},{"@type":"Organization","@id":"https:\/\/x-sports.world\/#organization","name":"X-Sports.world - X-Wake | X-Surf","url":"https:\/\/x-sports.world\/","logo":{"@type":"ImageObject","inLanguage":"pl-PL","@id":"https:\/\/x-sports.world\/#\/schema\/logo\/image\/","url":"https:\/\/x-sports.world\/wp-content\/uploads\/2025\/04\/XSPORTS-BLACK-LOGO.png","contentUrl":"https:\/\/x-sports.world\/wp-content\/uploads\/2025\/04\/XSPORTS-BLACK-LOGO.png","width":3810,"height":1016,"caption":"X-Sports.world - X-Wake | X-Surf"},"image":{"@id":"https:\/\/x-sports.world\/#\/schema\/logo\/image\/"}}]}},"_links":{"self":[{"href":"https:\/\/x-sports.world\/pl\/wp-json\/wp\/v2\/product\/2583","targetHints":{"allow":["GET"]}}],"collection":[{"href":"https:\/\/x-sports.world\/pl\/wp-json\/wp\/v2\/product"}],"about":[{"href":"https:\/\/x-sports.world\/pl\/wp-json\/wp\/v2\/types\/product"}],"version-history":[{"count":5,"href":"https:\/\/x-sports.world\/pl\/wp-json\/wp\/v2\/product\/2583\/revisions"}],"predecessor-version":[{"id":4809,"href":"https:\/\/x-sports.world\/pl\/wp-json\/wp\/v2\/product\/2583\/revisions\/4809"}],"wp:featuredmedia":[{"embeddable":true,"href":"https:\/\/x-sports.world\/pl\/wp-json\/wp\/v2\/media\/2588"}],"wp:attachment":[{"href":"https:\/\/x-sports.world\/pl\/wp-json\/wp\/v2\/media?parent=2583"}],"wp:term":[{"taxonomy":"product_brand","embeddable":true,"href":"https:\/\/x-sports.world\/pl\/wp-json\/wp\/v2\/product_brand?post=2583"},{"taxonomy":"product_cat","embeddable":true,"href":"https:\/\/x-sports.world\/pl\/wp-json\/wp\/v2\/product_cat?post=2583"},{"taxonomy":"product_tag","embeddable":true,"href":"https:\/\/x-sports.world\/pl\/wp-json\/wp\/v2\/product_tag?post=2583"}],"curies":[{"name":"wp","href":"https:\/\/api.w.org\/{rel}","templated":true}]}}