{"id":3436,"date":"2025-04-24T14:16:34","date_gmt":"2025-04-24T12:16:34","guid":{"rendered":"https:\/\/x-sports.world\/?page_id=3436"},"modified":"2025-04-25T17:54:44","modified_gmt":"2025-04-25T15:54:44","slug":"general-warranty-policies","status":"publish","type":"page","link":"https:\/\/x-sports.world\/pl\/general-warranty-policies\/","title":{"rendered":"OG\u00d3LNE ZASADY GWARANCYJNE"},"content":{"rendered":"<p>Gwarancje i zobowi\u0105zania udzielane przez LOXEE sp. z oo w odniesieniu do swoich produkt\u00f3w s\u0105 jedynymi wyra\u017anymi gwarancjami i zobowi\u0105zaniami oferowanymi przez firm\u0119, jej dystrybutor\u00f3w lub sprzedawc\u00f3w detalicznych. Te gwarancje i ograniczenia maj\u0105 zastosowanie wy\u0142\u0105cznie do pierwotnego nabywcy lub osoby, dla kt\u00f3rej produkt zosta\u0142 pierwotnie zakupiony.<\/p>\n\n\n\n<p>Roszczenia gwarancyjne musz\u0105 by\u0107 wnoszone przez dealera, kt\u00f3ry sprzeda\u0142 produkt konsumentowi. Konsumenci musz\u0105 zwr\u00f3ci\u0107 produkt dealerowi, od kt\u00f3rego go kupili, aby z\u0142o\u017cy\u0107 roszczenie gwarancyjne. Wy\u0142\u0105cznie dealer mo\u017ce uzna\u0107 gwarancj\u0119 producenta na przedmiot, kt\u00f3rego nie sprzeda\u0142 konsumentowi. W \u017cadnym wypadku roszczenie gwarancyjne nie powinno by\u0107 sk\u0142adane bez numeru autoryzacji zwrotu wydanego przez dealera. Wszystkie koszty wysy\u0142ki zwi\u0105zane ze zwrotem produktu do X Wake b\u0119d\u0105 ponoszone przez stron\u0119 sk\u0142adaj\u0105c\u0105 roszczenie gwarancyjne. Dealer jest odpowiedzialny za odes\u0142anie wadliwego produktu do naszego magazynu. Po otrzymaniu produktu w naszym magazynie b\u0119dziemy kontynuowa\u0107 procedur\u0119 gwarancyjn\u0105. X Wake nie przyjmuje zwr\u00f3conych produkt\u00f3w w ramach kredytu. Wszelkie nieotwarte produkty lub produkty zwr\u00f3cone bez widocznych wad b\u0119d\u0105 podlega\u0107 op\u0142acie za uzupe\u0142nienie zapas\u00f3w 15%.<\/p>\n\n\n\n<p>X Wake zastrzega sobie prawo do odrzucenia roszcze\u0144 gwarancyjnych na podstawie ustalenia, \u017ce wady zosta\u0142y spowodowane przez czynniki inne ni\u017c b\u0142\u0105d producenta. Produkty, w kt\u00f3rych stwierdzono wady producenta, zostan\u0105 naprawione, je\u015bli b\u0119dzie to mo\u017cliwe. Je\u015bli produktu nie da si\u0119 naprawi\u0107, wymiana jest dokonywana wed\u0142ug uznania X Wake Warranty Department i b\u0119dzie to produkt o takiej samej lub wi\u0119kszej wydajno\u015bci.<\/p>\n\n\n\n<p>Wa\u017cne jest, aby pami\u0119ta\u0107, \u017ce produkt nigdy nie powinien by\u0107 w \u017caden spos\u00f3b modyfikowany, w tym woskowany, malowany lub jakakolwiek inna forma modyfikacji. Aby w\u0142a\u015bciwie konserwowa\u0107 produkt, nale\u017cy go czy\u015bci\u0107 wy\u0142\u0105cznie wod\u0105 z myd\u0142em i dok\u0142adnie p\u0142uka\u0107. Nale\u017cy pami\u0119ta\u0107, \u017ce d\u0142ugotrwa\u0142e nara\u017cenie na dzia\u0142anie promieni s\u0142onecznych mo\u017ce spowodowa\u0107 blakni\u0119cie kolor\u00f3w, co nie jest obj\u0119te gwarancj\u0105. Aby zapobiec blakni\u0119ciu, zaleca si\u0119 przechowywanie deski w torbie, gdy nie jest u\u017cywana. Uszkodzenia wynikaj\u0105ce z niew\u0142a\u015bciwego u\u017cytkowania, nadu\u017cycia lub modyfikacji nie b\u0119d\u0105 obj\u0119te gwarancj\u0105, podobnie jak normalne zu\u017cycie.<\/p>\n\n\n\n<p>\u200b<\/p>\n\n\n\n<p>Gwarancja obejmuje:<\/p>\n\n\n\n<p>-Rozwarstwienie bez widocznych uszkodze\u0144 spowodowanych uderzeniem.<\/p>\n\n\n\n<p>- P\u0119kni\u0119cia\/p\u0119kni\u0119cia napr\u0119\u017ceniowe na kraw\u0119dzi, podstawie, rdzeniu lub laminacie g\u00f3rnym spowodowane wad\u0105 produkcyjn\u0105.<\/p>\n\n\n\n<p>- Wadliwe wk\u0142adki. Nie obejmuje to nieprawid\u0142owego przykr\u0119cenia os\u0142on lub u\u017cycia \u015brub z niew\u0142a\u015bciwym gwintem.<\/p>\n\n\n\n<p>-B\u0142\u0105d kontroli jako\u015bci i sprzeda\u017c p\u0142yty 2. jako\u015bci jako p\u0142yty 1. jako\u015bci.<\/p>\n\n\n\n<p>-P\u0119kanie farby&nbsp;<\/p>\n\n\n\n<p>-Wyci\u0105gni\u0119ta wk\u0142adka<\/p>\n\n\n\n<p>Gwarancja nie obejmuje:<\/p>\n\n\n\n<p>-Wszelkie problemy wynikaj\u0105ce z niew\u0142a\u015bciwego u\u017cytkowania, nadu\u017cycia, uderzenia w powierzchni\u0119\/przedmiot inny ni\u017c woda.<\/p>\n\n\n\n<p>- Uszkodzenia spowodowane niew\u0142a\u015bciwym u\u017cytkowaniem, nadu\u017cyciem lub modyfikacj\u0105.<\/p>\n\n\n\n<p>-Normalne zu\u017cycie, w tym zarysowania, odpryski i wgniecenia, zu\u017cycie podstawy szlifierskiej (PerlaGlide)<\/p>\n\n\n\n<p>- Blakni\u0119cie lub \u017c\u00f3\u0142kni\u0119cie z powodu d\u0142ugotrwa\u0142ego nara\u017cenia na dzia\u0142anie promieni s\u0142onecznych. NIE JEST TO OBJ\u0118TE GWARANCJ\u0104. Aby chroni\u0107 wakeboard przed promieniami ultrafioletowymi.<\/p>\n\n\n\n<p>-Deski bez dowodu zakupu.<\/p>\n\n\n\n<p>-Uszkodzenia lub wady powsta\u0142e na skutek nara\u017cenia na temperatury powy\u017cej 70 stopni Celsjusza lub poni\u017cej 0 stopni Celsjusza.<\/p>","protected":false},"excerpt":{"rendered":"<p>Gwarancje i zobowi\u0105zania udzielane przez LOXEE sp. z oo w odniesieniu do jej produkt\u00f3w s\u0105 jedynymi wyra\u017anymi gwarancjami i zobowi\u0105zaniami oferowanymi przez firm\u0119, jej dystrybutor\u00f3w lub sprzedawc\u00f3w detalicznych. Gwarancje i ograniczenia te maj\u0105 zastosowanie wy\u0142\u0105cznie do pierwotnego nabywcy lub osoby, dla kt\u00f3rej produkt zosta\u0142 pierwotnie zakupiony. Roszczenia gwarancyjne musz\u0105 by\u0107 wnoszone [\u2026]<\/p>","protected":false},"author":1,"featured_media":0,"parent":0,"menu_order":0,"comment_status":"closed","ping_status":"closed","template":"","meta":{"footnotes":""},"class_list":["post-3436","page","type-page","status-publish","hentry"],"yoast_head":"<!-- This site is optimized with the Yoast SEO plugin v26.4 - https:\/\/yoast.com\/wordpress\/plugins\/seo\/ -->\n<title>GENERAL WARRANTY POLICIES - X-Sports.world - X-Wake | X-Surf<\/title>\n<meta name=\"robots\" content=\"index, follow, max-snippet:-1, max-image-preview:large, max-video-preview:-1\" \/>\n<link rel=\"canonical\" href=\"https:\/\/x-sports.world\/pl\/general-warranty-policies\/\" \/>\n<meta property=\"og:locale\" content=\"pl_PL\" \/>\n<meta property=\"og:type\" content=\"article\" \/>\n<meta property=\"og:title\" content=\"GENERAL WARRANTY POLICIES - X-Sports.world - X-Wake | X-Surf\" \/>\n<meta property=\"og:description\" content=\"The warranties and obligations provided by LOXEE sp. z o. o. &nbsp;for its products are the only express warranties and obligations offered by the company, its distributors, or retailers. These warranties and limitations are only applicable to the original purchaser or the person for whom the product was originally purchased. Warranty claims must be initiated [&hellip;]\" \/>\n<meta property=\"og:url\" content=\"https:\/\/x-sports.world\/pl\/general-warranty-policies\/\" \/>\n<meta property=\"og:site_name\" content=\"X-Sports.world - X-Wake | X-Surf\" \/>\n<meta property=\"article:modified_time\" content=\"2025-04-25T15:54:44+00:00\" \/>\n<meta name=\"twitter:card\" content=\"summary_large_image\" \/>\n<meta name=\"twitter:label1\" content=\"Szacowany czas czytania\" \/>\n\t<meta name=\"twitter:data1\" content=\"3 minuty\" \/>\n<script type=\"application\/ld+json\" class=\"yoast-schema-graph\">{\"@context\":\"https:\/\/schema.org\",\"@graph\":[{\"@type\":\"WebPage\",\"@id\":\"https:\/\/x-sports.world\/general-warranty-policies\/\",\"url\":\"https:\/\/x-sports.world\/general-warranty-policies\/\",\"name\":\"GENERAL WARRANTY POLICIES - X-Sports.world - X-Wake | X-Surf\",\"isPartOf\":{\"@id\":\"https:\/\/x-sports.world\/#website\"},\"datePublished\":\"2025-04-24T12:16:34+00:00\",\"dateModified\":\"2025-04-25T15:54:44+00:00\",\"breadcrumb\":{\"@id\":\"https:\/\/x-sports.world\/general-warranty-policies\/#breadcrumb\"},\"inLanguage\":\"pl-PL\",\"potentialAction\":[{\"@type\":\"ReadAction\",\"target\":[\"https:\/\/x-sports.world\/general-warranty-policies\/\"]}]},{\"@type\":\"BreadcrumbList\",\"@id\":\"https:\/\/x-sports.world\/general-warranty-policies\/#breadcrumb\",\"itemListElement\":[{\"@type\":\"ListItem\",\"position\":1,\"name\":\"Home\",\"item\":\"https:\/\/x-sports.world\/\"},{\"@type\":\"ListItem\",\"position\":2,\"name\":\"GENERAL WARRANTY POLICIES\"}]},{\"@type\":\"WebSite\",\"@id\":\"https:\/\/x-sports.world\/#website\",\"url\":\"https:\/\/x-sports.world\/\",\"name\":\"X-Sports.world - X-Wake Wakeboards | X-Surf Surfboards\",\"description\":\"Kolejna witryna WordPress\",\"publisher\":{\"@id\":\"https:\/\/x-sports.world\/#organization\"},\"potentialAction\":[{\"@type\":\"SearchAction\",\"target\":{\"@type\":\"EntryPoint\",\"urlTemplate\":\"https:\/\/x-sports.world\/?s={search_term_string}\"},\"query-input\":{\"@type\":\"PropertyValueSpecification\",\"valueRequired\":true,\"valueName\":\"search_term_string\"}}],\"inLanguage\":\"pl-PL\"},{\"@type\":\"Organization\",\"@id\":\"https:\/\/x-sports.world\/#organization\",\"name\":\"X-Sports.world - X-Wake | X-Surf\",\"url\":\"https:\/\/x-sports.world\/\",\"logo\":{\"@type\":\"ImageObject\",\"inLanguage\":\"pl-PL\",\"@id\":\"https:\/\/x-sports.world\/#\/schema\/logo\/image\/\",\"url\":\"https:\/\/x-sports.world\/wp-content\/uploads\/2025\/04\/XSPORTS-BLACK-LOGO.png\",\"contentUrl\":\"https:\/\/x-sports.world\/wp-content\/uploads\/2025\/04\/XSPORTS-BLACK-LOGO.png\",\"width\":3810,\"height\":1016,\"caption\":\"X-Sports.world - X-Wake | X-Surf\"},\"image\":{\"@id\":\"https:\/\/x-sports.world\/#\/schema\/logo\/image\/\"}}]}<\/script>\n<!-- \/ Yoast SEO plugin. -->","yoast_head_json":{"title":"OG\u00d3LNE ZASADY GWARANCJI - X-Sports.world - X-Wake | X-Surf","robots":{"index":"index","follow":"follow","max-snippet":"max-snippet:-1","max-image-preview":"max-image-preview:large","max-video-preview":"max-video-preview:-1"},"canonical":"https:\/\/x-sports.world\/pl\/general-warranty-policies\/","og_locale":"pl_PL","og_type":"article","og_title":"GENERAL WARRANTY POLICIES - X-Sports.world - X-Wake | X-Surf","og_description":"The warranties and obligations provided by LOXEE sp. z o. o. &nbsp;for its products are the only express warranties and obligations offered by the company, its distributors, or retailers. These warranties and limitations are only applicable to the original purchaser or the person for whom the product was originally purchased. Warranty claims must be initiated [&hellip;]","og_url":"https:\/\/x-sports.world\/pl\/general-warranty-policies\/","og_site_name":"X-Sports.world - X-Wake | X-Surf","article_modified_time":"2025-04-25T15:54:44+00:00","twitter_card":"summary_large_image","twitter_misc":{"Szacowany czas czytania":"3 minuty"},"schema":{"@context":"https:\/\/schema.org","@graph":[{"@type":"WebPage","@id":"https:\/\/x-sports.world\/general-warranty-policies\/","url":"https:\/\/x-sports.world\/general-warranty-policies\/","name":"OG\u00d3LNE ZASADY GWARANCJI - X-Sports.world - X-Wake | X-Surf","isPartOf":{"@id":"https:\/\/x-sports.world\/#website"},"datePublished":"2025-04-24T12:16:34+00:00","dateModified":"2025-04-25T15:54:44+00:00","breadcrumb":{"@id":"https:\/\/x-sports.world\/general-warranty-policies\/#breadcrumb"},"inLanguage":"pl-PL","potentialAction":[{"@type":"ReadAction","target":["https:\/\/x-sports.world\/general-warranty-policies\/"]}]},{"@type":"BreadcrumbList","@id":"https:\/\/x-sports.world\/general-warranty-policies\/#breadcrumb","itemListElement":[{"@type":"ListItem","position":1,"name":"Home","item":"https:\/\/x-sports.world\/"},{"@type":"ListItem","position":2,"name":"GENERAL WARRANTY POLICIES"}]},{"@type":"WebSite","@id":"https:\/\/x-sports.world\/#website","url":"https:\/\/x-sports.world\/","name":"X-Sports.world - X-Wake Wakeboards | X-Surf Surfboards","description":"Kolejna witryna WordPress","publisher":{"@id":"https:\/\/x-sports.world\/#organization"},"potentialAction":[{"@type":"SearchAction","target":{"@type":"EntryPoint","urlTemplate":"https:\/\/x-sports.world\/?s={search_term_string}"},"query-input":{"@type":"PropertyValueSpecification","valueRequired":true,"valueName":"search_term_string"}}],"inLanguage":"pl-PL"},{"@type":"Organization","@id":"https:\/\/x-sports.world\/#organization","name":"X-Sports.world - X-Wake | X-Surf","url":"https:\/\/x-sports.world\/","logo":{"@type":"ImageObject","inLanguage":"pl-PL","@id":"https:\/\/x-sports.world\/#\/schema\/logo\/image\/","url":"https:\/\/x-sports.world\/wp-content\/uploads\/2025\/04\/XSPORTS-BLACK-LOGO.png","contentUrl":"https:\/\/x-sports.world\/wp-content\/uploads\/2025\/04\/XSPORTS-BLACK-LOGO.png","width":3810,"height":1016,"caption":"X-Sports.world - X-Wake | X-Surf"},"image":{"@id":"https:\/\/x-sports.world\/#\/schema\/logo\/image\/"}}]}},"_links":{"self":[{"href":"https:\/\/x-sports.world\/pl\/wp-json\/wp\/v2\/pages\/3436","targetHints":{"allow":["GET"]}}],"collection":[{"href":"https:\/\/x-sports.world\/pl\/wp-json\/wp\/v2\/pages"}],"about":[{"href":"https:\/\/x-sports.world\/pl\/wp-json\/wp\/v2\/types\/page"}],"author":[{"embeddable":true,"href":"https:\/\/x-sports.world\/pl\/wp-json\/wp\/v2\/users\/1"}],"replies":[{"embeddable":true,"href":"https:\/\/x-sports.world\/pl\/wp-json\/wp\/v2\/comments?post=3436"}],"version-history":[{"count":1,"href":"https:\/\/x-sports.world\/pl\/wp-json\/wp\/v2\/pages\/3436\/revisions"}],"predecessor-version":[{"id":3437,"href":"https:\/\/x-sports.world\/pl\/wp-json\/wp\/v2\/pages\/3436\/revisions\/3437"}],"wp:attachment":[{"href":"https:\/\/x-sports.world\/pl\/wp-json\/wp\/v2\/media?parent=3436"}],"curies":[{"name":"wp","href":"https:\/\/api.w.org\/{rel}","templated":true}]}}