{"id":3428,"date":"2025-04-24T14:09:59","date_gmt":"2025-04-24T12:09:59","guid":{"rendered":"https:\/\/x-sports.world\/?page_id=3428"},"modified":"2025-04-25T17:53:55","modified_gmt":"2025-04-25T15:53:55","slug":"return-refund-info","status":"publish","type":"page","link":"https:\/\/x-sports.world\/pl\/return-refund-info\/","title":{"rendered":"INFORMACJE DOTYCZ\u0104CE ZWROT\u00d3W I REKLAMACJI"},"content":{"rendered":"<p>Odst\u0105pienie od umowy<\/p>\n\n\n\n<p>Je\u017celi jeste\u015b konsumentem \u2013 co do zasady przys\u0142uguje Ci prawo odst\u0105pienia od umowy zawartej na odleg\u0142o\u015b\u0107.<\/p>\n\n\n\n<p>Od umowy mo\u017cesz odst\u0105pi\u0107, sk\u0142adaj\u0105c o\u015bwiadczenie o odst\u0105pieniu od umowy np. za po\u015brednictwem poczty elektronicznej wys\u0142anej na adres:&nbsp;<a href=\"mailto:info@x-wake.com\">info@x-wake.com<\/a><\/p>\n\n\n\n<p>Zwracany towar nale\u017cy niezw\u0142ocznie zwr\u00f3ci\u0107 na adres: 43-100 Tychy ul. Fabryczna 5, POLSKA, jednak nie p\u00f3\u017aniej ni\u017c w terminie 14 dni od dnia, w kt\u00f3rym odst\u0105pi\u0142e\u015b od umowy.<\/p>\n\n\n\n<p>Mo\u017cesz odst\u0105pi\u0107 od umowy w ci\u0105gu 14 dni.<\/p>\n\n\n\n<p>Bieg 14-dniowego terminu odst\u0105pienia od umowy rozpoczyna si\u0119:<\/p>\n\n\n\n<p>dla umowy, w kt\u00f3rej wydajemy rzecz, b\u0119d\u0105c zobowi\u0105zanymi do przeniesienia jej w\u0142asno\u015bci \u2013 od obj\u0119cia rzeczy w posiadanie przez wskazan\u0105 przez Ciebie osob\u0119 trzeci\u0105 inn\u0105 ni\u017c przewo\u017anik,<\/p>\n\n\n\n<p>dla tre\u015bci cyfrowych \u2013 od dnia zawarcia umowy.<\/p>\n\n\n\n<p>Do zachowania terminu wystarczy wys\u0142anie o\u015bwiadczenia przed jego up\u0142ywem.<\/p>\n\n\n\n<p>Dokonane przez Ciebie p\u0142atno\u015bci, w tym koszty dostarczenia rzeczy na zasadach wskazanych w regulaminie zwr\u00f3cimy Ci niezw\u0142ocznie, jednak nie p\u00f3\u017aniej ni\u017c w terminie 14 dni od dnia otrzymania od Ciebie o\u015bwiadczenia o odst\u0105pieniu od umowy.<\/p>\n\n\n\n<p>Mo\u017cemy wstrzyma\u0107 si\u0119 ze zwrotem otrzymanej od Ciebie p\u0142atno\u015bci do chwili otrzymania rzeczy z powrotem lub dostarczenia przez Ciebie dowodu jej odes\u0142ania, w zale\u017cno\u015bci od tego, kt\u00f3re zdarzenie nast\u0105pi wcze\u015bniej.<\/p>\n\n\n\n<p>Pami\u0119taj, \u017ce prawo odst\u0105pienia od umowy zawartej na odleg\u0142o\u015b\u0107 nie przys\u0142uguje konsumentowi m.in. w odniesieniu do umowy:<\/p>\n\n\n\n<p>w kt\u00f3rej przedmiotem \u015bwiadczenia jest rzecz nieprefabrykowana, wyprodukowana wed\u0142ug specyfikacji konsumenta lub s\u0142u\u017c\u0105ca zaspokojeniu jego zindywidualizowanych potrzeb,<\/p>\n\n\n\n<p>w kt\u00f3rej przedmiotem \u015bwiadczenia jest rzecz ulegaj\u0105ca szybkiemu zepsuciu lub maj\u0105ca kr\u00f3tki termin przydatno\u015bci do u\u017cycia,<\/p>\n\n\n\n<p>w kt\u00f3rej przedmiotem \u015bwiadczenia jest rzecz dostarczana w zapiecz\u0119towanym opakowaniu, kt\u00f3rej po otwarciu opakowania nie mo\u017cna zwr\u00f3ci\u0107 ze wzgl\u0119du na ochron\u0119 zdrowia lub ze wzgl\u0119d\u00f3w higienicznych, je\u017celi opakowanie zosta\u0142o otwarte po dostarczeniu,<\/p>\n\n\n\n<p>w kt\u00f3rej przedmiotem \u015bwiadczenia s\u0105 nagrania d\u017awi\u0119kowe lub wizualne albo programy komputerowe dostarczane w zapiecz\u0119towanym opakowaniu, je\u017celi opakowanie zosta\u0142o otwarte po dostarczeniu<\/p>\n\n\n\n<p>o dostarczanie tre\u015bci cyfrowych, kt\u00f3re nie s\u0105 zapisane na no\u015bniku materialnym, je\u017celi spe\u0142nianie \u015bwiadczenia rozpocz\u0119\u0142o si\u0119 za wyra\u017an\u0105 zgod\u0105 Konsumenta przed up\u0142ywem terminu do odst\u0105pienia od umowy i po poinformowaniu go przez przedsi\u0119biorc\u0119 o utracie prawa odst\u0105pienia od umowy.<\/p>\n\n\n\n<p>Szczeg\u00f3\u0142owe informacje dotycz\u0105ce odst\u0105pienia od umowy znajdziesz w naszym Regulaminie sprzeda\u017cy.<\/p>\n\n\n\n<p>Uskar\u017canie si\u0119<\/p>\n\n\n\n<p>Je\u015bli jeste\u015b Konsumentem, je\u015bli zakupiony u nas produkt oka\u017ce si\u0119 wadliwy, masz prawo reklamowa\u0107 go na podstawie gwarancji. Reklamacj\u0119 najlepiej sk\u0142ada\u0107 na adres e-mail:&nbsp;<a href=\"mailto:info@x-wake.com\">info@x-wake.com<\/a>&nbsp;lub poczt\u0105 na adres: ul. Fabryczna 5, 43-100 TYCHY, POLSKA<\/p>\n\n\n\n<p>Reklamowany towar nale\u017cy odes\u0142a\u0107 na adres: ul.Fabryczna 5, 43-100 TYCHY, POLSKA<\/p>\n\n\n\n<p>W zwi\u0105zku z wad\u0105 mo\u017cesz \u017c\u0105da\u0107:<\/p>\n\n\n\n<p>wymiana rzeczy na woln\u0105 od wad,<\/p>\n\n\n\n<p>usuni\u0119cie wady,<\/p>\n\n\n\n<p>lub z\u0142o\u017cy\u0107 o\u015bwiadczenie na temat:<\/p>\n\n\n\n<p>obni\u017cenie ceny,<\/p>\n\n\n\n<p>odst\u0105pienie od umowy \u2013 w przypadku wady istotnej.<\/p>\n\n\n\n<p>Odpowiadamy za wady stwierdzone przed up\u0142ywem dw\u00f3ch lat od daty wydania rzeczy.<\/p>\n\n\n\n<p>Co do zasady reklamacj\u0119 mo\u017cna zg\u0142osi\u0107 w ci\u0105gu roku od zauwa\u017cenia wady, jednak termin na z\u0142o\u017cenie reklamacji nie mo\u017ce si\u0119 zako\u0144czy\u0107 przed up\u0142ywem okresu odpowiedzialno\u015bci sprzedawcy.<\/p>\n\n\n\n<p>Rozpatrzenie Twojej reklamacji (udzielenie odpowiedzi na ni\u0105) nast\u0105pi w terminie 14 dni od daty otrzymania przez nas Twojego zg\u0142oszenia reklamacyjnego.<\/p>\n\n\n\n<p>Wi\u0119cej informacji na temat reklamacji znajdziesz w naszym Regulaminie sprzeda\u017cy.<\/p>\n\n\n\n<p><\/p>","protected":false},"excerpt":{"rendered":"<p>Odst\u0105pienie od umowy Je\u015bli jeste\u015b konsumentem \u2013 co do zasady przys\u0142uguje Ci prawo odst\u0105pienia od umowy zawartej na odleg\u0142o\u015b\u0107. Od umowy mo\u017cesz odst\u0105pi\u0107, sk\u0142adaj\u0105c o\u015bwiadczenie o odst\u0105pieniu od umowy, np. za po\u015brednictwem wiadomo\u015bci e-mail wys\u0142anej na adres: info@x-wake.com Zwracany towar ode\u015blij niezw\u0142ocznie na adres: 43-100 Tychy ul. [\u2026]<\/p>","protected":false},"author":1,"featured_media":0,"parent":0,"menu_order":0,"comment_status":"closed","ping_status":"closed","template":"","meta":{"footnotes":""},"class_list":["post-3428","page","type-page","status-publish","hentry"],"yoast_head":"<!-- This site is optimized with the Yoast SEO plugin v26.4 - https:\/\/yoast.com\/wordpress\/plugins\/seo\/ -->\n<title>RETURN &amp; REFUND INFO - X-Sports.world - X-Wake | X-Surf<\/title>\n<meta name=\"robots\" content=\"index, follow, max-snippet:-1, max-image-preview:large, max-video-preview:-1\" \/>\n<link rel=\"canonical\" href=\"https:\/\/x-sports.world\/pl\/return-refund-info\/\" \/>\n<meta property=\"og:locale\" content=\"pl_PL\" \/>\n<meta property=\"og:type\" content=\"article\" \/>\n<meta property=\"og:title\" content=\"RETURN &amp; REFUND INFO - X-Sports.world - X-Wake | X-Surf\" \/>\n<meta property=\"og:description\" content=\"Withdrawal from the contract If you are a consumer &#8211; as a rule you have the right to withdraw from a distance contract. You can withdraw from the contract by submitting a statement of withdrawal from the contract, e.g. by e-mail sent to:&nbsp;info@x-wake.com Return the returned item immediately to the following address: 43-100 Tychy ul. [&hellip;]\" \/>\n<meta property=\"og:url\" content=\"https:\/\/x-sports.world\/pl\/return-refund-info\/\" \/>\n<meta property=\"og:site_name\" content=\"X-Sports.world - X-Wake | X-Surf\" \/>\n<meta property=\"article:modified_time\" content=\"2025-04-25T15:53:55+00:00\" \/>\n<meta name=\"twitter:card\" content=\"summary_large_image\" \/>\n<meta name=\"twitter:label1\" content=\"Szacowany czas czytania\" \/>\n\t<meta name=\"twitter:data1\" content=\"3 minuty\" \/>\n<script type=\"application\/ld+json\" class=\"yoast-schema-graph\">{\"@context\":\"https:\/\/schema.org\",\"@graph\":[{\"@type\":\"WebPage\",\"@id\":\"https:\/\/x-sports.world\/return-refund-info\/\",\"url\":\"https:\/\/x-sports.world\/return-refund-info\/\",\"name\":\"RETURN &amp; REFUND INFO - X-Sports.world - X-Wake | X-Surf\",\"isPartOf\":{\"@id\":\"https:\/\/x-sports.world\/#website\"},\"datePublished\":\"2025-04-24T12:09:59+00:00\",\"dateModified\":\"2025-04-25T15:53:55+00:00\",\"breadcrumb\":{\"@id\":\"https:\/\/x-sports.world\/return-refund-info\/#breadcrumb\"},\"inLanguage\":\"pl-PL\",\"potentialAction\":[{\"@type\":\"ReadAction\",\"target\":[\"https:\/\/x-sports.world\/return-refund-info\/\"]}]},{\"@type\":\"BreadcrumbList\",\"@id\":\"https:\/\/x-sports.world\/return-refund-info\/#breadcrumb\",\"itemListElement\":[{\"@type\":\"ListItem\",\"position\":1,\"name\":\"Home\",\"item\":\"https:\/\/x-sports.world\/\"},{\"@type\":\"ListItem\",\"position\":2,\"name\":\"RETURN &amp; REFUND INFO\"}]},{\"@type\":\"WebSite\",\"@id\":\"https:\/\/x-sports.world\/#website\",\"url\":\"https:\/\/x-sports.world\/\",\"name\":\"X-Sports.world - X-Wake Wakeboards | X-Surf Surfboards\",\"description\":\"Kolejna witryna WordPress\",\"publisher\":{\"@id\":\"https:\/\/x-sports.world\/#organization\"},\"potentialAction\":[{\"@type\":\"SearchAction\",\"target\":{\"@type\":\"EntryPoint\",\"urlTemplate\":\"https:\/\/x-sports.world\/?s={search_term_string}\"},\"query-input\":{\"@type\":\"PropertyValueSpecification\",\"valueRequired\":true,\"valueName\":\"search_term_string\"}}],\"inLanguage\":\"pl-PL\"},{\"@type\":\"Organization\",\"@id\":\"https:\/\/x-sports.world\/#organization\",\"name\":\"X-Sports.world - X-Wake | X-Surf\",\"url\":\"https:\/\/x-sports.world\/\",\"logo\":{\"@type\":\"ImageObject\",\"inLanguage\":\"pl-PL\",\"@id\":\"https:\/\/x-sports.world\/#\/schema\/logo\/image\/\",\"url\":\"https:\/\/x-sports.world\/wp-content\/uploads\/2025\/04\/XSPORTS-BLACK-LOGO.png\",\"contentUrl\":\"https:\/\/x-sports.world\/wp-content\/uploads\/2025\/04\/XSPORTS-BLACK-LOGO.png\",\"width\":3810,\"height\":1016,\"caption\":\"X-Sports.world - X-Wake | X-Surf\"},\"image\":{\"@id\":\"https:\/\/x-sports.world\/#\/schema\/logo\/image\/\"}}]}<\/script>\n<!-- \/ Yoast SEO plugin. -->","yoast_head_json":{"title":"INFORMACJE DOTYCZ\u0104CE ZWROT\u00d3W I REKLAMACJI - X-Sports.world - X-Wake | X-Surf","robots":{"index":"index","follow":"follow","max-snippet":"max-snippet:-1","max-image-preview":"max-image-preview:large","max-video-preview":"max-video-preview:-1"},"canonical":"https:\/\/x-sports.world\/pl\/return-refund-info\/","og_locale":"pl_PL","og_type":"article","og_title":"RETURN &amp; REFUND INFO - X-Sports.world - X-Wake | X-Surf","og_description":"Withdrawal from the contract If you are a consumer &#8211; as a rule you have the right to withdraw from a distance contract. You can withdraw from the contract by submitting a statement of withdrawal from the contract, e.g. by e-mail sent to:&nbsp;info@x-wake.com Return the returned item immediately to the following address: 43-100 Tychy ul. [&hellip;]","og_url":"https:\/\/x-sports.world\/pl\/return-refund-info\/","og_site_name":"X-Sports.world - X-Wake | X-Surf","article_modified_time":"2025-04-25T15:53:55+00:00","twitter_card":"summary_large_image","twitter_misc":{"Szacowany czas czytania":"3 minuty"},"schema":{"@context":"https:\/\/schema.org","@graph":[{"@type":"WebPage","@id":"https:\/\/x-sports.world\/return-refund-info\/","url":"https:\/\/x-sports.world\/return-refund-info\/","name":"INFORMACJE DOTYCZ\u0104CE ZWROT\u00d3W I REKLAMACJI - X-Sports.world - X-Wake | X-Surf","isPartOf":{"@id":"https:\/\/x-sports.world\/#website"},"datePublished":"2025-04-24T12:09:59+00:00","dateModified":"2025-04-25T15:53:55+00:00","breadcrumb":{"@id":"https:\/\/x-sports.world\/return-refund-info\/#breadcrumb"},"inLanguage":"pl-PL","potentialAction":[{"@type":"ReadAction","target":["https:\/\/x-sports.world\/return-refund-info\/"]}]},{"@type":"BreadcrumbList","@id":"https:\/\/x-sports.world\/return-refund-info\/#breadcrumb","itemListElement":[{"@type":"ListItem","position":1,"name":"Home","item":"https:\/\/x-sports.world\/"},{"@type":"ListItem","position":2,"name":"RETURN &amp; REFUND INFO"}]},{"@type":"WebSite","@id":"https:\/\/x-sports.world\/#website","url":"https:\/\/x-sports.world\/","name":"X-Sports.world - X-Wake Wakeboards | X-Surf Surfboards","description":"Kolejna witryna WordPress","publisher":{"@id":"https:\/\/x-sports.world\/#organization"},"potentialAction":[{"@type":"SearchAction","target":{"@type":"EntryPoint","urlTemplate":"https:\/\/x-sports.world\/?s={search_term_string}"},"query-input":{"@type":"PropertyValueSpecification","valueRequired":true,"valueName":"search_term_string"}}],"inLanguage":"pl-PL"},{"@type":"Organization","@id":"https:\/\/x-sports.world\/#organization","name":"X-Sports.world - X-Wake | X-Surf","url":"https:\/\/x-sports.world\/","logo":{"@type":"ImageObject","inLanguage":"pl-PL","@id":"https:\/\/x-sports.world\/#\/schema\/logo\/image\/","url":"https:\/\/x-sports.world\/wp-content\/uploads\/2025\/04\/XSPORTS-BLACK-LOGO.png","contentUrl":"https:\/\/x-sports.world\/wp-content\/uploads\/2025\/04\/XSPORTS-BLACK-LOGO.png","width":3810,"height":1016,"caption":"X-Sports.world - X-Wake | X-Surf"},"image":{"@id":"https:\/\/x-sports.world\/#\/schema\/logo\/image\/"}}]}},"_links":{"self":[{"href":"https:\/\/x-sports.world\/pl\/wp-json\/wp\/v2\/pages\/3428","targetHints":{"allow":["GET"]}}],"collection":[{"href":"https:\/\/x-sports.world\/pl\/wp-json\/wp\/v2\/pages"}],"about":[{"href":"https:\/\/x-sports.world\/pl\/wp-json\/wp\/v2\/types\/page"}],"author":[{"embeddable":true,"href":"https:\/\/x-sports.world\/pl\/wp-json\/wp\/v2\/users\/1"}],"replies":[{"embeddable":true,"href":"https:\/\/x-sports.world\/pl\/wp-json\/wp\/v2\/comments?post=3428"}],"version-history":[{"count":2,"href":"https:\/\/x-sports.world\/pl\/wp-json\/wp\/v2\/pages\/3428\/revisions"}],"predecessor-version":[{"id":3432,"href":"https:\/\/x-sports.world\/pl\/wp-json\/wp\/v2\/pages\/3428\/revisions\/3432"}],"wp:attachment":[{"href":"https:\/\/x-sports.world\/pl\/wp-json\/wp\/v2\/media?parent=3428"}],"curies":[{"name":"wp","href":"https:\/\/api.w.org\/{rel}","templated":true}]}}