{"id":3,"date":"2024-12-31T10:49:46","date_gmt":"2024-12-31T10:49:46","guid":{"rendered":"http:\/\/x-sports.world\/?page_id=3"},"modified":"2025-04-25T17:54:40","modified_gmt":"2025-04-25T15:54:40","slug":"privacy-policy","status":"publish","type":"page","link":"https:\/\/x-sports.world\/pl\/privacy-policy\/","title":{"rendered":"Polityka prywatno\u015bci"},"content":{"rendered":"<p>W zwi\u0105zku z rozpocz\u0119ciem stosowania od dnia 25 maja 2018 r. art. 13 ust. 1 og\u00f3lnego rozporz\u0105dzenia Parlamentu Europejskiego i Rady (UE) 2016\/679 z dnia 27 kwietnia 2016 r. w sprawie ochrony os\u00f3b fizycznych w zwi\u0105zku z przetwarzaniem danych osobowych i w sprawie swobodnego przep\u0142ywu takich danych oraz uchylenia dyrektywy 95\/46\/WE (dalej \u201eRODO\u201d), informujemy, \u017ce od dnia 25 maja 2018 r. b\u0119d\u0105 Ci przys\u0142ugiwa\u0107 okre\u015blone poni\u017cej prawa zwi\u0105zane z przetwarzaniem Twoich danych osobowych.<\/p>\n\n\n\n<p>Jednocze\u015bnie, zgodnie z art. Informujemy, \u017ce od dnia 25 maja 2018 r. obowi\u0105zywa\u0107 b\u0119d\u0105 nast\u0119puj\u0105ce informacje i zasady dotycz\u0105ce przetwarzania Twoich danych osobowych:<\/p>\n\n\n\n<p>1. Administratorem Twoich danych osobowych jest LOXEE Sp. z o.o. z siedzib\u0105 przy ul. FABRYCZNEJ 5, 43-100 TYCHY<\/p>\n\n\n\n<p>2. Otrzymali\u015bmy Twoje dane osobowe od Ciebie podczas zak\u0142adania konta w sklepie X WAKE SHOP<\/p>\n\n\n\n<p>3. Twoje dane osobowe przetwarzane b\u0119d\u0105 w celu:<\/p>\n\n\n\n<p>a) umo\u017cliwienia \u015bwiadczenia us\u0142ug drog\u0105 elektroniczn\u0105 i zawierania um\u00f3w sprzeda\u017cy, obs\u0142ugi reklamacji, wysy\u0142ek, p\u0142atno\u015bci, za\u0142o\u017cenia i zarz\u0105dzania Twoim kontem, rozwi\u0105zywania ewentualnych problem\u00f3w technicznych \u2013 podstaw\u0105 prawn\u0105 przetwarzania danych osobowych jest art. 6 ust. 1 lit. b) RODO,<\/p>\n\n\n\n<p>b) prowadzenia dzia\u0142a\u0144 marketingowych w spos\u00f3b, na kt\u00f3ry wyrazi\u0142e\u015b zgod\u0119, podstaw\u0105 prawn\u0105 przetwarzania danych osobowych jest uzasadniony interes Sp\u00f3\u0142ki (art. 6 ust. 1 lit. a RODO);<\/p>\n\n\n\n<p>c) wype\u0142nienia obowi\u0105zk\u00f3w prawnych ci\u0105\u017c\u0105cych na Sp\u00f3\u0142ce na podstawie powszechnie obowi\u0105zuj\u0105cych przepis\u00f3w prawa, w tym przepis\u00f3w podatkowych i rachunkowych \u2013 podstaw\u0105 prawn\u0105 przetwarzania danych osobowych jest art. 6 ust. 1 lit. c RODO,<\/p>\n\n\n\n<p>d) prowadzenie dzia\u0142alno\u015bci analitycznej i statystycznej \u2013 podstaw\u0105 prawn\u0105 przetwarzania danych osobowych jest uzasadniony interes sp\u00f3\u0142ki (art. 6 ust. 1 lit. f RODO), uzasadnionym interesem sp\u00f3\u0142ki jest analiza wynik\u00f3w dzia\u0142alno\u015bci gospodarczej,<\/p>\n\n\n\n<p>e) w celu realizacji prawnie uzasadnionego interesu Sp\u00f3\u0142ki polegaj\u0105cego na ewentualnym ustaleniu lub dochodzeniu roszcze\u0144 lub obronie przed roszczeniami \u2013 podstaw\u0105 prawn\u0105 przetwarzania danych osobowych jest prawnie uzasadniony interes Sp\u00f3\u0142ki \u2013 art. 6 ust. 1 lit. f RODO.<\/p>\n\n\n\n<p>4. Twoje dane osobowe mog\u0105 by\u0107 udost\u0119pniane:<\/p>\n\n\n\n<p>a) spedytorzy, firmy kurierskie, przewo\u017anicy,<\/p>\n\n\n\n<p>b) firmy obs\u0142uguj\u0105ce p\u0142atno\u015bci elektroniczne i karty p\u0142atnicze,<\/p>\n\n\n\n<p>c) firmy po\u017cyczkowe,<\/p>\n\n\n\n<p>d) firmy informatyczne zajmuj\u0105ce si\u0119 systemami informatycznymi, serwisuj\u0105ce nasze serwery, komputery i poczt\u0119 elektroniczn\u0105,<\/p>\n\n\n\n<p>e) firmy zajmuj\u0105ce si\u0119 obs\u0142ug\u0105 naszej strony internetowej,<\/p>\n\n\n\n<p>f) podmioty \u015bwiadcz\u0105ce na rzecz naszej sp\u00f3\u0142ki us\u0142ugi z zakresu ksi\u0119gowo\u015bci, badania jako\u015bci us\u0142ug, windykacji nale\u017cno\u015bci, us\u0142ug prawnych, analitycznych i marketingowych,<\/p>\n\n\n\n<p>g) pracownicy LOXEE SP. Z OO<\/p>\n\n\n\n<p>5. Twoje dane osobowe b\u0119d\u0105 przetwarzane przez okres:<\/p>\n\n\n\n<p>a) w przypadku danych osobowych przetwarzanych w celach marketingowych i \u015bwiadczenia us\u0142ug drog\u0105 elektroniczn\u0105 \u2013 do czasu wniesienia przez Ciebie sprzeciwu wzgl\u0119dem przetwarzania danych osobowych w tym zakresie.<\/p>\n\n\n\n<p>b) w przypadku danych osobowych przetwarzanych w celu wykonania umowy sprzeda\u017cy \u2013 przez okres niezb\u0119dny do wykonania wszystkich obowi\u0105zk\u00f3w wynikaj\u0105cych z umowy, a tak\u017ce po jej zako\u0144czeniu w celach:<\/p>\n\n\n\n<p>dochodzenie roszcze\u0144 w zwi\u0105zku z wykonywaniem umowy,<\/p>\n\n\n\n<p>realizacji obowi\u0105zk\u00f3w wynikaj\u0105cych z przepis\u00f3w prawa, w tym w szczeg\u00f3lno\u015bci podatkowych i rachunkowych,<\/p>\n\n\n\n<p>w celach statystycznych i archiwizacyjnych,<\/p>\n\n\n\n<p>maksymalnie przez okres 10 lat od daty rozwi\u0105zania umowy.<\/p>\n\n\n\n<p>6. Posiadasz prawo dost\u0119pu do tre\u015bci swoich danych osobowych w ka\u017cdym czasie oraz prawo ich sprostowania, usuni\u0119cia, ograniczenia przetwarzania, prawo do przenoszenia danych, prawo wniesienia sprzeciwu, prawo do cofni\u0119cia zgody w dowolnym momencie bez wp\u0142ywu na zgodno\u015b\u0107 z prawem przetwarzania (je\u017celi przetwarzanie odbywa si\u0119 na podstawie zgody), kt\u00f3rego dokonano na podstawie zgody przed jej cofni\u0119ciem. Cofni\u0119cie zgody nale\u017cy przes\u0142a\u0107 w formie pisemnej na adres: Akademia Sportu Stawiki Sp. z o.o., ul. Kresowa 4, 41-200 Sosnowiec lub w formie elektronicznej na adres:&nbsp;<a href=\"mailto:info@x-wake.com\">info@x-wake.com<\/a><\/p>\n\n\n\n<p>Masz prawo wnie\u015b\u0107 skarg\u0119 do Giodo w dowolnym momencie, je\u017celi uwa\u017casz, \u017ce przetwarzanie Twoich danych osobowych narusza postanowienia Og\u00f3lnego rozporz\u0105dzenia o ochronie danych z dnia 26 kwietnia 2016 r.<\/p>\n\n\n\n<p>7. Podanie danych osobowych jest dobrowolne, z zastrze\u017ceniem dw\u00f3ch wyj\u0105tk\u00f3w:<\/p>\n\n\n\n<p>a) zawieranie um\u00f3w z Administratorem \u2013 niepodanie danych osobowych niezb\u0119dnych do zawarcia i wykonania Umowy Sprzeda\u017cy lub umowy o \u015bwiadczenie Us\u0142ugi Elektronicznej z Administratorem w przypadkach i zakresie wskazanym na stronie Sklepu Internetowego oraz w Regulaminie Sklepu Internetowego skutkuje brakiem mo\u017cliwo\u015bci zawarcia tej\u017ce Umowy. Podanie danych osobowych jest w takim wypadku wymogiem umownym i je\u017celi osoba, kt\u00f3rej dane dotycz\u0105 chce zawrze\u0107 dan\u0105 umow\u0119 z Administratorem, jest zobowi\u0105zana do podania wymaganych danych.<\/p>\n\n\n\n<p>Ka\u017cdorazowo zakres danych wymaganych do zawarcia umowy wskazany jest uprzednio na stronie Sklepu Internetowego oraz w Regulaminie Sklepu Internetowego;<\/p>\n\n\n\n<p>b) Obowi\u0105zki ustawowe Administratora \u2013 podanie danych osobowych jest wymogiem ustawowym wynikaj\u0105cym z powszechnie obowi\u0105zuj\u0105cych przepis\u00f3w prawa nak\u0142adaj\u0105cych na Administratora obowi\u0105zek przetwarzania danych osobowych (np. przetwarzanie danych w celu prowadzenia ksi\u0105g podatkowych lub rachunkowych) i brak ich podania uniemo\u017cliwi Administratorowi wykonanie tych\u017ce obowi\u0105zk\u00f3w.<\/p>\n\n\n\n<p>8. Twoje dane osobowe b\u0119d\u0105 podlega\u0142y profilowaniu.<\/p>\n\n\n\n<p>Profilowanie Twoich danych wykorzystamy w celu marketingu bezpo\u015bredniego, np. automatycznie dobierzemy dla Ciebie reklam\u0119 na podstawie Twojej wcze\u015bniejszej aktywno\u015bci na stronie, zaproponujemy produkt zgodny z Twoimi zainteresowaniami, udzielimy rabatu, przypomnimy o niedoko\u0144czonych zakupach itp. Oczywi\u015bcie decyzj\u0119 czy skorzystasz z rabatu czy zakupisz oferowany przez nas produkt pozostawiamy Tobie.<\/p>\n\n\n\n<p>CIASTKA<\/p>\n\n\n\n<p>Czym s\u0105 pliki cookie?<\/p>\n\n\n\n<p>Pliki cookie to ma\u0142e pliki, kt\u00f3re s\u0105 zapisywane i przechowywane na Twoim komputerze, tablecie lub smartfonie podczas odwiedzania r\u00f3\u017cnych stron internetowych. Plik cookie zazwyczaj zawiera nazw\u0119 strony internetowej, z kt\u00f3rej pochodzi, \u201eczas \u017cycia\u201d pliku cookie (czyli jego \u017cywotno\u015b\u0107) oraz przypadkowo wygenerowany unikalny numer s\u0142u\u017c\u0105cy do identyfikacji przegl\u0105darki, z kt\u00f3rej strona internetowa jest po\u0142\u0105czona.<\/p>\n\n\n\n<p>Do czego u\u017cywamy plik\u00f3w cookie?<\/p>\n\n\n\n<p>Wake Sklep u\u017cywa plik\u00f3w cookie w r\u00f3\u017cnych celach: aby strony internetowe i aplikacje dzia\u0142a\u0142y szybciej i by\u0142y \u0142atwiejsze w u\u017cyciu, aby lepiej dopasowa\u0107 tre\u015bci i reklamy do Twoich oczekiwa\u0144 i zainteresowa\u0144 oraz aby zbiera\u0107 anonimowe, zagregowane statystyki, kt\u00f3re pomagaj\u0105 w ulepszaniu funkcjonalno\u015bci i tre\u015bci stron i aplikacji. U\u017cywaj\u0105c plik\u00f3w cookie w spos\u00f3b opisany powy\u017cej, nigdy nie identyfikujemy to\u017csamo\u015bci u\u017cytkownik\u00f3w na podstawie informacji przechowywanych w plikach cookie.<\/p>\n\n\n\n<p>Polityka prywatno\u015bci<\/p>\n\n\n\n<p>W zwi\u0105zku z zastosowaniem z dnia 25 maja 2018 roku art.13 ust. 1 og\u00f3lne rozporz\u0105dzenie Parlamentu Europejskiego i Rady (UE) 2016\/679 z dnia 27 kwietnia 2016 r. w sprawie ochrony os\u00f3b fizycznych i ich danych osobowych oraz w ramach swobodnego dost\u0119pu do takich danych i us\u0142ug uchylnych 95\/46\/WE, (dalej u\u017cywania \u201eRODO\u201d), dost\u0119pmy, \u017ce od dnia 25 maja 2018 roku b\u0119dziesz przypisany do prawa dost\u0119pu z dost\u0119pem do danych osobowych.<\/p>\n\n\n\n<p>Podstawa na podstawie art. 13 RODO zawieramy, \u017ce od dnia 25 maja 2018 roku aktualne s\u0105 najnowsze informacje i zasady zapobiegania przekazywaniu danych osobowych:<\/p>\n\n\n\n<p>1. Administratorem Twoich danych osobowych jest firma LOXEE Sp. z oo z siedzib\u0105 pod adresem ul.FABRYCZNA 5, 43-100 TYCHY<\/p>\n\n\n\n<p>2. Twoje dane osobowe otrzymali\u015bmy od Ciebie podczas tworzenia konta w sklepie X WAKE SHOP<\/p>\n\n\n\n<p>3. Twoje dane osobowe b\u0119d\u0105 przetwarzane w celu :&nbsp;<\/p>\n\n\n\n<p>a) umo\u017cliwienie dost\u0119pu do us\u0142ug drog\u0105 elektroniczn\u0105 oraz zawiera informacje o sprzeda\u017cy, obs\u0142ug\u0119 reklamacji, wysy\u0142ek, p\u0142atno\u015bci, obs\u0142ug\u0119 i zarz\u0105dzanie ochron\u0105 kontem, wprowadzenie problem\u00f3w technicznych \u2013 informacje dotycz\u0105ce stosowania danych osobowych jest art. 6 ust. 1 lit. b) RODO,<\/p>\n\n\n\n<p>b) prowadzenie wobec Ciebie dzia\u0142a\u0144 marketingowych w spos\u00f3b, kt\u00f3ry jest stosowany, je\u015bli chodzi o przetwarzanie danych osobowych, jest prawnie uzasadniony interes firmy (art. 6 ust. 1 lit. a) RODO;&nbsp;<\/p>\n\n\n\n<p>c) spe\u0142nienie wymaga\u0144 prawnych ci\u0105\u017c\u0105cych na firmie na podstawie przepis\u00f3w prawa, w tym przepisach wykonawczych oraz z zakresu \u2013 stosowanie danych osobowych jest art. 6 ust. 1 lit. c RODO,<\/p>\n\n\n\n<p>d) prowadzenie dzia\u0142a\u0144 analitycznych i statystycznych \u2013 zastosowanie stosowania przetwarzania danych osobowych jest prawem uzasadnionym interesem firmy (art. 6 ust. 1 lit. f) RODO, uzasadnieniem zainteresowania firmy jest analiza wynik\u00f3w stosowaniaj dzia\u0142alno\u015bci gospodarczej,<\/p>\n\n\n\n<p>e) w celu realizacji prawnie podanego interesu firmy, na ewentualnym ustaleniu lub do stosowania prawnego lub przed wyst\u0105pieniem \u2013 skutkiem stosowania danych osobowych jest prawnie uzasadnione interesy firmy \u2013 art. 6 ust. 1 lit. f RODO.<\/p>\n\n\n\n<p>4. Twoje dane osobowe mog\u0105 by\u0107 zale\u017cne:<\/p>\n\n\n\n<p>a) spedytorom, firmom kurierskim, naturalnymom,<\/p>\n\n\n\n<p>b) firmom obs\u0142uguj\u0105cym p\u0142atno\u015bci oraz kartami p\u0142atniczymi,<\/p>\n\n\n\n<p>c) firma udost\u0119pniaj\u0105ca kredyt,<\/p>\n\n\n\n<p>d) firma z bran\u017cy IT, kt\u00f3ra dostarcza systemy obs\u0142ugi, obs\u0142ug\u0119 naszych serwer\u00f3w, komputer\u00f3w i poczty elektronicznej,<\/p>\n\n\n\n<p>e) firmom, kt\u00f3re zosta\u0142y usuni\u0119te z naszej kontroli internetowej,<\/p>\n\n\n\n<p>f) podmiotem dzia\u0142aj\u0105cym na rzecz naszej firmy z zakresu rachunkowo\u015bci, bada\u0144 jako\u015bci obs\u0142ugi, dochodzenia do \u017ar\u00f3d\u0142a, us\u0142ug prawnych, analitycznych, marketingowych,<\/p>\n\n\n\n<p>g) udost\u0119pnienie firmy LOXEE SP. ZOO<\/p>\n\n\n\n<p>5. Twoje dane osobowe b\u0119d\u0105 przetwarzane przez okres::<\/p>\n\n\n\n<p>a) w przypadku danych osobowych obj\u0119tych marketingiem oraz udost\u0119pnienia us\u0142ug drog\u0105 elektroniczn\u0105 \u2013 do czasu wniesienia sprzeciwu wobec przetwarzania danych osobowych w tym zakresie.<\/p>\n\n\n\n<p>b) w przypadku danych osobowych podlegaj\u0105cych w celu realizacji um\u00f3w sprzeda\u017cy \u2013 przez okres konieczny do wykonania ka\u017cdego z umowy oraz po jej zako\u0144czeniu w:<\/p>\n\n\n\n<ul class=\"wp-block-list\">\n<li>dochodzenie w zwi\u0105zku z wykonaniem umowy,<\/li>\n\n\n\n<li>wyga\u015bni\u0119cie przepis\u00f3w prawa, w tym w celu zako\u0144czenia kontroli i rachunkowych,<\/li>\n\n\n\n<li>w u\u017cytkowaniu statystycznym i archiwizacyjnym,<\/li>\n\n\n\n<li>maksymalnie przez okres 10 lat od dnia zako\u0144czenia umowy.<\/li>\n<\/ul>\n\n\n\n<p>6. W ka\u017cdej chwili masz prawo dost\u0119pu do swoich danych osobowych oraz prawo ich sprostawania, usuni\u0119cie, ograniczenie, prawo do przenoszenia danych, prawo wniesienia sprzeciwu, prawo do cofni\u0119cia zgody w momencie uzyskania zgody na zgodno\u015b\u0107 z prawem wykonawczym (je\u017celi wyst\u0105pienie nast\u0119puje na podstawie decyzji), kt\u00f3re zosta\u0142o wydane na podstawie zgody przed jej cofni\u0119ciem. Ewentualne wycofanie zgody mo\u017ce zosta\u0107 przes\u0142ane na adres : Akademia Sportu Stawiki Sp. z oo, ul. Kresowa 4, 41-200 Sosnowiec lub w formie elektronicznej na adres :&nbsp;<a href=\"mailto:shop@wake-sklep.pl\">info@x-wake.com<\/a><\/p>\n\n\n\n<p>W ka\u017cdej chwili masz prawo do wniesienia skargi do Giodo, gdy uznasz, \u017ce przekazujesz dane osobowe podlegaj\u0105ce przepisom og\u00f3lnym o ochronie danych osobowych z 26-go kwietnia 2016 r.<\/p>\n\n\n\n<p>7. Podanie danych osobowych jest, z zastrze\u017ceniem dw\u00f3ch wyj\u0105tk\u00f3w:<\/p>\n\n\n\n<p>a) zawiera umowy z Administratorem \u2013 niepodanie w zakresie obj\u0119tym zakresem na stronie Sklepu Internetowego oraz w Regulaminie Sklepu Internetowego danych osobowych, kt\u00f3re nast\u0119puje do powiadomienia i wykonania umowy sprzeda\u017cy lub umowy o do\u015bwiadczeniu Us\u0142ugi Elektronicznej z Administratorem, skutki dotycz\u0105ce przestrzegania przed\u0142u\u017cenia tej\u017ce umowy. Podanie danych osobowych jest w zwi\u0105zku z umownym warunkiem i osob\u0105, kt\u00f3ra chce zawrze\u0107 korzystanie z Administratorem, to jest zobowi\u0105zane do wymaganych danych. Ka\u017cdorazowo zakres danych wymaganych do umowy zawartej jest pierwotnie na stronie Sklepu Internetowego oraz w Regulaminie Sklepu Internetowego;&nbsp;<\/p>\n\n\n\n<p>b) obowi\u0105zki ustawowe Administratora \u2013 podanie danych osobowych jest podmiotem ustawowym, kt\u00f3ry ma zastosowanie do przepis\u00f3w prawa nak\u0142adaj\u0105cych na Administratora danych osobowych (np. transmitowanie danych w celu prowadzenia ksi\u0105g regulacyjnych lub rachunkowych) i brak ich stosowania przez Administratora w przypadku wykonania tych\u017ce.<\/p>\n\n\n\n<p>8. Twoje dane osobowe podlegaj\u0105 profilowaniu.<\/p>\n\n\n\n<p>U\u017cywane z profilowania do wykorzystania danych marketingowych np. Automatycznie dodajemy dla Ciebie reklam\u0119 w bazie o pierwszej aktywno\u015bci na stronie, zaproponujemy produkt dotycz\u0105cy wyszukiwania z informacjami o badaniach, udost\u0119pniamy symbol rabatu, przypominamy o niedoko\u0144czonych zakupach itp. Oczywi\u015bcie, o tym czy skorzystasz z okre\u015blonego rabatu lub kupisz oferowanego przez nas produkt, kt\u00f3ry tworzysz Tobie.<\/p>\n\n\n\n<p>CIASTKA&nbsp;<\/p>\n\n\n\n<p>Co to s\u0105 ciasteczka?<br>Ciasteczka (ang. cookies) do plik\u00f3w, za pomoc\u0105 kt\u00f3rej mo\u017cna dotrze\u0107 do komputera, tablecie lub smartphonie podczas odwiedzania r\u00f3\u017cnych stron w internecie. Ciasteczko zawiera informacje o stronie internetowej, z kt\u00f3rej pochodzi, \u201ed\u0142ugo\u015b\u0107 \u017cycia\u201d urz\u0105dze\u0144 (to oznacza czas jego istnienia) oraz wygenerowany numer umo\u017cliwiaj\u0105cy dost\u0119p do \u017ar\u00f3d\u0142a, z innego \u017ar\u00f3d\u0142a u\u017cycia ze wzgl\u0119du na dost\u0119p.<\/p>\n\n\n\n<p>Czy potrzebujesz czegokolwiek?<br>Wake Sklep wykorzystuj\u0105cy pliki cookie w r\u00f3\u017cnych ustawieniach: przez strony i aplikacje stosowane przez szybkie i by\u0107 dost\u0119pne w u\u017cyciu, aby lepiej wysy\u0142a\u0107 tre\u015bci i reklamy do twoich odbiorc\u00f3w i do zbierania anonimowych, zagregowanych statystyk, kt\u00f3re s\u0105 kontrolowaniu kontroli zawarto\u015bci i zawarto\u015bci stron i aplikacji. U\u017cywaj\u0105c ciasteczek w wy\u017cszym stopniu rozpoznawania, nigdy nie identyfikujemy to\u017csamo\u015bci u\u017cytkownik\u00f3w na podstawie informacji przechowywanych w ciasteczkach.<\/p>","protected":false},"excerpt":{"rendered":"<p>In connection with the commencement of application as of May 25, 2018, Article 13, para. 1 of the General Regulation of the European Parliament and of the Council (EU) 2016\/679 of 27 April 2016 on the protection of individuals and their personal data and on the free movement of such data and repealing Directive 95\/46 [&hellip;]<\/p>","protected":false},"author":1,"featured_media":0,"parent":0,"menu_order":0,"comment_status":"closed","ping_status":"open","template":"","meta":{"footnotes":""},"class_list":["post-3","page","type-page","status-publish","hentry"],"yoast_head":"<!-- This site is optimized with the Yoast SEO plugin v26.4 - https:\/\/yoast.com\/wordpress\/plugins\/seo\/ -->\n<title>Privacy Policy - X-Sports.world - X-Wake | X-Surf<\/title>\n<meta name=\"robots\" content=\"index, follow, max-snippet:-1, max-image-preview:large, max-video-preview:-1\" \/>\n<link rel=\"canonical\" href=\"https:\/\/x-sports.world\/pl\/privacy-policy\/\" \/>\n<meta property=\"og:locale\" content=\"pl_PL\" \/>\n<meta property=\"og:type\" content=\"article\" \/>\n<meta property=\"og:title\" content=\"Privacy Policy - X-Sports.world - X-Wake | X-Surf\" \/>\n<meta property=\"og:description\" content=\"In connection with the commencement of application as of May 25, 2018, Article 13, para. 1 of the General Regulation of the European Parliament and of the Council (EU) 2016\/679 of 27 April 2016 on the protection of individuals and their personal data and on the free movement of such data and repealing Directive 95\/46 [&hellip;]\" \/>\n<meta property=\"og:url\" content=\"https:\/\/x-sports.world\/pl\/privacy-policy\/\" \/>\n<meta property=\"og:site_name\" content=\"X-Sports.world - X-Wake | X-Surf\" \/>\n<meta property=\"article:modified_time\" content=\"2025-04-25T15:54:40+00:00\" \/>\n<meta name=\"twitter:card\" content=\"summary_large_image\" \/>\n<meta name=\"twitter:label1\" content=\"Szacowany czas czytania\" \/>\n\t<meta name=\"twitter:data1\" content=\"11 minut\" \/>\n<script type=\"application\/ld+json\" class=\"yoast-schema-graph\">{\"@context\":\"https:\/\/schema.org\",\"@graph\":[{\"@type\":\"WebPage\",\"@id\":\"https:\/\/x-sports.world\/privacy-policy\/\",\"url\":\"https:\/\/x-sports.world\/privacy-policy\/\",\"name\":\"Privacy Policy - X-Sports.world - X-Wake | X-Surf\",\"isPartOf\":{\"@id\":\"https:\/\/x-sports.world\/#website\"},\"datePublished\":\"2024-12-31T10:49:46+00:00\",\"dateModified\":\"2025-04-25T15:54:40+00:00\",\"breadcrumb\":{\"@id\":\"https:\/\/x-sports.world\/privacy-policy\/#breadcrumb\"},\"inLanguage\":\"pl-PL\",\"potentialAction\":[{\"@type\":\"ReadAction\",\"target\":[\"https:\/\/x-sports.world\/privacy-policy\/\"]}]},{\"@type\":\"BreadcrumbList\",\"@id\":\"https:\/\/x-sports.world\/privacy-policy\/#breadcrumb\",\"itemListElement\":[{\"@type\":\"ListItem\",\"position\":1,\"name\":\"Home\",\"item\":\"https:\/\/x-sports.world\/\"},{\"@type\":\"ListItem\",\"position\":2,\"name\":\"Privacy Policy\"}]},{\"@type\":\"WebSite\",\"@id\":\"https:\/\/x-sports.world\/#website\",\"url\":\"https:\/\/x-sports.world\/\",\"name\":\"X-Sports.world - X-Wake Wakeboards | X-Surf Surfboards\",\"description\":\"Kolejna witryna WordPress\",\"publisher\":{\"@id\":\"https:\/\/x-sports.world\/#organization\"},\"potentialAction\":[{\"@type\":\"SearchAction\",\"target\":{\"@type\":\"EntryPoint\",\"urlTemplate\":\"https:\/\/x-sports.world\/?s={search_term_string}\"},\"query-input\":{\"@type\":\"PropertyValueSpecification\",\"valueRequired\":true,\"valueName\":\"search_term_string\"}}],\"inLanguage\":\"pl-PL\"},{\"@type\":\"Organization\",\"@id\":\"https:\/\/x-sports.world\/#organization\",\"name\":\"X-Sports.world - X-Wake | X-Surf\",\"url\":\"https:\/\/x-sports.world\/\",\"logo\":{\"@type\":\"ImageObject\",\"inLanguage\":\"pl-PL\",\"@id\":\"https:\/\/x-sports.world\/#\/schema\/logo\/image\/\",\"url\":\"https:\/\/x-sports.world\/wp-content\/uploads\/2025\/04\/XSPORTS-BLACK-LOGO.png\",\"contentUrl\":\"https:\/\/x-sports.world\/wp-content\/uploads\/2025\/04\/XSPORTS-BLACK-LOGO.png\",\"width\":3810,\"height\":1016,\"caption\":\"X-Sports.world - X-Wake | X-Surf\"},\"image\":{\"@id\":\"https:\/\/x-sports.world\/#\/schema\/logo\/image\/\"}}]}<\/script>\n<!-- \/ Yoast SEO plugin. -->","yoast_head_json":{"title":"Polityka prywatno\u015bci - X-Sports.world - X-Wake | X-Surf","robots":{"index":"index","follow":"follow","max-snippet":"max-snippet:-1","max-image-preview":"max-image-preview:large","max-video-preview":"max-video-preview:-1"},"canonical":"https:\/\/x-sports.world\/pl\/privacy-policy\/","og_locale":"pl_PL","og_type":"article","og_title":"Privacy Policy - X-Sports.world - X-Wake | X-Surf","og_description":"In connection with the commencement of application as of May 25, 2018, Article 13, para. 1 of the General Regulation of the European Parliament and of the Council (EU) 2016\/679 of 27 April 2016 on the protection of individuals and their personal data and on the free movement of such data and repealing Directive 95\/46 [&hellip;]","og_url":"https:\/\/x-sports.world\/pl\/privacy-policy\/","og_site_name":"X-Sports.world - X-Wake | X-Surf","article_modified_time":"2025-04-25T15:54:40+00:00","twitter_card":"summary_large_image","twitter_misc":{"Szacowany czas czytania":"11 minut"},"schema":{"@context":"https:\/\/schema.org","@graph":[{"@type":"WebPage","@id":"https:\/\/x-sports.world\/privacy-policy\/","url":"https:\/\/x-sports.world\/privacy-policy\/","name":"Polityka prywatno\u015bci - X-Sports.world - X-Wake | X-Surf","isPartOf":{"@id":"https:\/\/x-sports.world\/#website"},"datePublished":"2024-12-31T10:49:46+00:00","dateModified":"2025-04-25T15:54:40+00:00","breadcrumb":{"@id":"https:\/\/x-sports.world\/privacy-policy\/#breadcrumb"},"inLanguage":"pl-PL","potentialAction":[{"@type":"ReadAction","target":["https:\/\/x-sports.world\/privacy-policy\/"]}]},{"@type":"BreadcrumbList","@id":"https:\/\/x-sports.world\/privacy-policy\/#breadcrumb","itemListElement":[{"@type":"ListItem","position":1,"name":"Home","item":"https:\/\/x-sports.world\/"},{"@type":"ListItem","position":2,"name":"Privacy Policy"}]},{"@type":"WebSite","@id":"https:\/\/x-sports.world\/#website","url":"https:\/\/x-sports.world\/","name":"X-Sports.world - X-Wake Wakeboards | X-Surf Surfboards","description":"Kolejna witryna WordPress","publisher":{"@id":"https:\/\/x-sports.world\/#organization"},"potentialAction":[{"@type":"SearchAction","target":{"@type":"EntryPoint","urlTemplate":"https:\/\/x-sports.world\/?s={search_term_string}"},"query-input":{"@type":"PropertyValueSpecification","valueRequired":true,"valueName":"search_term_string"}}],"inLanguage":"pl-PL"},{"@type":"Organization","@id":"https:\/\/x-sports.world\/#organization","name":"X-Sports.world - X-Wake | X-Surf","url":"https:\/\/x-sports.world\/","logo":{"@type":"ImageObject","inLanguage":"pl-PL","@id":"https:\/\/x-sports.world\/#\/schema\/logo\/image\/","url":"https:\/\/x-sports.world\/wp-content\/uploads\/2025\/04\/XSPORTS-BLACK-LOGO.png","contentUrl":"https:\/\/x-sports.world\/wp-content\/uploads\/2025\/04\/XSPORTS-BLACK-LOGO.png","width":3810,"height":1016,"caption":"X-Sports.world - X-Wake | X-Surf"},"image":{"@id":"https:\/\/x-sports.world\/#\/schema\/logo\/image\/"}}]}},"_links":{"self":[{"href":"https:\/\/x-sports.world\/pl\/wp-json\/wp\/v2\/pages\/3","targetHints":{"allow":["GET"]}}],"collection":[{"href":"https:\/\/x-sports.world\/pl\/wp-json\/wp\/v2\/pages"}],"about":[{"href":"https:\/\/x-sports.world\/pl\/wp-json\/wp\/v2\/types\/page"}],"author":[{"embeddable":true,"href":"https:\/\/x-sports.world\/pl\/wp-json\/wp\/v2\/users\/1"}],"replies":[{"embeddable":true,"href":"https:\/\/x-sports.world\/pl\/wp-json\/wp\/v2\/comments?post=3"}],"version-history":[{"count":2,"href":"https:\/\/x-sports.world\/pl\/wp-json\/wp\/v2\/pages\/3\/revisions"}],"predecessor-version":[{"id":324,"href":"https:\/\/x-sports.world\/pl\/wp-json\/wp\/v2\/pages\/3\/revisions\/324"}],"wp:attachment":[{"href":"https:\/\/x-sports.world\/pl\/wp-json\/wp\/v2\/media?parent=3"}],"curies":[{"name":"wp","href":"https:\/\/api.w.org\/{rel}","templated":true}]}}