{"id":4787,"date":"2025-07-09T14:47:53","date_gmt":"2025-07-09T12:47:53","guid":{"rendered":"https:\/\/x-sports.world\/?post_type=product&#038;p=4787"},"modified":"2026-03-18T16:00:37","modified_gmt":"2026-03-18T14:00:37","slug":"wakeboard-x-wake-beyond-2025","status":"publish","type":"product","link":"https:\/\/x-sports.world\/fr\/product\/wakeboard-x-wake-beyond-2025\/","title":{"rendered":"SIT-WAKE DEDICATED WAKEBOARD X-WAKE BEYOND"},"content":{"rendered":"<h2 style=\"text-align: center;\">Buy X-Wake Beyond 2025 adaptive wakeboard<\/h2>\n<p><img fetchpriority=\"high\" decoding=\"async\" class=\"aligncenter wp-image-4797 size-full\" src=\"https:\/\/x-sports.world\/wp-content\/uploads\/2025\/07\/IMG-20250521-WA0006-scaled-e1752065564101.jpg\" alt=\"X Wake wakeboarding beyond sit wake model\" width=\"2044\" height=\"1130\" srcset=\"https:\/\/x-sports.world\/wp-content\/uploads\/2025\/07\/IMG-20250521-WA0006-scaled-e1752065564101.jpg 2044w, https:\/\/x-sports.world\/wp-content\/uploads\/2025\/07\/IMG-20250521-WA0006-scaled-e1752065564101-300x166.jpg 300w, https:\/\/x-sports.world\/wp-content\/uploads\/2025\/07\/IMG-20250521-WA0006-scaled-e1752065564101-1024x566.jpg 1024w, https:\/\/x-sports.world\/wp-content\/uploads\/2025\/07\/IMG-20250521-WA0006-scaled-e1752065564101-768x425.jpg 768w, https:\/\/x-sports.world\/wp-content\/uploads\/2025\/07\/IMG-20250521-WA0006-scaled-e1752065564101-1536x849.jpg 1536w, https:\/\/x-sports.world\/wp-content\/uploads\/2025\/07\/IMG-20250521-WA0006-scaled-e1752065564101-18x10.jpg 18w, https:\/\/x-sports.world\/wp-content\/uploads\/2025\/07\/IMG-20250521-WA0006-scaled-e1752065564101-600x332.jpg 600w\" sizes=\"(max-width: 2044px) 100vw, 2044px\" \/><\/p>\n<h3 style=\"text-align: center;\">What is Beyond?<\/h3>\n<p>After many hours of designing, brainstorming and testing we are ready to publish first ever Sit-Wake dedicated wakeboard. X-Wake Beyond 2025 adaptive wakeboard. Created by riders for riders, with a little touch of engineering we made board that can withstand the toughest challenges. We involved riders and chassis producers into this project to bring out all the best. You can buy it here.<\/p>\n<h3 style=\"text-align: center;\">TECHNOLOGIE<\/h3>\n<p>L&#039;utilisation de plusieurs couches diff\u00e9rentes est un processus strat\u00e9gique qui fait appel \u00e0 nos connaissances et \u00e0 notre exp\u00e9rience. C&#039;est la cl\u00e9 pour obtenir une r\u00e9sistance optimale et des caract\u00e9ristiques impressionnantes. La fibre de carbone joue un r\u00f4le important dans l&#039;am\u00e9lioration du pop de la planche, ajoutant un rebond suppl\u00e9mentaire \u00e0 votre ride.<\/p>\n<p><img decoding=\"async\" class=\"aligncenter wp-image-4791 size-full\" src=\"https:\/\/x-sports.world\/wp-content\/uploads\/2025\/07\/4.jpg\" alt=\"X WAKE WAKEBOARDING AU-DEL\u00c0 DU MOD\u00c8LE SIT WAKE\" width=\"2258\" height=\"1412\" srcset=\"https:\/\/x-sports.world\/wp-content\/uploads\/2025\/07\/4.jpg 2258w, https:\/\/x-sports.world\/wp-content\/uploads\/2025\/07\/4-300x188.jpg 300w, https:\/\/x-sports.world\/wp-content\/uploads\/2025\/07\/4-1024x640.jpg 1024w, https:\/\/x-sports.world\/wp-content\/uploads\/2025\/07\/4-768x480.jpg 768w, https:\/\/x-sports.world\/wp-content\/uploads\/2025\/07\/4-1536x961.jpg 1536w, https:\/\/x-sports.world\/wp-content\/uploads\/2025\/07\/4-2048x1281.jpg 2048w, https:\/\/x-sports.world\/wp-content\/uploads\/2025\/07\/4-18x12.jpg 18w, https:\/\/x-sports.world\/wp-content\/uploads\/2025\/07\/4-600x375.jpg 600w\" sizes=\"(max-width: 2258px) 100vw, 2258px\" \/><\/p>\n<h2 style=\"text-align: center;\">ACCESIBILITY<\/h2>\n<p>Thanks to help from with ATI and Tessier, our sit wakeboard is now fully compatible with their frame systems. This integration allows you to mount your seat securely and precisely, making it easier than ever to find your ideal riding position.<\/p>\n<p><img decoding=\"async\" class=\"aligncenter wp-image-4790 size-full\" src=\"https:\/\/x-sports.world\/wp-content\/uploads\/2025\/07\/3.jpg\" alt=\"X WAKE WAKEBOARDING AU-DEL\u00c0 DU MOD\u00c8LE SIT WAKE\" width=\"2294\" height=\"1676\" srcset=\"https:\/\/x-sports.world\/wp-content\/uploads\/2025\/07\/3.jpg 2294w, https:\/\/x-sports.world\/wp-content\/uploads\/2025\/07\/3-300x219.jpg 300w, https:\/\/x-sports.world\/wp-content\/uploads\/2025\/07\/3-1024x748.jpg 1024w, https:\/\/x-sports.world\/wp-content\/uploads\/2025\/07\/3-768x561.jpg 768w, https:\/\/x-sports.world\/wp-content\/uploads\/2025\/07\/3-1536x1122.jpg 1536w, https:\/\/x-sports.world\/wp-content\/uploads\/2025\/07\/3-2048x1496.jpg 2048w, https:\/\/x-sports.world\/wp-content\/uploads\/2025\/07\/3-16x12.jpg 16w, https:\/\/x-sports.world\/wp-content\/uploads\/2025\/07\/3-600x438.jpg 600w\" sizes=\"(max-width: 2294px) 100vw, 2294px\" \/><\/p>\n<h2 style=\"text-align: center;\">TITANAL REINFORCMENT<\/h2>\n<p>The key to a good sit wakeboard is durability. Regular wakeboards aren\u2019t built to handle the concentrated energy that occurs in one spot during sit wake riding. We&#8217;ve found the perfect balance between strength and weight while staying flexy. A Titanal alloy hidden under the top surface of the board helps distribute force and massively increases durability in key areas.<\/p>\n<p><img loading=\"lazy\" decoding=\"async\" class=\"aligncenter wp-image-4794 size-full\" src=\"https:\/\/x-sports.world\/wp-content\/uploads\/2025\/07\/1-scaled.jpg\" alt=\"X WAKE WAKEBOARDING AU-DEL\u00c0 DU MOD\u00c8LE SIT WAKE\" width=\"2560\" height=\"1097\" srcset=\"https:\/\/x-sports.world\/wp-content\/uploads\/2025\/07\/1-scaled.jpg 2560w, https:\/\/x-sports.world\/wp-content\/uploads\/2025\/07\/1-300x129.jpg 300w, https:\/\/x-sports.world\/wp-content\/uploads\/2025\/07\/1-1024x439.jpg 1024w, https:\/\/x-sports.world\/wp-content\/uploads\/2025\/07\/1-768x329.jpg 768w, https:\/\/x-sports.world\/wp-content\/uploads\/2025\/07\/1-1536x658.jpg 1536w, https:\/\/x-sports.world\/wp-content\/uploads\/2025\/07\/1-2048x878.jpg 2048w, https:\/\/x-sports.world\/wp-content\/uploads\/2025\/07\/1-18x8.jpg 18w, https:\/\/x-sports.world\/wp-content\/uploads\/2025\/07\/1-600x257.jpg 600w\" sizes=\"(max-width: 2560px) 100vw, 2560px\" \/><\/p>\n<h2 style=\"text-align: center;\">BEYOND MULTI-CHANNELS<\/h2>\n<p>La fonction multicanal de votre planche fonctionne comme des ailerons allong\u00e9s et continus qui perturbent la tension superficielle \u00e0 l&#039;atterrissage. Ces canaux guident \u00e9galement l&#039;\u00e9coulement de l&#039;eau. Certains sont con\u00e7us pour am\u00e9liorer votre capacit\u00e9 \u00e0 vous \u00ab verrouiller \u00bb sur les rails.<\/p>\n<p><img loading=\"lazy\" decoding=\"async\" class=\"aligncenter wp-image-4792 size-full\" src=\"https:\/\/x-sports.world\/wp-content\/uploads\/2025\/07\/5-scaled.jpg\" alt=\"X WAKE WAKEBOARDING AU-DEL\u00c0 DU MOD\u00c8LE SIT WAKE\" width=\"2560\" height=\"1212\" srcset=\"https:\/\/x-sports.world\/wp-content\/uploads\/2025\/07\/5-scaled.jpg 2560w, https:\/\/x-sports.world\/wp-content\/uploads\/2025\/07\/5-300x142.jpg 300w, https:\/\/x-sports.world\/wp-content\/uploads\/2025\/07\/5-1024x485.jpg 1024w, https:\/\/x-sports.world\/wp-content\/uploads\/2025\/07\/5-768x364.jpg 768w, https:\/\/x-sports.world\/wp-content\/uploads\/2025\/07\/5-1536x727.jpg 1536w, https:\/\/x-sports.world\/wp-content\/uploads\/2025\/07\/5-2048x970.jpg 2048w, https:\/\/x-sports.world\/wp-content\/uploads\/2025\/07\/5-18x9.jpg 18w, https:\/\/x-sports.world\/wp-content\/uploads\/2025\/07\/5-600x284.jpg 600w\" sizes=\"(max-width: 2560px) 100vw, 2560px\" \/><\/p>\n<p>&nbsp;<\/p>\n<p style=\"text-align: center;\">Buy X-Wake Beyond 2025 adaptive wakeboard<\/p>\n<p style=\"text-align: center;\">\n<img loading=\"lazy\" decoding=\"async\" class=\"aligncenter wp-image-4802 size-full\" src=\"https:\/\/x-sports.world\/wp-content\/uploads\/2025\/07\/IMG-20250521-WA0013-scaled-e1752066997916.jpg\" alt=\"Henry Chen X Wake sit wake beyond\" width=\"2048\" height=\"1643\" srcset=\"https:\/\/x-sports.world\/wp-content\/uploads\/2025\/07\/IMG-20250521-WA0013-scaled-e1752066997916.jpg 2048w, https:\/\/x-sports.world\/wp-content\/uploads\/2025\/07\/IMG-20250521-WA0013-scaled-e1752066997916-300x241.jpg 300w, https:\/\/x-sports.world\/wp-content\/uploads\/2025\/07\/IMG-20250521-WA0013-scaled-e1752066997916-1024x822.jpg 1024w, https:\/\/x-sports.world\/wp-content\/uploads\/2025\/07\/IMG-20250521-WA0013-scaled-e1752066997916-768x616.jpg 768w, https:\/\/x-sports.world\/wp-content\/uploads\/2025\/07\/IMG-20250521-WA0013-scaled-e1752066997916-1536x1232.jpg 1536w, https:\/\/x-sports.world\/wp-content\/uploads\/2025\/07\/IMG-20250521-WA0013-scaled-e1752066997916-15x12.jpg 15w, https:\/\/x-sports.world\/wp-content\/uploads\/2025\/07\/IMG-20250521-WA0013-scaled-e1752066997916-600x481.jpg 600w\" sizes=\"(max-width: 2048px) 100vw, 2048px\" \/><\/p>\n<p>&nbsp;<\/p>\n<p>Find our apparel <a href=\"https:\/\/x-sports.world\/fr\/product\/quick-dry-hoodie-kids\/\">here<\/a> or check our <a href=\"http:\/\/www.x-wake.com\/boards\/neutron\">Neutron<\/a> for low all-round performance.<\/p>","protected":false},"excerpt":{"rendered":"<p>Le <strong>BEYOND<\/strong>is built for sit wake riders who want top-tier performance and maximum trust for your board. Its&#8217; durable construction and perfectly algined inserts with ATI and TESSIER frames make it ideal choice for Sit Wake riders<\/p>","protected":false},"featured_media":4927,"template":"","meta":[],"product_brand":[60],"product_cat":[71,72,21],"product_tag":[],"class_list":{"0":"post-4787","1":"product","2":"type-product","3":"status-publish","4":"has-post-thumbnail","6":"product_brand-x-wake","7":"product_cat-all-boards","8":"product_cat-sit-wake","9":"product_cat-x-wake","10":"product_shipping_class-wake-boards","12":"first","13":"onbackorder","14":"taxable","15":"shipping-taxable","16":"purchasable","17":"product-type-variable"},"yoast_head":"<!-- This site is optimized with the Yoast SEO plugin v26.4 - https:\/\/yoast.com\/wordpress\/plugins\/seo\/ -->\n<title>Buy X-Wake Beyond 2025 Adaptive Wakeboard - Order Now<\/title>\n<meta name=\"description\" content=\"Buy the X-Wake Beyond 2025 adaptive wakeboard. Reinforced and durable board made for seated riders. Made with help from ATI and Tessier. Order online.\" \/>\n<meta name=\"robots\" content=\"index, follow, max-snippet:-1, max-image-preview:large, max-video-preview:-1\" \/>\n<link rel=\"canonical\" href=\"https:\/\/x-sports.world\/fr\/product\/wakeboard-x-wake-beyond-2025\/\" \/>\n<meta property=\"og:locale\" content=\"fr_FR\" \/>\n<meta property=\"og:type\" content=\"article\" \/>\n<meta property=\"og:title\" content=\"Buy X-Wake Beyond 2025 Adaptive Wakeboard - Order Now\" \/>\n<meta property=\"og:description\" content=\"Buy the X-Wake Beyond 2025 adaptive wakeboard. Reinforced and durable board made for seated riders. Made with help from ATI and Tessier. Order online.\" \/>\n<meta property=\"og:url\" content=\"https:\/\/x-sports.world\/fr\/product\/wakeboard-x-wake-beyond-2025\/\" \/>\n<meta property=\"og:site_name\" content=\"X-Sports.world - X-Wake | X-Surf\" \/>\n<meta property=\"article:modified_time\" content=\"2026-03-18T14:00:37+00:00\" \/>\n<meta property=\"og:image\" content=\"https:\/\/x-sports.world\/wp-content\/uploads\/2025\/07\/beyond.jpg\" \/>\n\t<meta property=\"og:image:width\" content=\"1835\" \/>\n\t<meta property=\"og:image:height\" content=\"1835\" \/>\n\t<meta property=\"og:image:type\" content=\"image\/jpeg\" \/>\n<meta name=\"twitter:card\" content=\"summary_large_image\" \/>\n<meta name=\"twitter:label1\" content=\"Dur\u00e9e de lecture estim\u00e9e\" \/>\n\t<meta name=\"twitter:data1\" content=\"3 minutes\" \/>\n<script type=\"application\/ld+json\" class=\"yoast-schema-graph\">{\"@context\":\"https:\/\/schema.org\",\"@graph\":[{\"@type\":\"WebPage\",\"@id\":\"https:\/\/x-sports.world\/product\/wakeboard-x-wake-beyond-2025\/\",\"url\":\"https:\/\/x-sports.world\/product\/wakeboard-x-wake-beyond-2025\/\",\"name\":\"Buy X-Wake Beyond 2025 Adaptive Wakeboard - Order Now\",\"isPartOf\":{\"@id\":\"https:\/\/x-sports.world\/#website\"},\"primaryImageOfPage\":{\"@id\":\"https:\/\/x-sports.world\/product\/wakeboard-x-wake-beyond-2025\/#primaryimage\"},\"image\":{\"@id\":\"https:\/\/x-sports.world\/product\/wakeboard-x-wake-beyond-2025\/#primaryimage\"},\"thumbnailUrl\":\"https:\/\/x-sports.world\/wp-content\/uploads\/2025\/07\/beyond.jpg\",\"datePublished\":\"2025-07-09T12:47:53+00:00\",\"dateModified\":\"2026-03-18T14:00:37+00:00\",\"description\":\"Buy the X-Wake Beyond 2025 adaptive wakeboard. Reinforced and durable board made for seated riders. Made with help from ATI and Tessier. Order online.\",\"breadcrumb\":{\"@id\":\"https:\/\/x-sports.world\/product\/wakeboard-x-wake-beyond-2025\/#breadcrumb\"},\"inLanguage\":\"fr-FR\",\"potentialAction\":[{\"@type\":\"ReadAction\",\"target\":[\"https:\/\/x-sports.world\/product\/wakeboard-x-wake-beyond-2025\/\"]}]},{\"@type\":\"ImageObject\",\"inLanguage\":\"fr-FR\",\"@id\":\"https:\/\/x-sports.world\/product\/wakeboard-x-wake-beyond-2025\/#primaryimage\",\"url\":\"https:\/\/x-sports.world\/wp-content\/uploads\/2025\/07\/beyond.jpg\",\"contentUrl\":\"https:\/\/x-sports.world\/wp-content\/uploads\/2025\/07\/beyond.jpg\",\"width\":1835,\"height\":1835},{\"@type\":\"BreadcrumbList\",\"@id\":\"https:\/\/x-sports.world\/product\/wakeboard-x-wake-beyond-2025\/#breadcrumb\",\"itemListElement\":[{\"@type\":\"ListItem\",\"position\":1,\"name\":\"Home\",\"item\":\"https:\/\/x-sports.world\/\"},{\"@type\":\"ListItem\",\"position\":2,\"name\":\"Shop\",\"item\":\"https:\/\/x-sports.world\/shop\/\"},{\"@type\":\"ListItem\",\"position\":3,\"name\":\"SIT-WAKE DEDICATED WAKEBOARD X-WAKE BEYOND\"}]},{\"@type\":\"WebSite\",\"@id\":\"https:\/\/x-sports.world\/#website\",\"url\":\"https:\/\/x-sports.world\/\",\"name\":\"X-Sports.world - X-Wake Wakeboards | X-Surf Surfboards\",\"description\":\"Kolejna witryna WordPress\",\"publisher\":{\"@id\":\"https:\/\/x-sports.world\/#organization\"},\"potentialAction\":[{\"@type\":\"SearchAction\",\"target\":{\"@type\":\"EntryPoint\",\"urlTemplate\":\"https:\/\/x-sports.world\/?s={search_term_string}\"},\"query-input\":{\"@type\":\"PropertyValueSpecification\",\"valueRequired\":true,\"valueName\":\"search_term_string\"}}],\"inLanguage\":\"fr-FR\"},{\"@type\":\"Organization\",\"@id\":\"https:\/\/x-sports.world\/#organization\",\"name\":\"X-Sports.world - X-Wake | X-Surf\",\"url\":\"https:\/\/x-sports.world\/\",\"logo\":{\"@type\":\"ImageObject\",\"inLanguage\":\"fr-FR\",\"@id\":\"https:\/\/x-sports.world\/#\/schema\/logo\/image\/\",\"url\":\"https:\/\/x-sports.world\/wp-content\/uploads\/2025\/04\/XSPORTS-BLACK-LOGO.png\",\"contentUrl\":\"https:\/\/x-sports.world\/wp-content\/uploads\/2025\/04\/XSPORTS-BLACK-LOGO.png\",\"width\":3810,\"height\":1016,\"caption\":\"X-Sports.world - X-Wake | X-Surf\"},\"image\":{\"@id\":\"https:\/\/x-sports.world\/#\/schema\/logo\/image\/\"}}]}<\/script>\n<!-- \/ Yoast SEO plugin. -->","yoast_head_json":{"title":"Buy X-Wake Beyond 2025 Adaptive Wakeboard - Order Now","description":"Buy the X-Wake Beyond 2025 adaptive wakeboard. Reinforced and durable board made for seated riders. Made with help from ATI and Tessier. Order online.","robots":{"index":"index","follow":"follow","max-snippet":"max-snippet:-1","max-image-preview":"max-image-preview:large","max-video-preview":"max-video-preview:-1"},"canonical":"https:\/\/x-sports.world\/fr\/product\/wakeboard-x-wake-beyond-2025\/","og_locale":"fr_FR","og_type":"article","og_title":"Buy X-Wake Beyond 2025 Adaptive Wakeboard - Order Now","og_description":"Buy the X-Wake Beyond 2025 adaptive wakeboard. Reinforced and durable board made for seated riders. Made with help from ATI and Tessier. Order online.","og_url":"https:\/\/x-sports.world\/fr\/product\/wakeboard-x-wake-beyond-2025\/","og_site_name":"X-Sports.world - X-Wake | X-Surf","article_modified_time":"2026-03-18T14:00:37+00:00","og_image":[{"width":1835,"height":1835,"url":"https:\/\/x-sports.world\/wp-content\/uploads\/2025\/07\/beyond.jpg","type":"image\/jpeg"}],"twitter_card":"summary_large_image","twitter_misc":{"Dur\u00e9e de lecture estim\u00e9e":"3 minutes"},"schema":{"@context":"https:\/\/schema.org","@graph":[{"@type":"WebPage","@id":"https:\/\/x-sports.world\/product\/wakeboard-x-wake-beyond-2025\/","url":"https:\/\/x-sports.world\/product\/wakeboard-x-wake-beyond-2025\/","name":"Buy X-Wake Beyond 2025 Adaptive Wakeboard - Order Now","isPartOf":{"@id":"https:\/\/x-sports.world\/#website"},"primaryImageOfPage":{"@id":"https:\/\/x-sports.world\/product\/wakeboard-x-wake-beyond-2025\/#primaryimage"},"image":{"@id":"https:\/\/x-sports.world\/product\/wakeboard-x-wake-beyond-2025\/#primaryimage"},"thumbnailUrl":"https:\/\/x-sports.world\/wp-content\/uploads\/2025\/07\/beyond.jpg","datePublished":"2025-07-09T12:47:53+00:00","dateModified":"2026-03-18T14:00:37+00:00","description":"Buy the X-Wake Beyond 2025 adaptive wakeboard. Reinforced and durable board made for seated riders. Made with help from ATI and Tessier. Order online.","breadcrumb":{"@id":"https:\/\/x-sports.world\/product\/wakeboard-x-wake-beyond-2025\/#breadcrumb"},"inLanguage":"fr-FR","potentialAction":[{"@type":"ReadAction","target":["https:\/\/x-sports.world\/product\/wakeboard-x-wake-beyond-2025\/"]}]},{"@type":"ImageObject","inLanguage":"fr-FR","@id":"https:\/\/x-sports.world\/product\/wakeboard-x-wake-beyond-2025\/#primaryimage","url":"https:\/\/x-sports.world\/wp-content\/uploads\/2025\/07\/beyond.jpg","contentUrl":"https:\/\/x-sports.world\/wp-content\/uploads\/2025\/07\/beyond.jpg","width":1835,"height":1835},{"@type":"BreadcrumbList","@id":"https:\/\/x-sports.world\/product\/wakeboard-x-wake-beyond-2025\/#breadcrumb","itemListElement":[{"@type":"ListItem","position":1,"name":"Home","item":"https:\/\/x-sports.world\/"},{"@type":"ListItem","position":2,"name":"Shop","item":"https:\/\/x-sports.world\/shop\/"},{"@type":"ListItem","position":3,"name":"SIT-WAKE DEDICATED WAKEBOARD X-WAKE BEYOND"}]},{"@type":"WebSite","@id":"https:\/\/x-sports.world\/#website","url":"https:\/\/x-sports.world\/","name":"X-Sports.world - Wakeboards X-Wake | Planches de surf X-Surf","description":"Collection de WordPress","publisher":{"@id":"https:\/\/x-sports.world\/#organization"},"potentialAction":[{"@type":"SearchAction","target":{"@type":"EntryPoint","urlTemplate":"https:\/\/x-sports.world\/?s={search_term_string}"},"query-input":{"@type":"PropertyValueSpecification","valueRequired":true,"valueName":"search_term_string"}}],"inLanguage":"fr-FR"},{"@type":"Organization","@id":"https:\/\/x-sports.world\/#organization","name":"X-Sports.world - X-Wake | X-Surf","url":"https:\/\/x-sports.world\/","logo":{"@type":"ImageObject","inLanguage":"fr-FR","@id":"https:\/\/x-sports.world\/#\/schema\/logo\/image\/","url":"https:\/\/x-sports.world\/wp-content\/uploads\/2025\/04\/XSPORTS-BLACK-LOGO.png","contentUrl":"https:\/\/x-sports.world\/wp-content\/uploads\/2025\/04\/XSPORTS-BLACK-LOGO.png","width":3810,"height":1016,"caption":"X-Sports.world - X-Wake | X-Surf"},"image":{"@id":"https:\/\/x-sports.world\/#\/schema\/logo\/image\/"}}]}},"_links":{"self":[{"href":"https:\/\/x-sports.world\/fr\/wp-json\/wp\/v2\/product\/4787","targetHints":{"allow":["GET"]}}],"collection":[{"href":"https:\/\/x-sports.world\/fr\/wp-json\/wp\/v2\/product"}],"about":[{"href":"https:\/\/x-sports.world\/fr\/wp-json\/wp\/v2\/types\/product"}],"version-history":[{"count":10,"href":"https:\/\/x-sports.world\/fr\/wp-json\/wp\/v2\/product\/4787\/revisions"}],"predecessor-version":[{"id":5339,"href":"https:\/\/x-sports.world\/fr\/wp-json\/wp\/v2\/product\/4787\/revisions\/5339"}],"wp:featuredmedia":[{"embeddable":true,"href":"https:\/\/x-sports.world\/fr\/wp-json\/wp\/v2\/media\/4927"}],"wp:attachment":[{"href":"https:\/\/x-sports.world\/fr\/wp-json\/wp\/v2\/media?parent=4787"}],"wp:term":[{"taxonomy":"product_brand","embeddable":true,"href":"https:\/\/x-sports.world\/fr\/wp-json\/wp\/v2\/product_brand?post=4787"},{"taxonomy":"product_cat","embeddable":true,"href":"https:\/\/x-sports.world\/fr\/wp-json\/wp\/v2\/product_cat?post=4787"},{"taxonomy":"product_tag","embeddable":true,"href":"https:\/\/x-sports.world\/fr\/wp-json\/wp\/v2\/product_tag?post=4787"}],"curies":[{"name":"wp","href":"https:\/\/api.w.org\/{rel}","templated":true}]}}