{"id":2662,"date":"2025-04-15T22:44:04","date_gmt":"2025-04-15T20:44:04","guid":{"rendered":"https:\/\/x-sports.world\/?post_type=product&#038;p=2662"},"modified":"2025-05-07T15:30:44","modified_gmt":"2025-05-07T13:30:44","slug":"wakeboard-x-wake-electron-2023-outlet","status":"publish","type":"product","link":"https:\/\/x-sports.world\/fr\/product\/wakeboard-x-wake-electron-2023-outlet\/","title":{"rendered":"WAKEBOARD X-WAKE ELECTRON 2023"},"content":{"rendered":"<h1>WAKEBOARD X-WAKE ELECTRON 2023<\/h1>\n<p>Electron est notre machine de d\u00e9chiquetage con\u00e7ue pour les riders malades qui s&#039;attendent \u00e0 une sensation de rail ultime et \u00e0 un pop impressionnant.<span class=\"Apple-converted-space\">\u00a0<\/span>Gr\u00e2ce \u00e0 son fond plat et son flex souple, vous pourrez d\u00e9couvrir des possibilit\u00e9s totalement nouvelles offertes par la planche.<span class=\"Apple-converted-space\">\u00a0<\/span>La nouvelle position \u00e9troite vous rend plus confiant lors du d\u00e9chiquetage - les atterrissages en douceur et les presses malades n&#039;\u00e9taient jamais aussi \u00e9vidents auparavant.<span class=\"Apple-converted-space\">\u00a0<\/span>La connexion entre le bois et la fibre de carbone combin\u00e9e \u00e0 la longueur et au flex souple forme une planche que vous n&#039;avez jamais d\u00e9chiquet\u00e9e auparavant. Electron offre une nouvelle exp\u00e9rience de type snowboard pour chaque rider qui aime le jib et veut s&#039;amuser sans fin sur l&#039;eau.<\/p>\n<p><img fetchpriority=\"high\" decoding=\"async\" class=\"aligncenter wp-image-2594 size-full\" src=\"https:\/\/x-sports.world\/wp-content\/uploads\/2025\/04\/OUT-ELECTRON-2023X.jpg\" alt=\"\" width=\"1920\" height=\"1200\" srcset=\"https:\/\/x-sports.world\/wp-content\/uploads\/2025\/04\/OUT-ELECTRON-2023X.jpg 1920w, https:\/\/x-sports.world\/wp-content\/uploads\/2025\/04\/OUT-ELECTRON-2023X-300x188.jpg 300w, https:\/\/x-sports.world\/wp-content\/uploads\/2025\/04\/OUT-ELECTRON-2023X-1024x640.jpg 1024w, https:\/\/x-sports.world\/wp-content\/uploads\/2025\/04\/OUT-ELECTRON-2023X-768x480.jpg 768w, https:\/\/x-sports.world\/wp-content\/uploads\/2025\/04\/OUT-ELECTRON-2023X-1536x960.jpg 1536w, https:\/\/x-sports.world\/wp-content\/uploads\/2025\/04\/OUT-ELECTRON-2023X-600x375.jpg 600w\" sizes=\"(max-width: 1920px) 100vw, 1920px\" \/><\/p>\n<h2 style=\"text-align: center;\">TECHNOLOGIE<\/h2>\n<h3 style=\"text-align: center;\">NOYAU EN BOIS ELECTRON<\/h3>\n<p>Pour obtenir un bon pop, toute bonne planche a besoin d&#039;un noyau en bois solide et \u00e0 grain long. Le noyau en bois de paulownia frais\u00e9 CNC est au c\u0153ur de chaque planche X WAKE.<\/p>\n<h3 style=\"text-align: center;\">CONSTRUCTION EN CARBONE \u00c9LECTRONIQUE<\/h3>\n<p><img decoding=\"async\" class=\"aligncenter wp-image-2668 size-full\" src=\"https:\/\/x-sports.world\/wp-content\/uploads\/2025\/04\/2.jpg\" alt=\"\" width=\"1920\" height=\"1200\" srcset=\"https:\/\/x-sports.world\/wp-content\/uploads\/2025\/04\/2.jpg 1920w, https:\/\/x-sports.world\/wp-content\/uploads\/2025\/04\/2-300x188.jpg 300w, https:\/\/x-sports.world\/wp-content\/uploads\/2025\/04\/2-1024x640.jpg 1024w, https:\/\/x-sports.world\/wp-content\/uploads\/2025\/04\/2-768x480.jpg 768w, https:\/\/x-sports.world\/wp-content\/uploads\/2025\/04\/2-1536x960.jpg 1536w, https:\/\/x-sports.world\/wp-content\/uploads\/2025\/04\/2-600x375.jpg 600w\" sizes=\"(max-width: 1920px) 100vw, 1920px\" \/><\/p>\n<p>L&#039;utilisation de plusieurs couches diff\u00e9rentes est un processus strat\u00e9gique qui repose sur le savoir-faire et l&#039;exp\u00e9rience. C&#039;est la cl\u00e9 pour obtenir une r\u00e9sistance optimale et des caract\u00e9ristiques impressionnantes. La fibre de carbone joue un r\u00f4le important dans l&#039;am\u00e9lioration de la construction en carbone.<br \/>\nL&#039;utilisation de plusieurs couches diff\u00e9rentes est un processus strat\u00e9gique qui implique savoir-faire et exp\u00e9rience. C&#039;est la cl\u00e9 pour obtenir une r\u00e9sistance optimale et des caract\u00e9ristiques impressionnantes. La fibre de carbone joue un r\u00f4le important dans l&#039;am\u00e9lioration du pop de la planche, ajoutant un rebond suppl\u00e9mentaire \u00e0 votre ride.<\/p>\n<h3 style=\"text-align: center;\">\u00c9LECTRON \u00c0 DESSUS PLAT<\/h3>\n<p>Le <strong>DESSUS PLAT<\/strong> La conception de la planche est simple et facile \u00e0 utiliser. Sa surface uniforme r\u00e9partit la flexibilit\u00e9 sur toute la surface, la rendant r\u00e9active dans toutes les directions.<\/p>\n<h3 style=\"text-align: center;\">BASE HEXA\u00c9LECTRONIQUE<\/h3>\n<p>La structure hexagonale brise la tension superficielle de l&#039;eau lors de l&#039;atterrissage, elle diminue \u00e9galement la friction sur l&#039;eau et les caract\u00e9ristiques du wakepark vous donnent une sensation de douceur m\u00eame sur des obstacles secs.<\/p>\n<h3 style=\"text-align: center;\">INSERTS ROBUSTES POUR BOTTES \u00c9LECTRONIQUES<\/h3>\n<p>Les planches de wakeboard X sont dot\u00e9es d&#039;inserts renforc\u00e9s pour \u00e9viter que vos bottes ne s&#039;arrachent. De plus, les multiples couches de carbone int\u00e9gr\u00e9es \u00e0 la construction de la planche lui conf\u00e8rent non seulement r\u00e9sistance et dynamisme, mais am\u00e9liorent \u00e9galement la durabilit\u00e9 de ces inserts, ce qui renforce la stabilit\u00e9 de vos bottes et garantit une exp\u00e9rience de wakeboard plus s\u00fbre et plus agr\u00e9able.<\/p>\n<h3 style=\"text-align: center;\">ELECTRON 3.0 PRO MOD\u00c8LE \u00c0 BASCULE CONTINUE<\/h3>\n<p>Le rocker continu se caract\u00e9rise par une courbe unique et continue de la spatule au talon, conf\u00e9rant \u00e0 la planche un arc uniforme. Ce design permet des planches plus fluides et plus rapides, des atterrissages plus doux et un carving sans effort.<\/p>\n<h3 style=\"text-align: center;\">MOD\u00c8LE ELECTRON 3.0 PRO <span style=\"color: #00ff00;\">R\u00c9SINE BIO \u2013<\/span> <span style=\"color: #00ff00;\">GreenPoxy<\/span><\/h3>\n<p>GreenPoxy est une gamme de r\u00e9sines \u00e9poxy biosourc\u00e9es d\u00e9velopp\u00e9e par Sicomin, con\u00e7ue pour r\u00e9duire l&#039;impact environnemental. Ces r\u00e9sines utilisent des mati\u00e8res premi\u00e8res v\u00e9g\u00e9tales renouvelables, ce qui en fait une alternative \u00e9cologique aux produits p\u00e9trochimiques traditionnels. GreenPoxy offre des performances m\u00e9caniques et une transparence \u00e9lev\u00e9es tout en r\u00e9duisant les \u00e9missions de CO2. Jusqu&#039;\u00e0 50% de sa structure mol\u00e9culaire est d&#039;origine v\u00e9g\u00e9tale. Elle est utilis\u00e9e dans de nombreux secteurs, tels que les planches de surf et les stratifi\u00e9s, pour offrir des performances durables sans compromettre la qualit\u00e9.<\/p>\n<p>Pour plus d&#039;informations, visitez GreenPoxy.<\/p>\n<p><img decoding=\"async\" class=\"aligncenter wp-image-1491 size-medium\" src=\"https:\/\/x-sports.world\/wp-content\/uploads\/2025\/04\/SICOMIN-BIO-RESIN-300x300.png\" alt=\"\" width=\"300\" height=\"300\" srcset=\"https:\/\/x-sports.world\/wp-content\/uploads\/2025\/04\/SICOMIN-BIO-RESIN-300x300.png 300w, https:\/\/x-sports.world\/wp-content\/uploads\/2025\/04\/SICOMIN-BIO-RESIN-1024x1024.png 1024w, https:\/\/x-sports.world\/wp-content\/uploads\/2025\/04\/SICOMIN-BIO-RESIN-150x150.png 150w, https:\/\/x-sports.world\/wp-content\/uploads\/2025\/04\/SICOMIN-BIO-RESIN-768x768.png 768w, https:\/\/x-sports.world\/wp-content\/uploads\/2025\/04\/SICOMIN-BIO-RESIN-600x600.png 600w, https:\/\/x-sports.world\/wp-content\/uploads\/2025\/04\/SICOMIN-BIO-RESIN-100x100.png 100w, https:\/\/x-sports.world\/wp-content\/uploads\/2025\/04\/SICOMIN-BIO-RESIN-50x50.png 50w, https:\/\/x-sports.world\/wp-content\/uploads\/2025\/04\/SICOMIN-BIO-RESIN.png 1200w\" sizes=\"(max-width: 300px) 100vw, 300px\" \/><\/p>\n<p>&nbsp;<\/p>","protected":false},"excerpt":{"rendered":"<p>Electron est notre machine de d\u00e9chiquetage con\u00e7ue pour les riders malades qui s&#039;attendent \u00e0 une sensation de rail ultime et \u00e0 un pop impressionnant.<span class=\"Apple-converted-space\">\u00a0<\/span><\/p>\n<p>&nbsp;<\/p>","protected":false},"featured_media":2593,"template":"","meta":[],"product_brand":[],"product_cat":[56],"product_tag":[],"class_list":{"0":"post-2662","1":"product","2":"type-product","3":"status-publish","4":"has-post-thumbnail","6":"product_cat-outlet-x-wake","7":"product_shipping_class-wake-boards","9":"first","10":"instock","11":"sale","12":"taxable","13":"shipping-taxable","14":"purchasable","15":"product-type-variable"},"yoast_head":"<!-- This site is optimized with the Yoast SEO plugin v26.4 - https:\/\/yoast.com\/wordpress\/plugins\/seo\/ -->\n<title>WAKEBOARD X-WAKE ELECTRON 2023 OUTLET - X-Sports.world - X-Wake | X-Surf<\/title>\n<meta name=\"robots\" content=\"index, follow, max-snippet:-1, max-image-preview:large, max-video-preview:-1\" \/>\n<link rel=\"canonical\" href=\"https:\/\/x-sports.world\/fr\/product\/wakeboard-x-wake-electron-2023-outlet\/\" \/>\n<meta property=\"og:locale\" content=\"fr_FR\" \/>\n<meta property=\"og:type\" content=\"article\" \/>\n<meta property=\"og:title\" content=\"WAKEBOARD X-WAKE ELECTRON 2023 OUTLET - X-Sports.world - X-Wake | X-Surf\" \/>\n<meta property=\"og:description\" content=\"Electron is our shredding machine made for sick riders who expect ultimate rails feeling and awesome pop.\u00a0  &nbsp;\" \/>\n<meta property=\"og:url\" content=\"https:\/\/x-sports.world\/fr\/product\/wakeboard-x-wake-electron-2023-outlet\/\" \/>\n<meta property=\"og:site_name\" content=\"X-Sports.world - X-Wake | X-Surf\" \/>\n<meta property=\"article:modified_time\" content=\"2025-05-07T13:30:44+00:00\" \/>\n<meta property=\"og:image\" content=\"https:\/\/x-sports.world\/wp-content\/uploads\/2025\/04\/OUT-ELECTRON-2023.jpg\" \/>\n\t<meta property=\"og:image:width\" content=\"1200\" \/>\n\t<meta property=\"og:image:height\" content=\"1200\" \/>\n\t<meta property=\"og:image:type\" content=\"image\/jpeg\" \/>\n<meta name=\"twitter:card\" content=\"summary_large_image\" \/>\n<meta name=\"twitter:label1\" content=\"Dur\u00e9e de lecture estim\u00e9e\" \/>\n\t<meta name=\"twitter:data1\" content=\"2 minutes\" \/>\n<script type=\"application\/ld+json\" class=\"yoast-schema-graph\">{\"@context\":\"https:\/\/schema.org\",\"@graph\":[{\"@type\":\"WebPage\",\"@id\":\"https:\/\/x-sports.world\/product\/wakeboard-x-wake-electron-2023-outlet\/\",\"url\":\"https:\/\/x-sports.world\/product\/wakeboard-x-wake-electron-2023-outlet\/\",\"name\":\"WAKEBOARD X-WAKE ELECTRON 2023 OUTLET - X-Sports.world - X-Wake | X-Surf\",\"isPartOf\":{\"@id\":\"https:\/\/x-sports.world\/#website\"},\"primaryImageOfPage\":{\"@id\":\"https:\/\/x-sports.world\/product\/wakeboard-x-wake-electron-2023-outlet\/#primaryimage\"},\"image\":{\"@id\":\"https:\/\/x-sports.world\/product\/wakeboard-x-wake-electron-2023-outlet\/#primaryimage\"},\"thumbnailUrl\":\"https:\/\/x-sports.world\/wp-content\/uploads\/2025\/04\/OUT-ELECTRON-2023.jpg\",\"datePublished\":\"2025-04-15T20:44:04+00:00\",\"dateModified\":\"2025-05-07T13:30:44+00:00\",\"breadcrumb\":{\"@id\":\"https:\/\/x-sports.world\/product\/wakeboard-x-wake-electron-2023-outlet\/#breadcrumb\"},\"inLanguage\":\"fr-FR\",\"potentialAction\":[{\"@type\":\"ReadAction\",\"target\":[\"https:\/\/x-sports.world\/product\/wakeboard-x-wake-electron-2023-outlet\/\"]}]},{\"@type\":\"ImageObject\",\"inLanguage\":\"fr-FR\",\"@id\":\"https:\/\/x-sports.world\/product\/wakeboard-x-wake-electron-2023-outlet\/#primaryimage\",\"url\":\"https:\/\/x-sports.world\/wp-content\/uploads\/2025\/04\/OUT-ELECTRON-2023.jpg\",\"contentUrl\":\"https:\/\/x-sports.world\/wp-content\/uploads\/2025\/04\/OUT-ELECTRON-2023.jpg\",\"width\":1200,\"height\":1200},{\"@type\":\"BreadcrumbList\",\"@id\":\"https:\/\/x-sports.world\/product\/wakeboard-x-wake-electron-2023-outlet\/#breadcrumb\",\"itemListElement\":[{\"@type\":\"ListItem\",\"position\":1,\"name\":\"Home\",\"item\":\"https:\/\/x-sports.world\/\"},{\"@type\":\"ListItem\",\"position\":2,\"name\":\"Shop\",\"item\":\"https:\/\/x-sports.world\/shop\/\"},{\"@type\":\"ListItem\",\"position\":3,\"name\":\"WAKEBOARD X-WAKE ELECTRON 2023 OUTLET\"}]},{\"@type\":\"WebSite\",\"@id\":\"https:\/\/x-sports.world\/#website\",\"url\":\"https:\/\/x-sports.world\/\",\"name\":\"X-Sports.world - X-Wake Wakeboards | X-Surf Surfboards\",\"description\":\"Kolejna witryna WordPress\",\"publisher\":{\"@id\":\"https:\/\/x-sports.world\/#organization\"},\"potentialAction\":[{\"@type\":\"SearchAction\",\"target\":{\"@type\":\"EntryPoint\",\"urlTemplate\":\"https:\/\/x-sports.world\/?s={search_term_string}\"},\"query-input\":{\"@type\":\"PropertyValueSpecification\",\"valueRequired\":true,\"valueName\":\"search_term_string\"}}],\"inLanguage\":\"fr-FR\"},{\"@type\":\"Organization\",\"@id\":\"https:\/\/x-sports.world\/#organization\",\"name\":\"X-Sports.world - X-Wake | X-Surf\",\"url\":\"https:\/\/x-sports.world\/\",\"logo\":{\"@type\":\"ImageObject\",\"inLanguage\":\"fr-FR\",\"@id\":\"https:\/\/x-sports.world\/#\/schema\/logo\/image\/\",\"url\":\"https:\/\/x-sports.world\/wp-content\/uploads\/2025\/04\/XSPORTS-BLACK-LOGO.png\",\"contentUrl\":\"https:\/\/x-sports.world\/wp-content\/uploads\/2025\/04\/XSPORTS-BLACK-LOGO.png\",\"width\":3810,\"height\":1016,\"caption\":\"X-Sports.world - X-Wake | X-Surf\"},\"image\":{\"@id\":\"https:\/\/x-sports.world\/#\/schema\/logo\/image\/\"}}]}<\/script>\n<!-- \/ Yoast SEO plugin. -->","yoast_head_json":{"title":"Wakeboard X-Wake Electron 2023 - X-Sports.world - X-Wake | X-Surf","robots":{"index":"index","follow":"follow","max-snippet":"max-snippet:-1","max-image-preview":"max-image-preview:large","max-video-preview":"max-video-preview:-1"},"canonical":"https:\/\/x-sports.world\/fr\/product\/wakeboard-x-wake-electron-2023-outlet\/","og_locale":"fr_FR","og_type":"article","og_title":"WAKEBOARD X-WAKE ELECTRON 2023 OUTLET - X-Sports.world - X-Wake | X-Surf","og_description":"Electron is our shredding machine made for sick riders who expect ultimate rails feeling and awesome pop.\u00a0  &nbsp;","og_url":"https:\/\/x-sports.world\/fr\/product\/wakeboard-x-wake-electron-2023-outlet\/","og_site_name":"X-Sports.world - X-Wake | X-Surf","article_modified_time":"2025-05-07T13:30:44+00:00","og_image":[{"width":1200,"height":1200,"url":"https:\/\/x-sports.world\/wp-content\/uploads\/2025\/04\/OUT-ELECTRON-2023.jpg","type":"image\/jpeg"}],"twitter_card":"summary_large_image","twitter_misc":{"Dur\u00e9e de lecture estim\u00e9e":"2 minutes"},"schema":{"@context":"https:\/\/schema.org","@graph":[{"@type":"WebPage","@id":"https:\/\/x-sports.world\/product\/wakeboard-x-wake-electron-2023-outlet\/","url":"https:\/\/x-sports.world\/product\/wakeboard-x-wake-electron-2023-outlet\/","name":"Wakeboard X-Wake Electron 2023 - X-Sports.world - X-Wake | X-Surf","isPartOf":{"@id":"https:\/\/x-sports.world\/#website"},"primaryImageOfPage":{"@id":"https:\/\/x-sports.world\/product\/wakeboard-x-wake-electron-2023-outlet\/#primaryimage"},"image":{"@id":"https:\/\/x-sports.world\/product\/wakeboard-x-wake-electron-2023-outlet\/#primaryimage"},"thumbnailUrl":"https:\/\/x-sports.world\/wp-content\/uploads\/2025\/04\/OUT-ELECTRON-2023.jpg","datePublished":"2025-04-15T20:44:04+00:00","dateModified":"2025-05-07T13:30:44+00:00","breadcrumb":{"@id":"https:\/\/x-sports.world\/product\/wakeboard-x-wake-electron-2023-outlet\/#breadcrumb"},"inLanguage":"fr-FR","potentialAction":[{"@type":"ReadAction","target":["https:\/\/x-sports.world\/product\/wakeboard-x-wake-electron-2023-outlet\/"]}]},{"@type":"ImageObject","inLanguage":"fr-FR","@id":"https:\/\/x-sports.world\/product\/wakeboard-x-wake-electron-2023-outlet\/#primaryimage","url":"https:\/\/x-sports.world\/wp-content\/uploads\/2025\/04\/OUT-ELECTRON-2023.jpg","contentUrl":"https:\/\/x-sports.world\/wp-content\/uploads\/2025\/04\/OUT-ELECTRON-2023.jpg","width":1200,"height":1200},{"@type":"BreadcrumbList","@id":"https:\/\/x-sports.world\/product\/wakeboard-x-wake-electron-2023-outlet\/#breadcrumb","itemListElement":[{"@type":"ListItem","position":1,"name":"Home","item":"https:\/\/x-sports.world\/"},{"@type":"ListItem","position":2,"name":"Shop","item":"https:\/\/x-sports.world\/shop\/"},{"@type":"ListItem","position":3,"name":"WAKEBOARD X-WAKE ELECTRON 2023 OUTLET"}]},{"@type":"WebSite","@id":"https:\/\/x-sports.world\/#website","url":"https:\/\/x-sports.world\/","name":"X-Sports.world - Wakeboards X-Wake | Planches de surf X-Surf","description":"Collection de WordPress","publisher":{"@id":"https:\/\/x-sports.world\/#organization"},"potentialAction":[{"@type":"SearchAction","target":{"@type":"EntryPoint","urlTemplate":"https:\/\/x-sports.world\/?s={search_term_string}"},"query-input":{"@type":"PropertyValueSpecification","valueRequired":true,"valueName":"search_term_string"}}],"inLanguage":"fr-FR"},{"@type":"Organization","@id":"https:\/\/x-sports.world\/#organization","name":"X-Sports.world - X-Wake | X-Surf","url":"https:\/\/x-sports.world\/","logo":{"@type":"ImageObject","inLanguage":"fr-FR","@id":"https:\/\/x-sports.world\/#\/schema\/logo\/image\/","url":"https:\/\/x-sports.world\/wp-content\/uploads\/2025\/04\/XSPORTS-BLACK-LOGO.png","contentUrl":"https:\/\/x-sports.world\/wp-content\/uploads\/2025\/04\/XSPORTS-BLACK-LOGO.png","width":3810,"height":1016,"caption":"X-Sports.world - X-Wake | X-Surf"},"image":{"@id":"https:\/\/x-sports.world\/#\/schema\/logo\/image\/"}}]}},"_links":{"self":[{"href":"https:\/\/x-sports.world\/fr\/wp-json\/wp\/v2\/product\/2662","targetHints":{"allow":["GET"]}}],"collection":[{"href":"https:\/\/x-sports.world\/fr\/wp-json\/wp\/v2\/product"}],"about":[{"href":"https:\/\/x-sports.world\/fr\/wp-json\/wp\/v2\/types\/product"}],"version-history":[{"count":3,"href":"https:\/\/x-sports.world\/fr\/wp-json\/wp\/v2\/product\/2662\/revisions"}],"predecessor-version":[{"id":2747,"href":"https:\/\/x-sports.world\/fr\/wp-json\/wp\/v2\/product\/2662\/revisions\/2747"}],"wp:featuredmedia":[{"embeddable":true,"href":"https:\/\/x-sports.world\/fr\/wp-json\/wp\/v2\/media\/2593"}],"wp:attachment":[{"href":"https:\/\/x-sports.world\/fr\/wp-json\/wp\/v2\/media?parent=2662"}],"wp:term":[{"taxonomy":"product_brand","embeddable":true,"href":"https:\/\/x-sports.world\/fr\/wp-json\/wp\/v2\/product_brand?post=2662"},{"taxonomy":"product_cat","embeddable":true,"href":"https:\/\/x-sports.world\/fr\/wp-json\/wp\/v2\/product_cat?post=2662"},{"taxonomy":"product_tag","embeddable":true,"href":"https:\/\/x-sports.world\/fr\/wp-json\/wp\/v2\/product_tag?post=2662"}],"curies":[{"name":"wp","href":"https:\/\/api.w.org\/{rel}","templated":true}]}}