{"id":2653,"date":"2025-04-15T22:35:22","date_gmt":"2025-04-15T20:35:22","guid":{"rendered":"https:\/\/x-sports.world\/?post_type=product&#038;p=2653"},"modified":"2026-03-17T16:00:49","modified_gmt":"2026-03-17T14:00:49","slug":"wakeboard-x-wake-neutron-2023-outlet","status":"publish","type":"product","link":"https:\/\/x-sports.world\/fr\/product\/wakeboard-x-wake-neutron-2023-outlet\/","title":{"rendered":"WAKEBOARD X-WAKE NEUTRON 2023"},"content":{"rendered":"<h1>WAKEBOARD X-WAKE NEUTRON 2023<\/h1>\n<p>D\u00e9couvrez le Neutron, un wakeboard id\u00e9al pour ceux qui recherchent libert\u00e9 et l\u00e9g\u00e8ret\u00e9 sur l&#039;eau. Son shape 3D r\u00e9volutionnaire offre une stabilit\u00e9 in\u00e9gal\u00e9e et un contr\u00f4le optimal. Ses spatules souples offrent un pop maximal et \u00e9tablissent une nouvelle r\u00e9f\u00e9rence en mati\u00e8re de pr\u00e9cision de press. Con\u00e7u avec une combinaison innovante de noyau en bois de paulownia et de renforts en fibre de carbone, le Neutron offre l&#039;alliance parfaite entre l\u00e9g\u00e8ret\u00e9, robustesse et r\u00e9activit\u00e9 explosive. Que vous embarquiez de gros rails ou que vous vous engouffriez dans les rails, cette planche red\u00e9finit les performances pour les riders pr\u00eats \u00e0 repousser leurs limites.<\/p>\n<p><img fetchpriority=\"high\" decoding=\"async\" class=\"aligncenter wp-image-2599 size-full\" src=\"https:\/\/x-sports.world\/wp-content\/uploads\/2025\/04\/OUT-NEUTRONX-2023.jpg\" alt=\"\" width=\"1920\" height=\"1200\" srcset=\"https:\/\/x-sports.world\/wp-content\/uploads\/2025\/04\/OUT-NEUTRONX-2023.jpg 1920w, https:\/\/x-sports.world\/wp-content\/uploads\/2025\/04\/OUT-NEUTRONX-2023-300x188.jpg 300w, https:\/\/x-sports.world\/wp-content\/uploads\/2025\/04\/OUT-NEUTRONX-2023-1024x640.jpg 1024w, https:\/\/x-sports.world\/wp-content\/uploads\/2025\/04\/OUT-NEUTRONX-2023-768x480.jpg 768w, https:\/\/x-sports.world\/wp-content\/uploads\/2025\/04\/OUT-NEUTRONX-2023-1536x960.jpg 1536w, https:\/\/x-sports.world\/wp-content\/uploads\/2025\/04\/OUT-NEUTRONX-2023-600x375.jpg 600w\" sizes=\"(max-width: 1920px) 100vw, 1920px\" \/><\/p>\n<p>&nbsp;<\/p>\n<h2 style=\"text-align: center;\">TECHNOLOGIE<\/h2>\n<h3 style=\"text-align: center;\">NOYAU DE BOIS \u00c0 NEUTRONS<\/h3>\n<p>Pour obtenir un bon pop, toute bonne planche a besoin d&#039;un noyau en bois solide et \u00e0 grain long. Le noyau en bois de paulownia frais\u00e9 CNC est au c\u0153ur de chaque planche X WAKE.<\/p>\n<p><img decoding=\"async\" class=\"aligncenter wp-image-1816 size-full\" src=\"https:\/\/x-sports.world\/wp-content\/uploads\/2025\/04\/NEUTRON-WOODCORE.jpg\" alt=\"\" width=\"1920\" height=\"1200\" srcset=\"https:\/\/x-sports.world\/wp-content\/uploads\/2025\/04\/NEUTRON-WOODCORE.jpg 1920w, https:\/\/x-sports.world\/wp-content\/uploads\/2025\/04\/NEUTRON-WOODCORE-300x188.jpg 300w, https:\/\/x-sports.world\/wp-content\/uploads\/2025\/04\/NEUTRON-WOODCORE-1024x640.jpg 1024w, https:\/\/x-sports.world\/wp-content\/uploads\/2025\/04\/NEUTRON-WOODCORE-768x480.jpg 768w, https:\/\/x-sports.world\/wp-content\/uploads\/2025\/04\/NEUTRON-WOODCORE-1536x960.jpg 1536w, https:\/\/x-sports.world\/wp-content\/uploads\/2025\/04\/NEUTRON-WOODCORE-600x375.jpg 600w\" sizes=\"(max-width: 1920px) 100vw, 1920px\" \/><\/p>\n<p><img decoding=\"async\" class=\"aligncenter wp-image-1865 size-full\" src=\"https:\/\/x-sports.world\/wp-content\/uploads\/2025\/04\/NEUTRON-2X.jpg\" alt=\"\" width=\"1920\" height=\"1200\" srcset=\"https:\/\/x-sports.world\/wp-content\/uploads\/2025\/04\/NEUTRON-2X.jpg 1920w, https:\/\/x-sports.world\/wp-content\/uploads\/2025\/04\/NEUTRON-2X-300x188.jpg 300w, https:\/\/x-sports.world\/wp-content\/uploads\/2025\/04\/NEUTRON-2X-1024x640.jpg 1024w, https:\/\/x-sports.world\/wp-content\/uploads\/2025\/04\/NEUTRON-2X-768x480.jpg 768w, https:\/\/x-sports.world\/wp-content\/uploads\/2025\/04\/NEUTRON-2X-1536x960.jpg 1536w, https:\/\/x-sports.world\/wp-content\/uploads\/2025\/04\/NEUTRON-2X-600x375.jpg 600w\" sizes=\"(max-width: 1920px) 100vw, 1920px\" \/><\/p>\n<h3 style=\"text-align: center;\">CONSTRUCTION EN CARBONE NEUTRONIQUE<\/h3>\n<p>L&#039;utilisation de plusieurs couches diff\u00e9rentes est un processus strat\u00e9gique qui repose sur le savoir-faire et l&#039;exp\u00e9rience. C&#039;est la cl\u00e9 pour obtenir une r\u00e9sistance optimale et des caract\u00e9ristiques impressionnantes. La fibre de carbone joue un r\u00f4le important dans l&#039;am\u00e9lioration de la construction en carbone.<br \/>\nL&#039;utilisation de plusieurs couches diff\u00e9rentes est un processus strat\u00e9gique qui implique savoir-faire et exp\u00e9rience. C&#039;est la cl\u00e9 pour obtenir une r\u00e9sistance optimale et des caract\u00e9ristiques impressionnantes. La fibre de carbone joue un r\u00f4le important dans l&#039;am\u00e9lioration du pop de la planche, ajoutant un rebond suppl\u00e9mentaire \u00e0 votre ride.<\/p>\n<p>&nbsp;<\/p>\n<h2><img loading=\"lazy\" decoding=\"async\" class=\"aligncenter wp-image-1867 size-full\" src=\"https:\/\/x-sports.world\/wp-content\/uploads\/2025\/04\/NEUTRON-4X.jpg\" alt=\"\" width=\"1920\" height=\"1200\" srcset=\"https:\/\/x-sports.world\/wp-content\/uploads\/2025\/04\/NEUTRON-4X.jpg 1920w, https:\/\/x-sports.world\/wp-content\/uploads\/2025\/04\/NEUTRON-4X-300x188.jpg 300w, https:\/\/x-sports.world\/wp-content\/uploads\/2025\/04\/NEUTRON-4X-1024x640.jpg 1024w, https:\/\/x-sports.world\/wp-content\/uploads\/2025\/04\/NEUTRON-4X-768x480.jpg 768w, https:\/\/x-sports.world\/wp-content\/uploads\/2025\/04\/NEUTRON-4X-1536x960.jpg 1536w, https:\/\/x-sports.world\/wp-content\/uploads\/2025\/04\/NEUTRON-4X-600x375.jpg 600w\" sizes=\"(max-width: 1920px) 100vw, 1920px\" \/><\/h2>\n<h3 style=\"text-align: center;\">CANAUX TRIPLE C NEUTRONIQUES<\/h3>\n<p>Aide \u00e0 la sculpture et en particulier aux figures a\u00e9riennes, vous aide \u00e0 verrouiller votre carre et \u00e0 sauter plus fort et plus haut.<br \/>\nVous pouvez \u00e9galement le trouver utile lorsque vous appuyez sur des rails et atterrissez sur l&#039;eau.<\/p>\n<p>&nbsp;<\/p>\n<h2><img loading=\"lazy\" decoding=\"async\" class=\"aligncenter wp-image-1869 size-full\" src=\"https:\/\/x-sports.world\/wp-content\/uploads\/2025\/04\/NEUTRON-6X.jpg\" alt=\"\" width=\"1920\" height=\"1200\" srcset=\"https:\/\/x-sports.world\/wp-content\/uploads\/2025\/04\/NEUTRON-6X.jpg 1920w, https:\/\/x-sports.world\/wp-content\/uploads\/2025\/04\/NEUTRON-6X-300x188.jpg 300w, https:\/\/x-sports.world\/wp-content\/uploads\/2025\/04\/NEUTRON-6X-1024x640.jpg 1024w, https:\/\/x-sports.world\/wp-content\/uploads\/2025\/04\/NEUTRON-6X-768x480.jpg 768w, https:\/\/x-sports.world\/wp-content\/uploads\/2025\/04\/NEUTRON-6X-1536x960.jpg 1536w, https:\/\/x-sports.world\/wp-content\/uploads\/2025\/04\/NEUTRON-6X-600x375.jpg 600w\" sizes=\"(max-width: 1920px) 100vw, 1920px\" \/><\/h2>\n<h3 style=\"text-align: center;\">CANAUX MULTIPLES NEUTRONS<\/h3>\n<p>La fonction multicanal de votre planche fonctionne comme des ailerons allong\u00e9s et continus qui perturbent la tension superficielle \u00e0 l&#039;atterrissage. Ces canaux guident \u00e9galement l&#039;\u00e9coulement de l&#039;eau. Certains sont con\u00e7us pour am\u00e9liorer votre capacit\u00e9 \u00e0 vous \u00ab verrouiller \u00bb sur les rails.<\/p>\n<p><img loading=\"lazy\" decoding=\"async\" class=\"aligncenter wp-image-1809 size-full\" src=\"https:\/\/x-sports.world\/wp-content\/uploads\/2025\/04\/NEUTRON-CHANNELS.jpg\" alt=\"\" width=\"1920\" height=\"1200\" srcset=\"https:\/\/x-sports.world\/wp-content\/uploads\/2025\/04\/NEUTRON-CHANNELS.jpg 1920w, https:\/\/x-sports.world\/wp-content\/uploads\/2025\/04\/NEUTRON-CHANNELS-300x188.jpg 300w, https:\/\/x-sports.world\/wp-content\/uploads\/2025\/04\/NEUTRON-CHANNELS-1024x640.jpg 1024w, https:\/\/x-sports.world\/wp-content\/uploads\/2025\/04\/NEUTRON-CHANNELS-768x480.jpg 768w, https:\/\/x-sports.world\/wp-content\/uploads\/2025\/04\/NEUTRON-CHANNELS-1536x960.jpg 1536w, https:\/\/x-sports.world\/wp-content\/uploads\/2025\/04\/NEUTRON-CHANNELS-600x375.jpg 600w\" sizes=\"(max-width: 1920px) 100vw, 1920px\" \/><\/p>\n<h2><img loading=\"lazy\" decoding=\"async\" class=\"aligncenter wp-image-1868 size-full\" src=\"https:\/\/x-sports.world\/wp-content\/uploads\/2025\/04\/NEUTRON-5X.jpg\" alt=\"\" width=\"1920\" height=\"1200\" srcset=\"https:\/\/x-sports.world\/wp-content\/uploads\/2025\/04\/NEUTRON-5X.jpg 1920w, https:\/\/x-sports.world\/wp-content\/uploads\/2025\/04\/NEUTRON-5X-300x188.jpg 300w, https:\/\/x-sports.world\/wp-content\/uploads\/2025\/04\/NEUTRON-5X-1024x640.jpg 1024w, https:\/\/x-sports.world\/wp-content\/uploads\/2025\/04\/NEUTRON-5X-768x480.jpg 768w, https:\/\/x-sports.world\/wp-content\/uploads\/2025\/04\/NEUTRON-5X-1536x960.jpg 1536w, https:\/\/x-sports.world\/wp-content\/uploads\/2025\/04\/NEUTRON-5X-600x375.jpg 600w\" sizes=\"(max-width: 1920px) 100vw, 1920px\" \/><\/h2>\n<h3 style=\"text-align: center;\">Inserts robustes pour bottes \u00e0 neutrons<\/h3>\n<p>Les planches de wakeboard X sont dot\u00e9es d&#039;inserts renforc\u00e9s pour \u00e9viter que vos bottes ne s&#039;arrachent. De plus, les multiples couches de carbone int\u00e9gr\u00e9es \u00e0 la construction de la planche lui conf\u00e8rent non seulement r\u00e9sistance et dynamisme, mais am\u00e9liorent \u00e9galement la durabilit\u00e9 de ces inserts, ce qui renforce la stabilit\u00e9 de vos bottes et garantit une exp\u00e9rience de wakeboard plus s\u00fbre et plus agr\u00e9able.<\/p>\n<h3 style=\"text-align: center;\">BASCULE CONTINU \u00c0 NEUTRONS<\/h3>\n<p>Le rocker continu se caract\u00e9rise par une courbe unique et continue de la spatule au talon, conf\u00e9rant \u00e0 la planche un arc uniforme. Ce design permet des planches plus fluides et plus rapides, des atterrissages plus doux et un carving sans effort.<\/p>\n<h3 style=\"text-align: center;\">NEUTRON <span style=\"color: #00ff00;\">R\u00c9SINE BIOLOGIQUE<\/span> &#8211; <span style=\"color: #00ff00;\">GreenPoxy<\/span><\/h3>\n<p>GreenPoxy est une gamme de r\u00e9sines \u00e9poxy biosourc\u00e9es d\u00e9velopp\u00e9e par Sicomin, con\u00e7ue pour r\u00e9duire l&#039;impact environnemental. Ces r\u00e9sines utilisent des mati\u00e8res premi\u00e8res v\u00e9g\u00e9tales renouvelables, ce qui en fait une alternative \u00e9cologique aux produits p\u00e9trochimiques traditionnels. GreenPoxy offre des performances m\u00e9caniques et une transparence \u00e9lev\u00e9es tout en r\u00e9duisant les \u00e9missions de CO2. Jusqu&#039;\u00e0 50% de sa structure mol\u00e9culaire est d&#039;origine v\u00e9g\u00e9tale. Elle est utilis\u00e9e dans de nombreux secteurs, tels que les planches de surf et les stratifi\u00e9s, pour offrir des performances durables sans compromettre la qualit\u00e9.<\/p>\n<p>Pour plus d&#039;informations, visitez GreenPoxy.<\/p>\n<h2><img loading=\"lazy\" decoding=\"async\" class=\"aligncenter wp-image-1808 size-medium\" src=\"https:\/\/x-sports.world\/wp-content\/uploads\/2025\/04\/NEUTRON-BIO-RESIN-300x188.jpg\" alt=\"\" width=\"300\" height=\"188\" srcset=\"https:\/\/x-sports.world\/wp-content\/uploads\/2025\/04\/NEUTRON-BIO-RESIN-300x188.jpg 300w, https:\/\/x-sports.world\/wp-content\/uploads\/2025\/04\/NEUTRON-BIO-RESIN-1024x640.jpg 1024w, https:\/\/x-sports.world\/wp-content\/uploads\/2025\/04\/NEUTRON-BIO-RESIN-768x480.jpg 768w, https:\/\/x-sports.world\/wp-content\/uploads\/2025\/04\/NEUTRON-BIO-RESIN-1536x960.jpg 1536w, https:\/\/x-sports.world\/wp-content\/uploads\/2025\/04\/NEUTRON-BIO-RESIN-600x375.jpg 600w, https:\/\/x-sports.world\/wp-content\/uploads\/2025\/04\/NEUTRON-BIO-RESIN.jpg 1920w\" sizes=\"(max-width: 300px) 100vw, 300px\" \/><\/h2>\n<p><img loading=\"lazy\" decoding=\"async\" class=\"aligncenter wp-image-1866 size-full\" src=\"https:\/\/x-sports.world\/wp-content\/uploads\/2025\/04\/NEUTRON-3X.jpg\" alt=\"\" width=\"1920\" height=\"1200\" srcset=\"https:\/\/x-sports.world\/wp-content\/uploads\/2025\/04\/NEUTRON-3X.jpg 1920w, https:\/\/x-sports.world\/wp-content\/uploads\/2025\/04\/NEUTRON-3X-300x188.jpg 300w, https:\/\/x-sports.world\/wp-content\/uploads\/2025\/04\/NEUTRON-3X-1024x640.jpg 1024w, https:\/\/x-sports.world\/wp-content\/uploads\/2025\/04\/NEUTRON-3X-768x480.jpg 768w, https:\/\/x-sports.world\/wp-content\/uploads\/2025\/04\/NEUTRON-3X-1536x960.jpg 1536w, https:\/\/x-sports.world\/wp-content\/uploads\/2025\/04\/NEUTRON-3X-600x375.jpg 600w\" sizes=\"(max-width: 1920px) 100vw, 1920px\" \/><\/p>\n<h3 style=\"text-align: center;\">NEUTRON NOUVELLE BASE DE BROYAGE<\/h3>\n<ul>\n<li>Le mat\u00e9riau poss\u00e8de des propri\u00e9t\u00e9s exceptionnelles de r\u00e9sistance \u00e0 l&#039;abrasion et aux chocs<\/li>\n<li>Sa surface est antiadh\u00e9sive et autolubrifiante, ce qui la rend facile \u00e0 nettoyer et \u00e0 entretenir<\/li>\n<li>Il poss\u00e8de un faible coefficient de frottement et une r\u00e9sistance \u00e9lev\u00e9e aux fissures sous contrainte<\/li>\n<li>Le mat\u00e9riau peut \u00eatre utilis\u00e9 \u00e0 long terme sans aucune perte de fonctionnalit\u00e9.<\/li>\n<li>poids mol\u00e9culaire tr\u00e8s \u00e9lev\u00e9<\/li>\n<\/ul>\n<p><img loading=\"lazy\" decoding=\"async\" class=\"aligncenter wp-image-1302 size-full\" src=\"http:\/\/x-sports.world\/wp-content\/uploads\/2025\/04\/PERGLIDE-SURFACE.png\" alt=\"\" width=\"1920\" height=\"1200\" srcset=\"https:\/\/x-sports.world\/wp-content\/uploads\/2025\/04\/PERGLIDE-SURFACE.png 1920w, https:\/\/x-sports.world\/wp-content\/uploads\/2025\/04\/PERGLIDE-SURFACE-300x188.png 300w, https:\/\/x-sports.world\/wp-content\/uploads\/2025\/04\/PERGLIDE-SURFACE-1024x640.png 1024w, https:\/\/x-sports.world\/wp-content\/uploads\/2025\/04\/PERGLIDE-SURFACE-768x480.png 768w, https:\/\/x-sports.world\/wp-content\/uploads\/2025\/04\/PERGLIDE-SURFACE-1536x960.png 1536w, https:\/\/x-sports.world\/wp-content\/uploads\/2025\/04\/PERGLIDE-SURFACE-600x375.png 600w\" sizes=\"(max-width: 1920px) 100vw, 1920px\" \/><\/p>\n<h2 style=\"text-align: center;\"><img loading=\"lazy\" decoding=\"async\" class=\"aligncenter wp-image-1870 size-full\" src=\"https:\/\/x-sports.world\/wp-content\/uploads\/2025\/04\/NEUTRON-7X.jpg\" alt=\"\" width=\"1920\" height=\"1200\" srcset=\"https:\/\/x-sports.world\/wp-content\/uploads\/2025\/04\/NEUTRON-7X.jpg 1920w, https:\/\/x-sports.world\/wp-content\/uploads\/2025\/04\/NEUTRON-7X-300x188.jpg 300w, https:\/\/x-sports.world\/wp-content\/uploads\/2025\/04\/NEUTRON-7X-1024x640.jpg 1024w, https:\/\/x-sports.world\/wp-content\/uploads\/2025\/04\/NEUTRON-7X-768x480.jpg 768w, https:\/\/x-sports.world\/wp-content\/uploads\/2025\/04\/NEUTRON-7X-1536x960.jpg 1536w, https:\/\/x-sports.world\/wp-content\/uploads\/2025\/04\/NEUTRON-7X-600x375.jpg 600w\" sizes=\"(max-width: 1920px) 100vw, 1920px\" \/><\/h2>\n<p>&nbsp;<\/p>","protected":false},"excerpt":{"rendered":"<p><strong>NEUTRON<\/strong> \u2013 La forme 3D avanc\u00e9e permet un centre de wakeboard rigide, tout en conservant des pointes flexibles pour un pop maximal et un contr\u00f4le de la pression am\u00e9lior\u00e9.<\/p>","protected":false},"featured_media":2598,"template":"","meta":[],"product_brand":[],"product_cat":[56],"product_tag":[],"class_list":{"0":"post-2653","1":"product","2":"type-product","3":"status-publish","4":"has-post-thumbnail","6":"product_cat-outlet-x-wake","7":"product_shipping_class-wake-boards","9":"first","10":"instock","11":"sale","12":"taxable","13":"shipping-taxable","14":"purchasable","15":"product-type-variable"},"yoast_head":"<!-- This site is optimized with the Yoast SEO plugin v26.4 - https:\/\/yoast.com\/wordpress\/plugins\/seo\/ -->\n<title>WAKEBOARD X-WAKE NEUTRON 2023 OUTLET - X-Sports.world - X-Wake | X-Surf<\/title>\n<meta name=\"robots\" content=\"index, follow, max-snippet:-1, max-image-preview:large, max-video-preview:-1\" \/>\n<link rel=\"canonical\" href=\"https:\/\/x-sports.world\/fr\/product\/wakeboard-x-wake-neutron-2023-outlet\/\" \/>\n<meta property=\"og:locale\" content=\"fr_FR\" \/>\n<meta property=\"og:type\" content=\"article\" \/>\n<meta property=\"og:title\" content=\"WAKEBOARD X-WAKE NEUTRON 2023 OUTLET - X-Sports.world - X-Wake | X-Surf\" \/>\n<meta property=\"og:description\" content=\"NEUTRON - The advanced 3D shape allows for a rigid wakeboard center, while maintaining flexible tips for maximum pop and improved press control.\" \/>\n<meta property=\"og:url\" content=\"https:\/\/x-sports.world\/fr\/product\/wakeboard-x-wake-neutron-2023-outlet\/\" \/>\n<meta property=\"og:site_name\" content=\"X-Sports.world - X-Wake | X-Surf\" \/>\n<meta property=\"article:modified_time\" content=\"2026-03-17T14:00:49+00:00\" \/>\n<meta property=\"og:image\" content=\"https:\/\/x-sports.world\/wp-content\/uploads\/2025\/04\/OUT-NEUTRON-2023.jpg\" \/>\n\t<meta property=\"og:image:width\" content=\"1200\" \/>\n\t<meta property=\"og:image:height\" content=\"1200\" \/>\n\t<meta property=\"og:image:type\" content=\"image\/jpeg\" \/>\n<meta name=\"twitter:card\" content=\"summary_large_image\" \/>\n<meta name=\"twitter:label1\" content=\"Dur\u00e9e de lecture estim\u00e9e\" \/>\n\t<meta name=\"twitter:data1\" content=\"5 minutes\" \/>\n<script type=\"application\/ld+json\" class=\"yoast-schema-graph\">{\"@context\":\"https:\/\/schema.org\",\"@graph\":[{\"@type\":\"WebPage\",\"@id\":\"https:\/\/x-sports.world\/product\/wakeboard-x-wake-neutron-2023-outlet\/\",\"url\":\"https:\/\/x-sports.world\/product\/wakeboard-x-wake-neutron-2023-outlet\/\",\"name\":\"WAKEBOARD X-WAKE NEUTRON 2023 OUTLET - X-Sports.world - X-Wake | X-Surf\",\"isPartOf\":{\"@id\":\"https:\/\/x-sports.world\/#website\"},\"primaryImageOfPage\":{\"@id\":\"https:\/\/x-sports.world\/product\/wakeboard-x-wake-neutron-2023-outlet\/#primaryimage\"},\"image\":{\"@id\":\"https:\/\/x-sports.world\/product\/wakeboard-x-wake-neutron-2023-outlet\/#primaryimage\"},\"thumbnailUrl\":\"https:\/\/x-sports.world\/wp-content\/uploads\/2025\/04\/OUT-NEUTRON-2023.jpg\",\"datePublished\":\"2025-04-15T20:35:22+00:00\",\"dateModified\":\"2026-03-17T14:00:49+00:00\",\"breadcrumb\":{\"@id\":\"https:\/\/x-sports.world\/product\/wakeboard-x-wake-neutron-2023-outlet\/#breadcrumb\"},\"inLanguage\":\"fr-FR\",\"potentialAction\":[{\"@type\":\"ReadAction\",\"target\":[\"https:\/\/x-sports.world\/product\/wakeboard-x-wake-neutron-2023-outlet\/\"]}]},{\"@type\":\"ImageObject\",\"inLanguage\":\"fr-FR\",\"@id\":\"https:\/\/x-sports.world\/product\/wakeboard-x-wake-neutron-2023-outlet\/#primaryimage\",\"url\":\"https:\/\/x-sports.world\/wp-content\/uploads\/2025\/04\/OUT-NEUTRON-2023.jpg\",\"contentUrl\":\"https:\/\/x-sports.world\/wp-content\/uploads\/2025\/04\/OUT-NEUTRON-2023.jpg\",\"width\":1200,\"height\":1200},{\"@type\":\"BreadcrumbList\",\"@id\":\"https:\/\/x-sports.world\/product\/wakeboard-x-wake-neutron-2023-outlet\/#breadcrumb\",\"itemListElement\":[{\"@type\":\"ListItem\",\"position\":1,\"name\":\"Home\",\"item\":\"https:\/\/x-sports.world\/\"},{\"@type\":\"ListItem\",\"position\":2,\"name\":\"Shop\",\"item\":\"https:\/\/x-sports.world\/shop\/\"},{\"@type\":\"ListItem\",\"position\":3,\"name\":\"WAKEBOARD X-WAKE NEUTRON 2023 OUTLET\"}]},{\"@type\":\"WebSite\",\"@id\":\"https:\/\/x-sports.world\/#website\",\"url\":\"https:\/\/x-sports.world\/\",\"name\":\"X-Sports.world - X-Wake Wakeboards | X-Surf Surfboards\",\"description\":\"Kolejna witryna WordPress\",\"publisher\":{\"@id\":\"https:\/\/x-sports.world\/#organization\"},\"potentialAction\":[{\"@type\":\"SearchAction\",\"target\":{\"@type\":\"EntryPoint\",\"urlTemplate\":\"https:\/\/x-sports.world\/?s={search_term_string}\"},\"query-input\":{\"@type\":\"PropertyValueSpecification\",\"valueRequired\":true,\"valueName\":\"search_term_string\"}}],\"inLanguage\":\"fr-FR\"},{\"@type\":\"Organization\",\"@id\":\"https:\/\/x-sports.world\/#organization\",\"name\":\"X-Sports.world - X-Wake | X-Surf\",\"url\":\"https:\/\/x-sports.world\/\",\"logo\":{\"@type\":\"ImageObject\",\"inLanguage\":\"fr-FR\",\"@id\":\"https:\/\/x-sports.world\/#\/schema\/logo\/image\/\",\"url\":\"https:\/\/x-sports.world\/wp-content\/uploads\/2025\/04\/XSPORTS-BLACK-LOGO.png\",\"contentUrl\":\"https:\/\/x-sports.world\/wp-content\/uploads\/2025\/04\/XSPORTS-BLACK-LOGO.png\",\"width\":3810,\"height\":1016,\"caption\":\"X-Sports.world - X-Wake | X-Surf\"},\"image\":{\"@id\":\"https:\/\/x-sports.world\/#\/schema\/logo\/image\/\"}}]}<\/script>\n<!-- \/ Yoast SEO plugin. -->","yoast_head_json":{"title":"Wakeboard X-Wake Neutron 2023 - X-Sports.world - X-Wake | X-Surf","robots":{"index":"index","follow":"follow","max-snippet":"max-snippet:-1","max-image-preview":"max-image-preview:large","max-video-preview":"max-video-preview:-1"},"canonical":"https:\/\/x-sports.world\/fr\/product\/wakeboard-x-wake-neutron-2023-outlet\/","og_locale":"fr_FR","og_type":"article","og_title":"WAKEBOARD X-WAKE NEUTRON 2023 OUTLET - X-Sports.world - X-Wake | X-Surf","og_description":"NEUTRON - The advanced 3D shape allows for a rigid wakeboard center, while maintaining flexible tips for maximum pop and improved press control.","og_url":"https:\/\/x-sports.world\/fr\/product\/wakeboard-x-wake-neutron-2023-outlet\/","og_site_name":"X-Sports.world - X-Wake | X-Surf","article_modified_time":"2026-03-17T14:00:49+00:00","og_image":[{"width":1200,"height":1200,"url":"https:\/\/x-sports.world\/wp-content\/uploads\/2025\/04\/OUT-NEUTRON-2023.jpg","type":"image\/jpeg"}],"twitter_card":"summary_large_image","twitter_misc":{"Dur\u00e9e de lecture estim\u00e9e":"5 minutes"},"schema":{"@context":"https:\/\/schema.org","@graph":[{"@type":"WebPage","@id":"https:\/\/x-sports.world\/product\/wakeboard-x-wake-neutron-2023-outlet\/","url":"https:\/\/x-sports.world\/product\/wakeboard-x-wake-neutron-2023-outlet\/","name":"Wakeboard X-Wake Neutron 2023 - X-Sports.world - X-Wake | X-Surf","isPartOf":{"@id":"https:\/\/x-sports.world\/#website"},"primaryImageOfPage":{"@id":"https:\/\/x-sports.world\/product\/wakeboard-x-wake-neutron-2023-outlet\/#primaryimage"},"image":{"@id":"https:\/\/x-sports.world\/product\/wakeboard-x-wake-neutron-2023-outlet\/#primaryimage"},"thumbnailUrl":"https:\/\/x-sports.world\/wp-content\/uploads\/2025\/04\/OUT-NEUTRON-2023.jpg","datePublished":"2025-04-15T20:35:22+00:00","dateModified":"2026-03-17T14:00:49+00:00","breadcrumb":{"@id":"https:\/\/x-sports.world\/product\/wakeboard-x-wake-neutron-2023-outlet\/#breadcrumb"},"inLanguage":"fr-FR","potentialAction":[{"@type":"ReadAction","target":["https:\/\/x-sports.world\/product\/wakeboard-x-wake-neutron-2023-outlet\/"]}]},{"@type":"ImageObject","inLanguage":"fr-FR","@id":"https:\/\/x-sports.world\/product\/wakeboard-x-wake-neutron-2023-outlet\/#primaryimage","url":"https:\/\/x-sports.world\/wp-content\/uploads\/2025\/04\/OUT-NEUTRON-2023.jpg","contentUrl":"https:\/\/x-sports.world\/wp-content\/uploads\/2025\/04\/OUT-NEUTRON-2023.jpg","width":1200,"height":1200},{"@type":"BreadcrumbList","@id":"https:\/\/x-sports.world\/product\/wakeboard-x-wake-neutron-2023-outlet\/#breadcrumb","itemListElement":[{"@type":"ListItem","position":1,"name":"Home","item":"https:\/\/x-sports.world\/"},{"@type":"ListItem","position":2,"name":"Shop","item":"https:\/\/x-sports.world\/shop\/"},{"@type":"ListItem","position":3,"name":"WAKEBOARD X-WAKE NEUTRON 2023 OUTLET"}]},{"@type":"WebSite","@id":"https:\/\/x-sports.world\/#website","url":"https:\/\/x-sports.world\/","name":"X-Sports.world - Wakeboards X-Wake | Planches de surf X-Surf","description":"Collection de WordPress","publisher":{"@id":"https:\/\/x-sports.world\/#organization"},"potentialAction":[{"@type":"SearchAction","target":{"@type":"EntryPoint","urlTemplate":"https:\/\/x-sports.world\/?s={search_term_string}"},"query-input":{"@type":"PropertyValueSpecification","valueRequired":true,"valueName":"search_term_string"}}],"inLanguage":"fr-FR"},{"@type":"Organization","@id":"https:\/\/x-sports.world\/#organization","name":"X-Sports.world - X-Wake | X-Surf","url":"https:\/\/x-sports.world\/","logo":{"@type":"ImageObject","inLanguage":"fr-FR","@id":"https:\/\/x-sports.world\/#\/schema\/logo\/image\/","url":"https:\/\/x-sports.world\/wp-content\/uploads\/2025\/04\/XSPORTS-BLACK-LOGO.png","contentUrl":"https:\/\/x-sports.world\/wp-content\/uploads\/2025\/04\/XSPORTS-BLACK-LOGO.png","width":3810,"height":1016,"caption":"X-Sports.world - X-Wake | X-Surf"},"image":{"@id":"https:\/\/x-sports.world\/#\/schema\/logo\/image\/"}}]}},"_links":{"self":[{"href":"https:\/\/x-sports.world\/fr\/wp-json\/wp\/v2\/product\/2653","targetHints":{"allow":["GET"]}}],"collection":[{"href":"https:\/\/x-sports.world\/fr\/wp-json\/wp\/v2\/product"}],"about":[{"href":"https:\/\/x-sports.world\/fr\/wp-json\/wp\/v2\/types\/product"}],"version-history":[{"count":3,"href":"https:\/\/x-sports.world\/fr\/wp-json\/wp\/v2\/product\/2653\/revisions"}],"predecessor-version":[{"id":2661,"href":"https:\/\/x-sports.world\/fr\/wp-json\/wp\/v2\/product\/2653\/revisions\/2661"}],"wp:featuredmedia":[{"embeddable":true,"href":"https:\/\/x-sports.world\/fr\/wp-json\/wp\/v2\/media\/2598"}],"wp:attachment":[{"href":"https:\/\/x-sports.world\/fr\/wp-json\/wp\/v2\/media?parent=2653"}],"wp:term":[{"taxonomy":"product_brand","embeddable":true,"href":"https:\/\/x-sports.world\/fr\/wp-json\/wp\/v2\/product_brand?post=2653"},{"taxonomy":"product_cat","embeddable":true,"href":"https:\/\/x-sports.world\/fr\/wp-json\/wp\/v2\/product_cat?post=2653"},{"taxonomy":"product_tag","embeddable":true,"href":"https:\/\/x-sports.world\/fr\/wp-json\/wp\/v2\/product_tag?post=2653"}],"curies":[{"name":"wp","href":"https:\/\/api.w.org\/{rel}","templated":true}]}}