{"id":2622,"date":"2025-04-15T22:03:51","date_gmt":"2025-04-15T20:03:51","guid":{"rendered":"https:\/\/x-sports.world\/?post_type=product&#038;p=2622"},"modified":"2026-03-17T16:00:49","modified_gmt":"2026-03-17T14:00:49","slug":"wakeboard-x-wake-proton-2023-outlet","status":"publish","type":"product","link":"https:\/\/x-sports.world\/fr\/product\/wakeboard-x-wake-proton-2023-outlet\/","title":{"rendered":"WAKEBOARD X-WAKE PROTON 2023 - MAGASIN D&#039;USINE"},"content":{"rendered":"<h1>WAKEBOARD X-WAKE PROTON 2023<\/h1>\n<p>Proton est une forme con\u00e7ue pour une excellente adh\u00e9rence sur l&#039;eau derri\u00e8re le bateau. Nous avons r\u00e9alis\u00e9 une construction ultra rigide pour des performances et une fiabilit\u00e9 \u00e9lev\u00e9es.<span class=\"Apple-converted-space\">\u00a0<\/span>Les canaux multiples agressifs rendent l&#039;atterrissage et la conduite de la planche aussi faciles que vous pouvez l&#039;imaginer.<span class=\"Apple-converted-space\">\u00a0<\/span>Le rocker \u00e0 3 niveaux diminue la tra\u00een\u00e9e sur l&#039;eau lorsque vous roulez derri\u00e8re le bateau \u00e0 des vitesses appropri\u00e9es et vous donne un peu de POP suppl\u00e9mentaire. La base inf\u00e9rieure est con\u00e7ue uniquement pour le bateau et n&#039;est pas con\u00e7ue pour rouler sur des obstacles de wake-park.<span class=\"Apple-converted-space\">\u00a0<\/span><\/p>\n<p><img fetchpriority=\"high\" decoding=\"async\" class=\"aligncenter wp-image-2601 size-full\" src=\"https:\/\/x-sports.world\/wp-content\/uploads\/2025\/04\/OUT-PROTON-2023X.jpg\" alt=\"\" width=\"1920\" height=\"1200\" srcset=\"https:\/\/x-sports.world\/wp-content\/uploads\/2025\/04\/OUT-PROTON-2023X.jpg 1920w, https:\/\/x-sports.world\/wp-content\/uploads\/2025\/04\/OUT-PROTON-2023X-300x188.jpg 300w, https:\/\/x-sports.world\/wp-content\/uploads\/2025\/04\/OUT-PROTON-2023X-1024x640.jpg 1024w, https:\/\/x-sports.world\/wp-content\/uploads\/2025\/04\/OUT-PROTON-2023X-768x480.jpg 768w, https:\/\/x-sports.world\/wp-content\/uploads\/2025\/04\/OUT-PROTON-2023X-1536x960.jpg 1536w, https:\/\/x-sports.world\/wp-content\/uploads\/2025\/04\/OUT-PROTON-2023X-600x375.jpg 600w\" sizes=\"(max-width: 1920px) 100vw, 1920px\" \/><\/p>\n<p>&nbsp;<\/p>\n<h2 style=\"text-align: center;\">TECHNOLOGIE<\/h2>\n<h3 style=\"text-align: center;\">NOYAU EN BOIS PROTON<\/h3>\n<p>Pour obtenir un bon pop, toute bonne planche a besoin d&#039;un noyau en bois solide et \u00e0 grain long. Le noyau en bois de paulownia frais\u00e9 CNC est au c\u0153ur de chaque planche X WAKE.<\/p>\n<h3 style=\"text-align: center;\"><img decoding=\"async\" class=\"aligncenter wp-image-1816 size-full\" src=\"https:\/\/x-sports.world\/wp-content\/uploads\/2025\/04\/NEUTRON-WOODCORE.jpg\" alt=\"\" width=\"1920\" height=\"1200\" srcset=\"https:\/\/x-sports.world\/wp-content\/uploads\/2025\/04\/NEUTRON-WOODCORE.jpg 1920w, https:\/\/x-sports.world\/wp-content\/uploads\/2025\/04\/NEUTRON-WOODCORE-300x188.jpg 300w, https:\/\/x-sports.world\/wp-content\/uploads\/2025\/04\/NEUTRON-WOODCORE-1024x640.jpg 1024w, https:\/\/x-sports.world\/wp-content\/uploads\/2025\/04\/NEUTRON-WOODCORE-768x480.jpg 768w, https:\/\/x-sports.world\/wp-content\/uploads\/2025\/04\/NEUTRON-WOODCORE-1536x960.jpg 1536w, https:\/\/x-sports.world\/wp-content\/uploads\/2025\/04\/NEUTRON-WOODCORE-600x375.jpg 600w\" sizes=\"(max-width: 1920px) 100vw, 1920px\" \/>CONSTRUCTION EN CARBONE NEUTRONIQUE<\/h3>\n<p>L&#039;utilisation de plusieurs couches diff\u00e9rentes est un processus strat\u00e9gique qui repose sur le savoir-faire et l&#039;exp\u00e9rience. C&#039;est la cl\u00e9 pour obtenir une r\u00e9sistance optimale et des caract\u00e9ristiques impressionnantes. La fibre de carbone joue un r\u00f4le important dans l&#039;am\u00e9lioration de la construction en carbone.<br \/>\nL&#039;utilisation de plusieurs couches diff\u00e9rentes est un processus strat\u00e9gique qui implique savoir-faire et exp\u00e9rience. C&#039;est la cl\u00e9 pour obtenir une r\u00e9sistance optimale et des caract\u00e9ristiques impressionnantes. La fibre de carbone joue un r\u00f4le important dans l&#039;am\u00e9lioration du pop de la planche, ajoutant un rebond suppl\u00e9mentaire \u00e0 votre ride.<\/p>\n<h3 style=\"text-align: center;\">Inserts robustes pour bottes Proton<\/h3>\n<p>Les planches de wakeboard X sont dot\u00e9es d&#039;inserts renforc\u00e9s pour \u00e9viter que vos bottes ne s&#039;arrachent. De plus, les multiples couches de carbone int\u00e9gr\u00e9es \u00e0 la construction de la planche lui conf\u00e8rent non seulement r\u00e9sistance et dynamisme, mais am\u00e9liorent \u00e9galement la durabilit\u00e9 de ces inserts, ce qui renforce la stabilit\u00e9 de vos bottes et garantit une exp\u00e9rience de wakeboard plus s\u00fbre et plus agr\u00e9able.<\/p>\n<p>&nbsp;<\/p>\n<h3 style=\"text-align: center;\">NEUTRON <span style=\"color: #00ff00;\">R\u00c9SINE BIOLOGIQUE<\/span> &#8211; <span style=\"color: #00ff00;\">GreenPoxy<\/span><\/h3>\n<p>GreenPoxy est une gamme de r\u00e9sines \u00e9poxy biosourc\u00e9es d\u00e9velopp\u00e9e par Sicomin, con\u00e7ue pour r\u00e9duire l&#039;impact environnemental. Ces r\u00e9sines utilisent des mati\u00e8res premi\u00e8res v\u00e9g\u00e9tales renouvelables, ce qui en fait une alternative \u00e9cologique aux produits p\u00e9trochimiques traditionnels. GreenPoxy offre des performances m\u00e9caniques et une transparence \u00e9lev\u00e9es tout en r\u00e9duisant les \u00e9missions de CO2. Jusqu&#039;\u00e0 50% de sa structure mol\u00e9culaire est d&#039;origine v\u00e9g\u00e9tale. Elle est utilis\u00e9e dans de nombreux secteurs, tels que les planches de surf et les stratifi\u00e9s, pour offrir des performances durables sans compromettre la qualit\u00e9.<\/p>\n<p>Pour plus d&#039;informations, visitez GreenPoxy.<\/p>\n<h2><img decoding=\"async\" class=\"aligncenter wp-image-1808 size-medium\" src=\"https:\/\/x-sports.world\/wp-content\/uploads\/2025\/04\/NEUTRON-BIO-RESIN-300x188.jpg\" alt=\"\" width=\"300\" height=\"188\" srcset=\"https:\/\/x-sports.world\/wp-content\/uploads\/2025\/04\/NEUTRON-BIO-RESIN-300x188.jpg 300w, https:\/\/x-sports.world\/wp-content\/uploads\/2025\/04\/NEUTRON-BIO-RESIN-1024x640.jpg 1024w, https:\/\/x-sports.world\/wp-content\/uploads\/2025\/04\/NEUTRON-BIO-RESIN-768x480.jpg 768w, https:\/\/x-sports.world\/wp-content\/uploads\/2025\/04\/NEUTRON-BIO-RESIN-1536x960.jpg 1536w, https:\/\/x-sports.world\/wp-content\/uploads\/2025\/04\/NEUTRON-BIO-RESIN-600x375.jpg 600w, https:\/\/x-sports.world\/wp-content\/uploads\/2025\/04\/NEUTRON-BIO-RESIN.jpg 1920w\" sizes=\"(max-width: 300px) 100vw, 300px\" \/><\/h2>\n<p>&nbsp;<\/p>","protected":false},"excerpt":{"rendered":"<p><strong>PROTON<\/strong> \u2013 sa forme est con\u00e7ue pour une excellente adh\u00e9rence sur l&#039;eau derri\u00e8re le bateau. Nous avons r\u00e9alis\u00e9 une construction ultra rigide pour des performances et une fiabilit\u00e9 \u00e9lev\u00e9es.<\/p>","protected":false},"featured_media":2600,"template":"","meta":[],"product_brand":[],"product_cat":[56],"product_tag":[],"class_list":{"0":"post-2622","1":"product","2":"type-product","3":"status-publish","4":"has-post-thumbnail","6":"product_cat-outlet-x-wake","7":"product_shipping_class-wake-boards","9":"first","10":"instock","11":"sale","12":"taxable","13":"shipping-taxable","14":"purchasable","15":"product-type-variable"},"yoast_head":"<!-- This site is optimized with the Yoast SEO plugin v26.4 - https:\/\/yoast.com\/wordpress\/plugins\/seo\/ -->\n<title>WAKEBOARD X-WAKE PROTON 2023 OUTLET - X-Sports.world - X-Wake | X-Surf<\/title>\n<meta name=\"robots\" content=\"index, follow, max-snippet:-1, max-image-preview:large, max-video-preview:-1\" \/>\n<link rel=\"canonical\" href=\"https:\/\/x-sports.world\/fr\/product\/wakeboard-x-wake-proton-2023-outlet\/\" \/>\n<meta property=\"og:locale\" content=\"fr_FR\" \/>\n<meta property=\"og:type\" content=\"article\" \/>\n<meta property=\"og:title\" content=\"WAKEBOARD X-WAKE PROTON 2023 OUTLET - X-Sports.world - X-Wake | X-Surf\" \/>\n<meta property=\"og:description\" content=\"PROTON - is shape made for excellent grip on the water behind boat.We made a super stiff construction for high performance and reliability.\" \/>\n<meta property=\"og:url\" content=\"https:\/\/x-sports.world\/fr\/product\/wakeboard-x-wake-proton-2023-outlet\/\" \/>\n<meta property=\"og:site_name\" content=\"X-Sports.world - X-Wake | X-Surf\" \/>\n<meta property=\"article:modified_time\" content=\"2026-03-17T14:00:49+00:00\" \/>\n<meta property=\"og:image\" content=\"https:\/\/x-sports.world\/wp-content\/uploads\/2025\/04\/OUT-PROTON-2023.jpg\" \/>\n\t<meta property=\"og:image:width\" content=\"1200\" \/>\n\t<meta property=\"og:image:height\" content=\"1200\" \/>\n\t<meta property=\"og:image:type\" content=\"image\/jpeg\" \/>\n<meta name=\"twitter:card\" content=\"summary_large_image\" \/>\n<meta name=\"twitter:label1\" content=\"Dur\u00e9e de lecture estim\u00e9e\" \/>\n\t<meta name=\"twitter:data1\" content=\"2 minutes\" \/>\n<script type=\"application\/ld+json\" class=\"yoast-schema-graph\">{\"@context\":\"https:\/\/schema.org\",\"@graph\":[{\"@type\":\"WebPage\",\"@id\":\"https:\/\/x-sports.world\/product\/wakeboard-x-wake-proton-2023-outlet\/\",\"url\":\"https:\/\/x-sports.world\/product\/wakeboard-x-wake-proton-2023-outlet\/\",\"name\":\"WAKEBOARD X-WAKE PROTON 2023 OUTLET - X-Sports.world - X-Wake | X-Surf\",\"isPartOf\":{\"@id\":\"https:\/\/x-sports.world\/#website\"},\"primaryImageOfPage\":{\"@id\":\"https:\/\/x-sports.world\/product\/wakeboard-x-wake-proton-2023-outlet\/#primaryimage\"},\"image\":{\"@id\":\"https:\/\/x-sports.world\/product\/wakeboard-x-wake-proton-2023-outlet\/#primaryimage\"},\"thumbnailUrl\":\"https:\/\/x-sports.world\/wp-content\/uploads\/2025\/04\/OUT-PROTON-2023.jpg\",\"datePublished\":\"2025-04-15T20:03:51+00:00\",\"dateModified\":\"2026-03-17T14:00:49+00:00\",\"breadcrumb\":{\"@id\":\"https:\/\/x-sports.world\/product\/wakeboard-x-wake-proton-2023-outlet\/#breadcrumb\"},\"inLanguage\":\"fr-FR\",\"potentialAction\":[{\"@type\":\"ReadAction\",\"target\":[\"https:\/\/x-sports.world\/product\/wakeboard-x-wake-proton-2023-outlet\/\"]}]},{\"@type\":\"ImageObject\",\"inLanguage\":\"fr-FR\",\"@id\":\"https:\/\/x-sports.world\/product\/wakeboard-x-wake-proton-2023-outlet\/#primaryimage\",\"url\":\"https:\/\/x-sports.world\/wp-content\/uploads\/2025\/04\/OUT-PROTON-2023.jpg\",\"contentUrl\":\"https:\/\/x-sports.world\/wp-content\/uploads\/2025\/04\/OUT-PROTON-2023.jpg\",\"width\":1200,\"height\":1200},{\"@type\":\"BreadcrumbList\",\"@id\":\"https:\/\/x-sports.world\/product\/wakeboard-x-wake-proton-2023-outlet\/#breadcrumb\",\"itemListElement\":[{\"@type\":\"ListItem\",\"position\":1,\"name\":\"Home\",\"item\":\"https:\/\/x-sports.world\/\"},{\"@type\":\"ListItem\",\"position\":2,\"name\":\"Shop\",\"item\":\"https:\/\/x-sports.world\/shop\/\"},{\"@type\":\"ListItem\",\"position\":3,\"name\":\"WAKEBOARD X-WAKE PROTON 2023 OUTLET\"}]},{\"@type\":\"WebSite\",\"@id\":\"https:\/\/x-sports.world\/#website\",\"url\":\"https:\/\/x-sports.world\/\",\"name\":\"X-Sports.world - X-Wake Wakeboards | X-Surf Surfboards\",\"description\":\"Kolejna witryna WordPress\",\"publisher\":{\"@id\":\"https:\/\/x-sports.world\/#organization\"},\"potentialAction\":[{\"@type\":\"SearchAction\",\"target\":{\"@type\":\"EntryPoint\",\"urlTemplate\":\"https:\/\/x-sports.world\/?s={search_term_string}\"},\"query-input\":{\"@type\":\"PropertyValueSpecification\",\"valueRequired\":true,\"valueName\":\"search_term_string\"}}],\"inLanguage\":\"fr-FR\"},{\"@type\":\"Organization\",\"@id\":\"https:\/\/x-sports.world\/#organization\",\"name\":\"X-Sports.world - X-Wake | X-Surf\",\"url\":\"https:\/\/x-sports.world\/\",\"logo\":{\"@type\":\"ImageObject\",\"inLanguage\":\"fr-FR\",\"@id\":\"https:\/\/x-sports.world\/#\/schema\/logo\/image\/\",\"url\":\"https:\/\/x-sports.world\/wp-content\/uploads\/2025\/04\/XSPORTS-BLACK-LOGO.png\",\"contentUrl\":\"https:\/\/x-sports.world\/wp-content\/uploads\/2025\/04\/XSPORTS-BLACK-LOGO.png\",\"width\":3810,\"height\":1016,\"caption\":\"X-Sports.world - X-Wake | X-Surf\"},\"image\":{\"@id\":\"https:\/\/x-sports.world\/#\/schema\/logo\/image\/\"}}]}<\/script>\n<!-- \/ Yoast SEO plugin. -->","yoast_head_json":{"title":"Wakeboard X-Wake Proton 2023 - X-Sports.world - X-Wake | X-Surf","robots":{"index":"index","follow":"follow","max-snippet":"max-snippet:-1","max-image-preview":"max-image-preview:large","max-video-preview":"max-video-preview:-1"},"canonical":"https:\/\/x-sports.world\/fr\/product\/wakeboard-x-wake-proton-2023-outlet\/","og_locale":"fr_FR","og_type":"article","og_title":"WAKEBOARD X-WAKE PROTON 2023 OUTLET - X-Sports.world - X-Wake | X-Surf","og_description":"PROTON - is shape made for excellent grip on the water behind boat.We made a super stiff construction for high performance and reliability.","og_url":"https:\/\/x-sports.world\/fr\/product\/wakeboard-x-wake-proton-2023-outlet\/","og_site_name":"X-Sports.world - X-Wake | X-Surf","article_modified_time":"2026-03-17T14:00:49+00:00","og_image":[{"width":1200,"height":1200,"url":"https:\/\/x-sports.world\/wp-content\/uploads\/2025\/04\/OUT-PROTON-2023.jpg","type":"image\/jpeg"}],"twitter_card":"summary_large_image","twitter_misc":{"Dur\u00e9e de lecture estim\u00e9e":"2 minutes"},"schema":{"@context":"https:\/\/schema.org","@graph":[{"@type":"WebPage","@id":"https:\/\/x-sports.world\/product\/wakeboard-x-wake-proton-2023-outlet\/","url":"https:\/\/x-sports.world\/product\/wakeboard-x-wake-proton-2023-outlet\/","name":"Wakeboard X-Wake Proton 2023 - X-Sports.world - X-Wake | X-Surf","isPartOf":{"@id":"https:\/\/x-sports.world\/#website"},"primaryImageOfPage":{"@id":"https:\/\/x-sports.world\/product\/wakeboard-x-wake-proton-2023-outlet\/#primaryimage"},"image":{"@id":"https:\/\/x-sports.world\/product\/wakeboard-x-wake-proton-2023-outlet\/#primaryimage"},"thumbnailUrl":"https:\/\/x-sports.world\/wp-content\/uploads\/2025\/04\/OUT-PROTON-2023.jpg","datePublished":"2025-04-15T20:03:51+00:00","dateModified":"2026-03-17T14:00:49+00:00","breadcrumb":{"@id":"https:\/\/x-sports.world\/product\/wakeboard-x-wake-proton-2023-outlet\/#breadcrumb"},"inLanguage":"fr-FR","potentialAction":[{"@type":"ReadAction","target":["https:\/\/x-sports.world\/product\/wakeboard-x-wake-proton-2023-outlet\/"]}]},{"@type":"ImageObject","inLanguage":"fr-FR","@id":"https:\/\/x-sports.world\/product\/wakeboard-x-wake-proton-2023-outlet\/#primaryimage","url":"https:\/\/x-sports.world\/wp-content\/uploads\/2025\/04\/OUT-PROTON-2023.jpg","contentUrl":"https:\/\/x-sports.world\/wp-content\/uploads\/2025\/04\/OUT-PROTON-2023.jpg","width":1200,"height":1200},{"@type":"BreadcrumbList","@id":"https:\/\/x-sports.world\/product\/wakeboard-x-wake-proton-2023-outlet\/#breadcrumb","itemListElement":[{"@type":"ListItem","position":1,"name":"Home","item":"https:\/\/x-sports.world\/"},{"@type":"ListItem","position":2,"name":"Shop","item":"https:\/\/x-sports.world\/shop\/"},{"@type":"ListItem","position":3,"name":"WAKEBOARD X-WAKE PROTON 2023 OUTLET"}]},{"@type":"WebSite","@id":"https:\/\/x-sports.world\/#website","url":"https:\/\/x-sports.world\/","name":"X-Sports.world - Wakeboards X-Wake | Planches de surf X-Surf","description":"Collection de WordPress","publisher":{"@id":"https:\/\/x-sports.world\/#organization"},"potentialAction":[{"@type":"SearchAction","target":{"@type":"EntryPoint","urlTemplate":"https:\/\/x-sports.world\/?s={search_term_string}"},"query-input":{"@type":"PropertyValueSpecification","valueRequired":true,"valueName":"search_term_string"}}],"inLanguage":"fr-FR"},{"@type":"Organization","@id":"https:\/\/x-sports.world\/#organization","name":"X-Sports.world - X-Wake | X-Surf","url":"https:\/\/x-sports.world\/","logo":{"@type":"ImageObject","inLanguage":"fr-FR","@id":"https:\/\/x-sports.world\/#\/schema\/logo\/image\/","url":"https:\/\/x-sports.world\/wp-content\/uploads\/2025\/04\/XSPORTS-BLACK-LOGO.png","contentUrl":"https:\/\/x-sports.world\/wp-content\/uploads\/2025\/04\/XSPORTS-BLACK-LOGO.png","width":3810,"height":1016,"caption":"X-Sports.world - X-Wake | X-Surf"},"image":{"@id":"https:\/\/x-sports.world\/#\/schema\/logo\/image\/"}}]}},"_links":{"self":[{"href":"https:\/\/x-sports.world\/fr\/wp-json\/wp\/v2\/product\/2622","targetHints":{"allow":["GET"]}}],"collection":[{"href":"https:\/\/x-sports.world\/fr\/wp-json\/wp\/v2\/product"}],"about":[{"href":"https:\/\/x-sports.world\/fr\/wp-json\/wp\/v2\/types\/product"}],"version-history":[{"count":2,"href":"https:\/\/x-sports.world\/fr\/wp-json\/wp\/v2\/product\/2622\/revisions"}],"predecessor-version":[{"id":2748,"href":"https:\/\/x-sports.world\/fr\/wp-json\/wp\/v2\/product\/2622\/revisions\/2748"}],"wp:featuredmedia":[{"embeddable":true,"href":"https:\/\/x-sports.world\/fr\/wp-json\/wp\/v2\/media\/2600"}],"wp:attachment":[{"href":"https:\/\/x-sports.world\/fr\/wp-json\/wp\/v2\/media?parent=2622"}],"wp:term":[{"taxonomy":"product_brand","embeddable":true,"href":"https:\/\/x-sports.world\/fr\/wp-json\/wp\/v2\/product_brand?post=2622"},{"taxonomy":"product_cat","embeddable":true,"href":"https:\/\/x-sports.world\/fr\/wp-json\/wp\/v2\/product_cat?post=2622"},{"taxonomy":"product_tag","embeddable":true,"href":"https:\/\/x-sports.world\/fr\/wp-json\/wp\/v2\/product_tag?post=2622"}],"curies":[{"name":"wp","href":"https:\/\/api.w.org\/{rel}","templated":true}]}}