{"id":3436,"date":"2025-04-24T14:16:34","date_gmt":"2025-04-24T12:16:34","guid":{"rendered":"https:\/\/x-sports.world\/?page_id=3436"},"modified":"2025-04-25T17:54:44","modified_gmt":"2025-04-25T15:54:44","slug":"general-warranty-policies","status":"publish","type":"page","link":"https:\/\/x-sports.world\/fr\/general-warranty-policies\/","title":{"rendered":"POLITIQUES DE GARANTIE G\u00c9N\u00c9RALES"},"content":{"rendered":"<p>Les garanties et obligations fournies par LOXEE sp. z oo pour ses produits sont les seules garanties et obligations expresses offertes par la soci\u00e9t\u00e9, ses distributeurs ou ses d\u00e9taillants. Ces garanties et limitations ne s&#039;appliquent qu&#039;\u00e0 l&#039;acheteur initial ou \u00e0 la personne pour laquelle le produit a \u00e9t\u00e9 initialement achet\u00e9.<\/p>\n\n\n\n<p>Les r\u00e9clamations sous garantie doivent \u00eatre initi\u00e9es par le revendeur ayant vendu le produit au consommateur. Ce dernier doit retourner le produit au revendeur aupr\u00e8s duquel il l&#039;a achet\u00e9 pour faire une r\u00e9clamation sous garantie. Le revendeur est seul habilit\u00e9 \u00e0 honorer la garantie du fabricant pour un article qu&#039;il n&#039;a pas vendu \u00e0 un consommateur. En aucun cas, une r\u00e9clamation sous garantie ne doit \u00eatre soumise sans un num\u00e9ro d&#039;autorisation de retour d\u00e9livr\u00e9 par un revendeur. Tous les frais d&#039;exp\u00e9dition li\u00e9s au retour du produit \u00e0 X Wake seront \u00e0 la charge de la partie effectuant la r\u00e9clamation sous garantie. Le revendeur est responsable du retour du produit d\u00e9fectueux \u00e0 notre entrep\u00f4t. Une fois le produit re\u00e7u \u00e0 notre entrep\u00f4t, nous poursuivrons la proc\u00e9dure de garantie. X Wake n&#039;accepte pas les retours de produits contre remboursement. Tout produit non ouvert ou retourn\u00e9 sans d\u00e9faut apparent sera soumis \u00e0 des frais de restockage 15%.<\/p>\n\n\n\n<p>X Wake se r\u00e9serve le droit de refuser toute r\u00e9clamation au titre de la garantie si les d\u00e9fauts sont dus \u00e0 des facteurs autres qu&#039;une erreur de fabrication. Les produits pr\u00e9sentant un d\u00e9faut de fabrication seront r\u00e9par\u00e9s si possible. Si un produit est irr\u00e9parable, le remplacement sera laiss\u00e9 \u00e0 la discr\u00e9tion du service de garantie de X Wake, par un produit de performances \u00e9gales ou sup\u00e9rieures.<\/p>\n\n\n\n<p>Il est important de noter que le produit ne doit jamais \u00eatre modifi\u00e9, que ce soit par cirage, peinture ou autre. Pour un entretien optimal, il suffit de le nettoyer \u00e0 l&#039;eau et au savon, puis de le rincer abondamment. Une exposition prolong\u00e9e au soleil peut entra\u00eener une d\u00e9coloration, non couverte par la garantie. Pour \u00e9viter cette d\u00e9coloration, il est recommand\u00e9 de ranger la planche dans un sac lorsqu&#039;elle n&#039;est pas utilis\u00e9e. Les dommages r\u00e9sultant d&#039;une mauvaise utilisation, d&#039;un abus ou d&#039;une modification ne sont pas couverts par la garantie, tout comme l&#039;usure normale.<\/p>\n\n\n\n<p>\u200b<\/p>\n\n\n\n<p>La garantie couvre :<\/p>\n\n\n\n<p>-D\u00e9laminage sans dommage d&#039;impact visible.<\/p>\n\n\n\n<p>-Fissures\/fissures de contrainte sur le bord, la base, le noyau ou le stratifi\u00e9 sup\u00e9rieur en raison d&#039;un d\u00e9faut de fabrication.<\/p>\n\n\n\n<p>- Inserts d\u00e9fectueux. Ceci ne couvre pas le vissage incorrect des soufflets ni l&#039;utilisation de vis avec un filetage incorrect.<\/p>\n\n\n\n<p>-Erreur de contr\u00f4le qualit\u00e9 et vente d&#039;une carte de 2\u00e8me qualit\u00e9 comme une carte de 1\u00e8re qualit\u00e9.<\/p>\n\n\n\n<p>- Fissuration de la peinture&nbsp;<\/p>\n\n\n\n<p>-Insert retir\u00e9<\/p>\n\n\n\n<p>La garantie ne couvre pas :<\/p>\n\n\n\n<p>-Tout probl\u00e8me r\u00e9sultant d&#039;une mauvaise utilisation, d&#039;un abus, d&#039;un impact sur\/avec une surface\/un objet autre que l&#039;eau.<\/p>\n\n\n\n<p>-Dommages caus\u00e9s par une mauvaise utilisation, un abus ou une modification.<\/p>\n\n\n\n<p>-Usure normale, y compris rayures, \u00e9clats et bosses, usure de la base de meulage (PerlaGlide)<\/p>\n\n\n\n<p>D\u00e9coloration ou jaunissement d\u00fb \u00e0 une exposition prolong\u00e9e au soleil. Ce ph\u00e9nom\u00e8ne n&#039;est pas couvert par la garantie. Pour prot\u00e9ger votre wakeboard des rayons ultraviolets.<\/p>\n\n\n\n<p>-Planches sans preuve d&#039;achat.<\/p>\n\n\n\n<p>-Dommages ou d\u00e9fauts caus\u00e9s par une exposition \u00e0 des temp\u00e9ratures sup\u00e9rieures \u00e0 70 ou inf\u00e9rieures \u00e0 0 degr\u00e9s Celsius.<\/p>","protected":false},"excerpt":{"rendered":"<p>The warranties and obligations provided by LOXEE sp. z o. o. &nbsp;for its products are the only express warranties and obligations offered by the company, its distributors, or retailers. These warranties and limitations are only applicable to the original purchaser or the person for whom the product was originally purchased. Warranty claims must be initiated [&hellip;]<\/p>","protected":false},"author":1,"featured_media":0,"parent":0,"menu_order":0,"comment_status":"closed","ping_status":"closed","template":"","meta":{"footnotes":""},"class_list":["post-3436","page","type-page","status-publish","hentry"],"yoast_head":"<!-- This site is optimized with the Yoast SEO plugin v26.4 - https:\/\/yoast.com\/wordpress\/plugins\/seo\/ -->\n<title>GENERAL WARRANTY POLICIES - X-Sports.world - X-Wake | X-Surf<\/title>\n<meta name=\"robots\" content=\"index, follow, max-snippet:-1, max-image-preview:large, max-video-preview:-1\" \/>\n<link rel=\"canonical\" href=\"https:\/\/x-sports.world\/fr\/general-warranty-policies\/\" \/>\n<meta property=\"og:locale\" content=\"fr_FR\" \/>\n<meta property=\"og:type\" content=\"article\" \/>\n<meta property=\"og:title\" content=\"GENERAL WARRANTY POLICIES - X-Sports.world - X-Wake | X-Surf\" \/>\n<meta property=\"og:description\" content=\"The warranties and obligations provided by LOXEE sp. z o. o. &nbsp;for its products are the only express warranties and obligations offered by the company, its distributors, or retailers. These warranties and limitations are only applicable to the original purchaser or the person for whom the product was originally purchased. Warranty claims must be initiated [&hellip;]\" \/>\n<meta property=\"og:url\" content=\"https:\/\/x-sports.world\/fr\/general-warranty-policies\/\" \/>\n<meta property=\"og:site_name\" content=\"X-Sports.world - X-Wake | X-Surf\" \/>\n<meta property=\"article:modified_time\" content=\"2025-04-25T15:54:44+00:00\" \/>\n<meta name=\"twitter:card\" content=\"summary_large_image\" \/>\n<meta name=\"twitter:label1\" content=\"Dur\u00e9e de lecture estim\u00e9e\" \/>\n\t<meta name=\"twitter:data1\" content=\"3 minutes\" \/>\n<script type=\"application\/ld+json\" class=\"yoast-schema-graph\">{\"@context\":\"https:\/\/schema.org\",\"@graph\":[{\"@type\":\"WebPage\",\"@id\":\"https:\/\/x-sports.world\/general-warranty-policies\/\",\"url\":\"https:\/\/x-sports.world\/general-warranty-policies\/\",\"name\":\"GENERAL WARRANTY POLICIES - X-Sports.world - X-Wake | X-Surf\",\"isPartOf\":{\"@id\":\"https:\/\/x-sports.world\/#website\"},\"datePublished\":\"2025-04-24T12:16:34+00:00\",\"dateModified\":\"2025-04-25T15:54:44+00:00\",\"breadcrumb\":{\"@id\":\"https:\/\/x-sports.world\/general-warranty-policies\/#breadcrumb\"},\"inLanguage\":\"fr-FR\",\"potentialAction\":[{\"@type\":\"ReadAction\",\"target\":[\"https:\/\/x-sports.world\/general-warranty-policies\/\"]}]},{\"@type\":\"BreadcrumbList\",\"@id\":\"https:\/\/x-sports.world\/general-warranty-policies\/#breadcrumb\",\"itemListElement\":[{\"@type\":\"ListItem\",\"position\":1,\"name\":\"Home\",\"item\":\"https:\/\/x-sports.world\/\"},{\"@type\":\"ListItem\",\"position\":2,\"name\":\"GENERAL WARRANTY POLICIES\"}]},{\"@type\":\"WebSite\",\"@id\":\"https:\/\/x-sports.world\/#website\",\"url\":\"https:\/\/x-sports.world\/\",\"name\":\"X-Sports.world - X-Wake Wakeboards | X-Surf Surfboards\",\"description\":\"Kolejna witryna WordPress\",\"publisher\":{\"@id\":\"https:\/\/x-sports.world\/#organization\"},\"potentialAction\":[{\"@type\":\"SearchAction\",\"target\":{\"@type\":\"EntryPoint\",\"urlTemplate\":\"https:\/\/x-sports.world\/?s={search_term_string}\"},\"query-input\":{\"@type\":\"PropertyValueSpecification\",\"valueRequired\":true,\"valueName\":\"search_term_string\"}}],\"inLanguage\":\"fr-FR\"},{\"@type\":\"Organization\",\"@id\":\"https:\/\/x-sports.world\/#organization\",\"name\":\"X-Sports.world - X-Wake | X-Surf\",\"url\":\"https:\/\/x-sports.world\/\",\"logo\":{\"@type\":\"ImageObject\",\"inLanguage\":\"fr-FR\",\"@id\":\"https:\/\/x-sports.world\/#\/schema\/logo\/image\/\",\"url\":\"https:\/\/x-sports.world\/wp-content\/uploads\/2025\/04\/XSPORTS-BLACK-LOGO.png\",\"contentUrl\":\"https:\/\/x-sports.world\/wp-content\/uploads\/2025\/04\/XSPORTS-BLACK-LOGO.png\",\"width\":3810,\"height\":1016,\"caption\":\"X-Sports.world - X-Wake | X-Surf\"},\"image\":{\"@id\":\"https:\/\/x-sports.world\/#\/schema\/logo\/image\/\"}}]}<\/script>\n<!-- \/ Yoast SEO plugin. -->","yoast_head_json":{"title":"Politiques de garantie g\u00e9n\u00e9rales - X-Sports.world - X-Wake | X-Surf","robots":{"index":"index","follow":"follow","max-snippet":"max-snippet:-1","max-image-preview":"max-image-preview:large","max-video-preview":"max-video-preview:-1"},"canonical":"https:\/\/x-sports.world\/fr\/general-warranty-policies\/","og_locale":"fr_FR","og_type":"article","og_title":"GENERAL WARRANTY POLICIES - X-Sports.world - X-Wake | X-Surf","og_description":"The warranties and obligations provided by LOXEE sp. z o. o. &nbsp;for its products are the only express warranties and obligations offered by the company, its distributors, or retailers. These warranties and limitations are only applicable to the original purchaser or the person for whom the product was originally purchased. Warranty claims must be initiated [&hellip;]","og_url":"https:\/\/x-sports.world\/fr\/general-warranty-policies\/","og_site_name":"X-Sports.world - X-Wake | X-Surf","article_modified_time":"2025-04-25T15:54:44+00:00","twitter_card":"summary_large_image","twitter_misc":{"Dur\u00e9e de lecture estim\u00e9e":"3 minutes"},"schema":{"@context":"https:\/\/schema.org","@graph":[{"@type":"WebPage","@id":"https:\/\/x-sports.world\/general-warranty-policies\/","url":"https:\/\/x-sports.world\/general-warranty-policies\/","name":"Politiques de garantie g\u00e9n\u00e9rales - X-Sports.world - X-Wake | X-Surf","isPartOf":{"@id":"https:\/\/x-sports.world\/#website"},"datePublished":"2025-04-24T12:16:34+00:00","dateModified":"2025-04-25T15:54:44+00:00","breadcrumb":{"@id":"https:\/\/x-sports.world\/general-warranty-policies\/#breadcrumb"},"inLanguage":"fr-FR","potentialAction":[{"@type":"ReadAction","target":["https:\/\/x-sports.world\/general-warranty-policies\/"]}]},{"@type":"BreadcrumbList","@id":"https:\/\/x-sports.world\/general-warranty-policies\/#breadcrumb","itemListElement":[{"@type":"ListItem","position":1,"name":"Home","item":"https:\/\/x-sports.world\/"},{"@type":"ListItem","position":2,"name":"GENERAL WARRANTY POLICIES"}]},{"@type":"WebSite","@id":"https:\/\/x-sports.world\/#website","url":"https:\/\/x-sports.world\/","name":"X-Sports.world - Wakeboards X-Wake | Planches de surf X-Surf","description":"Collection de WordPress","publisher":{"@id":"https:\/\/x-sports.world\/#organization"},"potentialAction":[{"@type":"SearchAction","target":{"@type":"EntryPoint","urlTemplate":"https:\/\/x-sports.world\/?s={search_term_string}"},"query-input":{"@type":"PropertyValueSpecification","valueRequired":true,"valueName":"search_term_string"}}],"inLanguage":"fr-FR"},{"@type":"Organization","@id":"https:\/\/x-sports.world\/#organization","name":"X-Sports.world - X-Wake | X-Surf","url":"https:\/\/x-sports.world\/","logo":{"@type":"ImageObject","inLanguage":"fr-FR","@id":"https:\/\/x-sports.world\/#\/schema\/logo\/image\/","url":"https:\/\/x-sports.world\/wp-content\/uploads\/2025\/04\/XSPORTS-BLACK-LOGO.png","contentUrl":"https:\/\/x-sports.world\/wp-content\/uploads\/2025\/04\/XSPORTS-BLACK-LOGO.png","width":3810,"height":1016,"caption":"X-Sports.world - X-Wake | X-Surf"},"image":{"@id":"https:\/\/x-sports.world\/#\/schema\/logo\/image\/"}}]}},"_links":{"self":[{"href":"https:\/\/x-sports.world\/fr\/wp-json\/wp\/v2\/pages\/3436","targetHints":{"allow":["GET"]}}],"collection":[{"href":"https:\/\/x-sports.world\/fr\/wp-json\/wp\/v2\/pages"}],"about":[{"href":"https:\/\/x-sports.world\/fr\/wp-json\/wp\/v2\/types\/page"}],"author":[{"embeddable":true,"href":"https:\/\/x-sports.world\/fr\/wp-json\/wp\/v2\/users\/1"}],"replies":[{"embeddable":true,"href":"https:\/\/x-sports.world\/fr\/wp-json\/wp\/v2\/comments?post=3436"}],"version-history":[{"count":1,"href":"https:\/\/x-sports.world\/fr\/wp-json\/wp\/v2\/pages\/3436\/revisions"}],"predecessor-version":[{"id":3437,"href":"https:\/\/x-sports.world\/fr\/wp-json\/wp\/v2\/pages\/3436\/revisions\/3437"}],"wp:attachment":[{"href":"https:\/\/x-sports.world\/fr\/wp-json\/wp\/v2\/media?parent=3436"}],"curies":[{"name":"wp","href":"https:\/\/api.w.org\/{rel}","templated":true}]}}