{"id":3,"date":"2024-12-31T10:49:46","date_gmt":"2024-12-31T10:49:46","guid":{"rendered":"http:\/\/x-sports.world\/?page_id=3"},"modified":"2025-04-25T17:54:40","modified_gmt":"2025-04-25T15:54:40","slug":"privacy-policy","status":"publish","type":"page","link":"https:\/\/x-sports.world\/fr\/privacy-policy\/","title":{"rendered":"politique de confidentialit\u00e9"},"content":{"rendered":"<p>Fran\u00e7ais Dans le cadre de l&#039;entr\u00e9e en vigueur \u00e0 compter du 25 mai 2018 de l&#039;article 13, paragraphe 1 du r\u00e8glement g\u00e9n\u00e9ral du Parlement europ\u00e9en et du Conseil (UE) 2016\/679 du 27 avril 2016 relatif \u00e0 la protection des personnes physiques et de leurs donn\u00e9es \u00e0 caract\u00e8re personnel et \u00e0 la libre circulation de ces donn\u00e9es, et abrogeant la directive 95\/46\/CE (ci-apr\u00e8s d\u00e9nomm\u00e9 \u00ab RODO \u00bb) \u00bb), nous tenons \u00e0 vous informer qu&#039;\u00e0 compter du 25 mai 2018, vous b\u00e9n\u00e9ficierez des droits \u00e9nonc\u00e9s ci-dessous pour le traitement de vos donn\u00e9es personnelles.<\/p>\n\n\n\n<p>Conform\u00e9ment \u00e0 l&#039;art. 1, alin\u00e9a ...<\/p>\n\n\n\n<p>1. L&#039;administrateur de vos donn\u00e9es personnelles est LOXEE Sp. z oo dont le si\u00e8ge social est situ\u00e9 au 5 rue FABRYCZNA, 43-100 TYCHY<\/p>\n\n\n\n<p>2. Nous avons re\u00e7u vos informations personnelles lorsque vous avez cr\u00e9\u00e9 un compte dans la boutique X WAKE SHOP<\/p>\n\n\n\n<p>3. Vos donn\u00e9es personnelles seront trait\u00e9es afin de :<\/p>\n\n\n\n<p>a) permettre la fourniture de services \u00e9lectroniques et la conclusion de contrats de vente, le traitement des r\u00e9clamations, les exp\u00e9ditions, les paiements, la cr\u00e9ation et la gestion de votre compte, la r\u00e9solution d&#039;\u00e9ventuels probl\u00e8mes techniques - la base juridique du traitement des donn\u00e9es personnelles est l&#039;art. 6 par. 1 lit. b) LE RODO,<\/p>\n\n\n\n<p>b) les activit\u00e9s de marketing de votre mani\u00e8re dont vous avez consenti \u00e0 ce que la base juridique du traitement des donn\u00e9es personnelles soit l&#039;int\u00e9r\u00eat l\u00e9gitime de l&#039;entreprise (article 6 paragraphe 1 point a) du RGPD ;<\/p>\n\n\n\n<p>c) remplir les obligations l\u00e9gales qui incombent \u00e0 la soci\u00e9t\u00e9 sur la base des lois g\u00e9n\u00e9ralement applicables, y compris les r\u00e9glementations fiscales et comptables \u2013 la base juridique du traitement des donn\u00e9es personnelles est l&#039;art. 6 par. 1 lit. c RODO,<\/p>\n\n\n\n<p>d) mener des activit\u00e9s analytiques et statistiques \u2013 la base juridique du traitement des donn\u00e9es personnelles est l\u2019int\u00e9r\u00eat l\u00e9gitime de l\u2019entreprise (article 6 (1) lettre f) du RGPD, l\u2019int\u00e9r\u00eat l\u00e9gitime de l\u2019entreprise est d\u2019analyser les r\u00e9sultats des op\u00e9rations commerciales,<\/p>\n\n\n\n<p>e) afin de mettre en \u0153uvre l&#039;int\u00e9r\u00eat l\u00e9gitime de la soci\u00e9t\u00e9 consistant en la d\u00e9termination ou la poursuite \u00e9ventuelle de r\u00e9clamations ou la d\u00e9fense contre des r\u00e9clamations - la base juridique du traitement des donn\u00e9es personnelles est l&#039;int\u00e9r\u00eat l\u00e9gitime de la soci\u00e9t\u00e9 - art. 6 par. 1 lit. f RODO.<\/p>\n\n\n\n<p>4. Vos donn\u00e9es personnelles peuvent \u00eatre partag\u00e9es :<\/p>\n\n\n\n<p>a) les transitaires, les entreprises de messagerie, les transporteurs,<\/p>\n\n\n\n<p>b) les soci\u00e9t\u00e9s fournissant des services de paiement \u00e9lectronique et de cartes de paiement,<\/p>\n\n\n\n<p>c) les soci\u00e9t\u00e9s de pr\u00eat,<\/p>\n\n\n\n<p>d) Les soci\u00e9t\u00e9s informatiques s&#039;occupant des syst\u00e8mes informatiques, assurant la maintenance de nos serveurs, de nos ordinateurs et de notre courrier \u00e9lectronique,<\/p>\n\n\n\n<p>e) les soci\u00e9t\u00e9s qui traitent avec notre site Web,<\/p>\n\n\n\n<p>f) les entit\u00e9s fournissant des services \u00e0 notre soci\u00e9t\u00e9 dans le domaine de la comptabilit\u00e9, des tests de qualit\u00e9 de service, du recouvrement de cr\u00e9ances, des services juridiques, analytiques et marketing,<\/p>\n\n\n\n<p>g) les employ\u00e9s de LOXEE SP. Z OO<\/p>\n\n\n\n<p>5. Vos donn\u00e9es personnelles seront trait\u00e9es pendant une p\u00e9riode de :<\/p>\n\n\n\n<p>a) dans le cas de donn\u00e9es personnelles trait\u00e9es \u00e0 des fins de marketing et de fourniture de services par voie \u00e9lectronique \u2013 jusqu\u2019\u00e0 ce que vous vous opposiez au traitement des donn\u00e9es personnelles \u00e0 cet \u00e9gard.<\/p>\n\n\n\n<p>b) dans le cas de donn\u00e9es \u00e0 caract\u00e8re personnel trait\u00e9es afin d&#039;ex\u00e9cuter des contrats de vente - pendant une p\u00e9riode n\u00e9cessaire \u00e0 l&#039;ex\u00e9cution de toutes les obligations d\u00e9coulant du contrat et apr\u00e8s son ach\u00e8vement aux fins de :<\/p>\n\n\n\n<p>faire valoir des r\u00e9clamations en rapport avec l&#039;ex\u00e9cution du contrat,<\/p>\n\n\n\n<p>l&#039;ex\u00e9cution des obligations r\u00e9sultant de dispositions l\u00e9gales, notamment fiscales et comptables,<\/p>\n\n\n\n<p>\u00e0 des fins statistiques et d&#039;archivage,<\/p>\n\n\n\n<p>maximum pour une dur\u00e9e de 10 ans \u00e0 compter de la date de r\u00e9siliation du contrat.<\/p>\n\n\n\n<p>6. Vous disposez \u00e0 tout moment d&#039;un droit d&#039;acc\u00e8s \u00e0 vos donn\u00e9es personnelles, d&#039;un droit de rectification, de suppression, de limitation du traitement, d&#039;un droit \u00e0 la portabilit\u00e9 des donn\u00e9es, d&#039;un droit d&#039;opposition et du droit de retirer votre consentement \u00e0 tout moment sans que cela n&#039;affecte la lic\u00e9it\u00e9 du traitement (si celui-ci est fond\u00e9 sur votre consentement) effectu\u00e9 avant son retrait. Tout retrait de consentement doit \u00eatre adress\u00e9 par \u00e9crit \u00e0 l&#039;adresse suivante\u00a0: Akademia Sportu Stawiki Sp. z oo, ul. Kresowa 4, 41-200 Sosnowiec, ou par voie \u00e9lectronique \u00e0 l&#039;adresse suivante\u00a0:&nbsp;<a href=\"mailto:info@x-wake.com\">info@x-wake.com<\/a><\/p>\n\n\n\n<p>Vous avez le droit de d\u00e9poser une plainte aupr\u00e8s de Giodo \u00e0 tout moment si vous estimez que le stockage de vos donn\u00e9es personnelles viole les dispositions du R\u00e8glement g\u00e9n\u00e9ral sur la protection des donn\u00e9es du 26 avril 2016.<\/p>\n\n\n\n<p>7. La fourniture de donn\u00e9es personnelles est volontaire, sous r\u00e9serve de deux exceptions :<\/p>\n\n\n\n<p>a) Conclusion de contrats avec l&#039;Administrateur \u2013 le d\u00e9faut de fourniture des donn\u00e9es personnelles n\u00e9cessaires \u00e0 la conclusion et \u00e0 l&#039;ex\u00e9cution du Contrat de vente ou du contrat de prestation de services \u00e9lectroniques avec l&#039;Administrateur, dans les cas et dans les limites indiqu\u00e9s sur le site web de la Boutique en ligne et dans le R\u00e8glement de la Boutique en ligne, entra\u00eene l&#039;impossibilit\u00e9 de conclure le pr\u00e9sent Contrat. La fourniture de donn\u00e9es personnelles constitue dans ce cas une obligation contractuelle et, si la personne concern\u00e9e souhaite conclure un contrat avec l&#039;Administrateur, elle est tenue de fournir les donn\u00e9es requises.<\/p>\n\n\n\n<p>\u00c0 chaque fois, l&#039;\u00e9tendue des donn\u00e9es n\u00e9cessaires \u00e0 la conclusion du contrat est indiqu\u00e9e au pr\u00e9alable sur le site Internet de la Boutique en ligne et dans le R\u00e8glement de la Boutique en ligne ;<\/p>\n\n\n\n<p>b) Obligations l\u00e9gales de l&#039;Administrateur \u2013 la fourniture de donn\u00e9es personnelles est une exigence l\u00e9gale r\u00e9sultant de dispositions l\u00e9gales g\u00e9n\u00e9ralement applicables imposant \u00e0 l&#039;Administrateur l&#039;obligation de traiter des donn\u00e9es personnelles (par exemple, le traitement de donn\u00e9es \u00e0 des fins de tenue de livres fiscaux ou comptables) et le fait de ne pas les fournir emp\u00eachera l&#039;Administrateur d&#039;exercer ces fonctions.<\/p>\n\n\n\n<p>8. Vos donn\u00e9es personnelles feront l\u2019objet d\u2019un profilage.<\/p>\n\n\n\n<p>Nous utiliserons le profilage de vos donn\u00e9es \u00e0 des fins de marketing direct, par exemple nous s\u00e9lectionnerons automatiquement une publicit\u00e9 pour vous en fonction de l&#039;activit\u00e9 pr\u00e9c\u00e9dente sur le site Web, nous vous proposerons un produit en fonction de vos int\u00e9r\u00eats, vous offrirons une remise, vous rappellerons des achats inachev\u00e9s, etc. Bien entendu, nous vous laissons d\u00e9cider si vous utiliserez la remise ou si vous ach\u00e8terez le produit que nous proposons.<\/p>\n\n\n\n<p>COOKIES<\/p>\n\n\n\n<p>Que sont les cookies ?<\/p>\n\n\n\n<p>Les cookies sont de petits fichiers enregistr\u00e9s sur votre ordinateur, tablette ou smartphone lorsque vous consultez diff\u00e9rents sites web. Un cookie contient g\u00e9n\u00e9ralement le nom du site web d&#039;o\u00f9 il provient, sa dur\u00e9e de vie et le num\u00e9ro unique g\u00e9n\u00e9r\u00e9 accidentellement pour identifier le navigateur depuis lequel le site web est connect\u00e9.<\/p>\n\n\n\n<p>\u00c0 quoi servent les cookies ?<\/p>\n\n\n\n<p>Wake Sklep utilise des cookies \u00e0 diverses fins\u00a0: acc\u00e9l\u00e9rer et simplifier l&#039;utilisation des sites web et des applications, adapter le contenu et les publicit\u00e9s \u00e0 vos attentes et centres d&#039;int\u00e9r\u00eat, et collecter des statistiques anonymes et agr\u00e9g\u00e9es qui contribuent \u00e0 am\u00e9liorer la fonctionnalit\u00e9 et le contenu des pages et des applications. En utilisant les cookies de la mani\u00e8re d\u00e9crite ci-dessus, nous n&#039;identifions jamais les utilisateurs \u00e0 partir des informations qu&#039;ils contiennent.<\/p>\n\n\n\n<p>Politique de confidentialit\u00e9<\/p>\n\n\n\n<p>W zwi\u0105zku z rozpocz\u0119ciem stosowania z dniem 25 maja 2018 roku art.13 ust. 1 og\u00f3lnego rozporz\u0105dzenia Parlamentu Europejskiego i Rady (UE) 2016\/679 du 27 juillet 2016 r. w sprawie ochrony os\u00f3b fizycznych i ich danych osobowych oraz w sprawie swobodnego przep\u0142ywu takich danych i uchylenia dyrektywy 95\/46\/WE, (dalej zwanym \u00ab RODO \u00bb), informujemy, \u017ce od dnia 25 mai 2018 roku bed\u0105 Tobie przys\u0142ugiwa\u0142y okre\u015blone poni\u017cej prawa zwi\u0105zane z przetwarzaniem Twoich danych osobowych.<\/p>\n\n\n\n<p>Jednocze\u015bnie na podstawie art. 13 RODO informujemy, du 25 mai 2018 roku aktualne bed\u0105 poni\u017csze informacje i zasady zwi\u0105zane z przetwarzaniem Twoich danych osobowych:<\/p>\n\n\n\n<p>1. Administratorem Twoich danych osobowych jest firma LOXEE Sp. z o.o. z oo z siedzib\u0105 pod adresem ul.FABRYCZNA 5 , 43-100 TYCHY<\/p>\n\n\n\n<p>2. Twoje dane osobowe otrzymali\u015bmy od Ciebie podczas zak\u0142adania konta w sklepie X WAKE SHOP<\/p>\n\n\n\n<p>3. Twoje dane osobowe b\u0119d\u0105 przetwarzane w celu :&nbsp;<\/p>\n\n\n\n<p>a) L&#039;utilisation d&#039;un syst\u00e8me \u00e9lectronique en ligne ou l&#039;utilisation d&#039;un syst\u00e8me \u00e9lectronique s&#039;effectue en toute s\u00e9curit\u00e9, des probl\u00e8mes de r\u00e9ponse, des probl\u00e8mes, des probl\u00e8mes, des difficult\u00e9s et des difficult\u00e9s sont apparus. technicznych \u2013 podstaw\u0105 prawn\u0105 przetwarzania danych osobowych jest art. 6 us. 1 allum\u00e9. b) RODO,<\/p>\n\n\n\n<p>b) prowadzenia wobec Ciebie dzia\u0142a\u0144 marketingowych w spos\u00f3b na kt\u00f3ry wyrazi\u0142e\u015b zgod\u0119 podstaw\u0105 prawn\u0105 przetwarzania danych osobowych jest prawnie uzasadniony interes firmy (art. 6 ust. 1 lit. a) RODO\u00a0;&nbsp;<\/p>\n\n\n\n<p>c) wype\u0142nienia obowi\u0105zk\u00f3w prawnych ci\u0105\u017c\u0105cych na firmie na podstawie powszechnie obowi\u0105zuj\u0105cych przepis\u00f3w prawa, w tym przepis\u00f3w podatkowych oraz z zakresu rachunkowo\u015bci \u2013 podstaw\u0105 prawn\u0105 przetwarzania danych art de plaisanterie osobowych. 6 us. 1 allum\u00e9. c RODO,<\/p>\n\n\n\n<p>d) prowadzenia dzia\u0142a\u0144 analitycznych i statystycznych \u2013 podstaw\u0105 prawn\u0105 przetwarzania danych osobowych jest prawnie uzasadniony interes firmy (art. 6 ust. 1 lit. f) RODO, uzasadnionym interesem firmy jest prowadzenie analizy wynik\u00f3w prowadzonej dzia\u0142alno\u015bci gospodarczej,<\/p>\n\n\n\n<p>e) w celu realizacji prawnie uzasadnionego interesu firmy polegaj\u0105cego na ewentualnym ustaleniu lub dochodzeniu roszcze\u0144 lub obronie przed roszczeniami \u2013 podstaw\u0105 prawn\u0105 przetwarzania danych osobowych jest prawnie uzasadniony interes firmy \u2013 art. 6 us. 1 allum\u00e9. f RODO.<\/p>\n\n\n\n<p>4. Twoje dane osobowe mog\u0105 by\u0107 udost\u0119pnione :<\/p>\n\n\n\n<p>a) spedytorom, firmom kurierskim, przewo\u017anikom,<\/p>\n\n\n\n<p>b) firmom obs\u0142uguj\u0105cym p\u0142atno\u015bci elektroniczne oraz kartami p\u0142atniczym,<\/p>\n\n\n\n<p>c) firmom udzielaj\u0105cym kredyt\u00f3w,<\/p>\n\n\n\n<p>d) Firmom z bran\u017cy IT zajmuj\u0105cym si\u0119 obs\u0142ug\u0105 system\u00f3w informatycznych, obs\u0142ug\u0105 naszych serwer\u00f3w, komputer\u00f3w i poczty elektronicznej,<\/p>\n\n\n\n<p>e) firmom zajmuj\u0105cych si\u0119 nasza stron\u0105 internetow\u0105,<\/p>\n\n\n\n<p>f) podmiotom \u015bwiadcz\u0105cym na rzecz naszej firmy us\u0142ugi z zakresu ksi\u0119gowo\u015bci , badania jako\u015bci obs\u0142ugi, dochodzenia nale\u017cno\u015bci, us\u0142ugi prawne, analityczne, marketingowe,<\/p>\n\n\n\n<p>g) pracownikom firmy LOXEE SP. ZOO<\/p>\n\n\n\n<p>5. Twoje dane osobowe b\u0119d\u0105 przetwarzane przez okres ::<\/p>\n\n\n\n<p>a) w przypadku danych osobowych przetwarzanych w celach marketingowych oraz \u015bwiadczenia us\u0142ug drog\u0105 elektroniczn\u0105 \u2013 do czasu wniesienia przez Ciebie sprzeciwu wzgl\u0119dem przetwarzania danych osobowych w tym zakresie.<\/p>\n\n\n\n<p>b) w przypadku danych osobowych przetwarzanych w celu realizacji um\u00f3w sprzeda\u017cy \u2013 przez okres konieczny do wykonania wszystkich obowi\u0105zk\u00f3w wynikaj\u0105cych z umowy oraz po jej zako\u0144czeniu w celach :<\/p>\n\n\n\n<ul class=\"wp-block-list\">\n<li>dochodzenia roszcze\u0144 w zwi\u0105zku z wykonaniem umowy,<\/li>\n\n\n\n<li>wykonania obowi\u0105zk\u00f3w wynikaj\u0105cych z przepis\u00f3w prawa, w tym w szczeg\u00f3lno\u015bci podatkowych i rachunkowych,<\/li>\n\n\n\n<li>w celach statistycznych i archiwizacyjnych,<\/li>\n\n\n\n<li>maksymalnie przez okres 10 lat od dnia zako\u0144czenia umowy.<\/li>\n<\/ul>\n\n\n\n<p>6. W ka\u017cdej chwili masz prawo dost\u0119pu do tre\u015bci swoich danych osobowych oraz prawo ich sprostowania, usuni\u0119cia, ograniczenia przetwarzania, prawo do przenoszenia danych , prawo wniesienia sprzeciwu, prawo do cofni\u0119cia zgody w dowolnym momentencie bez wp\u0142ywu na zgodno\u015b\u0107 z prawem przetwarzania (je\u017celi przetwarzanie odbywa si\u0119 na podstawie zgody), kt\u00f3rego dokonano na podstawie zgody przed jej cofni\u0119ciem. L&#039;entreprise est actuellement en contact avec la soci\u00e9t\u00e9 avec une formation \u00e0 l&#039;adresse : Akademia Sportu Stawiki Sp. z o.o. z oo, ul. Kresowa 4, 41-200 Sosnowiec avec une entreprise d&#039;\u00e9lectronique \u00e0 l&#039;adresse\u00a0:&nbsp;<a href=\"mailto:shop@wake-sklep.pl\">info@x-wake.com<\/a><\/p>\n\n\n\n<p>W ka\u017cdej chwili masz prawo do wniesienia skargi do Giodo gdy uznasz \u017ce przechowywanie twoich danych osobowych narusza przepisy og\u00f3lnego rozporz\u0105dzenia o ochronie danych osobowych z 26-go kwietnia 2016.<\/p>\n\n\n\n<p>7. Podanie danych osobowych jest dobrowolne, z zastrze\u017ceniem dw\u00f3ch wyj\u0105tk\u00f3w:<\/p>\n\n\n\n<p>a) zawieranie um\u00f3w z Administratorem \u2013 niepodanie w przypadkach iw zakresie wskazanym na stronie Sklepu Internetowego oraz w Regulaminie Sklepu Internetowego danych osobowych niezb\u0119dnych do zawarcia i wykonania Umowy Sprzeda\u017cy lub umowy o \u015bwiadczenie Us\u0142ugi L&#039;\u00e9lectronique de l&#039;administrateur peut \u00eatre utilis\u00e9e pour freiner l&#039;utilisateur. Podanie danych osobowych plaisanter avec takim wypadku wymogiem umownym i je\u017celi osoba, kt\u00f3re dane dotycz\u0105 chce zawrze\u0107 dan\u0105 umow\u0119 z Administratorem, to plaisant zobowi\u0105zana do podania wymaganych danych. Ka\u017cdorazowo zakres danych wymaganych do zawarcia umowy wskazany jest uprzednio na stronie Sklepu Internetowego oraz w Regulaminie Sklepu Internetowego;&nbsp;<\/p>\n\n\n\n<p>b) Obowi\u0105zki ustawowe Administratora \u2013 podanie danych osobowych jest wymogiem ustawowym wynikaj\u0105cym z powszechnie obowi\u0105zuj\u0105cych przepisow prawa nak\u0142adaj\u0105cych na Administratora obowi\u0105zek przetwarzania danych osobowych (np. przetwarzanie danych w celu prowadzenia ksi\u0105g podatkowych lub rachunkowych) i brak ich ich podania uniemo\u017cliwi Administratorowi wykonanie tych\u017ce obowi\u0105zk\u00f3w.<\/p>\n\n\n\n<p>8. Twoje dane osobowe bed\u0105 podlega\u0142y profilowaniu.<\/p>\n\n\n\n<p>B\u0119dziemy korzysta\u0107 z profilowania Twoich danych do cel\u00f3w marketingu bezpo\u015bredniego tzn np. Le retour automatique de la soci\u00e9t\u00e9 \u00e0 l&#039;exploitation ou \u00e0 la mise en \u0153uvre de l&#039;activit\u00e9 en cours, la promotion du produit par Twoimi zainteresowaniami, l&#039;utilisation d&#039;un syst\u00e8me de r\u00e9duction de prix, la pr\u00e9sentation d&#039;un produit de qualit\u00e9 sup\u00e9rieure. \u00e7a. Oczywi\u015bcie decyzj\u0119 o tym czy skorzystasz z danego rabatu czy kupisz zaproponowany przez nas product pozostawiamy Tobie.<\/p>\n\n\n\n<p>COOKIES&nbsp;<\/p>\n\n\n\n<p>Comment va la ciasteczka ?<br>Ciasteczka (ang. cookies) pour niewielkie pliki, zapisywane i przechowywane na twoim ordinateur, tablecie lub smartphonie podczas gdy odwiedzasz r\u00f3\u017cne strony w internetcie. Ciasteczko zazwyczaj zawiera nazw\u0119 strony internetowej, z kt\u00f3rej pochodzi, \u00ab d\u0142ugo\u015b\u0107 \u017cycia \u00bb ciasteczka (to znaczy czas jego istnienia) oraz przypadkowo wygenerowany unikalny numer s\u0142u\u017c\u0105cy do identyfikacji przegl\u0105darki, z jakiej nast\u0119puje po\u0142\u0105czenie ze fort internetow\u0105.<\/p>\n\n\n\n<p>Est-ce que le czego u\u017cywamy ciasteczek est bon ?<br>Wake Sklep utilise le ciasteczek w r\u00f3\u017cnych celach: by strony i aplikacje dzia\u0142a\u0142y szybciej i by\u0142y \u0142atwiejsze w u\u017cyciu, by lepiej dopasowa\u0107 tre\u015bci i reklamy do twoich oczekiwa\u0144 i zainteresowa\u0144 oraz do zbierania Anonimowych, zagregowanych statystyk, kt\u00f3re pomagaj\u0105 w poprawianiu funkcjonalno\u015bci and zawarto\u015bci fort i aplikacji. Utilisez le ciasteczek avec votre partenaire commercial qui n&#039;a pas d&#039;identit\u00e9 avec les informations sur les ciasteczkach.<\/p>","protected":false},"excerpt":{"rendered":"<p>In connection with the commencement of application as of May 25, 2018, Article 13, para. 1 of the General Regulation of the European Parliament and of the Council (EU) 2016\/679 of 27 April 2016 on the protection of individuals and their personal data and on the free movement of such data and repealing Directive 95\/46 [&hellip;]<\/p>","protected":false},"author":1,"featured_media":0,"parent":0,"menu_order":0,"comment_status":"closed","ping_status":"open","template":"","meta":{"footnotes":""},"class_list":["post-3","page","type-page","status-publish","hentry"],"yoast_head":"<!-- This site is optimized with the Yoast SEO plugin v26.4 - https:\/\/yoast.com\/wordpress\/plugins\/seo\/ -->\n<title>Privacy Policy - X-Sports.world - X-Wake | X-Surf<\/title>\n<meta name=\"robots\" content=\"index, follow, max-snippet:-1, max-image-preview:large, max-video-preview:-1\" \/>\n<link rel=\"canonical\" href=\"https:\/\/x-sports.world\/fr\/privacy-policy\/\" \/>\n<meta property=\"og:locale\" content=\"fr_FR\" \/>\n<meta property=\"og:type\" content=\"article\" \/>\n<meta property=\"og:title\" content=\"Privacy Policy - X-Sports.world - X-Wake | X-Surf\" \/>\n<meta property=\"og:description\" content=\"In connection with the commencement of application as of May 25, 2018, Article 13, para. 1 of the General Regulation of the European Parliament and of the Council (EU) 2016\/679 of 27 April 2016 on the protection of individuals and their personal data and on the free movement of such data and repealing Directive 95\/46 [&hellip;]\" \/>\n<meta property=\"og:url\" content=\"https:\/\/x-sports.world\/fr\/privacy-policy\/\" \/>\n<meta property=\"og:site_name\" content=\"X-Sports.world - X-Wake | X-Surf\" \/>\n<meta property=\"article:modified_time\" content=\"2025-04-25T15:54:40+00:00\" \/>\n<meta name=\"twitter:card\" content=\"summary_large_image\" \/>\n<meta name=\"twitter:label1\" content=\"Dur\u00e9e de lecture estim\u00e9e\" \/>\n\t<meta name=\"twitter:data1\" content=\"11 minutes\" \/>\n<script type=\"application\/ld+json\" class=\"yoast-schema-graph\">{\"@context\":\"https:\/\/schema.org\",\"@graph\":[{\"@type\":\"WebPage\",\"@id\":\"https:\/\/x-sports.world\/privacy-policy\/\",\"url\":\"https:\/\/x-sports.world\/privacy-policy\/\",\"name\":\"Privacy Policy - X-Sports.world - X-Wake | X-Surf\",\"isPartOf\":{\"@id\":\"https:\/\/x-sports.world\/#website\"},\"datePublished\":\"2024-12-31T10:49:46+00:00\",\"dateModified\":\"2025-04-25T15:54:40+00:00\",\"breadcrumb\":{\"@id\":\"https:\/\/x-sports.world\/privacy-policy\/#breadcrumb\"},\"inLanguage\":\"fr-FR\",\"potentialAction\":[{\"@type\":\"ReadAction\",\"target\":[\"https:\/\/x-sports.world\/privacy-policy\/\"]}]},{\"@type\":\"BreadcrumbList\",\"@id\":\"https:\/\/x-sports.world\/privacy-policy\/#breadcrumb\",\"itemListElement\":[{\"@type\":\"ListItem\",\"position\":1,\"name\":\"Home\",\"item\":\"https:\/\/x-sports.world\/\"},{\"@type\":\"ListItem\",\"position\":2,\"name\":\"Privacy Policy\"}]},{\"@type\":\"WebSite\",\"@id\":\"https:\/\/x-sports.world\/#website\",\"url\":\"https:\/\/x-sports.world\/\",\"name\":\"X-Sports.world - X-Wake Wakeboards | X-Surf Surfboards\",\"description\":\"Kolejna witryna WordPress\",\"publisher\":{\"@id\":\"https:\/\/x-sports.world\/#organization\"},\"potentialAction\":[{\"@type\":\"SearchAction\",\"target\":{\"@type\":\"EntryPoint\",\"urlTemplate\":\"https:\/\/x-sports.world\/?s={search_term_string}\"},\"query-input\":{\"@type\":\"PropertyValueSpecification\",\"valueRequired\":true,\"valueName\":\"search_term_string\"}}],\"inLanguage\":\"fr-FR\"},{\"@type\":\"Organization\",\"@id\":\"https:\/\/x-sports.world\/#organization\",\"name\":\"X-Sports.world - X-Wake | X-Surf\",\"url\":\"https:\/\/x-sports.world\/\",\"logo\":{\"@type\":\"ImageObject\",\"inLanguage\":\"fr-FR\",\"@id\":\"https:\/\/x-sports.world\/#\/schema\/logo\/image\/\",\"url\":\"https:\/\/x-sports.world\/wp-content\/uploads\/2025\/04\/XSPORTS-BLACK-LOGO.png\",\"contentUrl\":\"https:\/\/x-sports.world\/wp-content\/uploads\/2025\/04\/XSPORTS-BLACK-LOGO.png\",\"width\":3810,\"height\":1016,\"caption\":\"X-Sports.world - X-Wake | X-Surf\"},\"image\":{\"@id\":\"https:\/\/x-sports.world\/#\/schema\/logo\/image\/\"}}]}<\/script>\n<!-- \/ Yoast SEO plugin. -->","yoast_head_json":{"title":"Politique de confidentialit\u00e9 - X-Sports.world - X-Wake | X-Surf","robots":{"index":"index","follow":"follow","max-snippet":"max-snippet:-1","max-image-preview":"max-image-preview:large","max-video-preview":"max-video-preview:-1"},"canonical":"https:\/\/x-sports.world\/fr\/privacy-policy\/","og_locale":"fr_FR","og_type":"article","og_title":"Privacy Policy - X-Sports.world - X-Wake | X-Surf","og_description":"In connection with the commencement of application as of May 25, 2018, Article 13, para. 1 of the General Regulation of the European Parliament and of the Council (EU) 2016\/679 of 27 April 2016 on the protection of individuals and their personal data and on the free movement of such data and repealing Directive 95\/46 [&hellip;]","og_url":"https:\/\/x-sports.world\/fr\/privacy-policy\/","og_site_name":"X-Sports.world - X-Wake | X-Surf","article_modified_time":"2025-04-25T15:54:40+00:00","twitter_card":"summary_large_image","twitter_misc":{"Dur\u00e9e de lecture estim\u00e9e":"11 minutes"},"schema":{"@context":"https:\/\/schema.org","@graph":[{"@type":"WebPage","@id":"https:\/\/x-sports.world\/privacy-policy\/","url":"https:\/\/x-sports.world\/privacy-policy\/","name":"Politique de confidentialit\u00e9 - X-Sports.world - X-Wake | X-Surf","isPartOf":{"@id":"https:\/\/x-sports.world\/#website"},"datePublished":"2024-12-31T10:49:46+00:00","dateModified":"2025-04-25T15:54:40+00:00","breadcrumb":{"@id":"https:\/\/x-sports.world\/privacy-policy\/#breadcrumb"},"inLanguage":"fr-FR","potentialAction":[{"@type":"ReadAction","target":["https:\/\/x-sports.world\/privacy-policy\/"]}]},{"@type":"BreadcrumbList","@id":"https:\/\/x-sports.world\/privacy-policy\/#breadcrumb","itemListElement":[{"@type":"ListItem","position":1,"name":"Home","item":"https:\/\/x-sports.world\/"},{"@type":"ListItem","position":2,"name":"Privacy Policy"}]},{"@type":"WebSite","@id":"https:\/\/x-sports.world\/#website","url":"https:\/\/x-sports.world\/","name":"X-Sports.world - Wakeboards X-Wake | Planches de surf X-Surf","description":"Collection de WordPress","publisher":{"@id":"https:\/\/x-sports.world\/#organization"},"potentialAction":[{"@type":"SearchAction","target":{"@type":"EntryPoint","urlTemplate":"https:\/\/x-sports.world\/?s={search_term_string}"},"query-input":{"@type":"PropertyValueSpecification","valueRequired":true,"valueName":"search_term_string"}}],"inLanguage":"fr-FR"},{"@type":"Organization","@id":"https:\/\/x-sports.world\/#organization","name":"X-Sports.world - X-Wake | X-Surf","url":"https:\/\/x-sports.world\/","logo":{"@type":"ImageObject","inLanguage":"fr-FR","@id":"https:\/\/x-sports.world\/#\/schema\/logo\/image\/","url":"https:\/\/x-sports.world\/wp-content\/uploads\/2025\/04\/XSPORTS-BLACK-LOGO.png","contentUrl":"https:\/\/x-sports.world\/wp-content\/uploads\/2025\/04\/XSPORTS-BLACK-LOGO.png","width":3810,"height":1016,"caption":"X-Sports.world - X-Wake | X-Surf"},"image":{"@id":"https:\/\/x-sports.world\/#\/schema\/logo\/image\/"}}]}},"_links":{"self":[{"href":"https:\/\/x-sports.world\/fr\/wp-json\/wp\/v2\/pages\/3","targetHints":{"allow":["GET"]}}],"collection":[{"href":"https:\/\/x-sports.world\/fr\/wp-json\/wp\/v2\/pages"}],"about":[{"href":"https:\/\/x-sports.world\/fr\/wp-json\/wp\/v2\/types\/page"}],"author":[{"embeddable":true,"href":"https:\/\/x-sports.world\/fr\/wp-json\/wp\/v2\/users\/1"}],"replies":[{"embeddable":true,"href":"https:\/\/x-sports.world\/fr\/wp-json\/wp\/v2\/comments?post=3"}],"version-history":[{"count":2,"href":"https:\/\/x-sports.world\/fr\/wp-json\/wp\/v2\/pages\/3\/revisions"}],"predecessor-version":[{"id":324,"href":"https:\/\/x-sports.world\/fr\/wp-json\/wp\/v2\/pages\/3\/revisions\/324"}],"wp:attachment":[{"href":"https:\/\/x-sports.world\/fr\/wp-json\/wp\/v2\/media?parent=3"}],"curies":[{"name":"wp","href":"https:\/\/api.w.org\/{rel}","templated":true}]}}