{"id":2662,"date":"2025-04-15T22:44:04","date_gmt":"2025-04-15T20:44:04","guid":{"rendered":"https:\/\/x-sports.world\/?post_type=product&#038;p=2662"},"modified":"2025-05-07T15:30:44","modified_gmt":"2025-05-07T13:30:44","slug":"wakeboard-x-wake-electron-2023-outlet","status":"publish","type":"product","link":"https:\/\/x-sports.world\/es\/product\/wakeboard-x-wake-electron-2023-outlet\/","title":{"rendered":"TABLA DE WAKE X-WAKE ELECTRON 2023 OUTLET"},"content":{"rendered":"<h1>Tabla de wakeboard X-WAKE ELECTRON 2023<\/h1>\n<p>Electron es nuestra m\u00e1quina trituradora dise\u00f1ada para riders apasionados que esperan la mejor sensaci\u00f3n sobre rieles y un pop incre\u00edble.<span class=\"Apple-converted-space\">\u00a0<\/span>Gracias a su fondo plano y su flex suave podr\u00e1s descubrir posibilidades completamente nuevas que ofrece la tabla.<span class=\"Apple-converted-space\">\u00a0<\/span>La nueva postura estrecha te da m\u00e1s confianza al hacer shredder: los aterrizajes suaves y las presiones enfermizas nunca fueron tan obvias antes.<span class=\"Apple-converted-space\">\u00a0<\/span>La conexi\u00f3n entre la madera y la fibra de carbono combinada con la longitud y la flexi\u00f3n suave forma una tabla que nunca antes has usado. Electron brinda una nueva experiencia similar a la del snowboard para todos los riders que aman el jibbing y quieren divertirse sin fin en el agua.<\/p>\n<p><img fetchpriority=\"high\" decoding=\"async\" class=\"aligncenter wp-image-2594 size-full\" src=\"https:\/\/x-sports.world\/wp-content\/uploads\/2025\/04\/OUT-ELECTRON-2023X.jpg\" alt=\"\" width=\"1920\" height=\"1200\" srcset=\"https:\/\/x-sports.world\/wp-content\/uploads\/2025\/04\/OUT-ELECTRON-2023X.jpg 1920w, https:\/\/x-sports.world\/wp-content\/uploads\/2025\/04\/OUT-ELECTRON-2023X-300x188.jpg 300w, https:\/\/x-sports.world\/wp-content\/uploads\/2025\/04\/OUT-ELECTRON-2023X-1024x640.jpg 1024w, https:\/\/x-sports.world\/wp-content\/uploads\/2025\/04\/OUT-ELECTRON-2023X-768x480.jpg 768w, https:\/\/x-sports.world\/wp-content\/uploads\/2025\/04\/OUT-ELECTRON-2023X-1536x960.jpg 1536w, https:\/\/x-sports.world\/wp-content\/uploads\/2025\/04\/OUT-ELECTRON-2023X-600x375.jpg 600w\" sizes=\"(max-width: 1920px) 100vw, 1920px\" \/><\/p>\n<h2 style=\"text-align: center;\">TECNOLOG\u00cdA<\/h2>\n<h3 style=\"text-align: center;\">N\u00daCLEO DE MADERA ELECTR\u00d3NICO<\/h3>\n<p>Para conseguir un buen POP, toda buena tabla necesita un n\u00facleo de madera s\u00f3lido y de grano largo. El n\u00facleo de madera de Paulownia fresada con CNC es el coraz\u00f3n de cada tabla X WAKE.<\/p>\n<h3 style=\"text-align: center;\">CONSTRUCCI\u00d3N DE CARBONO ELECTR\u00d3NICO<\/h3>\n<p><img decoding=\"async\" class=\"aligncenter wp-image-2668 size-full\" src=\"https:\/\/x-sports.world\/wp-content\/uploads\/2025\/04\/2.jpg\" alt=\"\" width=\"1920\" height=\"1200\" srcset=\"https:\/\/x-sports.world\/wp-content\/uploads\/2025\/04\/2.jpg 1920w, https:\/\/x-sports.world\/wp-content\/uploads\/2025\/04\/2-300x188.jpg 300w, https:\/\/x-sports.world\/wp-content\/uploads\/2025\/04\/2-1024x640.jpg 1024w, https:\/\/x-sports.world\/wp-content\/uploads\/2025\/04\/2-768x480.jpg 768w, https:\/\/x-sports.world\/wp-content\/uploads\/2025\/04\/2-1536x960.jpg 1536w, https:\/\/x-sports.world\/wp-content\/uploads\/2025\/04\/2-600x375.jpg 600w\" sizes=\"(max-width: 1920px) 100vw, 1920px\" \/><\/p>\n<p>El uso de m\u00faltiples capas es un proceso estrat\u00e9gico que implica el uso de conocimiento y experiencia. Esto es clave para lograr una resistencia \u00f3ptima y caracter\u00edsticas impresionantes. La fibra de carbono desempe\u00f1a un papel fundamental en la mejora de la CONSTRUCCI\u00d3N DE CARBONO.<br \/>\nEl uso de m\u00faltiples capas es un proceso estrat\u00e9gico que implica conocimiento y experiencia. Esto es clave para lograr una resistencia \u00f3ptima y caracter\u00edsticas impresionantes. La fibra de carbono juega un papel fundamental en la mejora del pop de la tabla, aportando un rebote extra a tu deslizamiento.<\/p>\n<h3 style=\"text-align: center;\">ELECTR\u00d3N DE SUPERFICIE PLANA<\/h3>\n<p>El <strong>PARTE SUPERIOR PLANA<\/strong> El dise\u00f1o de la tabla la hace simple y c\u00f3moda. Su superficie uniforme distribuye la flexi\u00f3n a lo largo de la tabla, haci\u00e9ndola sensible en todas las direcciones.<\/p>\n<h3 style=\"text-align: center;\">BASE HEXAGONAL ELECTR\u00d3NICA<\/h3>\n<p>La estructura hexagonal rompe la tensi\u00f3n de la superficie del agua al aterrizar, tambi\u00e9n disminuye la fricci\u00f3n en el agua y las caracter\u00edsticas del wakepark le brindan una sensaci\u00f3n de suavidad incluso en obst\u00e1culos secos.<\/p>\n<h3 style=\"text-align: center;\">INSERTOS RESISTENTES DE BOTA ELECTR\u00d3NICA<\/h3>\n<p>Las tablas de wakeboard X est\u00e1n dise\u00f1adas con insertos reforzados para evitar que las botas se desprendan de la tabla. Adem\u00e1s, las m\u00faltiples capas de carbono en su construcci\u00f3n no solo le aportan resistencia y empuje, sino que tambi\u00e9n mejoran la durabilidad de estos insertos, asegurando a\u00fan m\u00e1s las botas y garantizando una experiencia de wakeboard m\u00e1s segura y placentera.<\/p>\n<h3 style=\"text-align: center;\">ELECTRON 3.0 PRO MODELO BALANC\u00cdN CONTINUO<\/h3>\n<p>El dise\u00f1o de rocker continuo se caracteriza por una curva \u00fanica e ininterrumpida de punta a cola, lo que le da a la tabla un arco uniforme. Este dise\u00f1o da como resultado tablas que ofrecen una conducci\u00f3n m\u00e1s suave y r\u00e1pida, permiten aterrizajes m\u00e1s suaves y facilitan un corte sin esfuerzo.<\/p>\n<h3 style=\"text-align: center;\">MODELO ELECTRON 3.0 PRO <span style=\"color: #00ff00;\">BIO RESINA \u2013<\/span> <span style=\"color: #00ff00;\">Poxi verde<\/span><\/h3>\n<p>GreenPoxy es una l\u00ednea de resinas epoxi de origen biol\u00f3gico desarrollada por Sicomin, dise\u00f1ada para reducir el impacto ambiental. Estas resinas utilizan materias primas renovables de origen vegetal, lo que las convierte en una alternativa ecol\u00f3gica a los productos petroqu\u00edmicos tradicionales. GreenPoxy ofrece un alto rendimiento mec\u00e1nico y transparencia, a la vez que reduce las emisiones de CO2. Hasta el 50% de su estructura molecular proviene de fuentes vegetales. Se utiliza en diversas industrias, como la de tablas de surf y laminados, para ofrecer un rendimiento sostenible sin comprometer la calidad.<\/p>\n<p>Para obtener m\u00e1s informaci\u00f3n, visite GreenPoxy.<\/p>\n<p><img decoding=\"async\" class=\"aligncenter wp-image-1491 size-medium\" src=\"https:\/\/x-sports.world\/wp-content\/uploads\/2025\/04\/SICOMIN-BIO-RESIN-300x300.png\" alt=\"\" width=\"300\" height=\"300\" srcset=\"https:\/\/x-sports.world\/wp-content\/uploads\/2025\/04\/SICOMIN-BIO-RESIN-300x300.png 300w, https:\/\/x-sports.world\/wp-content\/uploads\/2025\/04\/SICOMIN-BIO-RESIN-1024x1024.png 1024w, https:\/\/x-sports.world\/wp-content\/uploads\/2025\/04\/SICOMIN-BIO-RESIN-150x150.png 150w, https:\/\/x-sports.world\/wp-content\/uploads\/2025\/04\/SICOMIN-BIO-RESIN-768x768.png 768w, https:\/\/x-sports.world\/wp-content\/uploads\/2025\/04\/SICOMIN-BIO-RESIN-600x600.png 600w, https:\/\/x-sports.world\/wp-content\/uploads\/2025\/04\/SICOMIN-BIO-RESIN-100x100.png 100w, https:\/\/x-sports.world\/wp-content\/uploads\/2025\/04\/SICOMIN-BIO-RESIN-50x50.png 50w, https:\/\/x-sports.world\/wp-content\/uploads\/2025\/04\/SICOMIN-BIO-RESIN.png 1200w\" sizes=\"(max-width: 300px) 100vw, 300px\" \/><\/p>\n<p>&nbsp;<\/p>","protected":false},"excerpt":{"rendered":"<p>Electron es nuestra m\u00e1quina trituradora dise\u00f1ada para riders apasionados que esperan la mejor sensaci\u00f3n sobre rieles y un pop incre\u00edble.<span class=\"Apple-converted-space\">\u00a0<\/span><\/p>\n<p>&nbsp;<\/p>","protected":false},"featured_media":2593,"template":"","meta":[],"product_brand":[],"product_cat":[56],"product_tag":[],"class_list":{"0":"post-2662","1":"product","2":"type-product","3":"status-publish","4":"has-post-thumbnail","6":"product_cat-outlet-x-wake","7":"product_shipping_class-wake-boards","9":"first","10":"instock","11":"sale","12":"taxable","13":"shipping-taxable","14":"purchasable","15":"product-type-variable"},"yoast_head":"<!-- This site is optimized with the Yoast SEO plugin v26.4 - https:\/\/yoast.com\/wordpress\/plugins\/seo\/ -->\n<title>WAKEBOARD X-WAKE ELECTRON 2023 OUTLET - X-Sports.world - X-Wake | X-Surf<\/title>\n<meta name=\"robots\" content=\"index, follow, max-snippet:-1, max-image-preview:large, max-video-preview:-1\" \/>\n<link rel=\"canonical\" href=\"https:\/\/x-sports.world\/es\/product\/wakeboard-x-wake-electron-2023-outlet\/\" \/>\n<meta property=\"og:locale\" content=\"es_ES\" \/>\n<meta property=\"og:type\" content=\"article\" \/>\n<meta property=\"og:title\" content=\"WAKEBOARD X-WAKE ELECTRON 2023 OUTLET - X-Sports.world - X-Wake | X-Surf\" \/>\n<meta property=\"og:description\" content=\"Electron is our shredding machine made for sick riders who expect ultimate rails feeling and awesome pop.\u00a0  &nbsp;\" \/>\n<meta property=\"og:url\" content=\"https:\/\/x-sports.world\/es\/product\/wakeboard-x-wake-electron-2023-outlet\/\" \/>\n<meta property=\"og:site_name\" content=\"X-Sports.world - X-Wake | X-Surf\" \/>\n<meta property=\"article:modified_time\" content=\"2025-05-07T13:30:44+00:00\" \/>\n<meta property=\"og:image\" content=\"https:\/\/x-sports.world\/wp-content\/uploads\/2025\/04\/OUT-ELECTRON-2023.jpg\" \/>\n\t<meta property=\"og:image:width\" content=\"1200\" \/>\n\t<meta property=\"og:image:height\" content=\"1200\" \/>\n\t<meta property=\"og:image:type\" content=\"image\/jpeg\" \/>\n<meta name=\"twitter:card\" content=\"summary_large_image\" \/>\n<meta name=\"twitter:label1\" content=\"Tiempo de lectura\" \/>\n\t<meta name=\"twitter:data1\" content=\"2 minutos\" \/>\n<script type=\"application\/ld+json\" class=\"yoast-schema-graph\">{\"@context\":\"https:\/\/schema.org\",\"@graph\":[{\"@type\":\"WebPage\",\"@id\":\"https:\/\/x-sports.world\/product\/wakeboard-x-wake-electron-2023-outlet\/\",\"url\":\"https:\/\/x-sports.world\/product\/wakeboard-x-wake-electron-2023-outlet\/\",\"name\":\"WAKEBOARD X-WAKE ELECTRON 2023 OUTLET - X-Sports.world - X-Wake | X-Surf\",\"isPartOf\":{\"@id\":\"https:\/\/x-sports.world\/#website\"},\"primaryImageOfPage\":{\"@id\":\"https:\/\/x-sports.world\/product\/wakeboard-x-wake-electron-2023-outlet\/#primaryimage\"},\"image\":{\"@id\":\"https:\/\/x-sports.world\/product\/wakeboard-x-wake-electron-2023-outlet\/#primaryimage\"},\"thumbnailUrl\":\"https:\/\/x-sports.world\/wp-content\/uploads\/2025\/04\/OUT-ELECTRON-2023.jpg\",\"datePublished\":\"2025-04-15T20:44:04+00:00\",\"dateModified\":\"2025-05-07T13:30:44+00:00\",\"breadcrumb\":{\"@id\":\"https:\/\/x-sports.world\/product\/wakeboard-x-wake-electron-2023-outlet\/#breadcrumb\"},\"inLanguage\":\"es\",\"potentialAction\":[{\"@type\":\"ReadAction\",\"target\":[\"https:\/\/x-sports.world\/product\/wakeboard-x-wake-electron-2023-outlet\/\"]}]},{\"@type\":\"ImageObject\",\"inLanguage\":\"es\",\"@id\":\"https:\/\/x-sports.world\/product\/wakeboard-x-wake-electron-2023-outlet\/#primaryimage\",\"url\":\"https:\/\/x-sports.world\/wp-content\/uploads\/2025\/04\/OUT-ELECTRON-2023.jpg\",\"contentUrl\":\"https:\/\/x-sports.world\/wp-content\/uploads\/2025\/04\/OUT-ELECTRON-2023.jpg\",\"width\":1200,\"height\":1200},{\"@type\":\"BreadcrumbList\",\"@id\":\"https:\/\/x-sports.world\/product\/wakeboard-x-wake-electron-2023-outlet\/#breadcrumb\",\"itemListElement\":[{\"@type\":\"ListItem\",\"position\":1,\"name\":\"Home\",\"item\":\"https:\/\/x-sports.world\/\"},{\"@type\":\"ListItem\",\"position\":2,\"name\":\"Shop\",\"item\":\"https:\/\/x-sports.world\/shop\/\"},{\"@type\":\"ListItem\",\"position\":3,\"name\":\"WAKEBOARD X-WAKE ELECTRON 2023 OUTLET\"}]},{\"@type\":\"WebSite\",\"@id\":\"https:\/\/x-sports.world\/#website\",\"url\":\"https:\/\/x-sports.world\/\",\"name\":\"X-Sports.world - X-Wake Wakeboards | X-Surf Surfboards\",\"description\":\"Kolejna witryna WordPress\",\"publisher\":{\"@id\":\"https:\/\/x-sports.world\/#organization\"},\"potentialAction\":[{\"@type\":\"SearchAction\",\"target\":{\"@type\":\"EntryPoint\",\"urlTemplate\":\"https:\/\/x-sports.world\/?s={search_term_string}\"},\"query-input\":{\"@type\":\"PropertyValueSpecification\",\"valueRequired\":true,\"valueName\":\"search_term_string\"}}],\"inLanguage\":\"es\"},{\"@type\":\"Organization\",\"@id\":\"https:\/\/x-sports.world\/#organization\",\"name\":\"X-Sports.world - X-Wake | X-Surf\",\"url\":\"https:\/\/x-sports.world\/\",\"logo\":{\"@type\":\"ImageObject\",\"inLanguage\":\"es\",\"@id\":\"https:\/\/x-sports.world\/#\/schema\/logo\/image\/\",\"url\":\"https:\/\/x-sports.world\/wp-content\/uploads\/2025\/04\/XSPORTS-BLACK-LOGO.png\",\"contentUrl\":\"https:\/\/x-sports.world\/wp-content\/uploads\/2025\/04\/XSPORTS-BLACK-LOGO.png\",\"width\":3810,\"height\":1016,\"caption\":\"X-Sports.world - X-Wake | X-Surf\"},\"image\":{\"@id\":\"https:\/\/x-sports.world\/#\/schema\/logo\/image\/\"}}]}<\/script>\n<!-- \/ Yoast SEO plugin. -->","yoast_head_json":{"title":"TABLA DE WAKE X-WAKE ELECTRON 2023 - X-Sports.world - X-Wake | X-Surf","robots":{"index":"index","follow":"follow","max-snippet":"max-snippet:-1","max-image-preview":"max-image-preview:large","max-video-preview":"max-video-preview:-1"},"canonical":"https:\/\/x-sports.world\/es\/product\/wakeboard-x-wake-electron-2023-outlet\/","og_locale":"es_ES","og_type":"article","og_title":"WAKEBOARD X-WAKE ELECTRON 2023 OUTLET - X-Sports.world - X-Wake | X-Surf","og_description":"Electron is our shredding machine made for sick riders who expect ultimate rails feeling and awesome pop.\u00a0  &nbsp;","og_url":"https:\/\/x-sports.world\/es\/product\/wakeboard-x-wake-electron-2023-outlet\/","og_site_name":"X-Sports.world - X-Wake | X-Surf","article_modified_time":"2025-05-07T13:30:44+00:00","og_image":[{"width":1200,"height":1200,"url":"https:\/\/x-sports.world\/wp-content\/uploads\/2025\/04\/OUT-ELECTRON-2023.jpg","type":"image\/jpeg"}],"twitter_card":"summary_large_image","twitter_misc":{"Tiempo de lectura":"2 minutos"},"schema":{"@context":"https:\/\/schema.org","@graph":[{"@type":"WebPage","@id":"https:\/\/x-sports.world\/product\/wakeboard-x-wake-electron-2023-outlet\/","url":"https:\/\/x-sports.world\/product\/wakeboard-x-wake-electron-2023-outlet\/","name":"TABLA DE WAKE X-WAKE ELECTRON 2023 - X-Sports.world - X-Wake | X-Surf","isPartOf":{"@id":"https:\/\/x-sports.world\/#website"},"primaryImageOfPage":{"@id":"https:\/\/x-sports.world\/product\/wakeboard-x-wake-electron-2023-outlet\/#primaryimage"},"image":{"@id":"https:\/\/x-sports.world\/product\/wakeboard-x-wake-electron-2023-outlet\/#primaryimage"},"thumbnailUrl":"https:\/\/x-sports.world\/wp-content\/uploads\/2025\/04\/OUT-ELECTRON-2023.jpg","datePublished":"2025-04-15T20:44:04+00:00","dateModified":"2025-05-07T13:30:44+00:00","breadcrumb":{"@id":"https:\/\/x-sports.world\/product\/wakeboard-x-wake-electron-2023-outlet\/#breadcrumb"},"inLanguage":"es","potentialAction":[{"@type":"ReadAction","target":["https:\/\/x-sports.world\/product\/wakeboard-x-wake-electron-2023-outlet\/"]}]},{"@type":"ImageObject","inLanguage":"es","@id":"https:\/\/x-sports.world\/product\/wakeboard-x-wake-electron-2023-outlet\/#primaryimage","url":"https:\/\/x-sports.world\/wp-content\/uploads\/2025\/04\/OUT-ELECTRON-2023.jpg","contentUrl":"https:\/\/x-sports.world\/wp-content\/uploads\/2025\/04\/OUT-ELECTRON-2023.jpg","width":1200,"height":1200},{"@type":"BreadcrumbList","@id":"https:\/\/x-sports.world\/product\/wakeboard-x-wake-electron-2023-outlet\/#breadcrumb","itemListElement":[{"@type":"ListItem","position":1,"name":"Home","item":"https:\/\/x-sports.world\/"},{"@type":"ListItem","position":2,"name":"Shop","item":"https:\/\/x-sports.world\/shop\/"},{"@type":"ListItem","position":3,"name":"WAKEBOARD X-WAKE ELECTRON 2023 OUTLET"}]},{"@type":"WebSite","@id":"https:\/\/x-sports.world\/#website","url":"https:\/\/x-sports.world\/","name":"X-Sports.world - Tablas de wakeboard X-Wake | Tablas de surf X-Surf","description":"Otro sitio web de WordPress","publisher":{"@id":"https:\/\/x-sports.world\/#organization"},"potentialAction":[{"@type":"SearchAction","target":{"@type":"EntryPoint","urlTemplate":"https:\/\/x-sports.world\/?s={search_term_string}"},"query-input":{"@type":"PropertyValueSpecification","valueRequired":true,"valueName":"search_term_string"}}],"inLanguage":"es"},{"@type":"Organization","@id":"https:\/\/x-sports.world\/#organization","name":"X-Sports.world - X-Wake | X-Surf","url":"https:\/\/x-sports.world\/","logo":{"@type":"ImageObject","inLanguage":"es","@id":"https:\/\/x-sports.world\/#\/schema\/logo\/image\/","url":"https:\/\/x-sports.world\/wp-content\/uploads\/2025\/04\/XSPORTS-BLACK-LOGO.png","contentUrl":"https:\/\/x-sports.world\/wp-content\/uploads\/2025\/04\/XSPORTS-BLACK-LOGO.png","width":3810,"height":1016,"caption":"X-Sports.world - X-Wake | X-Surf"},"image":{"@id":"https:\/\/x-sports.world\/#\/schema\/logo\/image\/"}}]}},"_links":{"self":[{"href":"https:\/\/x-sports.world\/es\/wp-json\/wp\/v2\/product\/2662","targetHints":{"allow":["GET"]}}],"collection":[{"href":"https:\/\/x-sports.world\/es\/wp-json\/wp\/v2\/product"}],"about":[{"href":"https:\/\/x-sports.world\/es\/wp-json\/wp\/v2\/types\/product"}],"version-history":[{"count":3,"href":"https:\/\/x-sports.world\/es\/wp-json\/wp\/v2\/product\/2662\/revisions"}],"predecessor-version":[{"id":2747,"href":"https:\/\/x-sports.world\/es\/wp-json\/wp\/v2\/product\/2662\/revisions\/2747"}],"wp:featuredmedia":[{"embeddable":true,"href":"https:\/\/x-sports.world\/es\/wp-json\/wp\/v2\/media\/2593"}],"wp:attachment":[{"href":"https:\/\/x-sports.world\/es\/wp-json\/wp\/v2\/media?parent=2662"}],"wp:term":[{"taxonomy":"product_brand","embeddable":true,"href":"https:\/\/x-sports.world\/es\/wp-json\/wp\/v2\/product_brand?post=2662"},{"taxonomy":"product_cat","embeddable":true,"href":"https:\/\/x-sports.world\/es\/wp-json\/wp\/v2\/product_cat?post=2662"},{"taxonomy":"product_tag","embeddable":true,"href":"https:\/\/x-sports.world\/es\/wp-json\/wp\/v2\/product_tag?post=2662"}],"curies":[{"name":"wp","href":"https:\/\/api.w.org\/{rel}","templated":true}]}}