{"id":2629,"date":"2025-04-15T22:17:34","date_gmt":"2025-04-15T20:17:34","guid":{"rendered":"https:\/\/x-sports.world\/?post_type=product&#038;p=2629"},"modified":"2026-03-17T16:00:49","modified_gmt":"2026-03-17T14:00:49","slug":"wakeboard-x-wake-neutrino-2023-outlet","status":"publish","type":"product","link":"https:\/\/x-sports.world\/es\/product\/wakeboard-x-wake-neutrino-2023-outlet\/","title":{"rendered":"TABLA DE WAKE X-WAKE NEUTRINO 2023 OUTLET"},"content":{"rendered":"<h1>Tabla de wakeboard X-WAKE NEUTRINO 2023<\/h1>\n<p>Conoce la Neutrino: una tabla de wakeboard dise\u00f1ada para riders ligeros y principiantes exigentes. No es solo una versi\u00f3n m\u00e1s peque\u00f1a de la Neutron. La Neutrino es una Neutron m\u00e1s suave, estrecha y un poco m\u00e1s flexible.<\/p>\n<p>Dise\u00f1amos este producto para nuestros riders. Las puntas de la tabla de wakeboard se doblan f\u00e1cilmente y te ayudan cuando lo necesitas. Un pop explosivo y una flexi\u00f3n media son todo lo que necesitas para presiones suaves y un control de cantos impresionante. No olvides la construcci\u00f3n de carbono: un n\u00facleo de madera de Paulownia combinado con tejido de fibra de carbono. Los cantos est\u00e1n biselados, lo que proporciona m\u00e1xima durabilidad. Te sorprender\u00e1. Adem\u00e1s, los multicanales ubicados en las puntas fueron fresados con precisi\u00f3n CNC para un control m\u00e1ximo de la presi\u00f3n, a la vez que permiten una estabilidad inigualable al cantear. El NEUTRINO permite a los riders m\u00e1s peque\u00f1os dominar el agua. \u00a1Consigue el tuyo hoy mismo y experimenta su potencia!<\/p>\n<p><img fetchpriority=\"high\" decoding=\"async\" class=\"aligncenter wp-image-2595 size-full\" src=\"https:\/\/x-sports.world\/wp-content\/uploads\/2025\/04\/OUT-NEUTRINO-2023X.jpg\" alt=\"\" width=\"1920\" height=\"1200\" srcset=\"https:\/\/x-sports.world\/wp-content\/uploads\/2025\/04\/OUT-NEUTRINO-2023X.jpg 1920w, https:\/\/x-sports.world\/wp-content\/uploads\/2025\/04\/OUT-NEUTRINO-2023X-300x188.jpg 300w, https:\/\/x-sports.world\/wp-content\/uploads\/2025\/04\/OUT-NEUTRINO-2023X-1024x640.jpg 1024w, https:\/\/x-sports.world\/wp-content\/uploads\/2025\/04\/OUT-NEUTRINO-2023X-768x480.jpg 768w, https:\/\/x-sports.world\/wp-content\/uploads\/2025\/04\/OUT-NEUTRINO-2023X-1536x960.jpg 1536w, https:\/\/x-sports.world\/wp-content\/uploads\/2025\/04\/OUT-NEUTRINO-2023X-600x375.jpg 600w\" sizes=\"(max-width: 1920px) 100vw, 1920px\" \/><\/p>\n<h2 style=\"text-align: center;\">TECNOLOG\u00cdA<\/h2>\n<h3 style=\"text-align: center;\">N\u00daCLEO DE MADERA NEUTRINO<\/h3>\n<p>Para conseguir un buen POP, toda buena tabla necesita un n\u00facleo de madera s\u00f3lido y de grano largo. El n\u00facleo de madera de Paulownia fresada con CNC es el coraz\u00f3n de cada tabla X WAKE.<\/p>\n<p><img decoding=\"async\" class=\"aligncenter wp-image-1939 size-full\" src=\"https:\/\/x-sports.world\/wp-content\/uploads\/2025\/04\/NEUTRINO-WOODCOREX.jpg\" alt=\"\" width=\"1920\" height=\"1200\" srcset=\"https:\/\/x-sports.world\/wp-content\/uploads\/2025\/04\/NEUTRINO-WOODCOREX.jpg 1920w, https:\/\/x-sports.world\/wp-content\/uploads\/2025\/04\/NEUTRINO-WOODCOREX-300x188.jpg 300w, https:\/\/x-sports.world\/wp-content\/uploads\/2025\/04\/NEUTRINO-WOODCOREX-1024x640.jpg 1024w, https:\/\/x-sports.world\/wp-content\/uploads\/2025\/04\/NEUTRINO-WOODCOREX-768x480.jpg 768w, https:\/\/x-sports.world\/wp-content\/uploads\/2025\/04\/NEUTRINO-WOODCOREX-1536x960.jpg 1536w, https:\/\/x-sports.world\/wp-content\/uploads\/2025\/04\/NEUTRINO-WOODCOREX-600x375.jpg 600w\" sizes=\"(max-width: 1920px) 100vw, 1920px\" \/><\/p>\n<h3 style=\"text-align: center;\">CONSTRUCCI\u00d3N DE CARBONO DE NEUTRINO<\/h3>\n<p>El uso de m\u00faltiples capas es un proceso estrat\u00e9gico que implica el uso de conocimiento y experiencia. Esto es clave para lograr una resistencia \u00f3ptima y caracter\u00edsticas impresionantes. La fibra de carbono desempe\u00f1a un papel fundamental en la mejora de la CONSTRUCCI\u00d3N DE CARBONO.<br \/>\nEl uso de m\u00faltiples capas es un proceso estrat\u00e9gico que implica conocimiento y experiencia. Esto es clave para lograr una resistencia \u00f3ptima y caracter\u00edsticas impresionantes. La fibra de carbono juega un papel fundamental en la mejora del pop de la tabla, aportando un rebote extra a tu deslizamiento.<\/p>\n<p>&nbsp;<\/p>\n<h2><img decoding=\"async\" class=\"aligncenter wp-image-1921 size-full\" src=\"https:\/\/x-sports.world\/wp-content\/uploads\/2025\/04\/NEUTRINO-3X.jpg\" alt=\"\" width=\"1920\" height=\"1200\" srcset=\"https:\/\/x-sports.world\/wp-content\/uploads\/2025\/04\/NEUTRINO-3X.jpg 1920w, https:\/\/x-sports.world\/wp-content\/uploads\/2025\/04\/NEUTRINO-3X-300x188.jpg 300w, https:\/\/x-sports.world\/wp-content\/uploads\/2025\/04\/NEUTRINO-3X-1024x640.jpg 1024w, https:\/\/x-sports.world\/wp-content\/uploads\/2025\/04\/NEUTRINO-3X-768x480.jpg 768w, https:\/\/x-sports.world\/wp-content\/uploads\/2025\/04\/NEUTRINO-3X-1536x960.jpg 1536w, https:\/\/x-sports.world\/wp-content\/uploads\/2025\/04\/NEUTRINO-3X-600x375.jpg 600w\" sizes=\"(max-width: 1920px) 100vw, 1920px\" \/><\/h2>\n<h3 style=\"text-align: center;\">CANALES DE NEUTRINO TRIPLE C<\/h3>\n<p>Ayuda con el tallado y, especialmente, con los trucos a\u00e9reos. Te ayuda a fijar el borde y a saltar m\u00e1s fuerte y m\u00e1s alto.<br \/>\nTambi\u00e9n puede resultarle \u00fatil al presionar sobre rieles y aterrizar en el agua.<\/p>\n<h2><img loading=\"lazy\" decoding=\"async\" class=\"aligncenter wp-image-1922 size-full\" src=\"https:\/\/x-sports.world\/wp-content\/uploads\/2025\/04\/NEUTRINO-4X.jpg\" alt=\"\" width=\"1920\" height=\"1200\" srcset=\"https:\/\/x-sports.world\/wp-content\/uploads\/2025\/04\/NEUTRINO-4X.jpg 1920w, https:\/\/x-sports.world\/wp-content\/uploads\/2025\/04\/NEUTRINO-4X-300x188.jpg 300w, https:\/\/x-sports.world\/wp-content\/uploads\/2025\/04\/NEUTRINO-4X-1024x640.jpg 1024w, https:\/\/x-sports.world\/wp-content\/uploads\/2025\/04\/NEUTRINO-4X-768x480.jpg 768w, https:\/\/x-sports.world\/wp-content\/uploads\/2025\/04\/NEUTRINO-4X-1536x960.jpg 1536w, https:\/\/x-sports.world\/wp-content\/uploads\/2025\/04\/NEUTRINO-4X-600x375.jpg 600w\" sizes=\"(max-width: 1920px) 100vw, 1920px\" \/><\/h2>\n<h3 style=\"text-align: center;\">NEUTRINOS MULTICANALES<\/h3>\n<p>La funci\u00f3n multicanal de tu tabla funciona como unas aletas extendidas y continuas que interrumpen la tensi\u00f3n superficial al aterrizar. Estos canales tambi\u00e9n gu\u00edan el flujo del agua. Algunos est\u00e1n dise\u00f1ados para mejorar tu capacidad de &quot;bloqueo&quot; sobre los cantos.<\/p>\n<p><img loading=\"lazy\" decoding=\"async\" class=\"aligncenter wp-image-1927 size-full\" src=\"https:\/\/x-sports.world\/wp-content\/uploads\/2025\/04\/NEUTRINO-CHANNELS.jpg\" alt=\"\" width=\"1920\" height=\"1200\" srcset=\"https:\/\/x-sports.world\/wp-content\/uploads\/2025\/04\/NEUTRINO-CHANNELS.jpg 1920w, https:\/\/x-sports.world\/wp-content\/uploads\/2025\/04\/NEUTRINO-CHANNELS-300x188.jpg 300w, https:\/\/x-sports.world\/wp-content\/uploads\/2025\/04\/NEUTRINO-CHANNELS-1024x640.jpg 1024w, https:\/\/x-sports.world\/wp-content\/uploads\/2025\/04\/NEUTRINO-CHANNELS-768x480.jpg 768w, https:\/\/x-sports.world\/wp-content\/uploads\/2025\/04\/NEUTRINO-CHANNELS-1536x960.jpg 1536w, https:\/\/x-sports.world\/wp-content\/uploads\/2025\/04\/NEUTRINO-CHANNELS-600x375.jpg 600w\" sizes=\"(max-width: 1920px) 100vw, 1920px\" \/><\/p>\n<h3 style=\"text-align: center;\">INSERTOS RESISTENTES PARA BOTAS NEUTRINO<\/h3>\n<p>Las tablas de wakeboard X est\u00e1n dise\u00f1adas con insertos reforzados para evitar que las botas se desprendan de la tabla. Adem\u00e1s, las m\u00faltiples capas de carbono en su construcci\u00f3n no solo le aportan resistencia y empuje, sino que tambi\u00e9n mejoran la durabilidad de estos insertos, asegurando a\u00fan m\u00e1s las botas y garantizando una experiencia de wakeboard m\u00e1s segura y placentera.<\/p>\n<p>&nbsp;<\/p>\n<h2><img loading=\"lazy\" decoding=\"async\" class=\"wp-image-1920 size-full aligncenter\" src=\"https:\/\/x-sports.world\/wp-content\/uploads\/2025\/04\/NEUTRINO-2X.jpg\" alt=\"\" width=\"1920\" height=\"1200\" srcset=\"https:\/\/x-sports.world\/wp-content\/uploads\/2025\/04\/NEUTRINO-2X.jpg 1920w, https:\/\/x-sports.world\/wp-content\/uploads\/2025\/04\/NEUTRINO-2X-300x188.jpg 300w, https:\/\/x-sports.world\/wp-content\/uploads\/2025\/04\/NEUTRINO-2X-1024x640.jpg 1024w, https:\/\/x-sports.world\/wp-content\/uploads\/2025\/04\/NEUTRINO-2X-768x480.jpg 768w, https:\/\/x-sports.world\/wp-content\/uploads\/2025\/04\/NEUTRINO-2X-1536x960.jpg 1536w, https:\/\/x-sports.world\/wp-content\/uploads\/2025\/04\/NEUTRINO-2X-600x375.jpg 600w\" sizes=\"(max-width: 1920px) 100vw, 1920px\" \/><\/h2>\n<h3 style=\"text-align: center;\">BALANC\u00cdN CONTINUO NEUTRINO<\/h3>\n<p>El dise\u00f1o de rocker continuo se caracteriza por una curva \u00fanica e ininterrumpida de punta a cola, lo que le da a la tabla un arco uniforme. Este dise\u00f1o da como resultado tablas que ofrecen una conducci\u00f3n m\u00e1s suave y r\u00e1pida, permiten aterrizajes m\u00e1s suaves y facilitan un corte sin esfuerzo.<\/p>\n<h3 style=\"text-align: center;\">NEUTRINO <span style=\"color: #00ff00;\">RESINA BIOL\u00d3GICA<\/span> &#8211; <span style=\"color: #00ff00;\">Poxi verde<\/span><\/h3>\n<p>GreenPoxy es una l\u00ednea de resinas epoxi de origen biol\u00f3gico desarrollada por Sicomin, dise\u00f1ada para reducir el impacto ambiental. Estas resinas utilizan materias primas renovables de origen vegetal, lo que las convierte en una alternativa ecol\u00f3gica a los productos petroqu\u00edmicos tradicionales. GreenPoxy ofrece un alto rendimiento mec\u00e1nico y transparencia, a la vez que reduce las emisiones de CO2. Hasta el 50% de su estructura molecular proviene de fuentes vegetales. Se utiliza en diversas industrias, como la de tablas de surf y laminados, para ofrecer un rendimiento sostenible sin comprometer la calidad.<\/p>\n<p>Para obtener m\u00e1s informaci\u00f3n, visite GreenPoxy.<\/p>\n<h2><img loading=\"lazy\" decoding=\"async\" class=\"size-medium wp-image-1808 aligncenter\" src=\"https:\/\/x-sports.world\/wp-content\/uploads\/2025\/04\/NEUTRON-BIO-RESIN-300x188.jpg\" alt=\"\" width=\"300\" height=\"188\" srcset=\"https:\/\/x-sports.world\/wp-content\/uploads\/2025\/04\/NEUTRON-BIO-RESIN-300x188.jpg 300w, https:\/\/x-sports.world\/wp-content\/uploads\/2025\/04\/NEUTRON-BIO-RESIN-1024x640.jpg 1024w, https:\/\/x-sports.world\/wp-content\/uploads\/2025\/04\/NEUTRON-BIO-RESIN-768x480.jpg 768w, https:\/\/x-sports.world\/wp-content\/uploads\/2025\/04\/NEUTRON-BIO-RESIN-1536x960.jpg 1536w, https:\/\/x-sports.world\/wp-content\/uploads\/2025\/04\/NEUTRON-BIO-RESIN-600x375.jpg 600w, https:\/\/x-sports.world\/wp-content\/uploads\/2025\/04\/NEUTRON-BIO-RESIN.jpg 1920w\" sizes=\"(max-width: 300px) 100vw, 300px\" \/><\/h2>\n<h3 style=\"text-align: center;\">NUEVA BASE DE MOLIDO NEUTRINO<\/h3>\n<ul>\n<li>El material tiene propiedades excepcionales de resistencia a la abrasi\u00f3n y al impacto.<\/li>\n<li>Su superficie es antiadherente y autolubricante, lo que facilita su limpieza y mantenimiento.<\/li>\n<li>Posee un bajo coeficiente de fricci\u00f3n y alta resistencia al agrietamiento por tensi\u00f3n.<\/li>\n<li>Se puede confiar en el material para un uso a largo plazo sin ninguna p\u00e9rdida de funcionalidad.<\/li>\n<li>PESO MOLECULAR ULTRA ALTO<\/li>\n<\/ul>\n<h3><img loading=\"lazy\" decoding=\"async\" class=\"aligncenter wp-image-1928 size-full\" src=\"https:\/\/x-sports.world\/wp-content\/uploads\/2025\/04\/NEUTRINO-GRIND-BASEX.jpg\" alt=\"\" width=\"1920\" height=\"1200\" srcset=\"https:\/\/x-sports.world\/wp-content\/uploads\/2025\/04\/NEUTRINO-GRIND-BASEX.jpg 1920w, https:\/\/x-sports.world\/wp-content\/uploads\/2025\/04\/NEUTRINO-GRIND-BASEX-300x188.jpg 300w, https:\/\/x-sports.world\/wp-content\/uploads\/2025\/04\/NEUTRINO-GRIND-BASEX-1024x640.jpg 1024w, https:\/\/x-sports.world\/wp-content\/uploads\/2025\/04\/NEUTRINO-GRIND-BASEX-768x480.jpg 768w, https:\/\/x-sports.world\/wp-content\/uploads\/2025\/04\/NEUTRINO-GRIND-BASEX-1536x960.jpg 1536w, https:\/\/x-sports.world\/wp-content\/uploads\/2025\/04\/NEUTRINO-GRIND-BASEX-600x375.jpg 600w\" sizes=\"(max-width: 1920px) 100vw, 1920px\" \/><\/h3>\n<p><img loading=\"lazy\" decoding=\"async\" class=\"aligncenter wp-image-1924 size-full\" src=\"https:\/\/x-sports.world\/wp-content\/uploads\/2025\/04\/NEUTRINO-6X.jpg\" alt=\"\" width=\"1920\" height=\"1200\" srcset=\"https:\/\/x-sports.world\/wp-content\/uploads\/2025\/04\/NEUTRINO-6X.jpg 1920w, https:\/\/x-sports.world\/wp-content\/uploads\/2025\/04\/NEUTRINO-6X-300x188.jpg 300w, https:\/\/x-sports.world\/wp-content\/uploads\/2025\/04\/NEUTRINO-6X-1024x640.jpg 1024w, https:\/\/x-sports.world\/wp-content\/uploads\/2025\/04\/NEUTRINO-6X-768x480.jpg 768w, https:\/\/x-sports.world\/wp-content\/uploads\/2025\/04\/NEUTRINO-6X-1536x960.jpg 1536w, https:\/\/x-sports.world\/wp-content\/uploads\/2025\/04\/NEUTRINO-6X-600x375.jpg 600w\" sizes=\"(max-width: 1920px) 100vw, 1920px\" \/><\/p>","protected":false},"excerpt":{"rendered":"<p>Neutrino: una tabla de wakeboard dise\u00f1ada para riders ligeros y principiantes exigentes. No es solo una versi\u00f3n m\u00e1s peque\u00f1a del Neutron. El Neutrino es un Neutron m\u00e1s suave, estrecho y un poco m\u00e1s flexible.<\/p>\n<p>&nbsp;<\/p>","protected":false},"featured_media":2640,"template":"","meta":[],"product_brand":[],"product_cat":[56],"product_tag":[],"class_list":{"0":"post-2629","1":"product","2":"type-product","3":"status-publish","4":"has-post-thumbnail","6":"product_cat-outlet-x-wake","7":"product_shipping_class-wake-boards","9":"first","10":"instock","11":"sale","12":"taxable","13":"shipping-taxable","14":"purchasable","15":"product-type-variable"},"yoast_head":"<!-- This site is optimized with the Yoast SEO plugin v26.4 - https:\/\/yoast.com\/wordpress\/plugins\/seo\/ -->\n<title>WAKEBOARD X-WAKE NEUTRINO 2023 OUTLET - X-Sports.world - X-Wake | X-Surf<\/title>\n<meta name=\"robots\" content=\"index, follow, max-snippet:-1, max-image-preview:large, max-video-preview:-1\" \/>\n<link rel=\"canonical\" href=\"https:\/\/x-sports.world\/es\/product\/wakeboard-x-wake-neutrino-2023-outlet\/\" \/>\n<meta property=\"og:locale\" content=\"es_ES\" \/>\n<meta property=\"og:type\" content=\"article\" \/>\n<meta property=\"og:title\" content=\"WAKEBOARD X-WAKE NEUTRINO 2023 OUTLET - X-Sports.world - X-Wake | X-Surf\" \/>\n<meta property=\"og:description\" content=\"Neutrino - a wakeboard build for lighter riders and shredding rookies. It&#039;s not just a smaller version of Neutron. The Neutrino is a softer, narrower, and a bit more flexy Neutron.  &nbsp;\" \/>\n<meta property=\"og:url\" content=\"https:\/\/x-sports.world\/es\/product\/wakeboard-x-wake-neutrino-2023-outlet\/\" \/>\n<meta property=\"og:site_name\" content=\"X-Sports.world - X-Wake | X-Surf\" \/>\n<meta property=\"article:modified_time\" content=\"2026-03-17T14:00:49+00:00\" \/>\n<meta property=\"og:image\" content=\"https:\/\/x-sports.world\/wp-content\/uploads\/2025\/04\/OUT-NEUTRINO-ALL-2023.jpg\" \/>\n\t<meta property=\"og:image:width\" content=\"1200\" \/>\n\t<meta property=\"og:image:height\" content=\"1200\" \/>\n\t<meta property=\"og:image:type\" content=\"image\/jpeg\" \/>\n<meta name=\"twitter:card\" content=\"summary_large_image\" \/>\n<meta name=\"twitter:label1\" content=\"Tiempo de lectura\" \/>\n\t<meta name=\"twitter:data1\" content=\"3 minutos\" \/>\n<script type=\"application\/ld+json\" class=\"yoast-schema-graph\">{\"@context\":\"https:\/\/schema.org\",\"@graph\":[{\"@type\":\"WebPage\",\"@id\":\"https:\/\/x-sports.world\/product\/wakeboard-x-wake-neutrino-2023-outlet\/\",\"url\":\"https:\/\/x-sports.world\/product\/wakeboard-x-wake-neutrino-2023-outlet\/\",\"name\":\"WAKEBOARD X-WAKE NEUTRINO 2023 OUTLET - X-Sports.world - X-Wake | X-Surf\",\"isPartOf\":{\"@id\":\"https:\/\/x-sports.world\/#website\"},\"primaryImageOfPage\":{\"@id\":\"https:\/\/x-sports.world\/product\/wakeboard-x-wake-neutrino-2023-outlet\/#primaryimage\"},\"image\":{\"@id\":\"https:\/\/x-sports.world\/product\/wakeboard-x-wake-neutrino-2023-outlet\/#primaryimage\"},\"thumbnailUrl\":\"https:\/\/x-sports.world\/wp-content\/uploads\/2025\/04\/OUT-NEUTRINO-ALL-2023.jpg\",\"datePublished\":\"2025-04-15T20:17:34+00:00\",\"dateModified\":\"2026-03-17T14:00:49+00:00\",\"breadcrumb\":{\"@id\":\"https:\/\/x-sports.world\/product\/wakeboard-x-wake-neutrino-2023-outlet\/#breadcrumb\"},\"inLanguage\":\"es\",\"potentialAction\":[{\"@type\":\"ReadAction\",\"target\":[\"https:\/\/x-sports.world\/product\/wakeboard-x-wake-neutrino-2023-outlet\/\"]}]},{\"@type\":\"ImageObject\",\"inLanguage\":\"es\",\"@id\":\"https:\/\/x-sports.world\/product\/wakeboard-x-wake-neutrino-2023-outlet\/#primaryimage\",\"url\":\"https:\/\/x-sports.world\/wp-content\/uploads\/2025\/04\/OUT-NEUTRINO-ALL-2023.jpg\",\"contentUrl\":\"https:\/\/x-sports.world\/wp-content\/uploads\/2025\/04\/OUT-NEUTRINO-ALL-2023.jpg\",\"width\":1200,\"height\":1200},{\"@type\":\"BreadcrumbList\",\"@id\":\"https:\/\/x-sports.world\/product\/wakeboard-x-wake-neutrino-2023-outlet\/#breadcrumb\",\"itemListElement\":[{\"@type\":\"ListItem\",\"position\":1,\"name\":\"Home\",\"item\":\"https:\/\/x-sports.world\/\"},{\"@type\":\"ListItem\",\"position\":2,\"name\":\"Shop\",\"item\":\"https:\/\/x-sports.world\/shop\/\"},{\"@type\":\"ListItem\",\"position\":3,\"name\":\"WAKEBOARD X-WAKE NEUTRINO 2023 OUTLET\"}]},{\"@type\":\"WebSite\",\"@id\":\"https:\/\/x-sports.world\/#website\",\"url\":\"https:\/\/x-sports.world\/\",\"name\":\"X-Sports.world - X-Wake Wakeboards | X-Surf Surfboards\",\"description\":\"Kolejna witryna WordPress\",\"publisher\":{\"@id\":\"https:\/\/x-sports.world\/#organization\"},\"potentialAction\":[{\"@type\":\"SearchAction\",\"target\":{\"@type\":\"EntryPoint\",\"urlTemplate\":\"https:\/\/x-sports.world\/?s={search_term_string}\"},\"query-input\":{\"@type\":\"PropertyValueSpecification\",\"valueRequired\":true,\"valueName\":\"search_term_string\"}}],\"inLanguage\":\"es\"},{\"@type\":\"Organization\",\"@id\":\"https:\/\/x-sports.world\/#organization\",\"name\":\"X-Sports.world - X-Wake | X-Surf\",\"url\":\"https:\/\/x-sports.world\/\",\"logo\":{\"@type\":\"ImageObject\",\"inLanguage\":\"es\",\"@id\":\"https:\/\/x-sports.world\/#\/schema\/logo\/image\/\",\"url\":\"https:\/\/x-sports.world\/wp-content\/uploads\/2025\/04\/XSPORTS-BLACK-LOGO.png\",\"contentUrl\":\"https:\/\/x-sports.world\/wp-content\/uploads\/2025\/04\/XSPORTS-BLACK-LOGO.png\",\"width\":3810,\"height\":1016,\"caption\":\"X-Sports.world - X-Wake | X-Surf\"},\"image\":{\"@id\":\"https:\/\/x-sports.world\/#\/schema\/logo\/image\/\"}}]}<\/script>\n<!-- \/ Yoast SEO plugin. -->","yoast_head_json":{"title":"TABLA DE WAKE X-WAKE NEUTRINO 2023 - X-Sports.world - X-Wake | X-Surf","robots":{"index":"index","follow":"follow","max-snippet":"max-snippet:-1","max-image-preview":"max-image-preview:large","max-video-preview":"max-video-preview:-1"},"canonical":"https:\/\/x-sports.world\/es\/product\/wakeboard-x-wake-neutrino-2023-outlet\/","og_locale":"es_ES","og_type":"article","og_title":"WAKEBOARD X-WAKE NEUTRINO 2023 OUTLET - X-Sports.world - X-Wake | X-Surf","og_description":"Neutrino - a wakeboard build for lighter riders and shredding rookies. It's not just a smaller version of Neutron. The Neutrino is a softer, narrower, and a bit more flexy Neutron.  &nbsp;","og_url":"https:\/\/x-sports.world\/es\/product\/wakeboard-x-wake-neutrino-2023-outlet\/","og_site_name":"X-Sports.world - X-Wake | X-Surf","article_modified_time":"2026-03-17T14:00:49+00:00","og_image":[{"width":1200,"height":1200,"url":"https:\/\/x-sports.world\/wp-content\/uploads\/2025\/04\/OUT-NEUTRINO-ALL-2023.jpg","type":"image\/jpeg"}],"twitter_card":"summary_large_image","twitter_misc":{"Tiempo de lectura":"3 minutos"},"schema":{"@context":"https:\/\/schema.org","@graph":[{"@type":"WebPage","@id":"https:\/\/x-sports.world\/product\/wakeboard-x-wake-neutrino-2023-outlet\/","url":"https:\/\/x-sports.world\/product\/wakeboard-x-wake-neutrino-2023-outlet\/","name":"TABLA DE WAKE X-WAKE NEUTRINO 2023 - X-Sports.world - X-Wake | X-Surf","isPartOf":{"@id":"https:\/\/x-sports.world\/#website"},"primaryImageOfPage":{"@id":"https:\/\/x-sports.world\/product\/wakeboard-x-wake-neutrino-2023-outlet\/#primaryimage"},"image":{"@id":"https:\/\/x-sports.world\/product\/wakeboard-x-wake-neutrino-2023-outlet\/#primaryimage"},"thumbnailUrl":"https:\/\/x-sports.world\/wp-content\/uploads\/2025\/04\/OUT-NEUTRINO-ALL-2023.jpg","datePublished":"2025-04-15T20:17:34+00:00","dateModified":"2026-03-17T14:00:49+00:00","breadcrumb":{"@id":"https:\/\/x-sports.world\/product\/wakeboard-x-wake-neutrino-2023-outlet\/#breadcrumb"},"inLanguage":"es","potentialAction":[{"@type":"ReadAction","target":["https:\/\/x-sports.world\/product\/wakeboard-x-wake-neutrino-2023-outlet\/"]}]},{"@type":"ImageObject","inLanguage":"es","@id":"https:\/\/x-sports.world\/product\/wakeboard-x-wake-neutrino-2023-outlet\/#primaryimage","url":"https:\/\/x-sports.world\/wp-content\/uploads\/2025\/04\/OUT-NEUTRINO-ALL-2023.jpg","contentUrl":"https:\/\/x-sports.world\/wp-content\/uploads\/2025\/04\/OUT-NEUTRINO-ALL-2023.jpg","width":1200,"height":1200},{"@type":"BreadcrumbList","@id":"https:\/\/x-sports.world\/product\/wakeboard-x-wake-neutrino-2023-outlet\/#breadcrumb","itemListElement":[{"@type":"ListItem","position":1,"name":"Home","item":"https:\/\/x-sports.world\/"},{"@type":"ListItem","position":2,"name":"Shop","item":"https:\/\/x-sports.world\/shop\/"},{"@type":"ListItem","position":3,"name":"WAKEBOARD X-WAKE NEUTRINO 2023 OUTLET"}]},{"@type":"WebSite","@id":"https:\/\/x-sports.world\/#website","url":"https:\/\/x-sports.world\/","name":"X-Sports.world - Tablas de wakeboard X-Wake | Tablas de surf X-Surf","description":"Otro sitio web de WordPress","publisher":{"@id":"https:\/\/x-sports.world\/#organization"},"potentialAction":[{"@type":"SearchAction","target":{"@type":"EntryPoint","urlTemplate":"https:\/\/x-sports.world\/?s={search_term_string}"},"query-input":{"@type":"PropertyValueSpecification","valueRequired":true,"valueName":"search_term_string"}}],"inLanguage":"es"},{"@type":"Organization","@id":"https:\/\/x-sports.world\/#organization","name":"X-Sports.world - X-Wake | X-Surf","url":"https:\/\/x-sports.world\/","logo":{"@type":"ImageObject","inLanguage":"es","@id":"https:\/\/x-sports.world\/#\/schema\/logo\/image\/","url":"https:\/\/x-sports.world\/wp-content\/uploads\/2025\/04\/XSPORTS-BLACK-LOGO.png","contentUrl":"https:\/\/x-sports.world\/wp-content\/uploads\/2025\/04\/XSPORTS-BLACK-LOGO.png","width":3810,"height":1016,"caption":"X-Sports.world - X-Wake | X-Surf"},"image":{"@id":"https:\/\/x-sports.world\/#\/schema\/logo\/image\/"}}]}},"_links":{"self":[{"href":"https:\/\/x-sports.world\/es\/wp-json\/wp\/v2\/product\/2629","targetHints":{"allow":["GET"]}}],"collection":[{"href":"https:\/\/x-sports.world\/es\/wp-json\/wp\/v2\/product"}],"about":[{"href":"https:\/\/x-sports.world\/es\/wp-json\/wp\/v2\/types\/product"}],"version-history":[{"count":2,"href":"https:\/\/x-sports.world\/es\/wp-json\/wp\/v2\/product\/2629\/revisions"}],"predecessor-version":[{"id":2643,"href":"https:\/\/x-sports.world\/es\/wp-json\/wp\/v2\/product\/2629\/revisions\/2643"}],"wp:featuredmedia":[{"embeddable":true,"href":"https:\/\/x-sports.world\/es\/wp-json\/wp\/v2\/media\/2640"}],"wp:attachment":[{"href":"https:\/\/x-sports.world\/es\/wp-json\/wp\/v2\/media?parent=2629"}],"wp:term":[{"taxonomy":"product_brand","embeddable":true,"href":"https:\/\/x-sports.world\/es\/wp-json\/wp\/v2\/product_brand?post=2629"},{"taxonomy":"product_cat","embeddable":true,"href":"https:\/\/x-sports.world\/es\/wp-json\/wp\/v2\/product_cat?post=2629"},{"taxonomy":"product_tag","embeddable":true,"href":"https:\/\/x-sports.world\/es\/wp-json\/wp\/v2\/product_tag?post=2629"}],"curies":[{"name":"wp","href":"https:\/\/api.w.org\/{rel}","templated":true}]}}