{"id":2609,"date":"2025-04-15T21:52:56","date_gmt":"2025-04-15T19:52:56","guid":{"rendered":"https:\/\/x-sports.world\/?post_type=product&#038;p=2609"},"modified":"2026-04-26T15:36:45","modified_gmt":"2026-04-26T13:36:45","slug":"wakeboard-x-wake-quark-2023-outlet","status":"publish","type":"product","link":"https:\/\/x-sports.world\/es\/product\/wakeboard-x-wake-quark-2023-outlet\/","title":{"rendered":"TABLA DE WAKE X-WAKE QUARK 2023 OUTLET"},"content":{"rendered":"<h1>Tabla de wakeboard X-WAKE QUARK 2023<\/h1>\n<p><img fetchpriority=\"high\" decoding=\"async\" class=\"aligncenter wp-image-2602 size-full\" src=\"https:\/\/x-sports.world\/wp-content\/uploads\/2025\/04\/OUT-QUARK-2023X.jpg\" alt=\"\" width=\"1920\" height=\"1200\" srcset=\"https:\/\/x-sports.world\/wp-content\/uploads\/2025\/04\/OUT-QUARK-2023X.jpg 1920w, https:\/\/x-sports.world\/wp-content\/uploads\/2025\/04\/OUT-QUARK-2023X-300x188.jpg 300w, https:\/\/x-sports.world\/wp-content\/uploads\/2025\/04\/OUT-QUARK-2023X-1024x640.jpg 1024w, https:\/\/x-sports.world\/wp-content\/uploads\/2025\/04\/OUT-QUARK-2023X-768x480.jpg 768w, https:\/\/x-sports.world\/wp-content\/uploads\/2025\/04\/OUT-QUARK-2023X-1536x960.jpg 1536w, https:\/\/x-sports.world\/wp-content\/uploads\/2025\/04\/OUT-QUARK-2023X-600x375.jpg 600w\" sizes=\"(max-width: 1920px) 100vw, 1920px\" \/><\/p>\n<p>Quark es nuestra tabla m\u00e1s peque\u00f1a, dise\u00f1ada para los riders m\u00e1s j\u00f3venes. Su ligereza y flexi\u00f3n suave la convierten en la opci\u00f3n perfecta para los j\u00f3venes adeptos. Gracias a la tecnolog\u00eda de fibra de carbono, el n\u00facleo de madera puede ser m\u00e1s fino y ligero sin perder durabilidad ni flexibilidad.<br \/>\nLos canales laterales largos hacen que la tabla sea muy estable y f\u00e1cil de mover, garantizando un progreso r\u00e1pido y f\u00e1cil.<br \/>\nEl material de base de molienda de alta calidad permite que los ni\u00f1os se deslicen por las caracter\u00edsticas del cablepark durante un largo tiempo sin p\u00e9rdida de funcionalidad.<\/p>\n<h2 style=\"text-align: center;\">TECNOLOG\u00cdA<\/h2>\n<h3 style=\"text-align: center;\">N\u00daCLEO DE MADERA QUARK<\/h3>\n<p>Para conseguir un buen POP, toda buena tabla necesita un n\u00facleo de madera s\u00f3lido y de grano largo. El n\u00facleo de madera de Paulownia fresada con CNC es el coraz\u00f3n de cada tabla X WAKE.<\/p>\n<p><img decoding=\"async\" class=\"aligncenter wp-image-2038 size-full\" src=\"https:\/\/x-sports.world\/wp-content\/uploads\/2025\/04\/QUARK-WOODCOREX.jpg\" alt=\"\" width=\"1920\" height=\"1200\" srcset=\"https:\/\/x-sports.world\/wp-content\/uploads\/2025\/04\/QUARK-WOODCOREX.jpg 1920w, https:\/\/x-sports.world\/wp-content\/uploads\/2025\/04\/QUARK-WOODCOREX-300x188.jpg 300w, https:\/\/x-sports.world\/wp-content\/uploads\/2025\/04\/QUARK-WOODCOREX-1024x640.jpg 1024w, https:\/\/x-sports.world\/wp-content\/uploads\/2025\/04\/QUARK-WOODCOREX-768x480.jpg 768w, https:\/\/x-sports.world\/wp-content\/uploads\/2025\/04\/QUARK-WOODCOREX-1536x960.jpg 1536w, https:\/\/x-sports.world\/wp-content\/uploads\/2025\/04\/QUARK-WOODCOREX-600x375.jpg 600w\" sizes=\"(max-width: 1920px) 100vw, 1920px\" \/><\/p>\n<h2><img decoding=\"async\" class=\"aligncenter wp-image-2024 size-full\" src=\"https:\/\/x-sports.world\/wp-content\/uploads\/2025\/04\/QUARK-2X.jpg\" alt=\"\" width=\"1920\" height=\"1200\" srcset=\"https:\/\/x-sports.world\/wp-content\/uploads\/2025\/04\/QUARK-2X.jpg 1920w, https:\/\/x-sports.world\/wp-content\/uploads\/2025\/04\/QUARK-2X-300x188.jpg 300w, https:\/\/x-sports.world\/wp-content\/uploads\/2025\/04\/QUARK-2X-1024x640.jpg 1024w, https:\/\/x-sports.world\/wp-content\/uploads\/2025\/04\/QUARK-2X-768x480.jpg 768w, https:\/\/x-sports.world\/wp-content\/uploads\/2025\/04\/QUARK-2X-1536x960.jpg 1536w, https:\/\/x-sports.world\/wp-content\/uploads\/2025\/04\/QUARK-2X-600x375.jpg 600w\" sizes=\"(max-width: 1920px) 100vw, 1920px\" \/><\/h2>\n<h3 style=\"text-align: center;\">CONSTRUCCI\u00d3N DE CARBONO QUARK<\/h3>\n<p>El uso de m\u00faltiples capas es un proceso estrat\u00e9gico que implica el uso de conocimiento y experiencia. Esto es clave para lograr una resistencia \u00f3ptima y caracter\u00edsticas impresionantes. La fibra de carbono juega un papel fundamental en la mejora de la construcci\u00f3n de carbono. El uso de m\u00faltiples capas es un proceso estrat\u00e9gico que implica el uso de conocimiento y experiencia. Esto es clave para lograr una resistencia \u00f3ptima y caracter\u00edsticas impresionantes. La fibra de carbono juega un papel fundamental en la mejora del pop de la tabla, a\u00f1adiendo un rebote adicional a tu deslizamiento.<\/p>\n<h2><img loading=\"lazy\" decoding=\"async\" class=\"aligncenter wp-image-2025 size-full\" src=\"https:\/\/x-sports.world\/wp-content\/uploads\/2025\/04\/QUARK-3X.jpg\" alt=\"\" width=\"1920\" height=\"1200\" srcset=\"https:\/\/x-sports.world\/wp-content\/uploads\/2025\/04\/QUARK-3X.jpg 1920w, https:\/\/x-sports.world\/wp-content\/uploads\/2025\/04\/QUARK-3X-300x188.jpg 300w, https:\/\/x-sports.world\/wp-content\/uploads\/2025\/04\/QUARK-3X-1024x640.jpg 1024w, https:\/\/x-sports.world\/wp-content\/uploads\/2025\/04\/QUARK-3X-768x480.jpg 768w, https:\/\/x-sports.world\/wp-content\/uploads\/2025\/04\/QUARK-3X-1536x960.jpg 1536w, https:\/\/x-sports.world\/wp-content\/uploads\/2025\/04\/QUARK-3X-600x375.jpg 600w\" sizes=\"(max-width: 1920px) 100vw, 1920px\" \/><\/h2>\n<h3 style=\"text-align: center;\">QUARK SUPERFICIE PLANA EN LAS PUNTAS<\/h3>\n<p>El dise\u00f1o plano superior de la tabla la hace sencilla y c\u00f3moda. Su superficie uniforme distribuye la flexi\u00f3n a lo largo de la tabla, haci\u00e9ndola sensible en todas las direcciones.<\/p>\n<h2><img loading=\"lazy\" decoding=\"async\" class=\"aligncenter wp-image-2026 size-full\" src=\"https:\/\/x-sports.world\/wp-content\/uploads\/2025\/04\/QUARK-4X.jpg\" alt=\"\" width=\"1920\" height=\"1200\" srcset=\"https:\/\/x-sports.world\/wp-content\/uploads\/2025\/04\/QUARK-4X.jpg 1920w, https:\/\/x-sports.world\/wp-content\/uploads\/2025\/04\/QUARK-4X-300x188.jpg 300w, https:\/\/x-sports.world\/wp-content\/uploads\/2025\/04\/QUARK-4X-1024x640.jpg 1024w, https:\/\/x-sports.world\/wp-content\/uploads\/2025\/04\/QUARK-4X-768x480.jpg 768w, https:\/\/x-sports.world\/wp-content\/uploads\/2025\/04\/QUARK-4X-1536x960.jpg 1536w, https:\/\/x-sports.world\/wp-content\/uploads\/2025\/04\/QUARK-4X-600x375.jpg 600w\" sizes=\"(max-width: 1920px) 100vw, 1920px\" \/><\/h2>\n<h3 style=\"text-align: center;\">QUARK MULTICANALES<\/h3>\n<p>Proporciona una tracci\u00f3n buena y estable en el agua, aterrizajes m\u00e1s suaves y mayor agarre en el borde.<\/p>\n<p><img loading=\"lazy\" decoding=\"async\" class=\"aligncenter wp-image-2028 size-full\" src=\"https:\/\/x-sports.world\/wp-content\/uploads\/2025\/04\/QUARK-BASE-CHANNELSX.jpg\" alt=\"\" width=\"1920\" height=\"1200\" srcset=\"https:\/\/x-sports.world\/wp-content\/uploads\/2025\/04\/QUARK-BASE-CHANNELSX.jpg 1920w, https:\/\/x-sports.world\/wp-content\/uploads\/2025\/04\/QUARK-BASE-CHANNELSX-300x188.jpg 300w, https:\/\/x-sports.world\/wp-content\/uploads\/2025\/04\/QUARK-BASE-CHANNELSX-1024x640.jpg 1024w, https:\/\/x-sports.world\/wp-content\/uploads\/2025\/04\/QUARK-BASE-CHANNELSX-768x480.jpg 768w, https:\/\/x-sports.world\/wp-content\/uploads\/2025\/04\/QUARK-BASE-CHANNELSX-1536x960.jpg 1536w, https:\/\/x-sports.world\/wp-content\/uploads\/2025\/04\/QUARK-BASE-CHANNELSX-600x375.jpg 600w\" sizes=\"(max-width: 1920px) 100vw, 1920px\" \/><\/p>\n<h3 style=\"text-align: center;\">INSERTOS RESISTENTES PARA BOTAS QUARK<\/h3>\n<p>Las tablas de wakeboard X est\u00e1n dise\u00f1adas con insertos reforzados para evitar que las botas se desprendan de la tabla. Adem\u00e1s, las m\u00faltiples capas de carbono en su construcci\u00f3n no solo le aportan resistencia y empuje, sino que tambi\u00e9n mejoran la durabilidad de estos insertos, asegurando a\u00fan m\u00e1s las botas y garantizando una experiencia de wakeboard m\u00e1s segura y placentera.<\/p>\n<p>&nbsp;<\/p>\n<h2><img loading=\"lazy\" decoding=\"async\" class=\"aligncenter wp-image-2041 size-full\" src=\"https:\/\/x-sports.world\/wp-content\/uploads\/2025\/04\/QUARK-6X.jpg\" alt=\"\" width=\"1920\" height=\"1200\" srcset=\"https:\/\/x-sports.world\/wp-content\/uploads\/2025\/04\/QUARK-6X.jpg 1920w, https:\/\/x-sports.world\/wp-content\/uploads\/2025\/04\/QUARK-6X-300x188.jpg 300w, https:\/\/x-sports.world\/wp-content\/uploads\/2025\/04\/QUARK-6X-1024x640.jpg 1024w, https:\/\/x-sports.world\/wp-content\/uploads\/2025\/04\/QUARK-6X-768x480.jpg 768w, https:\/\/x-sports.world\/wp-content\/uploads\/2025\/04\/QUARK-6X-1536x960.jpg 1536w, https:\/\/x-sports.world\/wp-content\/uploads\/2025\/04\/QUARK-6X-600x375.jpg 600w\" sizes=\"(max-width: 1920px) 100vw, 1920px\" \/><\/h2>\n<h3 style=\"text-align: center;\">BALANC\u00cdN CONTINUO QUARK<\/h3>\n<p>El dise\u00f1o de rocker continuo se caracteriza por una curva \u00fanica e ininterrumpida de punta a cola, lo que le da a la tabla un arco uniforme. Este dise\u00f1o da como resultado tablas que ofrecen una conducci\u00f3n m\u00e1s suave y r\u00e1pida, permiten aterrizajes m\u00e1s suaves y facilitan un corte sin esfuerzo.<\/p>\n<p>&nbsp;<\/p>\n<h3 style=\"text-align: center;\">CUARC <span style=\"color: #339966;\">BIO RESINA \u2013<\/span> <span style=\"color: #00ff00;\">Poxi verde<\/span><\/h3>\n<p>GreenPoxy es una l\u00ednea de resinas epoxi de origen biol\u00f3gico desarrollada por Sicomin, dise\u00f1ada para reducir el impacto ambiental. Estas resinas utilizan materias primas renovables de origen vegetal, lo que las convierte en una alternativa ecol\u00f3gica a los productos petroqu\u00edmicos tradicionales. GreenPoxy ofrece un alto rendimiento mec\u00e1nico y transparencia, a la vez que reduce las emisiones de CO2. Hasta el 50% de su estructura molecular proviene de fuentes vegetales. Se utiliza en diversas industrias, como la de tablas de surf y laminados, para ofrecer un rendimiento sostenible sin comprometer la calidad.<\/p>\n<p>Para obtener m\u00e1s informaci\u00f3n, visite GreenPoxy.<\/p>\n<p><img loading=\"lazy\" decoding=\"async\" class=\"size-medium wp-image-1491 aligncenter\" src=\"https:\/\/x-sports.world\/wp-content\/uploads\/2025\/04\/SICOMIN-BIO-RESIN-300x300.png\" alt=\"\" width=\"300\" height=\"300\" srcset=\"https:\/\/x-sports.world\/wp-content\/uploads\/2025\/04\/SICOMIN-BIO-RESIN-300x300.png 300w, https:\/\/x-sports.world\/wp-content\/uploads\/2025\/04\/SICOMIN-BIO-RESIN-1024x1024.png 1024w, https:\/\/x-sports.world\/wp-content\/uploads\/2025\/04\/SICOMIN-BIO-RESIN-150x150.png 150w, https:\/\/x-sports.world\/wp-content\/uploads\/2025\/04\/SICOMIN-BIO-RESIN-768x768.png 768w, https:\/\/x-sports.world\/wp-content\/uploads\/2025\/04\/SICOMIN-BIO-RESIN-600x600.png 600w, https:\/\/x-sports.world\/wp-content\/uploads\/2025\/04\/SICOMIN-BIO-RESIN-100x100.png 100w, https:\/\/x-sports.world\/wp-content\/uploads\/2025\/04\/SICOMIN-BIO-RESIN-50x50.png 50w, https:\/\/x-sports.world\/wp-content\/uploads\/2025\/04\/SICOMIN-BIO-RESIN.png 1200w\" sizes=\"(max-width: 300px) 100vw, 300px\" \/><\/p>\n<h3 style=\"text-align: center;\">QUARK NUEVA BASE DE MOLIDO<\/h3>\n<ul>\n<li>El material tiene propiedades excepcionales de resistencia a la abrasi\u00f3n y al impacto.<\/li>\n<li>Su superficie es antiadherente y autolubricante, lo que facilita su limpieza y mantenimiento.<\/li>\n<li>Posee un bajo coeficiente de fricci\u00f3n y alta resistencia al agrietamiento por tensi\u00f3n.<\/li>\n<li>Se puede confiar en el material para un uso a largo plazo sin ninguna p\u00e9rdida de funcionalidad.<\/li>\n<li>PESO MOLECULAR ULTRA ALTO<\/li>\n<\/ul>\n<h3><img loading=\"lazy\" decoding=\"async\" class=\"aligncenter wp-image-2033 size-full\" src=\"https:\/\/x-sports.world\/wp-content\/uploads\/2025\/04\/QUARK-GRIND-BASEX.jpg\" alt=\"\" width=\"1920\" height=\"1200\" srcset=\"https:\/\/x-sports.world\/wp-content\/uploads\/2025\/04\/QUARK-GRIND-BASEX.jpg 1920w, https:\/\/x-sports.world\/wp-content\/uploads\/2025\/04\/QUARK-GRIND-BASEX-300x188.jpg 300w, https:\/\/x-sports.world\/wp-content\/uploads\/2025\/04\/QUARK-GRIND-BASEX-1024x640.jpg 1024w, https:\/\/x-sports.world\/wp-content\/uploads\/2025\/04\/QUARK-GRIND-BASEX-768x480.jpg 768w, https:\/\/x-sports.world\/wp-content\/uploads\/2025\/04\/QUARK-GRIND-BASEX-1536x960.jpg 1536w, https:\/\/x-sports.world\/wp-content\/uploads\/2025\/04\/QUARK-GRIND-BASEX-600x375.jpg 600w\" sizes=\"(max-width: 1920px) 100vw, 1920px\" \/><\/h3>\n<p><img loading=\"lazy\" decoding=\"async\" class=\"aligncenter wp-image-2619 size-full\" src=\"https:\/\/x-sports.world\/wp-content\/uploads\/2025\/04\/1.jpg\" alt=\"\" width=\"1920\" height=\"1200\" srcset=\"https:\/\/x-sports.world\/wp-content\/uploads\/2025\/04\/1.jpg 1920w, https:\/\/x-sports.world\/wp-content\/uploads\/2025\/04\/1-300x188.jpg 300w, https:\/\/x-sports.world\/wp-content\/uploads\/2025\/04\/1-1024x640.jpg 1024w, https:\/\/x-sports.world\/wp-content\/uploads\/2025\/04\/1-768x480.jpg 768w, https:\/\/x-sports.world\/wp-content\/uploads\/2025\/04\/1-1536x960.jpg 1536w, https:\/\/x-sports.world\/wp-content\/uploads\/2025\/04\/1-600x375.jpg 600w\" sizes=\"(max-width: 1920px) 100vw, 1920px\" \/><\/p>\n<p>&nbsp;<\/p>\n<p>&nbsp;<\/p>","protected":false},"excerpt":{"rendered":"<p>Quark es nuestra tabla m\u00e1s peque\u00f1a, dise\u00f1ada para los riders m\u00e1s j\u00f3venes. Su ligereza y flexi\u00f3n suave la convierten en la opci\u00f3n perfecta para los j\u00f3venes adeptos.<\/p>","protected":false},"featured_media":2618,"template":"","meta":[],"product_brand":[],"product_cat":[56],"product_tag":[],"class_list":{"0":"post-2609","1":"product","2":"type-product","3":"status-publish","4":"has-post-thumbnail","6":"product_cat-outlet-x-wake","7":"product_shipping_class-wake-boards","9":"first","10":"instock","11":"sale","12":"taxable","13":"shipping-taxable","14":"purchasable","15":"product-type-variable"},"yoast_head":"<!-- This site is optimized with the Yoast SEO plugin v26.4 - https:\/\/yoast.com\/wordpress\/plugins\/seo\/ -->\n<title>WAKEBOARD X-WAKE QUARK 2023 OUTLET - X-Sports.world - X-Wake | X-Surf<\/title>\n<meta name=\"robots\" content=\"index, follow, max-snippet:-1, max-image-preview:large, max-video-preview:-1\" \/>\n<link rel=\"canonical\" href=\"https:\/\/x-sports.world\/es\/product\/wakeboard-x-wake-quark-2023-outlet\/\" \/>\n<meta property=\"og:locale\" content=\"es_ES\" \/>\n<meta property=\"og:type\" content=\"article\" \/>\n<meta property=\"og:title\" content=\"WAKEBOARD X-WAKE QUARK 2023 OUTLET - X-Sports.world - X-Wake | X-Surf\" \/>\n<meta property=\"og:description\" content=\"Quark is our smallest board made for the youngest riders. Supreme low weight and soft flex guarantee that Quark is the perfect choice for young adepts.\" \/>\n<meta property=\"og:url\" content=\"https:\/\/x-sports.world\/es\/product\/wakeboard-x-wake-quark-2023-outlet\/\" \/>\n<meta property=\"og:site_name\" content=\"X-Sports.world - X-Wake | X-Surf\" \/>\n<meta property=\"article:modified_time\" content=\"2026-04-26T13:36:45+00:00\" \/>\n<meta property=\"og:image\" content=\"https:\/\/x-sports.world\/wp-content\/uploads\/2025\/04\/out-quark-all.jpg\" \/>\n\t<meta property=\"og:image:width\" content=\"1200\" \/>\n\t<meta property=\"og:image:height\" content=\"1200\" \/>\n\t<meta property=\"og:image:type\" content=\"image\/jpeg\" \/>\n<meta name=\"twitter:card\" content=\"summary_large_image\" \/>\n<meta name=\"twitter:label1\" content=\"Tiempo de lectura\" \/>\n\t<meta name=\"twitter:data1\" content=\"3 minutos\" \/>\n<script type=\"application\/ld+json\" class=\"yoast-schema-graph\">{\"@context\":\"https:\/\/schema.org\",\"@graph\":[{\"@type\":\"WebPage\",\"@id\":\"https:\/\/x-sports.world\/product\/wakeboard-x-wake-quark-2023-outlet\/\",\"url\":\"https:\/\/x-sports.world\/product\/wakeboard-x-wake-quark-2023-outlet\/\",\"name\":\"WAKEBOARD X-WAKE QUARK 2023 OUTLET - X-Sports.world - X-Wake | X-Surf\",\"isPartOf\":{\"@id\":\"https:\/\/x-sports.world\/#website\"},\"primaryImageOfPage\":{\"@id\":\"https:\/\/x-sports.world\/product\/wakeboard-x-wake-quark-2023-outlet\/#primaryimage\"},\"image\":{\"@id\":\"https:\/\/x-sports.world\/product\/wakeboard-x-wake-quark-2023-outlet\/#primaryimage\"},\"thumbnailUrl\":\"https:\/\/x-sports.world\/wp-content\/uploads\/2025\/04\/out-quark-all.jpg\",\"datePublished\":\"2025-04-15T19:52:56+00:00\",\"dateModified\":\"2026-04-26T13:36:45+00:00\",\"breadcrumb\":{\"@id\":\"https:\/\/x-sports.world\/product\/wakeboard-x-wake-quark-2023-outlet\/#breadcrumb\"},\"inLanguage\":\"es\",\"potentialAction\":[{\"@type\":\"ReadAction\",\"target\":[\"https:\/\/x-sports.world\/product\/wakeboard-x-wake-quark-2023-outlet\/\"]}]},{\"@type\":\"ImageObject\",\"inLanguage\":\"es\",\"@id\":\"https:\/\/x-sports.world\/product\/wakeboard-x-wake-quark-2023-outlet\/#primaryimage\",\"url\":\"https:\/\/x-sports.world\/wp-content\/uploads\/2025\/04\/out-quark-all.jpg\",\"contentUrl\":\"https:\/\/x-sports.world\/wp-content\/uploads\/2025\/04\/out-quark-all.jpg\",\"width\":1200,\"height\":1200},{\"@type\":\"BreadcrumbList\",\"@id\":\"https:\/\/x-sports.world\/product\/wakeboard-x-wake-quark-2023-outlet\/#breadcrumb\",\"itemListElement\":[{\"@type\":\"ListItem\",\"position\":1,\"name\":\"Home\",\"item\":\"https:\/\/x-sports.world\/\"},{\"@type\":\"ListItem\",\"position\":2,\"name\":\"Shop\",\"item\":\"https:\/\/x-sports.world\/shop\/\"},{\"@type\":\"ListItem\",\"position\":3,\"name\":\"WAKEBOARD X-WAKE QUARK 2023 OUTLET\"}]},{\"@type\":\"WebSite\",\"@id\":\"https:\/\/x-sports.world\/#website\",\"url\":\"https:\/\/x-sports.world\/\",\"name\":\"X-Sports.world - X-Wake Wakeboards | X-Surf Surfboards\",\"description\":\"Kolejna witryna WordPress\",\"publisher\":{\"@id\":\"https:\/\/x-sports.world\/#organization\"},\"potentialAction\":[{\"@type\":\"SearchAction\",\"target\":{\"@type\":\"EntryPoint\",\"urlTemplate\":\"https:\/\/x-sports.world\/?s={search_term_string}\"},\"query-input\":{\"@type\":\"PropertyValueSpecification\",\"valueRequired\":true,\"valueName\":\"search_term_string\"}}],\"inLanguage\":\"es\"},{\"@type\":\"Organization\",\"@id\":\"https:\/\/x-sports.world\/#organization\",\"name\":\"X-Sports.world - X-Wake | X-Surf\",\"url\":\"https:\/\/x-sports.world\/\",\"logo\":{\"@type\":\"ImageObject\",\"inLanguage\":\"es\",\"@id\":\"https:\/\/x-sports.world\/#\/schema\/logo\/image\/\",\"url\":\"https:\/\/x-sports.world\/wp-content\/uploads\/2025\/04\/XSPORTS-BLACK-LOGO.png\",\"contentUrl\":\"https:\/\/x-sports.world\/wp-content\/uploads\/2025\/04\/XSPORTS-BLACK-LOGO.png\",\"width\":3810,\"height\":1016,\"caption\":\"X-Sports.world - X-Wake | X-Surf\"},\"image\":{\"@id\":\"https:\/\/x-sports.world\/#\/schema\/logo\/image\/\"}}]}<\/script>\n<!-- \/ Yoast SEO plugin. -->","yoast_head_json":{"title":"TABLA DE WAKE X-WAKE QUARK 2023 - X-Sports.world - X-Wake | X-Surf","robots":{"index":"index","follow":"follow","max-snippet":"max-snippet:-1","max-image-preview":"max-image-preview:large","max-video-preview":"max-video-preview:-1"},"canonical":"https:\/\/x-sports.world\/es\/product\/wakeboard-x-wake-quark-2023-outlet\/","og_locale":"es_ES","og_type":"article","og_title":"WAKEBOARD X-WAKE QUARK 2023 OUTLET - X-Sports.world - X-Wake | X-Surf","og_description":"Quark is our smallest board made for the youngest riders. Supreme low weight and soft flex guarantee that Quark is the perfect choice for young adepts.","og_url":"https:\/\/x-sports.world\/es\/product\/wakeboard-x-wake-quark-2023-outlet\/","og_site_name":"X-Sports.world - X-Wake | X-Surf","article_modified_time":"2026-04-26T13:36:45+00:00","og_image":[{"width":1200,"height":1200,"url":"https:\/\/x-sports.world\/wp-content\/uploads\/2025\/04\/out-quark-all.jpg","type":"image\/jpeg"}],"twitter_card":"summary_large_image","twitter_misc":{"Tiempo de lectura":"3 minutos"},"schema":{"@context":"https:\/\/schema.org","@graph":[{"@type":"WebPage","@id":"https:\/\/x-sports.world\/product\/wakeboard-x-wake-quark-2023-outlet\/","url":"https:\/\/x-sports.world\/product\/wakeboard-x-wake-quark-2023-outlet\/","name":"TABLA DE WAKE X-WAKE QUARK 2023 - X-Sports.world - X-Wake | X-Surf","isPartOf":{"@id":"https:\/\/x-sports.world\/#website"},"primaryImageOfPage":{"@id":"https:\/\/x-sports.world\/product\/wakeboard-x-wake-quark-2023-outlet\/#primaryimage"},"image":{"@id":"https:\/\/x-sports.world\/product\/wakeboard-x-wake-quark-2023-outlet\/#primaryimage"},"thumbnailUrl":"https:\/\/x-sports.world\/wp-content\/uploads\/2025\/04\/out-quark-all.jpg","datePublished":"2025-04-15T19:52:56+00:00","dateModified":"2026-04-26T13:36:45+00:00","breadcrumb":{"@id":"https:\/\/x-sports.world\/product\/wakeboard-x-wake-quark-2023-outlet\/#breadcrumb"},"inLanguage":"es","potentialAction":[{"@type":"ReadAction","target":["https:\/\/x-sports.world\/product\/wakeboard-x-wake-quark-2023-outlet\/"]}]},{"@type":"ImageObject","inLanguage":"es","@id":"https:\/\/x-sports.world\/product\/wakeboard-x-wake-quark-2023-outlet\/#primaryimage","url":"https:\/\/x-sports.world\/wp-content\/uploads\/2025\/04\/out-quark-all.jpg","contentUrl":"https:\/\/x-sports.world\/wp-content\/uploads\/2025\/04\/out-quark-all.jpg","width":1200,"height":1200},{"@type":"BreadcrumbList","@id":"https:\/\/x-sports.world\/product\/wakeboard-x-wake-quark-2023-outlet\/#breadcrumb","itemListElement":[{"@type":"ListItem","position":1,"name":"Home","item":"https:\/\/x-sports.world\/"},{"@type":"ListItem","position":2,"name":"Shop","item":"https:\/\/x-sports.world\/shop\/"},{"@type":"ListItem","position":3,"name":"WAKEBOARD X-WAKE QUARK 2023 OUTLET"}]},{"@type":"WebSite","@id":"https:\/\/x-sports.world\/#website","url":"https:\/\/x-sports.world\/","name":"X-Sports.world - Tablas de wakeboard X-Wake | Tablas de surf X-Surf","description":"Otro sitio web de WordPress","publisher":{"@id":"https:\/\/x-sports.world\/#organization"},"potentialAction":[{"@type":"SearchAction","target":{"@type":"EntryPoint","urlTemplate":"https:\/\/x-sports.world\/?s={search_term_string}"},"query-input":{"@type":"PropertyValueSpecification","valueRequired":true,"valueName":"search_term_string"}}],"inLanguage":"es"},{"@type":"Organization","@id":"https:\/\/x-sports.world\/#organization","name":"X-Sports.world - X-Wake | X-Surf","url":"https:\/\/x-sports.world\/","logo":{"@type":"ImageObject","inLanguage":"es","@id":"https:\/\/x-sports.world\/#\/schema\/logo\/image\/","url":"https:\/\/x-sports.world\/wp-content\/uploads\/2025\/04\/XSPORTS-BLACK-LOGO.png","contentUrl":"https:\/\/x-sports.world\/wp-content\/uploads\/2025\/04\/XSPORTS-BLACK-LOGO.png","width":3810,"height":1016,"caption":"X-Sports.world - X-Wake | X-Surf"},"image":{"@id":"https:\/\/x-sports.world\/#\/schema\/logo\/image\/"}}]}},"_links":{"self":[{"href":"https:\/\/x-sports.world\/es\/wp-json\/wp\/v2\/product\/2609","targetHints":{"allow":["GET"]}}],"collection":[{"href":"https:\/\/x-sports.world\/es\/wp-json\/wp\/v2\/product"}],"about":[{"href":"https:\/\/x-sports.world\/es\/wp-json\/wp\/v2\/types\/product"}],"version-history":[{"count":2,"href":"https:\/\/x-sports.world\/es\/wp-json\/wp\/v2\/product\/2609\/revisions"}],"predecessor-version":[{"id":2749,"href":"https:\/\/x-sports.world\/es\/wp-json\/wp\/v2\/product\/2609\/revisions\/2749"}],"wp:featuredmedia":[{"embeddable":true,"href":"https:\/\/x-sports.world\/es\/wp-json\/wp\/v2\/media\/2618"}],"wp:attachment":[{"href":"https:\/\/x-sports.world\/es\/wp-json\/wp\/v2\/media?parent=2609"}],"wp:term":[{"taxonomy":"product_brand","embeddable":true,"href":"https:\/\/x-sports.world\/es\/wp-json\/wp\/v2\/product_brand?post=2609"},{"taxonomy":"product_cat","embeddable":true,"href":"https:\/\/x-sports.world\/es\/wp-json\/wp\/v2\/product_cat?post=2609"},{"taxonomy":"product_tag","embeddable":true,"href":"https:\/\/x-sports.world\/es\/wp-json\/wp\/v2\/product_tag?post=2609"}],"curies":[{"name":"wp","href":"https:\/\/api.w.org\/{rel}","templated":true}]}}