{"id":3436,"date":"2025-04-24T14:16:34","date_gmt":"2025-04-24T12:16:34","guid":{"rendered":"https:\/\/x-sports.world\/?page_id=3436"},"modified":"2025-04-25T17:54:44","modified_gmt":"2025-04-25T15:54:44","slug":"general-warranty-policies","status":"publish","type":"page","link":"https:\/\/x-sports.world\/es\/general-warranty-policies\/","title":{"rendered":"POL\u00cdTICAS GENERALES DE GARANT\u00cdA"},"content":{"rendered":"<p>Las garant\u00edas y obligaciones que LOXEE sp. z oo ofrece para sus productos son las \u00fanicas garant\u00edas y obligaciones expresas ofrecidas por la empresa, sus distribuidores o minoristas. Estas garant\u00edas y limitaciones solo se aplican al comprador original o a la persona para quien se adquiri\u00f3 originalmente el producto.<\/p>\n\n\n\n<p>Las reclamaciones de garant\u00eda deben ser iniciadas por el distribuidor que vendi\u00f3 el producto al consumidor. Los consumidores deben devolver el producto al distribuidor donde lo compraron para presentar una reclamaci\u00f3n de garant\u00eda. Queda a discreci\u00f3n exclusiva del distribuidor respetar la garant\u00eda del fabricante para un art\u00edculo que no haya vendido a un consumidor. Bajo ninguna circunstancia se debe presentar una reclamaci\u00f3n de garant\u00eda sin un n\u00famero de Autorizaci\u00f3n de Devoluci\u00f3n emitido por un distribuidor. Todos los gastos de env\u00edo asociados con la devoluci\u00f3n del producto a X Wake ser\u00e1n responsabilidad de la parte que realiza la reclamaci\u00f3n de garant\u00eda. El distribuidor es responsable de enviar el producto defectuoso de vuelta a nuestro almac\u00e9n. Tras recibir el producto en nuestro almac\u00e9n, continuaremos con el proceso de garant\u00eda. X Wake no acepta productos devueltos para obtener un cr\u00e9dito. Cualquier producto sin abrir o devuelto sin defecto aparente estar\u00e1 sujeto a una tarifa de reposici\u00f3n 15%.<\/p>\n\n\n\n<p>X Wake se reserva el derecho a rechazar reclamaciones de garant\u00eda si se determina que los defectos fueron causados por factores ajenos a un error del fabricante. Los productos que presenten un defecto de fabricaci\u00f3n se reparar\u00e1n si es posible. Si un producto no se puede reparar, el Departamento de Garant\u00eda de X Wake decidir\u00e1 a su discreci\u00f3n que se reemplazar\u00e1 por un producto de igual o mayor rendimiento.<\/p>\n\n\n\n<p>Es importante tener en cuenta que el producto nunca debe modificarse de ninguna manera, incluyendo encerado, pintura o cualquier otra modificaci\u00f3n. Para un mantenimiento adecuado, l\u00edmpielo \u00fanicamente con agua y jab\u00f3n y enju\u00e1guelo bien. Tenga en cuenta que la exposici\u00f3n prolongada a la luz solar puede causar decoloraci\u00f3n, lo cual no est\u00e1 cubierto por la garant\u00eda. Para evitar la decoloraci\u00f3n, se recomienda guardar la tabla en una bolsa cuando no se use. La garant\u00eda no cubre los da\u00f1os causados por mal uso, abuso o modificaci\u00f3n, ni tampoco el desgaste normal.<\/p>\n\n\n\n<p>\u200b<\/p>\n\n\n\n<p>La garant\u00eda cubre:<\/p>\n\n\n\n<p>-Delaminaci\u00f3n sin da\u00f1os por impacto visibles.<\/p>\n\n\n\n<p>-Grietas\/grietas por tensi\u00f3n en el borde, base, n\u00facleo o laminado superior debido a un defecto de fabricaci\u00f3n.<\/p>\n\n\n\n<p>Insertos defectuosos. Esto no cubre el atornillado incorrecto de las botas ni el uso de tornillos con rosca incorrecta.<\/p>\n\n\n\n<p>-Error de control de calidad y venta de una placa de 2\u00aa calidad como de 1\u00aa calidad.<\/p>\n\n\n\n<p>-Agrietamiento de la pintura&nbsp;<\/p>\n\n\n\n<p>-Insertador extra\u00eddo<\/p>\n\n\n\n<p>La garant\u00eda no cubre:<\/p>\n\n\n\n<p>-Cualquier problema resultante de un uso indebido, abuso, impacto sobre\/con cualquier superficie\/objeto que no sea agua.<\/p>\n\n\n\n<p>-Da\u00f1os causados por uso indebido, abuso o modificaci\u00f3n.<\/p>\n\n\n\n<p>-Desgaste normal, incluidos rayones, astillas y abolladuras, desgaste de la base de molienda (PerlaGlide)<\/p>\n\n\n\n<p>Decoloraci\u00f3n o amarilleamiento debido a la exposici\u00f3n prolongada a la luz solar. ESTO NO EST\u00c1 CUBIERTO POR LA GARANT\u00cdA. Para proteger su wakeboard de los rayos ultravioleta.<\/p>\n\n\n\n<p>-Tableros sin comprobante de compra.<\/p>\n\n\n\n<p>-Da\u00f1os o defectos causados por exposici\u00f3n a temperaturas superiores a 70 o inferiores a 0 grados cent\u00edgrados.<\/p>","protected":false},"excerpt":{"rendered":"<p>Las garant\u00edas y obligaciones que LOXEE sp. z oo ofrece para sus productos son las \u00fanicas garant\u00edas y obligaciones expresas ofrecidas por la empresa, sus distribuidores o minoristas. Estas garant\u00edas y limitaciones solo se aplican al comprador original o a la persona para quien se adquiri\u00f3 originalmente el producto. Las reclamaciones de garant\u00eda deben iniciarse [\u2026]<\/p>","protected":false},"author":1,"featured_media":0,"parent":0,"menu_order":0,"comment_status":"closed","ping_status":"closed","template":"","meta":{"footnotes":""},"class_list":["post-3436","page","type-page","status-publish","hentry"],"yoast_head":"<!-- This site is optimized with the Yoast SEO plugin v26.4 - https:\/\/yoast.com\/wordpress\/plugins\/seo\/ -->\n<title>GENERAL WARRANTY POLICIES - X-Sports.world - X-Wake | X-Surf<\/title>\n<meta name=\"robots\" content=\"index, follow, max-snippet:-1, max-image-preview:large, max-video-preview:-1\" \/>\n<link rel=\"canonical\" href=\"https:\/\/x-sports.world\/es\/general-warranty-policies\/\" \/>\n<meta property=\"og:locale\" content=\"es_ES\" \/>\n<meta property=\"og:type\" content=\"article\" \/>\n<meta property=\"og:title\" content=\"GENERAL WARRANTY POLICIES - X-Sports.world - X-Wake | X-Surf\" \/>\n<meta property=\"og:description\" content=\"The warranties and obligations provided by LOXEE sp. z o. o. &nbsp;for its products are the only express warranties and obligations offered by the company, its distributors, or retailers. These warranties and limitations are only applicable to the original purchaser or the person for whom the product was originally purchased. Warranty claims must be initiated [&hellip;]\" \/>\n<meta property=\"og:url\" content=\"https:\/\/x-sports.world\/es\/general-warranty-policies\/\" \/>\n<meta property=\"og:site_name\" content=\"X-Sports.world - X-Wake | X-Surf\" \/>\n<meta property=\"article:modified_time\" content=\"2025-04-25T15:54:44+00:00\" \/>\n<meta name=\"twitter:card\" content=\"summary_large_image\" \/>\n<meta name=\"twitter:label1\" content=\"Tiempo de lectura\" \/>\n\t<meta name=\"twitter:data1\" content=\"3 minutos\" \/>\n<script type=\"application\/ld+json\" class=\"yoast-schema-graph\">{\"@context\":\"https:\/\/schema.org\",\"@graph\":[{\"@type\":\"WebPage\",\"@id\":\"https:\/\/x-sports.world\/general-warranty-policies\/\",\"url\":\"https:\/\/x-sports.world\/general-warranty-policies\/\",\"name\":\"GENERAL WARRANTY POLICIES - X-Sports.world - X-Wake | X-Surf\",\"isPartOf\":{\"@id\":\"https:\/\/x-sports.world\/#website\"},\"datePublished\":\"2025-04-24T12:16:34+00:00\",\"dateModified\":\"2025-04-25T15:54:44+00:00\",\"breadcrumb\":{\"@id\":\"https:\/\/x-sports.world\/general-warranty-policies\/#breadcrumb\"},\"inLanguage\":\"es\",\"potentialAction\":[{\"@type\":\"ReadAction\",\"target\":[\"https:\/\/x-sports.world\/general-warranty-policies\/\"]}]},{\"@type\":\"BreadcrumbList\",\"@id\":\"https:\/\/x-sports.world\/general-warranty-policies\/#breadcrumb\",\"itemListElement\":[{\"@type\":\"ListItem\",\"position\":1,\"name\":\"Home\",\"item\":\"https:\/\/x-sports.world\/\"},{\"@type\":\"ListItem\",\"position\":2,\"name\":\"GENERAL WARRANTY POLICIES\"}]},{\"@type\":\"WebSite\",\"@id\":\"https:\/\/x-sports.world\/#website\",\"url\":\"https:\/\/x-sports.world\/\",\"name\":\"X-Sports.world - X-Wake Wakeboards | X-Surf Surfboards\",\"description\":\"Kolejna witryna WordPress\",\"publisher\":{\"@id\":\"https:\/\/x-sports.world\/#organization\"},\"potentialAction\":[{\"@type\":\"SearchAction\",\"target\":{\"@type\":\"EntryPoint\",\"urlTemplate\":\"https:\/\/x-sports.world\/?s={search_term_string}\"},\"query-input\":{\"@type\":\"PropertyValueSpecification\",\"valueRequired\":true,\"valueName\":\"search_term_string\"}}],\"inLanguage\":\"es\"},{\"@type\":\"Organization\",\"@id\":\"https:\/\/x-sports.world\/#organization\",\"name\":\"X-Sports.world - X-Wake | X-Surf\",\"url\":\"https:\/\/x-sports.world\/\",\"logo\":{\"@type\":\"ImageObject\",\"inLanguage\":\"es\",\"@id\":\"https:\/\/x-sports.world\/#\/schema\/logo\/image\/\",\"url\":\"https:\/\/x-sports.world\/wp-content\/uploads\/2025\/04\/XSPORTS-BLACK-LOGO.png\",\"contentUrl\":\"https:\/\/x-sports.world\/wp-content\/uploads\/2025\/04\/XSPORTS-BLACK-LOGO.png\",\"width\":3810,\"height\":1016,\"caption\":\"X-Sports.world - X-Wake | X-Surf\"},\"image\":{\"@id\":\"https:\/\/x-sports.world\/#\/schema\/logo\/image\/\"}}]}<\/script>\n<!-- \/ Yoast SEO plugin. -->","yoast_head_json":{"title":"POL\u00cdTICAS GENERALES DE GARANT\u00cdA - X-Sports.world - X-Wake | X-Surf","robots":{"index":"index","follow":"follow","max-snippet":"max-snippet:-1","max-image-preview":"max-image-preview:large","max-video-preview":"max-video-preview:-1"},"canonical":"https:\/\/x-sports.world\/es\/general-warranty-policies\/","og_locale":"es_ES","og_type":"article","og_title":"GENERAL WARRANTY POLICIES - X-Sports.world - X-Wake | X-Surf","og_description":"The warranties and obligations provided by LOXEE sp. z o. o. &nbsp;for its products are the only express warranties and obligations offered by the company, its distributors, or retailers. These warranties and limitations are only applicable to the original purchaser or the person for whom the product was originally purchased. Warranty claims must be initiated [&hellip;]","og_url":"https:\/\/x-sports.world\/es\/general-warranty-policies\/","og_site_name":"X-Sports.world - X-Wake | X-Surf","article_modified_time":"2025-04-25T15:54:44+00:00","twitter_card":"summary_large_image","twitter_misc":{"Tiempo de lectura":"3 minutos"},"schema":{"@context":"https:\/\/schema.org","@graph":[{"@type":"WebPage","@id":"https:\/\/x-sports.world\/general-warranty-policies\/","url":"https:\/\/x-sports.world\/general-warranty-policies\/","name":"POL\u00cdTICAS GENERALES DE GARANT\u00cdA - X-Sports.world - X-Wake | X-Surf","isPartOf":{"@id":"https:\/\/x-sports.world\/#website"},"datePublished":"2025-04-24T12:16:34+00:00","dateModified":"2025-04-25T15:54:44+00:00","breadcrumb":{"@id":"https:\/\/x-sports.world\/general-warranty-policies\/#breadcrumb"},"inLanguage":"es","potentialAction":[{"@type":"ReadAction","target":["https:\/\/x-sports.world\/general-warranty-policies\/"]}]},{"@type":"BreadcrumbList","@id":"https:\/\/x-sports.world\/general-warranty-policies\/#breadcrumb","itemListElement":[{"@type":"ListItem","position":1,"name":"Home","item":"https:\/\/x-sports.world\/"},{"@type":"ListItem","position":2,"name":"GENERAL WARRANTY POLICIES"}]},{"@type":"WebSite","@id":"https:\/\/x-sports.world\/#website","url":"https:\/\/x-sports.world\/","name":"X-Sports.world - Tablas de wakeboard X-Wake | Tablas de surf X-Surf","description":"Otro sitio web de WordPress","publisher":{"@id":"https:\/\/x-sports.world\/#organization"},"potentialAction":[{"@type":"SearchAction","target":{"@type":"EntryPoint","urlTemplate":"https:\/\/x-sports.world\/?s={search_term_string}"},"query-input":{"@type":"PropertyValueSpecification","valueRequired":true,"valueName":"search_term_string"}}],"inLanguage":"es"},{"@type":"Organization","@id":"https:\/\/x-sports.world\/#organization","name":"X-Sports.world - X-Wake | X-Surf","url":"https:\/\/x-sports.world\/","logo":{"@type":"ImageObject","inLanguage":"es","@id":"https:\/\/x-sports.world\/#\/schema\/logo\/image\/","url":"https:\/\/x-sports.world\/wp-content\/uploads\/2025\/04\/XSPORTS-BLACK-LOGO.png","contentUrl":"https:\/\/x-sports.world\/wp-content\/uploads\/2025\/04\/XSPORTS-BLACK-LOGO.png","width":3810,"height":1016,"caption":"X-Sports.world - X-Wake | X-Surf"},"image":{"@id":"https:\/\/x-sports.world\/#\/schema\/logo\/image\/"}}]}},"_links":{"self":[{"href":"https:\/\/x-sports.world\/es\/wp-json\/wp\/v2\/pages\/3436","targetHints":{"allow":["GET"]}}],"collection":[{"href":"https:\/\/x-sports.world\/es\/wp-json\/wp\/v2\/pages"}],"about":[{"href":"https:\/\/x-sports.world\/es\/wp-json\/wp\/v2\/types\/page"}],"author":[{"embeddable":true,"href":"https:\/\/x-sports.world\/es\/wp-json\/wp\/v2\/users\/1"}],"replies":[{"embeddable":true,"href":"https:\/\/x-sports.world\/es\/wp-json\/wp\/v2\/comments?post=3436"}],"version-history":[{"count":1,"href":"https:\/\/x-sports.world\/es\/wp-json\/wp\/v2\/pages\/3436\/revisions"}],"predecessor-version":[{"id":3437,"href":"https:\/\/x-sports.world\/es\/wp-json\/wp\/v2\/pages\/3436\/revisions\/3437"}],"wp:attachment":[{"href":"https:\/\/x-sports.world\/es\/wp-json\/wp\/v2\/media?parent=3436"}],"curies":[{"name":"wp","href":"https:\/\/api.w.org\/{rel}","templated":true}]}}