{"id":3,"date":"2024-12-31T10:49:46","date_gmt":"2024-12-31T10:49:46","guid":{"rendered":"http:\/\/x-sports.world\/?page_id=3"},"modified":"2025-04-25T17:54:40","modified_gmt":"2025-04-25T15:54:40","slug":"privacy-policy","status":"publish","type":"page","link":"https:\/\/x-sports.world\/es\/privacy-policy\/","title":{"rendered":"pol\u00edtica de privacidad"},"content":{"rendered":"<p>En relaci\u00f3n con el inicio de la aplicaci\u00f3n a partir del 25 de mayo de 2018, el art\u00edculo 13, p\u00e1rrafo 1, del Reglamento General del Parlamento Europeo y del Consejo (UE) 2016\/679, de 27 de abril de 2016, relativo a la protecci\u00f3n de las personas f\u00edsicas y de sus datos personales y a la libre circulaci\u00f3n de estos datos y por el que se deroga la Directiva 95\/46\/CE (en adelante, \u201cRODO\u201d)), nos gustar\u00eda informarle de que a partir del 25 de mayo de 2018 tendr\u00e1 derecho a los derechos establecidos a continuaci\u00f3n para el tratamiento de sus datos personales.<\/p>\n\n\n\n<p>Al mismo tiempo, de conformidad con el art. 11, apartado 1, letra a), del RGPD, le informamos de que, a partir del 25 de mayo de 2018, entrar\u00e1n en vigor la siguiente informaci\u00f3n y normas sobre el tratamiento de sus datos personales:<\/p>\n\n\n\n<p>1. El administrador de sus datos personales es LOXEE Sp. z oo con domicilio social en 5 FABRYCZNA St., 43-100 TYCHY<\/p>\n\n\n\n<p>2. Hemos recibido su informaci\u00f3n personal al crear una cuenta en la tienda X WAKE SHOP<\/p>\n\n\n\n<p>3. Sus datos personales ser\u00e1n tratados con la finalidad de:<\/p>\n\n\n\n<p>a) permitir la prestaci\u00f3n de servicios electr\u00f3nicos y la celebraci\u00f3n de contratos de venta, la gesti\u00f3n de reclamaciones, env\u00edos, pagos, la configuraci\u00f3n y gesti\u00f3n de su cuenta, la soluci\u00f3n de posibles problemas t\u00e9cnicos \u2013 la base legal para el tratamiento de datos personales es el art. 6 p\u00e1rrafo 1 lit. b) THE RODO,<\/p>\n\n\n\n<p>b) actividades de marketing en su forma en la que ha dado su consentimiento, la base legal para el procesamiento de datos personales es el inter\u00e9s leg\u00edtimo de la empresa (art\u00edculo 6, p\u00e1rrafo 1, punto a) del RGPD;<\/p>\n\n\n\n<p>c) cumplir con las obligaciones legales que incumben a la empresa en base a las leyes generalmente aplicables, incluidas las normativas fiscales y contables \u2013 la base legal para el tratamiento de datos personales es el art. 6 p\u00e1rrafo 1 letra c RODO,<\/p>\n\n\n\n<p>d) realizar actividades anal\u00edticas y estad\u00edsticas: la base legal para el procesamiento de datos personales es el inter\u00e9s leg\u00edtimo de la empresa (art\u00edculo 6 (1) letra f) del RGPD, el inter\u00e9s leg\u00edtimo de la empresa es analizar los resultados de las operaciones comerciales,<\/p>\n\n\n\n<p>e) para implementar el inter\u00e9s leg\u00edtimo de la empresa consistente en la posible determinaci\u00f3n o ejercicio de reclamaciones o defensa contra reclamaciones \u2013 la base legal para el procesamiento de datos personales es el inter\u00e9s leg\u00edtimo de la empresa \u2013 art. 6 p\u00e1rrafo 1 lit. f RODO.<\/p>\n\n\n\n<p>4. Sus datos personales podr\u00e1n ser compartidos:<\/p>\n\n\n\n<p>a) transportistas, empresas de mensajer\u00eda, transportistas,<\/p>\n\n\n\n<p>b) empresas que prestan servicios de pagos electr\u00f3nicos y tarjetas de pago,<\/p>\n\n\n\n<p>c) empresas de cr\u00e9dito,<\/p>\n\n\n\n<p>d) Empresas de TI que se ocupan de los sistemas de TI, dan servicio a nuestros servidores, computadoras y correo electr\u00f3nico,<\/p>\n\n\n\n<p>e) empresas que tratan con nuestro sitio web,<\/p>\n\n\n\n<p>f) entidades que prestan servicios a nuestra empresa en materia de contabilidad, control de calidad de servicios, recuperaci\u00f3n de deudas, servicios jur\u00eddicos, anal\u00edticos y de marketing,<\/p>\n\n\n\n<p>g) empleados de LOXEE SP. Z OO<\/p>\n\n\n\n<p>5. Sus datos personales ser\u00e1n tratados durante un periodo de tiempo:<\/p>\n\n\n\n<p>a) en el caso de datos personales tratados para fines de marketing y prestaci\u00f3n de servicios por medios electr\u00f3nicos, hasta que usted se oponga al tratamiento de datos personales en este sentido.<\/p>\n\n\n\n<p>b) en el caso de datos personales tratados para la ejecuci\u00f3n de contratos de compraventa, durante el per\u00edodo necesario para el cumplimiento de todas las obligaciones derivadas del contrato y, tras su finalizaci\u00f3n, para los fines de:<\/p>\n\n\n\n<p>presentar reclamaciones en relaci\u00f3n con la ejecuci\u00f3n del contrato,<\/p>\n\n\n\n<p>cumplimiento de las obligaciones derivadas de disposiciones legales, incluidas en particular las fiscales y contables,<\/p>\n\n\n\n<p>con fines estad\u00edsticos y de archivo,<\/p>\n\n\n\n<p>m\u00e1ximo por un per\u00edodo de 10 a\u00f1os a partir de la fecha de terminaci\u00f3n del contrato.<\/p>\n\n\n\n<p>6. Tiene derecho a acceder a sus datos personales en cualquier momento, as\u00ed como a rectificarlos, eliminarlos y limitar su tratamiento, a la portabilidad de los datos, a oponerse y a revocar su consentimiento en cualquier momento sin que ello afecte a la licitud del tratamiento (si este se basa en el consentimiento), realizado con base en dicho consentimiento antes de su revocaci\u00f3n. Cualquier revocaci\u00f3n del consentimiento deber\u00e1 enviarse por escrito a la siguiente direcci\u00f3n: Akademia Sportu Stawiki Sp. z oo, ul. Kresowa 4, 41-200 Sosnowiec, o por correo electr\u00f3nico a la direcci\u00f3n:&nbsp;<a href=\"mailto:info@x-wake.com\">info@x-wake.com<\/a><\/p>\n\n\n\n<p>Tiene derecho a presentar una reclamaci\u00f3n ante Giodo en cualquier momento si considera que el almacenamiento de sus datos personales infringe las disposiciones del Reglamento General de Protecci\u00f3n de Datos del 26 de abril de 2016.<\/p>\n\n\n\n<p>7. El suministro de datos personales es voluntario, salvo dos excepciones:<\/p>\n\n\n\n<p>a) Celebrar contratos con el Administrador: la falta de suministro de los datos personales necesarios para la celebraci\u00f3n y ejecuci\u00f3n del Contrato de Compraventa o del contrato de prestaci\u00f3n de Servicios Electr\u00f3nicos con el Administrador, en los casos y con el alcance indicados en el sitio web de la Tienda Online y en el Reglamento de la Tienda Online, resultar\u00e1 en la imposibilidad de celebrar dicho Contrato. En este caso, el suministro de datos personales es un requisito contractual y, si el interesado desea celebrar un contrato con el Administrador, est\u00e1 obligado a proporcionar los datos requeridos.<\/p>\n\n\n\n<p>En cada caso, el alcance de los datos necesarios para la celebraci\u00f3n del contrato se indica previamente en el sitio web de la Tienda Online y en el Reglamento de la Tienda Online;<\/p>\n\n\n\n<p>b) Obligaciones legales del Administrador: proporcionar datos personales es un requisito legal resultante de las disposiciones legales generalmente aplicables que imponen al Administrador la obligaci\u00f3n de procesar datos personales (por ejemplo, procesamiento de datos para llevar libros contables o fiscales) y la falta de proporcionarlos impedir\u00e1 al Administrador realizar estas funciones.<\/p>\n\n\n\n<p>8. Sus datos personales ser\u00e1n objeto de elaboraci\u00f3n de perfiles.<\/p>\n\n\n\n<p>Utilizaremos el perfil de sus datos con fines de marketing directo, por ejemplo, seleccionaremos autom\u00e1ticamente un anuncio para usted en funci\u00f3n de su actividad anterior en el sitio web, le ofreceremos un producto en l\u00ednea con sus intereses, le proporcionaremos un descuento, le recordaremos las compras pendientes, etc. Por supuesto, la decisi\u00f3n sobre si utilizar\u00e1 el reembolso o comprar\u00e1 el producto que ofrecemos se la dejamos a usted.<\/p>\n\n\n\n<p>GALLETAS<\/p>\n\n\n\n<p>\u00bfQu\u00e9 son las cookies?<\/p>\n\n\n\n<p>Las cookies son peque\u00f1os archivos que se guardan en su ordenador, tableta o smartphone al visitar diferentes sitios web. Una cookie suele contener el nombre del sitio web del que proviene, su duraci\u00f3n y el n\u00famero \u00fanico generado accidentalmente para identificar el navegador desde el que se conecta al sitio web.<\/p>\n\n\n\n<p>\u00bfPara qu\u00e9 utilizamos las cookies?<\/p>\n\n\n\n<p>Wake Sklep utiliza cookies para diversos fines: optimizar el funcionamiento y la facilidad de uso de sitios web y aplicaciones, adaptar mejor el contenido y los anuncios a sus expectativas e intereses, y recopilar estad\u00edsticas an\u00f3nimas y agregadas que ayudan a mejorar la funcionalidad y el contenido de las p\u00e1ginas y aplicaciones. Al utilizar las cookies de la forma descrita anteriormente, nunca identificamos la identidad de los usuarios con base en la informaci\u00f3n almacenada en las cookies.<\/p>\n\n\n\n<p>Pol\u00edtica de privacidad<\/p>\n\n\n\n<p>W zwi\u0105zku z rozpocz\u0119ciem stosowania z dniem 25 maja 2018 roku art.13 ust. 1 og\u00f3lnego rozporz\u0105dzenia Parlamentu Europejskiego i Rady (UE) 2016\/679 z dnia 27 kwietnia 2016 r. w sprawie ochrony os\u00f3b fizycznych i ich danych osobowych oraz w sprawie swobodnego przep\u0142ywu takich danych i uchylenia dyrektywy 95\/46\/WE, (dalej zwanym \u201eRODO\u201d), informujemy, \u017ce od dnia 25 maja 2018 roku b\u0119d\u0105 Tobie przys\u0142ugiwa\u0142y okre\u015blone poni\u017cej prawa zwi\u0105zane z przetwarzaniem Twoich danych osobowych.<\/p>\n\n\n\n<p>Jednocze\u015bnie na podstawie art. 13 RODO informujemy, \u017ce od dnia 25 maja 2018 roku aktualne b\u0119d\u0105 poni\u017csze informacje i zasady zwi\u0105zane z przetwarzaniem Twoich danych osobowych:<\/p>\n\n\n\n<p>1. Administratorem Twoich danych osobowych jest firma LOXEE Sp. z o.o. z oo z siedzib\u0105 pod adresem ul.FABRYCZNA 5 , 43-100 TYCHY<\/p>\n\n\n\n<p>2. Twoje dane osobowe otrzymali\u015bmy od Ciebie podczas zak\u0142adania konta w sklepie X WAKE SHOP<\/p>\n\n\n\n<p>3. Twoje dane osobowe b\u0119d\u0105 przetwarzane w celu :&nbsp;<\/p>\n\n\n\n<p>a) umo\u017cliwienia \u015bwiadczenia us\u0142ug drog\u0105 elektroniczn\u0105 oraz zawierania um\u00f3w sprzeda\u017cy, obs\u0142ugi reklamacji , wysy\u0142ek, p\u0142atno\u015bci , zak\u0142adania i zarz\u0105dzania Twoim kontem, rozwi\u0105zywania ewentualnych problem\u00f3w technicznych \u2013 podstaw\u0105 gambas przetwarzania danych osobowych broma art. 6 us. 1 encendido. b) RODO,<\/p>\n\n\n\n<p>b) prowadzenia wobec Ciebie dzia\u0142a\u0144 marketingowych w spos\u00f3b na kt\u00f3ry wyrazi\u0142e\u015b zgod\u0119 podstaw\u0105 prawn\u0105 przetwarzania danych osobowych jest prawnie uzasadniony interes firmy (art. 6 ust. 1 lit. a) RODO;&nbsp;<\/p>\n\n\n\n<p>c) wype\u0142nienia obowi\u0105zk\u00f3w prawnych ci\u0105\u017c\u0105cych na firmie na podstawie powszechnie obowi\u0105zuj\u0105cych przepis\u00f3w prawa, w tym przepis\u00f3w podatkowych oraz z zakresu rachunkowo\u015bci \u2013 podstaw\u0105 prawn\u0105 przetwarzania danych osobowych arte de broma. 6 us. 1 encendido. c RODO,<\/p>\n\n\n\n<p>d) prowadzenia dzia\u0142a\u0144 analitycznych i statystycznych \u2013 podstaw\u0105 prawn\u0105 przetwarzania danych osobowych jest prawnie uzasadniony interes firmy (art. 6 ust. 1 lit. f) RODO, uzasadnionym interesem firmy jest prowadzenie analizy wynik\u00f3w prowadzonej dzia\u0142alno\u015bci gospodarczej,<\/p>\n\n\n\n<p>e) w celu realizacji prawnie uzasadnionego interesu firmy polegaj\u0105cego na ewentualnym ustaleniu lub dochodzeniu roszcze\u0144 lub obronie przed roszczeniami \u2013 podstaw\u0105 prawn\u0105 przetwarzania danych osobowych jest prawnie uzasadniony interes firmy \u2013 art. 6 us. 1 encendido. f RODO.<\/p>\n\n\n\n<p>4. Twoje dane osobowe mog\u0105 by\u0107 udost\u0119pnione :<\/p>\n\n\n\n<p>a) spedytorom, firmom kurierskim, przewo\u017anikom,<\/p>\n\n\n\n<p>b) firmom obs\u0142uguj\u0105cym p\u0142atno\u015bci elektroniczne oraz kartami p\u0142atniczym,<\/p>\n\n\n\n<p>c) firmom udzielaj\u0105cym kredyt\u00f3w,<\/p>\n\n\n\n<p>d) firmom z bran\u017cy IT zajmuj\u0105cym si\u0119 obs\u0142ug\u0105 system\u00f3w informatycznych, obs\u0142ug\u0105 naszych serwer\u00f3w, komputer\u00f3w i poczty elektronicznej,<\/p>\n\n\n\n<p>e) firmom zajmuj\u0105cych si\u0119 nasza stron\u0105 internetow\u0105,<\/p>\n\n\n\n<p>f) podmiotom \u015bwiadcz\u0105cym na rzecz naszej firmy us\u0142ugi z zakresu ksi\u0119gowo\u015bci , badania jako\u015bci obs\u0142ugi, dochodzenia nale\u017cno\u015bci, us\u0142ugi prawne, analityczne, marketingowe,<\/p>\n\n\n\n<p>g) pracownikom firmy LOXEE SP. Z OO<\/p>\n\n\n\n<p>5. Twoje dane osobowe b\u0119d\u0105 przetwarzane przez okres::<\/p>\n\n\n\n<p>a) w przypadku danych osobowych przetwarzanych w celach marketingowych oraz \u015bwiadczenia us\u0142ug drog\u0105 elektroniczn\u0105 \u2013 do czasu wniesienia przez Ciebie sprzeciwu wzgl\u0119dem przetwarzania danych osobowych w tym zakresie.<\/p>\n\n\n\n<p>b) w przypadku danych osobowych przetwarzanych w celu realizacji um\u00f3w sprzeda\u017cy \u2013 przez okres konieczny do wykonania wszystkich obowi\u0105zk\u00f3w wynikaj\u0105cych z umowy oraz po jej zako\u0144czeniu w celach :<\/p>\n\n\n\n<ul class=\"wp-block-list\">\n<li>dochodzenia roszcze\u0144 w zwi\u0105zku z wykonaniem umowy,<\/li>\n\n\n\n<li>wykonania obowi\u0105zk\u00f3w wynikaj\u0105cych z przepis\u00f3w prawa, w tym w szczeg\u00f3lno\u015bci podatkowych i rachunkowych,<\/li>\n\n\n\n<li>w celach statystycznych i archiwizacyjnych,<\/li>\n\n\n\n<li>maksymalnie przez okres 10 lat od dnia zako\u0144czenia umowy.<\/li>\n<\/ul>\n\n\n\n<p>6. W ka\u017cdej chwili masz prawo dost\u0119pu do tre\u015bci swoich danych osobowych oraz prawo ich sprostowania, usuni\u0119cia, ograniczenia przetwarzania, prawo do przenoszenia danych , prawo wniesienia sprzeciwu, prawo do cofni\u0119cia zgody w dowolnym momencie bez wp\u0142ywu na zgodno\u015b\u0107 z prawem przetwarzania (je\u017celi przetwarzanie odbywa si\u0119 na podstawie zgody), kt\u00f3rego dokonano na podstawie zgody przed jej cofni\u0119ciem. Ewentualne wycofanie zgody prosimy o przesy\u0142anie w formie pisemnej na direcci\u00f3n : Akademia Sportu Stawiki Sp. z o.o. z oo, ul. Kresowa 4, 41-200 Sosnowiec lub w formie elektronicznej na direcci\u00f3n:&nbsp;<a href=\"mailto:shop@wake-sklep.pl\">info@x-wake.com<\/a><\/p>\n\n\n\n<p>W ka\u017cdej chwili masz prawo do wniesienia skargi do Giodo gdy uznasz \u017ce przechowywanie twoich danych osobowych narusza przepisy og\u00f3lnego rozporz\u0105dzenia o ochronie danych osobowych z 26-go kwietnia 2016.<\/p>\n\n\n\n<p>7. Podanie danych osobowych jest dobrowolne, z zastrze\u017ceniem dw\u00f3ch wyj\u0105tk\u00f3w:<\/p>\n\n\n\n<p>a) zawieranie um\u00f3w z Administratorem \u2013 niepodanie w przypadkach iw zakresie wskazanym na stronie Sklepu Internetowego oraz w Regulaminie Sklepu Internetowego danych osobowych niezb\u0119dnych do zawarcia i wykonania Umowy Sprzeda\u017cy lub umowy o \u015bwiadczenie Us\u0142ugi Elektronicznej z Administratorem skutkuje brakiem mo\u017cliwo\u015bci zawarcia tej\u017ce umowy. Podanie danych osobowych jest w takim wypadku wymogiem umownym i je\u017celi osoba, kt\u00f3re dane dotycz\u0105 chce zawrze\u0107 dan\u0105 umow\u0119 z Administratorem, to jest zobowi\u0105zana do podania wymaganych danych. Ka\u017cdorazowo zakres danych wymaganych do zawarcia umowy wskazany jest uprzednio na stronie Sklepu Internetowego oraz w Regulaminie Sklepu Internetowego;&nbsp;<\/p>\n\n\n\n<p>b) Obowi\u0105zki ustawowe Administratora \u2013 podanie danych osobowych jest wymogiem ustawowym wynikaj\u0105cym z powszechnie obowi\u0105zuj\u0105cych przepis\u00f3w prawa nak\u0142adaj\u0105cych na Administratora obowi\u0105zek przetwarzania danych osobowych (np. przetwarzanie danych w celu prowadzenia ksi\u0105g podatkowych lub rachunkowych) i brak ich podania uniemo\u017cliwi Administratorowi wykonanie tych\u017ce obowi\u0105zk\u00f3w.<\/p>\n\n\n\n<p>8. Twoje dane osobowe b\u0119d\u0105 podlega\u0142y profilowaniu.<\/p>\n\n\n\n<p>B\u0119dziemy korzysta\u0107 z profilowania Twoich danych do cel\u00f3w marketingu bezpo\u015bredniego tzn np. automatycznie dobierzemy dla Ciebie reklam\u0119 w oparciu o wcze\u015bniejsz\u0105 aktywno\u015b\u0107 na stronie, zaproponujemy produkt zgodny z Twoimi zainteresowaniami, udzielimy odpowiedniego rabatu, przypomnimy o niedoko\u0144czonych zakupach itp. Oczywi\u015bcie decyzj\u0119 o tym czy skorzystasz z danego rabatu czy kupisz zaproponowany przez nas produkt pozostawiamy Tobie.<\/p>\n\n\n\n<p>GALLETAS&nbsp;<\/p>\n\n\n\n<p>\u00bfC\u00f3mo se llama la ciasteczka?<br>Ciasteczka (ang. cookies) to niewielkie pliki, zapisywane i przechowywane na twoim komputerze, tablecie lub smartphonie podczas gdy odwiedzasz r\u00f3\u017cne strony w internecie. Ciasteczko zazwyczaj zawiera nazw\u0119 strony internetowej, z kt\u00f3rej pochodzi, \u201cd\u0142ugo\u015b\u0107 \u017cycia\u201d ciasteczka (to znaczy czas jego istnienia) oraz przypadkowo wygenerowany unikalny numer s\u0142u\u017c\u0105cy do identyfikacji przegl\u0105darki, z jakiej nast\u0119puje po\u0142\u0105czenie ze stron\u0105 internetow\u0105.<\/p>\n\n\n\n<p>\u00bfQu\u00e9 significa esto?<br>Wake Sklep u\u017cywa ciasteczek w r\u00f3\u017cnych celach: by strony i aplikacje dzia\u0142a\u0142y szybciej i by by\u0142y \u0142atwiejsze w u\u017cyciu, aby lepiej dopasowa\u0107 tre\u015bci i reklamy do twoich oczekiwa\u0144 i zainteresowa\u0144 oraz do zbierania an\u00f3nimowych, zagregowanych statystyk, kt\u00f3re pomagaj\u0105 w poprawianiu funkcjonalno\u015bci i zawarto\u015bci stron i aplikacji. U\u017cywaj\u0105c ciasteczek w wy\u017cej opisany spos\u00f3b nigdy nie identyfikujemy to\u017csamo\u015bci u\u017cytkownik\u00f3w na podstawie informacji przechowywanych w ciasteczkach.<\/p>","protected":false},"excerpt":{"rendered":"<p>In connection with the commencement of application as of May 25, 2018, Article 13, para. 1 of the General Regulation of the European Parliament and of the Council (EU) 2016\/679 of 27 April 2016 on the protection of individuals and their personal data and on the free movement of such data and repealing Directive 95\/46 [&hellip;]<\/p>","protected":false},"author":1,"featured_media":0,"parent":0,"menu_order":0,"comment_status":"closed","ping_status":"open","template":"","meta":{"footnotes":""},"class_list":["post-3","page","type-page","status-publish","hentry"],"yoast_head":"<!-- This site is optimized with the Yoast SEO plugin v26.4 - https:\/\/yoast.com\/wordpress\/plugins\/seo\/ -->\n<title>Privacy Policy - X-Sports.world - X-Wake | X-Surf<\/title>\n<meta name=\"robots\" content=\"index, follow, max-snippet:-1, max-image-preview:large, max-video-preview:-1\" \/>\n<link rel=\"canonical\" href=\"https:\/\/x-sports.world\/es\/privacy-policy\/\" \/>\n<meta property=\"og:locale\" content=\"es_ES\" \/>\n<meta property=\"og:type\" content=\"article\" \/>\n<meta property=\"og:title\" content=\"Privacy Policy - X-Sports.world - X-Wake | X-Surf\" \/>\n<meta property=\"og:description\" content=\"In connection with the commencement of application as of May 25, 2018, Article 13, para. 1 of the General Regulation of the European Parliament and of the Council (EU) 2016\/679 of 27 April 2016 on the protection of individuals and their personal data and on the free movement of such data and repealing Directive 95\/46 [&hellip;]\" \/>\n<meta property=\"og:url\" content=\"https:\/\/x-sports.world\/es\/privacy-policy\/\" \/>\n<meta property=\"og:site_name\" content=\"X-Sports.world - X-Wake | X-Surf\" \/>\n<meta property=\"article:modified_time\" content=\"2025-04-25T15:54:40+00:00\" \/>\n<meta name=\"twitter:card\" content=\"summary_large_image\" \/>\n<meta name=\"twitter:label1\" content=\"Tiempo de lectura\" \/>\n\t<meta name=\"twitter:data1\" content=\"11 minutos\" \/>\n<script type=\"application\/ld+json\" class=\"yoast-schema-graph\">{\"@context\":\"https:\/\/schema.org\",\"@graph\":[{\"@type\":\"WebPage\",\"@id\":\"https:\/\/x-sports.world\/privacy-policy\/\",\"url\":\"https:\/\/x-sports.world\/privacy-policy\/\",\"name\":\"Privacy Policy - X-Sports.world - X-Wake | X-Surf\",\"isPartOf\":{\"@id\":\"https:\/\/x-sports.world\/#website\"},\"datePublished\":\"2024-12-31T10:49:46+00:00\",\"dateModified\":\"2025-04-25T15:54:40+00:00\",\"breadcrumb\":{\"@id\":\"https:\/\/x-sports.world\/privacy-policy\/#breadcrumb\"},\"inLanguage\":\"es\",\"potentialAction\":[{\"@type\":\"ReadAction\",\"target\":[\"https:\/\/x-sports.world\/privacy-policy\/\"]}]},{\"@type\":\"BreadcrumbList\",\"@id\":\"https:\/\/x-sports.world\/privacy-policy\/#breadcrumb\",\"itemListElement\":[{\"@type\":\"ListItem\",\"position\":1,\"name\":\"Home\",\"item\":\"https:\/\/x-sports.world\/\"},{\"@type\":\"ListItem\",\"position\":2,\"name\":\"Privacy Policy\"}]},{\"@type\":\"WebSite\",\"@id\":\"https:\/\/x-sports.world\/#website\",\"url\":\"https:\/\/x-sports.world\/\",\"name\":\"X-Sports.world - X-Wake Wakeboards | X-Surf Surfboards\",\"description\":\"Kolejna witryna WordPress\",\"publisher\":{\"@id\":\"https:\/\/x-sports.world\/#organization\"},\"potentialAction\":[{\"@type\":\"SearchAction\",\"target\":{\"@type\":\"EntryPoint\",\"urlTemplate\":\"https:\/\/x-sports.world\/?s={search_term_string}\"},\"query-input\":{\"@type\":\"PropertyValueSpecification\",\"valueRequired\":true,\"valueName\":\"search_term_string\"}}],\"inLanguage\":\"es\"},{\"@type\":\"Organization\",\"@id\":\"https:\/\/x-sports.world\/#organization\",\"name\":\"X-Sports.world - X-Wake | X-Surf\",\"url\":\"https:\/\/x-sports.world\/\",\"logo\":{\"@type\":\"ImageObject\",\"inLanguage\":\"es\",\"@id\":\"https:\/\/x-sports.world\/#\/schema\/logo\/image\/\",\"url\":\"https:\/\/x-sports.world\/wp-content\/uploads\/2025\/04\/XSPORTS-BLACK-LOGO.png\",\"contentUrl\":\"https:\/\/x-sports.world\/wp-content\/uploads\/2025\/04\/XSPORTS-BLACK-LOGO.png\",\"width\":3810,\"height\":1016,\"caption\":\"X-Sports.world - X-Wake | X-Surf\"},\"image\":{\"@id\":\"https:\/\/x-sports.world\/#\/schema\/logo\/image\/\"}}]}<\/script>\n<!-- \/ Yoast SEO plugin. -->","yoast_head_json":{"title":"Pol\u00edtica de privacidad - X-Sports.world - X-Wake | X-Surf","robots":{"index":"index","follow":"follow","max-snippet":"max-snippet:-1","max-image-preview":"max-image-preview:large","max-video-preview":"max-video-preview:-1"},"canonical":"https:\/\/x-sports.world\/es\/privacy-policy\/","og_locale":"es_ES","og_type":"article","og_title":"Privacy Policy - X-Sports.world - X-Wake | X-Surf","og_description":"In connection with the commencement of application as of May 25, 2018, Article 13, para. 1 of the General Regulation of the European Parliament and of the Council (EU) 2016\/679 of 27 April 2016 on the protection of individuals and their personal data and on the free movement of such data and repealing Directive 95\/46 [&hellip;]","og_url":"https:\/\/x-sports.world\/es\/privacy-policy\/","og_site_name":"X-Sports.world - X-Wake | X-Surf","article_modified_time":"2025-04-25T15:54:40+00:00","twitter_card":"summary_large_image","twitter_misc":{"Tiempo de lectura":"11 minutos"},"schema":{"@context":"https:\/\/schema.org","@graph":[{"@type":"WebPage","@id":"https:\/\/x-sports.world\/privacy-policy\/","url":"https:\/\/x-sports.world\/privacy-policy\/","name":"Pol\u00edtica de privacidad - X-Sports.world - X-Wake | X-Surf","isPartOf":{"@id":"https:\/\/x-sports.world\/#website"},"datePublished":"2024-12-31T10:49:46+00:00","dateModified":"2025-04-25T15:54:40+00:00","breadcrumb":{"@id":"https:\/\/x-sports.world\/privacy-policy\/#breadcrumb"},"inLanguage":"es","potentialAction":[{"@type":"ReadAction","target":["https:\/\/x-sports.world\/privacy-policy\/"]}]},{"@type":"BreadcrumbList","@id":"https:\/\/x-sports.world\/privacy-policy\/#breadcrumb","itemListElement":[{"@type":"ListItem","position":1,"name":"Home","item":"https:\/\/x-sports.world\/"},{"@type":"ListItem","position":2,"name":"Privacy Policy"}]},{"@type":"WebSite","@id":"https:\/\/x-sports.world\/#website","url":"https:\/\/x-sports.world\/","name":"X-Sports.world - Tablas de wakeboard X-Wake | Tablas de surf X-Surf","description":"Otro sitio web de WordPress","publisher":{"@id":"https:\/\/x-sports.world\/#organization"},"potentialAction":[{"@type":"SearchAction","target":{"@type":"EntryPoint","urlTemplate":"https:\/\/x-sports.world\/?s={search_term_string}"},"query-input":{"@type":"PropertyValueSpecification","valueRequired":true,"valueName":"search_term_string"}}],"inLanguage":"es"},{"@type":"Organization","@id":"https:\/\/x-sports.world\/#organization","name":"X-Sports.world - X-Wake | X-Surf","url":"https:\/\/x-sports.world\/","logo":{"@type":"ImageObject","inLanguage":"es","@id":"https:\/\/x-sports.world\/#\/schema\/logo\/image\/","url":"https:\/\/x-sports.world\/wp-content\/uploads\/2025\/04\/XSPORTS-BLACK-LOGO.png","contentUrl":"https:\/\/x-sports.world\/wp-content\/uploads\/2025\/04\/XSPORTS-BLACK-LOGO.png","width":3810,"height":1016,"caption":"X-Sports.world - X-Wake | X-Surf"},"image":{"@id":"https:\/\/x-sports.world\/#\/schema\/logo\/image\/"}}]}},"_links":{"self":[{"href":"https:\/\/x-sports.world\/es\/wp-json\/wp\/v2\/pages\/3","targetHints":{"allow":["GET"]}}],"collection":[{"href":"https:\/\/x-sports.world\/es\/wp-json\/wp\/v2\/pages"}],"about":[{"href":"https:\/\/x-sports.world\/es\/wp-json\/wp\/v2\/types\/page"}],"author":[{"embeddable":true,"href":"https:\/\/x-sports.world\/es\/wp-json\/wp\/v2\/users\/1"}],"replies":[{"embeddable":true,"href":"https:\/\/x-sports.world\/es\/wp-json\/wp\/v2\/comments?post=3"}],"version-history":[{"count":2,"href":"https:\/\/x-sports.world\/es\/wp-json\/wp\/v2\/pages\/3\/revisions"}],"predecessor-version":[{"id":324,"href":"https:\/\/x-sports.world\/es\/wp-json\/wp\/v2\/pages\/3\/revisions\/324"}],"wp:attachment":[{"href":"https:\/\/x-sports.world\/es\/wp-json\/wp\/v2\/media?parent=3"}],"curies":[{"name":"wp","href":"https:\/\/api.w.org\/{rel}","templated":true}]}}