{"id":2629,"date":"2025-04-15T22:17:34","date_gmt":"2025-04-15T20:17:34","guid":{"rendered":"https:\/\/x-sports.world\/?post_type=product&#038;p=2629"},"modified":"2026-03-17T16:00:49","modified_gmt":"2026-03-17T14:00:49","slug":"wakeboard-x-wake-neutrino-2023-outlet","status":"publish","type":"product","link":"https:\/\/x-sports.world\/de\/product\/wakeboard-x-wake-neutrino-2023-outlet\/","title":{"rendered":"WAKEBOARD X-WAKE NEUTRINO 2023 OUTLET"},"content":{"rendered":"<h1>WAKEBOARD X-WAKE NEUTRINO 2023<\/h1>\n<p>Das Neutrino ist ein Wakeboard f\u00fcr leichtere Fahrer und Anf\u00e4nger. Es ist nicht nur eine kleinere Version des Neutron. Das Neutrino ist ein weicheres, schmaleres und etwas flexibleres Neutron.<\/p>\n<p>Dieses Produkt haben wir f\u00fcr unsere Fahrer entwickelt. Die Spitzen des Wakeboards lassen sich leicht biegen und unterst\u00fctzen dich, wenn du es brauchst. Explosiver Pop und mittlerer Flex sind alles, was du f\u00fcr sanftes Dr\u00fccken und beeindruckende Kantenkontrolle brauchst. Nicht zu vergessen die Carbon-Konstruktion \u2013 ein Paulownia-Holzkern kombiniert mit Carbonfasergewebe. Die abgeschr\u00e4gten Kanten sorgen f\u00fcr maximale Haltbarkeit. Du wirst begeistert sein. Die Multi-Channels an den Spitzen wurden pr\u00e4zise CNC-gefr\u00e4st, um maximale Druckkontrolle zu gew\u00e4hrleisten und gleichzeitig un\u00fcbertroffene Stabilit\u00e4t beim Kantenfahren zu gew\u00e4hrleisten. Mit dem NEUTRINO dominieren auch kleinere Fahrer das Wasser. Hol dir deins noch heute und erlebe die Power selbst!<\/p>\n<p><img fetchpriority=\"high\" decoding=\"async\" class=\"aligncenter wp-image-2595 size-full\" src=\"https:\/\/x-sports.world\/wp-content\/uploads\/2025\/04\/OUT-NEUTRINO-2023X.jpg\" alt=\"\" width=\"1920\" height=\"1200\" srcset=\"https:\/\/x-sports.world\/wp-content\/uploads\/2025\/04\/OUT-NEUTRINO-2023X.jpg 1920w, https:\/\/x-sports.world\/wp-content\/uploads\/2025\/04\/OUT-NEUTRINO-2023X-300x188.jpg 300w, https:\/\/x-sports.world\/wp-content\/uploads\/2025\/04\/OUT-NEUTRINO-2023X-1024x640.jpg 1024w, https:\/\/x-sports.world\/wp-content\/uploads\/2025\/04\/OUT-NEUTRINO-2023X-768x480.jpg 768w, https:\/\/x-sports.world\/wp-content\/uploads\/2025\/04\/OUT-NEUTRINO-2023X-1536x960.jpg 1536w, https:\/\/x-sports.world\/wp-content\/uploads\/2025\/04\/OUT-NEUTRINO-2023X-600x375.jpg 600w\" sizes=\"(max-width: 1920px) 100vw, 1920px\" \/><\/p>\n<h2 style=\"text-align: center;\">TECHNOLOGIE<\/h2>\n<h3 style=\"text-align: center;\">NEUTRINO HOLZKERN<\/h3>\n<p>F\u00fcr einen guten POP ben\u00f6tigt jedes gute Board einen soliden und langfaserigen Holzkern. Der CNC-gefr\u00e4ste Paulownia-Holzkern ist das Herzst\u00fcck jedes X WAKE Boards.<\/p>\n<p><img decoding=\"async\" class=\"aligncenter wp-image-1939 size-full\" src=\"https:\/\/x-sports.world\/wp-content\/uploads\/2025\/04\/NEUTRINO-WOODCOREX.jpg\" alt=\"\" width=\"1920\" height=\"1200\" srcset=\"https:\/\/x-sports.world\/wp-content\/uploads\/2025\/04\/NEUTRINO-WOODCOREX.jpg 1920w, https:\/\/x-sports.world\/wp-content\/uploads\/2025\/04\/NEUTRINO-WOODCOREX-300x188.jpg 300w, https:\/\/x-sports.world\/wp-content\/uploads\/2025\/04\/NEUTRINO-WOODCOREX-1024x640.jpg 1024w, https:\/\/x-sports.world\/wp-content\/uploads\/2025\/04\/NEUTRINO-WOODCOREX-768x480.jpg 768w, https:\/\/x-sports.world\/wp-content\/uploads\/2025\/04\/NEUTRINO-WOODCOREX-1536x960.jpg 1536w, https:\/\/x-sports.world\/wp-content\/uploads\/2025\/04\/NEUTRINO-WOODCOREX-600x375.jpg 600w\" sizes=\"(max-width: 1920px) 100vw, 1920px\" \/><\/p>\n<h3 style=\"text-align: center;\">NEUTRINO-KOHLENSTOFF-KONSTRUKTION<\/h3>\n<p>Die Verwendung mehrerer Schichten ist ein strategischer Prozess, der Wissen und Erfahrung erfordert. Dies ist der Schl\u00fcssel zu optimaler Festigkeit und beeindruckenden Eigenschaften. Die Carbonfaser spielt eine wichtige Rolle bei der Verbesserung der CARBON-KONSTRUKTION<br \/>\nDie Verwendung mehrerer Schichten ist ein strategischer Prozess, der Wissen und Erfahrung erfordert. Dies ist der Schl\u00fcssel zu optimaler Festigkeit und beeindruckenden Eigenschaften. Die Carbonfaser tr\u00e4gt ma\u00dfgeblich zum Pop des Boards bei und verleiht Ihrem Fahrgef\u00fchl zus\u00e4tzlichen Schwung.<\/p>\n<p>&nbsp;<\/p>\n<h2><img decoding=\"async\" class=\"aligncenter wp-image-1921 size-full\" src=\"https:\/\/x-sports.world\/wp-content\/uploads\/2025\/04\/NEUTRINO-3X.jpg\" alt=\"\" width=\"1920\" height=\"1200\" srcset=\"https:\/\/x-sports.world\/wp-content\/uploads\/2025\/04\/NEUTRINO-3X.jpg 1920w, https:\/\/x-sports.world\/wp-content\/uploads\/2025\/04\/NEUTRINO-3X-300x188.jpg 300w, https:\/\/x-sports.world\/wp-content\/uploads\/2025\/04\/NEUTRINO-3X-1024x640.jpg 1024w, https:\/\/x-sports.world\/wp-content\/uploads\/2025\/04\/NEUTRINO-3X-768x480.jpg 768w, https:\/\/x-sports.world\/wp-content\/uploads\/2025\/04\/NEUTRINO-3X-1536x960.jpg 1536w, https:\/\/x-sports.world\/wp-content\/uploads\/2025\/04\/NEUTRINO-3X-600x375.jpg 600w\" sizes=\"(max-width: 1920px) 100vw, 1920px\" \/><\/h2>\n<h3 style=\"text-align: center;\">NEUTRINO-TRIPLE-C-KAN\u00c4LE<\/h3>\n<p>Hilft beim Carven und insbesondere bei Airtricks, hilft Ihnen, Ihre Kante zu fixieren und st\u00e4rker und h\u00f6her zu springen.<br \/>\nAuch beim Dr\u00fccken auf Schienen und bei der Landung auf dem Wasser kann es hilfreich sein.<\/p>\n<h2><img loading=\"lazy\" decoding=\"async\" class=\"aligncenter wp-image-1922 size-full\" src=\"https:\/\/x-sports.world\/wp-content\/uploads\/2025\/04\/NEUTRINO-4X.jpg\" alt=\"\" width=\"1920\" height=\"1200\" srcset=\"https:\/\/x-sports.world\/wp-content\/uploads\/2025\/04\/NEUTRINO-4X.jpg 1920w, https:\/\/x-sports.world\/wp-content\/uploads\/2025\/04\/NEUTRINO-4X-300x188.jpg 300w, https:\/\/x-sports.world\/wp-content\/uploads\/2025\/04\/NEUTRINO-4X-1024x640.jpg 1024w, https:\/\/x-sports.world\/wp-content\/uploads\/2025\/04\/NEUTRINO-4X-768x480.jpg 768w, https:\/\/x-sports.world\/wp-content\/uploads\/2025\/04\/NEUTRINO-4X-1536x960.jpg 1536w, https:\/\/x-sports.world\/wp-content\/uploads\/2025\/04\/NEUTRINO-4X-600x375.jpg 600w\" sizes=\"(max-width: 1920px) 100vw, 1920px\" \/><\/h2>\n<h3 style=\"text-align: center;\">NEUTRINO-MEHRKAN\u00c4LE<\/h3>\n<p>Die Multi-Channel-Funktion Ihres Boards funktioniert wie verl\u00e4ngerte, durchgehende Finnen, die die Oberfl\u00e4chenspannung beim Landen unterbrechen. Diese Kan\u00e4le leiten auch den Wasserfluss. Einige sind so konzipiert, dass sie Ihre F\u00e4higkeit verbessern, sich an den Rails zu \u201everriegeln\u201c.<\/p>\n<p><img loading=\"lazy\" decoding=\"async\" class=\"aligncenter wp-image-1927 size-full\" src=\"https:\/\/x-sports.world\/wp-content\/uploads\/2025\/04\/NEUTRINO-CHANNELS.jpg\" alt=\"\" width=\"1920\" height=\"1200\" srcset=\"https:\/\/x-sports.world\/wp-content\/uploads\/2025\/04\/NEUTRINO-CHANNELS.jpg 1920w, https:\/\/x-sports.world\/wp-content\/uploads\/2025\/04\/NEUTRINO-CHANNELS-300x188.jpg 300w, https:\/\/x-sports.world\/wp-content\/uploads\/2025\/04\/NEUTRINO-CHANNELS-1024x640.jpg 1024w, https:\/\/x-sports.world\/wp-content\/uploads\/2025\/04\/NEUTRINO-CHANNELS-768x480.jpg 768w, https:\/\/x-sports.world\/wp-content\/uploads\/2025\/04\/NEUTRINO-CHANNELS-1536x960.jpg 1536w, https:\/\/x-sports.world\/wp-content\/uploads\/2025\/04\/NEUTRINO-CHANNELS-600x375.jpg 600w\" sizes=\"(max-width: 1920px) 100vw, 1920px\" \/><\/p>\n<h3 style=\"text-align: center;\">NEUTRINO BOOT TOUGH EINS\u00c4TZE<\/h3>\n<p>X-Wakeboards sind mit verst\u00e4rkten Eins\u00e4tzen ausgestattet, die verhindern, dass deine Stiefel vom Board gerissen werden. Die mehrschichtigen Carbonschichten in der Boardkonstruktion verleihen dem Board nicht nur Stabilit\u00e4t und Power, sondern erh\u00f6hen auch die Haltbarkeit dieser Eins\u00e4tze. Das sichert deine Stiefel zus\u00e4tzlich und sorgt f\u00fcr ein sichereres und angenehmeres Wakeboard-Erlebnis.<\/p>\n<p>&nbsp;<\/p>\n<h2><img loading=\"lazy\" decoding=\"async\" class=\"wp-image-1920 size-full aligncenter\" src=\"https:\/\/x-sports.world\/wp-content\/uploads\/2025\/04\/NEUTRINO-2X.jpg\" alt=\"\" width=\"1920\" height=\"1200\" srcset=\"https:\/\/x-sports.world\/wp-content\/uploads\/2025\/04\/NEUTRINO-2X.jpg 1920w, https:\/\/x-sports.world\/wp-content\/uploads\/2025\/04\/NEUTRINO-2X-300x188.jpg 300w, https:\/\/x-sports.world\/wp-content\/uploads\/2025\/04\/NEUTRINO-2X-1024x640.jpg 1024w, https:\/\/x-sports.world\/wp-content\/uploads\/2025\/04\/NEUTRINO-2X-768x480.jpg 768w, https:\/\/x-sports.world\/wp-content\/uploads\/2025\/04\/NEUTRINO-2X-1536x960.jpg 1536w, https:\/\/x-sports.world\/wp-content\/uploads\/2025\/04\/NEUTRINO-2X-600x375.jpg 600w\" sizes=\"(max-width: 1920px) 100vw, 1920px\" \/><\/h2>\n<h3 style=\"text-align: center;\">NEUTRINO-KONTINUIERLICHER ROCKER<\/h3>\n<p>Das Continuous-Rocker-Design zeichnet sich durch eine durchgehende Kurve von der Spitze bis zum Heck aus, die dem Board einen gleichm\u00e4\u00dfigen Bogen verleiht. Dieses Design f\u00fchrt zu Boards, die ein ruhigeres und schnelleres Fahrgef\u00fchl erm\u00f6glichen, weichere Landungen erm\u00f6glichen und m\u00fcheloses Carven erleichtern.<\/p>\n<h3 style=\"text-align: center;\">NEUTRINO <span style=\"color: #00ff00;\">BIO-HARZ<\/span> &#8211; <span style=\"color: #00ff00;\">GreenPoxy<\/span><\/h3>\n<p>GreenPoxy ist eine von Sicomin entwickelte Produktlinie biobasierter Epoxidharze zur Reduzierung der Umweltbelastung. Diese Harze verwenden nachwachsende, pflanzliche Rohstoffe und stellen damit eine umweltfreundliche Alternative zu herk\u00f6mmlichen petrochemischen Produkten dar. GreenPoxy bietet hohe mechanische Leistung und Transparenz bei gleichzeitiger Reduzierung der CO2-Emissionen. Bis zu 50 % der Molek\u00fclstruktur stammen aus pflanzlichen Quellen. Es wird in verschiedenen Branchen eingesetzt, beispielsweise bei der Herstellung von Surfbrettern und Laminaten, um nachhaltige Leistung ohne Qualit\u00e4tseinbu\u00dfen zu gew\u00e4hrleisten.<\/p>\n<p>Weitere Informationen finden Sie bei GreenPoxy.<\/p>\n<h2><img loading=\"lazy\" decoding=\"async\" class=\"size-medium wp-image-1808 aligncenter\" src=\"https:\/\/x-sports.world\/wp-content\/uploads\/2025\/04\/NEUTRON-BIO-RESIN-300x188.jpg\" alt=\"\" width=\"300\" height=\"188\" srcset=\"https:\/\/x-sports.world\/wp-content\/uploads\/2025\/04\/NEUTRON-BIO-RESIN-300x188.jpg 300w, https:\/\/x-sports.world\/wp-content\/uploads\/2025\/04\/NEUTRON-BIO-RESIN-1024x640.jpg 1024w, https:\/\/x-sports.world\/wp-content\/uploads\/2025\/04\/NEUTRON-BIO-RESIN-768x480.jpg 768w, https:\/\/x-sports.world\/wp-content\/uploads\/2025\/04\/NEUTRON-BIO-RESIN-1536x960.jpg 1536w, https:\/\/x-sports.world\/wp-content\/uploads\/2025\/04\/NEUTRON-BIO-RESIN-600x375.jpg 600w, https:\/\/x-sports.world\/wp-content\/uploads\/2025\/04\/NEUTRON-BIO-RESIN.jpg 1920w\" sizes=\"(max-width: 300px) 100vw, 300px\" \/><\/h2>\n<h3 style=\"text-align: center;\">NEUTRINO NEUE GRIND-BASE<\/h3>\n<ul>\n<li>Das Material verf\u00fcgt \u00fcber au\u00dfergew\u00f6hnliche Abrieb- und Schlagfestigkeitseigenschaften<\/li>\n<li>Seine Oberfl\u00e4che ist antihaftbeschichtet und selbstschmierend, sodass er leicht zu reinigen und zu pflegen ist<\/li>\n<li>Es verf\u00fcgt \u00fcber einen niedrigen Reibungskoeffizienten und eine hohe Spannungsrissbest\u00e4ndigkeit<\/li>\n<li>Das Material ist f\u00fcr den Langzeitgebrauch ohne Funktionsverlust geeignet<\/li>\n<li>ULTRAHOHES MOLEKULARES GEWICHT<\/li>\n<\/ul>\n<h3><img loading=\"lazy\" decoding=\"async\" class=\"aligncenter wp-image-1928 size-full\" src=\"https:\/\/x-sports.world\/wp-content\/uploads\/2025\/04\/NEUTRINO-GRIND-BASEX.jpg\" alt=\"\" width=\"1920\" height=\"1200\" srcset=\"https:\/\/x-sports.world\/wp-content\/uploads\/2025\/04\/NEUTRINO-GRIND-BASEX.jpg 1920w, https:\/\/x-sports.world\/wp-content\/uploads\/2025\/04\/NEUTRINO-GRIND-BASEX-300x188.jpg 300w, https:\/\/x-sports.world\/wp-content\/uploads\/2025\/04\/NEUTRINO-GRIND-BASEX-1024x640.jpg 1024w, https:\/\/x-sports.world\/wp-content\/uploads\/2025\/04\/NEUTRINO-GRIND-BASEX-768x480.jpg 768w, https:\/\/x-sports.world\/wp-content\/uploads\/2025\/04\/NEUTRINO-GRIND-BASEX-1536x960.jpg 1536w, https:\/\/x-sports.world\/wp-content\/uploads\/2025\/04\/NEUTRINO-GRIND-BASEX-600x375.jpg 600w\" sizes=\"(max-width: 1920px) 100vw, 1920px\" \/><\/h3>\n<p><img loading=\"lazy\" decoding=\"async\" class=\"aligncenter wp-image-1924 size-full\" src=\"https:\/\/x-sports.world\/wp-content\/uploads\/2025\/04\/NEUTRINO-6X.jpg\" alt=\"\" width=\"1920\" height=\"1200\" srcset=\"https:\/\/x-sports.world\/wp-content\/uploads\/2025\/04\/NEUTRINO-6X.jpg 1920w, https:\/\/x-sports.world\/wp-content\/uploads\/2025\/04\/NEUTRINO-6X-300x188.jpg 300w, https:\/\/x-sports.world\/wp-content\/uploads\/2025\/04\/NEUTRINO-6X-1024x640.jpg 1024w, https:\/\/x-sports.world\/wp-content\/uploads\/2025\/04\/NEUTRINO-6X-768x480.jpg 768w, https:\/\/x-sports.world\/wp-content\/uploads\/2025\/04\/NEUTRINO-6X-1536x960.jpg 1536w, https:\/\/x-sports.world\/wp-content\/uploads\/2025\/04\/NEUTRINO-6X-600x375.jpg 600w\" sizes=\"(max-width: 1920px) 100vw, 1920px\" \/><\/p>","protected":false},"excerpt":{"rendered":"<p>Neutrino \u2013 ein Wakeboard f\u00fcr leichtere Fahrer und Shred-Neulinge. Es ist nicht nur eine kleinere Version des Neutron. Das Neutrino ist ein weicheres, schmaleres und etwas flexibleres Neutron.<\/p>\n<p>&nbsp;<\/p>","protected":false},"featured_media":2640,"template":"","meta":[],"product_brand":[],"product_cat":[56],"product_tag":[],"class_list":{"0":"post-2629","1":"product","2":"type-product","3":"status-publish","4":"has-post-thumbnail","6":"product_cat-outlet-x-wake","7":"product_shipping_class-wake-boards","9":"first","10":"instock","11":"sale","12":"taxable","13":"shipping-taxable","14":"purchasable","15":"product-type-variable"},"yoast_head":"<!-- This site is optimized with the Yoast SEO plugin v26.4 - https:\/\/yoast.com\/wordpress\/plugins\/seo\/ -->\n<title>WAKEBOARD X-WAKE NEUTRINO 2023 OUTLET - X-Sports.world - X-Wake | X-Surf<\/title>\n<meta name=\"robots\" content=\"index, follow, max-snippet:-1, max-image-preview:large, max-video-preview:-1\" \/>\n<link rel=\"canonical\" href=\"https:\/\/x-sports.world\/de\/product\/wakeboard-x-wake-neutrino-2023-outlet\/\" \/>\n<meta property=\"og:locale\" content=\"de_DE\" \/>\n<meta property=\"og:type\" content=\"article\" \/>\n<meta property=\"og:title\" content=\"WAKEBOARD X-WAKE NEUTRINO 2023 OUTLET - X-Sports.world - X-Wake | X-Surf\" \/>\n<meta property=\"og:description\" content=\"Neutrino - a wakeboard build for lighter riders and shredding rookies. It&#039;s not just a smaller version of Neutron. The Neutrino is a softer, narrower, and a bit more flexy Neutron.  &nbsp;\" \/>\n<meta property=\"og:url\" content=\"https:\/\/x-sports.world\/de\/product\/wakeboard-x-wake-neutrino-2023-outlet\/\" \/>\n<meta property=\"og:site_name\" content=\"X-Sports.world - X-Wake | X-Surf\" \/>\n<meta property=\"article:modified_time\" content=\"2026-03-17T14:00:49+00:00\" \/>\n<meta property=\"og:image\" content=\"https:\/\/x-sports.world\/wp-content\/uploads\/2025\/04\/OUT-NEUTRINO-ALL-2023.jpg\" \/>\n\t<meta property=\"og:image:width\" content=\"1200\" \/>\n\t<meta property=\"og:image:height\" content=\"1200\" \/>\n\t<meta property=\"og:image:type\" content=\"image\/jpeg\" \/>\n<meta name=\"twitter:card\" content=\"summary_large_image\" \/>\n<meta name=\"twitter:label1\" content=\"Gesch\u00e4tzte Lesezeit\" \/>\n\t<meta name=\"twitter:data1\" content=\"3\u00a0Minuten\" \/>\n<script type=\"application\/ld+json\" class=\"yoast-schema-graph\">{\"@context\":\"https:\/\/schema.org\",\"@graph\":[{\"@type\":\"WebPage\",\"@id\":\"https:\/\/x-sports.world\/product\/wakeboard-x-wake-neutrino-2023-outlet\/\",\"url\":\"https:\/\/x-sports.world\/product\/wakeboard-x-wake-neutrino-2023-outlet\/\",\"name\":\"WAKEBOARD X-WAKE NEUTRINO 2023 OUTLET - X-Sports.world - X-Wake | X-Surf\",\"isPartOf\":{\"@id\":\"https:\/\/x-sports.world\/#website\"},\"primaryImageOfPage\":{\"@id\":\"https:\/\/x-sports.world\/product\/wakeboard-x-wake-neutrino-2023-outlet\/#primaryimage\"},\"image\":{\"@id\":\"https:\/\/x-sports.world\/product\/wakeboard-x-wake-neutrino-2023-outlet\/#primaryimage\"},\"thumbnailUrl\":\"https:\/\/x-sports.world\/wp-content\/uploads\/2025\/04\/OUT-NEUTRINO-ALL-2023.jpg\",\"datePublished\":\"2025-04-15T20:17:34+00:00\",\"dateModified\":\"2026-03-17T14:00:49+00:00\",\"breadcrumb\":{\"@id\":\"https:\/\/x-sports.world\/product\/wakeboard-x-wake-neutrino-2023-outlet\/#breadcrumb\"},\"inLanguage\":\"de\",\"potentialAction\":[{\"@type\":\"ReadAction\",\"target\":[\"https:\/\/x-sports.world\/product\/wakeboard-x-wake-neutrino-2023-outlet\/\"]}]},{\"@type\":\"ImageObject\",\"inLanguage\":\"de\",\"@id\":\"https:\/\/x-sports.world\/product\/wakeboard-x-wake-neutrino-2023-outlet\/#primaryimage\",\"url\":\"https:\/\/x-sports.world\/wp-content\/uploads\/2025\/04\/OUT-NEUTRINO-ALL-2023.jpg\",\"contentUrl\":\"https:\/\/x-sports.world\/wp-content\/uploads\/2025\/04\/OUT-NEUTRINO-ALL-2023.jpg\",\"width\":1200,\"height\":1200},{\"@type\":\"BreadcrumbList\",\"@id\":\"https:\/\/x-sports.world\/product\/wakeboard-x-wake-neutrino-2023-outlet\/#breadcrumb\",\"itemListElement\":[{\"@type\":\"ListItem\",\"position\":1,\"name\":\"Home\",\"item\":\"https:\/\/x-sports.world\/\"},{\"@type\":\"ListItem\",\"position\":2,\"name\":\"Shop\",\"item\":\"https:\/\/x-sports.world\/shop\/\"},{\"@type\":\"ListItem\",\"position\":3,\"name\":\"WAKEBOARD X-WAKE NEUTRINO 2023 OUTLET\"}]},{\"@type\":\"WebSite\",\"@id\":\"https:\/\/x-sports.world\/#website\",\"url\":\"https:\/\/x-sports.world\/\",\"name\":\"X-Sports.world - X-Wake Wakeboards | X-Surf Surfboards\",\"description\":\"Kolejna witryna WordPress\",\"publisher\":{\"@id\":\"https:\/\/x-sports.world\/#organization\"},\"potentialAction\":[{\"@type\":\"SearchAction\",\"target\":{\"@type\":\"EntryPoint\",\"urlTemplate\":\"https:\/\/x-sports.world\/?s={search_term_string}\"},\"query-input\":{\"@type\":\"PropertyValueSpecification\",\"valueRequired\":true,\"valueName\":\"search_term_string\"}}],\"inLanguage\":\"de\"},{\"@type\":\"Organization\",\"@id\":\"https:\/\/x-sports.world\/#organization\",\"name\":\"X-Sports.world - X-Wake | X-Surf\",\"url\":\"https:\/\/x-sports.world\/\",\"logo\":{\"@type\":\"ImageObject\",\"inLanguage\":\"de\",\"@id\":\"https:\/\/x-sports.world\/#\/schema\/logo\/image\/\",\"url\":\"https:\/\/x-sports.world\/wp-content\/uploads\/2025\/04\/XSPORTS-BLACK-LOGO.png\",\"contentUrl\":\"https:\/\/x-sports.world\/wp-content\/uploads\/2025\/04\/XSPORTS-BLACK-LOGO.png\",\"width\":3810,\"height\":1016,\"caption\":\"X-Sports.world - X-Wake | X-Surf\"},\"image\":{\"@id\":\"https:\/\/x-sports.world\/#\/schema\/logo\/image\/\"}}]}<\/script>\n<!-- \/ Yoast SEO plugin. -->","yoast_head_json":{"title":"WAKEBOARD X-WAKE NEUTRINO 2023 OUTLET - X-Sports.world - X-Wake | X-Surf","robots":{"index":"index","follow":"follow","max-snippet":"max-snippet:-1","max-image-preview":"max-image-preview:large","max-video-preview":"max-video-preview:-1"},"canonical":"https:\/\/x-sports.world\/de\/product\/wakeboard-x-wake-neutrino-2023-outlet\/","og_locale":"de_DE","og_type":"article","og_title":"WAKEBOARD X-WAKE NEUTRINO 2023 OUTLET - X-Sports.world - X-Wake | X-Surf","og_description":"Neutrino - a wakeboard build for lighter riders and shredding rookies. It's not just a smaller version of Neutron. The Neutrino is a softer, narrower, and a bit more flexy Neutron.  &nbsp;","og_url":"https:\/\/x-sports.world\/de\/product\/wakeboard-x-wake-neutrino-2023-outlet\/","og_site_name":"X-Sports.world - X-Wake | X-Surf","article_modified_time":"2026-03-17T14:00:49+00:00","og_image":[{"width":1200,"height":1200,"url":"https:\/\/x-sports.world\/wp-content\/uploads\/2025\/04\/OUT-NEUTRINO-ALL-2023.jpg","type":"image\/jpeg"}],"twitter_card":"summary_large_image","twitter_misc":{"Gesch\u00e4tzte Lesezeit":"3\u00a0Minuten"},"schema":{"@context":"https:\/\/schema.org","@graph":[{"@type":"WebPage","@id":"https:\/\/x-sports.world\/product\/wakeboard-x-wake-neutrino-2023-outlet\/","url":"https:\/\/x-sports.world\/product\/wakeboard-x-wake-neutrino-2023-outlet\/","name":"WAKEBOARD X-WAKE NEUTRINO 2023 OUTLET - X-Sports.world - X-Wake | X-Surf","isPartOf":{"@id":"https:\/\/x-sports.world\/#website"},"primaryImageOfPage":{"@id":"https:\/\/x-sports.world\/product\/wakeboard-x-wake-neutrino-2023-outlet\/#primaryimage"},"image":{"@id":"https:\/\/x-sports.world\/product\/wakeboard-x-wake-neutrino-2023-outlet\/#primaryimage"},"thumbnailUrl":"https:\/\/x-sports.world\/wp-content\/uploads\/2025\/04\/OUT-NEUTRINO-ALL-2023.jpg","datePublished":"2025-04-15T20:17:34+00:00","dateModified":"2026-03-17T14:00:49+00:00","breadcrumb":{"@id":"https:\/\/x-sports.world\/product\/wakeboard-x-wake-neutrino-2023-outlet\/#breadcrumb"},"inLanguage":"de","potentialAction":[{"@type":"ReadAction","target":["https:\/\/x-sports.world\/product\/wakeboard-x-wake-neutrino-2023-outlet\/"]}]},{"@type":"ImageObject","inLanguage":"de","@id":"https:\/\/x-sports.world\/product\/wakeboard-x-wake-neutrino-2023-outlet\/#primaryimage","url":"https:\/\/x-sports.world\/wp-content\/uploads\/2025\/04\/OUT-NEUTRINO-ALL-2023.jpg","contentUrl":"https:\/\/x-sports.world\/wp-content\/uploads\/2025\/04\/OUT-NEUTRINO-ALL-2023.jpg","width":1200,"height":1200},{"@type":"BreadcrumbList","@id":"https:\/\/x-sports.world\/product\/wakeboard-x-wake-neutrino-2023-outlet\/#breadcrumb","itemListElement":[{"@type":"ListItem","position":1,"name":"Home","item":"https:\/\/x-sports.world\/"},{"@type":"ListItem","position":2,"name":"Shop","item":"https:\/\/x-sports.world\/shop\/"},{"@type":"ListItem","position":3,"name":"WAKEBOARD X-WAKE NEUTRINO 2023 OUTLET"}]},{"@type":"WebSite","@id":"https:\/\/x-sports.world\/#website","url":"https:\/\/x-sports.world\/","name":"X-Sports.world - X-Wake Wakeboards | X-Surf Surfboards","description":"WordPress-Website","publisher":{"@id":"https:\/\/x-sports.world\/#organization"},"potentialAction":[{"@type":"SearchAction","target":{"@type":"EntryPoint","urlTemplate":"https:\/\/x-sports.world\/?s={search_term_string}"},"query-input":{"@type":"PropertyValueSpecification","valueRequired":true,"valueName":"search_term_string"}}],"inLanguage":"de"},{"@type":"Organization","@id":"https:\/\/x-sports.world\/#organization","name":"X-Sports.world - X-Wake | X-Surf","url":"https:\/\/x-sports.world\/","logo":{"@type":"ImageObject","inLanguage":"de","@id":"https:\/\/x-sports.world\/#\/schema\/logo\/image\/","url":"https:\/\/x-sports.world\/wp-content\/uploads\/2025\/04\/XSPORTS-BLACK-LOGO.png","contentUrl":"https:\/\/x-sports.world\/wp-content\/uploads\/2025\/04\/XSPORTS-BLACK-LOGO.png","width":3810,"height":1016,"caption":"X-Sports.world - X-Wake | X-Surf"},"image":{"@id":"https:\/\/x-sports.world\/#\/schema\/logo\/image\/"}}]}},"_links":{"self":[{"href":"https:\/\/x-sports.world\/de\/wp-json\/wp\/v2\/product\/2629","targetHints":{"allow":["GET"]}}],"collection":[{"href":"https:\/\/x-sports.world\/de\/wp-json\/wp\/v2\/product"}],"about":[{"href":"https:\/\/x-sports.world\/de\/wp-json\/wp\/v2\/types\/product"}],"version-history":[{"count":2,"href":"https:\/\/x-sports.world\/de\/wp-json\/wp\/v2\/product\/2629\/revisions"}],"predecessor-version":[{"id":2643,"href":"https:\/\/x-sports.world\/de\/wp-json\/wp\/v2\/product\/2629\/revisions\/2643"}],"wp:featuredmedia":[{"embeddable":true,"href":"https:\/\/x-sports.world\/de\/wp-json\/wp\/v2\/media\/2640"}],"wp:attachment":[{"href":"https:\/\/x-sports.world\/de\/wp-json\/wp\/v2\/media?parent=2629"}],"wp:term":[{"taxonomy":"product_brand","embeddable":true,"href":"https:\/\/x-sports.world\/de\/wp-json\/wp\/v2\/product_brand?post=2629"},{"taxonomy":"product_cat","embeddable":true,"href":"https:\/\/x-sports.world\/de\/wp-json\/wp\/v2\/product_cat?post=2629"},{"taxonomy":"product_tag","embeddable":true,"href":"https:\/\/x-sports.world\/de\/wp-json\/wp\/v2\/product_tag?post=2629"}],"curies":[{"name":"wp","href":"https:\/\/api.w.org\/{rel}","templated":true}]}}