{"id":2622,"date":"2025-04-15T22:03:51","date_gmt":"2025-04-15T20:03:51","guid":{"rendered":"https:\/\/x-sports.world\/?post_type=product&#038;p=2622"},"modified":"2026-03-17T16:00:49","modified_gmt":"2026-03-17T14:00:49","slug":"wakeboard-x-wake-proton-2023-outlet","status":"publish","type":"product","link":"https:\/\/x-sports.world\/de\/product\/wakeboard-x-wake-proton-2023-outlet\/","title":{"rendered":"WAKEBOARD X-WAKE PROTON 2023 OUTLET"},"content":{"rendered":"<h1>WAKEBOARD X-WAKE PROTON 2023<\/h1>\n<p>Die Form von Proton sorgt f\u00fcr hervorragenden Halt auf dem Wasser hinter dem Boot. Wir haben eine supersteife Konstruktion f\u00fcr hohe Leistung und Zuverl\u00e4ssigkeit entwickelt.<span class=\"Apple-converted-space\">\u00a0<\/span>Aggressive Mehrkanalkan\u00e4le sorgen daf\u00fcr, dass das Board so einfach landet und f\u00e4hrt, wie Sie es sich nur vorstellen k\u00f6nnen.<span class=\"Apple-converted-space\">\u00a0<\/span>Der 3-Stufen-Rocker verringert den Widerstand auf dem Wasser, wenn Sie mit der richtigen Geschwindigkeit hinter einem Boot herfahren und gibt Ihnen etwas mehr POP. Die untere Basis ist nur f\u00fcr Bootszwecke gedacht und nicht daf\u00fcr ausgelegt, auf Wakepark-Hindernissen zu fahren.<span class=\"Apple-converted-space\">\u00a0<\/span><\/p>\n<p><img fetchpriority=\"high\" decoding=\"async\" class=\"aligncenter wp-image-2601 size-full\" src=\"https:\/\/x-sports.world\/wp-content\/uploads\/2025\/04\/OUT-PROTON-2023X.jpg\" alt=\"\" width=\"1920\" height=\"1200\" srcset=\"https:\/\/x-sports.world\/wp-content\/uploads\/2025\/04\/OUT-PROTON-2023X.jpg 1920w, https:\/\/x-sports.world\/wp-content\/uploads\/2025\/04\/OUT-PROTON-2023X-300x188.jpg 300w, https:\/\/x-sports.world\/wp-content\/uploads\/2025\/04\/OUT-PROTON-2023X-1024x640.jpg 1024w, https:\/\/x-sports.world\/wp-content\/uploads\/2025\/04\/OUT-PROTON-2023X-768x480.jpg 768w, https:\/\/x-sports.world\/wp-content\/uploads\/2025\/04\/OUT-PROTON-2023X-1536x960.jpg 1536w, https:\/\/x-sports.world\/wp-content\/uploads\/2025\/04\/OUT-PROTON-2023X-600x375.jpg 600w\" sizes=\"(max-width: 1920px) 100vw, 1920px\" \/><\/p>\n<p>&nbsp;<\/p>\n<h2 style=\"text-align: center;\">TECHNOLOGIE<\/h2>\n<h3 style=\"text-align: center;\">PROTON HOLZKERN<\/h3>\n<p>F\u00fcr einen guten POP ben\u00f6tigt jedes gute Board einen soliden und langfaserigen Holzkern. Der CNC-gefr\u00e4ste Paulownia-Holzkern ist das Herzst\u00fcck jedes X WAKE Boards.<\/p>\n<h3 style=\"text-align: center;\"><img decoding=\"async\" class=\"aligncenter wp-image-1816 size-full\" src=\"https:\/\/x-sports.world\/wp-content\/uploads\/2025\/04\/NEUTRON-WOODCORE.jpg\" alt=\"\" width=\"1920\" height=\"1200\" srcset=\"https:\/\/x-sports.world\/wp-content\/uploads\/2025\/04\/NEUTRON-WOODCORE.jpg 1920w, https:\/\/x-sports.world\/wp-content\/uploads\/2025\/04\/NEUTRON-WOODCORE-300x188.jpg 300w, https:\/\/x-sports.world\/wp-content\/uploads\/2025\/04\/NEUTRON-WOODCORE-1024x640.jpg 1024w, https:\/\/x-sports.world\/wp-content\/uploads\/2025\/04\/NEUTRON-WOODCORE-768x480.jpg 768w, https:\/\/x-sports.world\/wp-content\/uploads\/2025\/04\/NEUTRON-WOODCORE-1536x960.jpg 1536w, https:\/\/x-sports.world\/wp-content\/uploads\/2025\/04\/NEUTRON-WOODCORE-600x375.jpg 600w\" sizes=\"(max-width: 1920px) 100vw, 1920px\" \/>NEUTRONEN-KOHLENSTOFF-KONSTRUKTION<\/h3>\n<p>Die Verwendung mehrerer Schichten ist ein strategischer Prozess, der Wissen und Erfahrung erfordert. Dies ist der Schl\u00fcssel zu optimaler Festigkeit und beeindruckenden Eigenschaften. Die Carbonfaser spielt eine wichtige Rolle bei der Verbesserung der CARBON-KONSTRUKTION<br \/>\nDie Verwendung mehrerer Schichten ist ein strategischer Prozess, der Wissen und Erfahrung erfordert. Dies ist der Schl\u00fcssel zu optimaler Festigkeit und beeindruckenden Eigenschaften. Die Carbonfaser tr\u00e4gt ma\u00dfgeblich zum Pop des Boards bei und verleiht Ihrem Fahrgef\u00fchl zus\u00e4tzlichen Schwung.<\/p>\n<h3 style=\"text-align: center;\">PROTON BOOT TOUGH EINS\u00c4TZE<\/h3>\n<p>X-Wakeboards sind mit verst\u00e4rkten Eins\u00e4tzen ausgestattet, die verhindern, dass deine Stiefel vom Board gerissen werden. Die mehrschichtigen Carbonschichten in der Boardkonstruktion verleihen dem Board nicht nur Stabilit\u00e4t und Power, sondern erh\u00f6hen auch die Haltbarkeit dieser Eins\u00e4tze. Das sichert deine Stiefel zus\u00e4tzlich und sorgt f\u00fcr ein sichereres und angenehmeres Wakeboard-Erlebnis.<\/p>\n<p>&nbsp;<\/p>\n<h3 style=\"text-align: center;\">NEUTRON <span style=\"color: #00ff00;\">BIO-HARZ<\/span> &#8211; <span style=\"color: #00ff00;\">GreenPoxy<\/span><\/h3>\n<p>GreenPoxy ist eine von Sicomin entwickelte Produktlinie biobasierter Epoxidharze zur Reduzierung der Umweltbelastung. Diese Harze verwenden nachwachsende, pflanzliche Rohstoffe und stellen damit eine umweltfreundliche Alternative zu herk\u00f6mmlichen petrochemischen Produkten dar. GreenPoxy bietet hohe mechanische Leistung und Transparenz bei gleichzeitiger Reduzierung der CO2-Emissionen. Bis zu 50 % der Molek\u00fclstruktur stammen aus pflanzlichen Quellen. Es wird in verschiedenen Branchen eingesetzt, beispielsweise bei der Herstellung von Surfbrettern und Laminaten, um nachhaltige Leistung ohne Qualit\u00e4tseinbu\u00dfen zu gew\u00e4hrleisten.<\/p>\n<p>Weitere Informationen finden Sie bei GreenPoxy.<\/p>\n<h2><img decoding=\"async\" class=\"aligncenter wp-image-1808 size-medium\" src=\"https:\/\/x-sports.world\/wp-content\/uploads\/2025\/04\/NEUTRON-BIO-RESIN-300x188.jpg\" alt=\"\" width=\"300\" height=\"188\" srcset=\"https:\/\/x-sports.world\/wp-content\/uploads\/2025\/04\/NEUTRON-BIO-RESIN-300x188.jpg 300w, https:\/\/x-sports.world\/wp-content\/uploads\/2025\/04\/NEUTRON-BIO-RESIN-1024x640.jpg 1024w, https:\/\/x-sports.world\/wp-content\/uploads\/2025\/04\/NEUTRON-BIO-RESIN-768x480.jpg 768w, https:\/\/x-sports.world\/wp-content\/uploads\/2025\/04\/NEUTRON-BIO-RESIN-1536x960.jpg 1536w, https:\/\/x-sports.world\/wp-content\/uploads\/2025\/04\/NEUTRON-BIO-RESIN-600x375.jpg 600w, https:\/\/x-sports.world\/wp-content\/uploads\/2025\/04\/NEUTRON-BIO-RESIN.jpg 1920w\" sizes=\"(max-width: 300px) 100vw, 300px\" \/><\/h2>\n<p>&nbsp;<\/p>","protected":false},"excerpt":{"rendered":"<p><strong>PROTON<\/strong> \u2013 Die Form sorgt f\u00fcr hervorragenden Halt auf dem Wasser hinter dem Boot. Wir haben eine supersteife Konstruktion f\u00fcr hohe Leistung und Zuverl\u00e4ssigkeit entwickelt.<\/p>","protected":false},"featured_media":2600,"template":"","meta":[],"product_brand":[],"product_cat":[56],"product_tag":[],"class_list":{"0":"post-2622","1":"product","2":"type-product","3":"status-publish","4":"has-post-thumbnail","6":"product_cat-outlet-x-wake","7":"product_shipping_class-wake-boards","9":"first","10":"instock","11":"sale","12":"taxable","13":"shipping-taxable","14":"purchasable","15":"product-type-variable"},"yoast_head":"<!-- This site is optimized with the Yoast SEO plugin v26.4 - https:\/\/yoast.com\/wordpress\/plugins\/seo\/ -->\n<title>WAKEBOARD X-WAKE PROTON 2023 OUTLET - X-Sports.world - X-Wake | X-Surf<\/title>\n<meta name=\"robots\" content=\"index, follow, max-snippet:-1, max-image-preview:large, max-video-preview:-1\" \/>\n<link rel=\"canonical\" href=\"https:\/\/x-sports.world\/de\/product\/wakeboard-x-wake-proton-2023-outlet\/\" \/>\n<meta property=\"og:locale\" content=\"de_DE\" \/>\n<meta property=\"og:type\" content=\"article\" \/>\n<meta property=\"og:title\" content=\"WAKEBOARD X-WAKE PROTON 2023 OUTLET - X-Sports.world - X-Wake | X-Surf\" \/>\n<meta property=\"og:description\" content=\"PROTON - is shape made for excellent grip on the water behind boat.We made a super stiff construction for high performance and reliability.\" \/>\n<meta property=\"og:url\" content=\"https:\/\/x-sports.world\/de\/product\/wakeboard-x-wake-proton-2023-outlet\/\" \/>\n<meta property=\"og:site_name\" content=\"X-Sports.world - X-Wake | X-Surf\" \/>\n<meta property=\"article:modified_time\" content=\"2026-03-17T14:00:49+00:00\" \/>\n<meta property=\"og:image\" content=\"https:\/\/x-sports.world\/wp-content\/uploads\/2025\/04\/OUT-PROTON-2023.jpg\" \/>\n\t<meta property=\"og:image:width\" content=\"1200\" \/>\n\t<meta property=\"og:image:height\" content=\"1200\" \/>\n\t<meta property=\"og:image:type\" content=\"image\/jpeg\" \/>\n<meta name=\"twitter:card\" content=\"summary_large_image\" \/>\n<meta name=\"twitter:label1\" content=\"Gesch\u00e4tzte Lesezeit\" \/>\n\t<meta name=\"twitter:data1\" content=\"2\u00a0Minuten\" \/>\n<script type=\"application\/ld+json\" class=\"yoast-schema-graph\">{\"@context\":\"https:\/\/schema.org\",\"@graph\":[{\"@type\":\"WebPage\",\"@id\":\"https:\/\/x-sports.world\/product\/wakeboard-x-wake-proton-2023-outlet\/\",\"url\":\"https:\/\/x-sports.world\/product\/wakeboard-x-wake-proton-2023-outlet\/\",\"name\":\"WAKEBOARD X-WAKE PROTON 2023 OUTLET - X-Sports.world - X-Wake | X-Surf\",\"isPartOf\":{\"@id\":\"https:\/\/x-sports.world\/#website\"},\"primaryImageOfPage\":{\"@id\":\"https:\/\/x-sports.world\/product\/wakeboard-x-wake-proton-2023-outlet\/#primaryimage\"},\"image\":{\"@id\":\"https:\/\/x-sports.world\/product\/wakeboard-x-wake-proton-2023-outlet\/#primaryimage\"},\"thumbnailUrl\":\"https:\/\/x-sports.world\/wp-content\/uploads\/2025\/04\/OUT-PROTON-2023.jpg\",\"datePublished\":\"2025-04-15T20:03:51+00:00\",\"dateModified\":\"2026-03-17T14:00:49+00:00\",\"breadcrumb\":{\"@id\":\"https:\/\/x-sports.world\/product\/wakeboard-x-wake-proton-2023-outlet\/#breadcrumb\"},\"inLanguage\":\"de\",\"potentialAction\":[{\"@type\":\"ReadAction\",\"target\":[\"https:\/\/x-sports.world\/product\/wakeboard-x-wake-proton-2023-outlet\/\"]}]},{\"@type\":\"ImageObject\",\"inLanguage\":\"de\",\"@id\":\"https:\/\/x-sports.world\/product\/wakeboard-x-wake-proton-2023-outlet\/#primaryimage\",\"url\":\"https:\/\/x-sports.world\/wp-content\/uploads\/2025\/04\/OUT-PROTON-2023.jpg\",\"contentUrl\":\"https:\/\/x-sports.world\/wp-content\/uploads\/2025\/04\/OUT-PROTON-2023.jpg\",\"width\":1200,\"height\":1200},{\"@type\":\"BreadcrumbList\",\"@id\":\"https:\/\/x-sports.world\/product\/wakeboard-x-wake-proton-2023-outlet\/#breadcrumb\",\"itemListElement\":[{\"@type\":\"ListItem\",\"position\":1,\"name\":\"Home\",\"item\":\"https:\/\/x-sports.world\/\"},{\"@type\":\"ListItem\",\"position\":2,\"name\":\"Shop\",\"item\":\"https:\/\/x-sports.world\/shop\/\"},{\"@type\":\"ListItem\",\"position\":3,\"name\":\"WAKEBOARD X-WAKE PROTON 2023 OUTLET\"}]},{\"@type\":\"WebSite\",\"@id\":\"https:\/\/x-sports.world\/#website\",\"url\":\"https:\/\/x-sports.world\/\",\"name\":\"X-Sports.world - X-Wake Wakeboards | X-Surf Surfboards\",\"description\":\"Kolejna witryna WordPress\",\"publisher\":{\"@id\":\"https:\/\/x-sports.world\/#organization\"},\"potentialAction\":[{\"@type\":\"SearchAction\",\"target\":{\"@type\":\"EntryPoint\",\"urlTemplate\":\"https:\/\/x-sports.world\/?s={search_term_string}\"},\"query-input\":{\"@type\":\"PropertyValueSpecification\",\"valueRequired\":true,\"valueName\":\"search_term_string\"}}],\"inLanguage\":\"de\"},{\"@type\":\"Organization\",\"@id\":\"https:\/\/x-sports.world\/#organization\",\"name\":\"X-Sports.world - X-Wake | X-Surf\",\"url\":\"https:\/\/x-sports.world\/\",\"logo\":{\"@type\":\"ImageObject\",\"inLanguage\":\"de\",\"@id\":\"https:\/\/x-sports.world\/#\/schema\/logo\/image\/\",\"url\":\"https:\/\/x-sports.world\/wp-content\/uploads\/2025\/04\/XSPORTS-BLACK-LOGO.png\",\"contentUrl\":\"https:\/\/x-sports.world\/wp-content\/uploads\/2025\/04\/XSPORTS-BLACK-LOGO.png\",\"width\":3810,\"height\":1016,\"caption\":\"X-Sports.world - X-Wake | X-Surf\"},\"image\":{\"@id\":\"https:\/\/x-sports.world\/#\/schema\/logo\/image\/\"}}]}<\/script>\n<!-- \/ Yoast SEO plugin. -->","yoast_head_json":{"title":"WAKEBOARD X-WAKE PROTON 2023 OUTLET - X-Sports.world - X-Wake | X-Surf","robots":{"index":"index","follow":"follow","max-snippet":"max-snippet:-1","max-image-preview":"max-image-preview:large","max-video-preview":"max-video-preview:-1"},"canonical":"https:\/\/x-sports.world\/de\/product\/wakeboard-x-wake-proton-2023-outlet\/","og_locale":"de_DE","og_type":"article","og_title":"WAKEBOARD X-WAKE PROTON 2023 OUTLET - X-Sports.world - X-Wake | X-Surf","og_description":"PROTON - is shape made for excellent grip on the water behind boat.We made a super stiff construction for high performance and reliability.","og_url":"https:\/\/x-sports.world\/de\/product\/wakeboard-x-wake-proton-2023-outlet\/","og_site_name":"X-Sports.world - X-Wake | X-Surf","article_modified_time":"2026-03-17T14:00:49+00:00","og_image":[{"width":1200,"height":1200,"url":"https:\/\/x-sports.world\/wp-content\/uploads\/2025\/04\/OUT-PROTON-2023.jpg","type":"image\/jpeg"}],"twitter_card":"summary_large_image","twitter_misc":{"Gesch\u00e4tzte Lesezeit":"2\u00a0Minuten"},"schema":{"@context":"https:\/\/schema.org","@graph":[{"@type":"WebPage","@id":"https:\/\/x-sports.world\/product\/wakeboard-x-wake-proton-2023-outlet\/","url":"https:\/\/x-sports.world\/product\/wakeboard-x-wake-proton-2023-outlet\/","name":"WAKEBOARD X-WAKE PROTON 2023 OUTLET - X-Sports.world - X-Wake | X-Surf","isPartOf":{"@id":"https:\/\/x-sports.world\/#website"},"primaryImageOfPage":{"@id":"https:\/\/x-sports.world\/product\/wakeboard-x-wake-proton-2023-outlet\/#primaryimage"},"image":{"@id":"https:\/\/x-sports.world\/product\/wakeboard-x-wake-proton-2023-outlet\/#primaryimage"},"thumbnailUrl":"https:\/\/x-sports.world\/wp-content\/uploads\/2025\/04\/OUT-PROTON-2023.jpg","datePublished":"2025-04-15T20:03:51+00:00","dateModified":"2026-03-17T14:00:49+00:00","breadcrumb":{"@id":"https:\/\/x-sports.world\/product\/wakeboard-x-wake-proton-2023-outlet\/#breadcrumb"},"inLanguage":"de","potentialAction":[{"@type":"ReadAction","target":["https:\/\/x-sports.world\/product\/wakeboard-x-wake-proton-2023-outlet\/"]}]},{"@type":"ImageObject","inLanguage":"de","@id":"https:\/\/x-sports.world\/product\/wakeboard-x-wake-proton-2023-outlet\/#primaryimage","url":"https:\/\/x-sports.world\/wp-content\/uploads\/2025\/04\/OUT-PROTON-2023.jpg","contentUrl":"https:\/\/x-sports.world\/wp-content\/uploads\/2025\/04\/OUT-PROTON-2023.jpg","width":1200,"height":1200},{"@type":"BreadcrumbList","@id":"https:\/\/x-sports.world\/product\/wakeboard-x-wake-proton-2023-outlet\/#breadcrumb","itemListElement":[{"@type":"ListItem","position":1,"name":"Home","item":"https:\/\/x-sports.world\/"},{"@type":"ListItem","position":2,"name":"Shop","item":"https:\/\/x-sports.world\/shop\/"},{"@type":"ListItem","position":3,"name":"WAKEBOARD X-WAKE PROTON 2023 OUTLET"}]},{"@type":"WebSite","@id":"https:\/\/x-sports.world\/#website","url":"https:\/\/x-sports.world\/","name":"X-Sports.world - X-Wake Wakeboards | X-Surf Surfboards","description":"WordPress-Website","publisher":{"@id":"https:\/\/x-sports.world\/#organization"},"potentialAction":[{"@type":"SearchAction","target":{"@type":"EntryPoint","urlTemplate":"https:\/\/x-sports.world\/?s={search_term_string}"},"query-input":{"@type":"PropertyValueSpecification","valueRequired":true,"valueName":"search_term_string"}}],"inLanguage":"de"},{"@type":"Organization","@id":"https:\/\/x-sports.world\/#organization","name":"X-Sports.world - X-Wake | X-Surf","url":"https:\/\/x-sports.world\/","logo":{"@type":"ImageObject","inLanguage":"de","@id":"https:\/\/x-sports.world\/#\/schema\/logo\/image\/","url":"https:\/\/x-sports.world\/wp-content\/uploads\/2025\/04\/XSPORTS-BLACK-LOGO.png","contentUrl":"https:\/\/x-sports.world\/wp-content\/uploads\/2025\/04\/XSPORTS-BLACK-LOGO.png","width":3810,"height":1016,"caption":"X-Sports.world - X-Wake | X-Surf"},"image":{"@id":"https:\/\/x-sports.world\/#\/schema\/logo\/image\/"}}]}},"_links":{"self":[{"href":"https:\/\/x-sports.world\/de\/wp-json\/wp\/v2\/product\/2622","targetHints":{"allow":["GET"]}}],"collection":[{"href":"https:\/\/x-sports.world\/de\/wp-json\/wp\/v2\/product"}],"about":[{"href":"https:\/\/x-sports.world\/de\/wp-json\/wp\/v2\/types\/product"}],"version-history":[{"count":2,"href":"https:\/\/x-sports.world\/de\/wp-json\/wp\/v2\/product\/2622\/revisions"}],"predecessor-version":[{"id":2748,"href":"https:\/\/x-sports.world\/de\/wp-json\/wp\/v2\/product\/2622\/revisions\/2748"}],"wp:featuredmedia":[{"embeddable":true,"href":"https:\/\/x-sports.world\/de\/wp-json\/wp\/v2\/media\/2600"}],"wp:attachment":[{"href":"https:\/\/x-sports.world\/de\/wp-json\/wp\/v2\/media?parent=2622"}],"wp:term":[{"taxonomy":"product_brand","embeddable":true,"href":"https:\/\/x-sports.world\/de\/wp-json\/wp\/v2\/product_brand?post=2622"},{"taxonomy":"product_cat","embeddable":true,"href":"https:\/\/x-sports.world\/de\/wp-json\/wp\/v2\/product_cat?post=2622"},{"taxonomy":"product_tag","embeddable":true,"href":"https:\/\/x-sports.world\/de\/wp-json\/wp\/v2\/product_tag?post=2622"}],"curies":[{"name":"wp","href":"https:\/\/api.w.org\/{rel}","templated":true}]}}