{"id":2583,"date":"2025-04-15T20:27:47","date_gmt":"2025-04-15T18:27:47","guid":{"rendered":"https:\/\/x-sports.world\/?post_type=product&#038;p=2583"},"modified":"2026-03-17T16:00:49","modified_gmt":"2026-03-17T14:00:49","slug":"wakeboard-x-wake-boson-2023-outlet","status":"publish","type":"product","link":"https:\/\/x-sports.world\/de\/product\/wakeboard-x-wake-boson-2023-outlet\/","title":{"rendered":"WAKEBOARD X-WAKE BOSON 2023 OUTLET"},"content":{"rendered":"<h1 style=\"text-align: left;\">WAKEBOARD X-WAKE BOSON 2023<\/h1>\n<p>Das Boson ist f\u00fcr Fahrer konzipiert, die h\u00f6chste Performance und maximales Vertrauen in ihr Board w\u00fcnschen. Seine schmale Form erm\u00f6glicht schnelle Kantenwechsel z\u00fcgig und vorhersehbar. Das Boson hat ordentlich Pop und gibt die Kante mit explosivem Energieschub frei.<br \/>\nDieses Board verf\u00fcgt \u00fcber ein konkaves Channel-Design, das sich an Hindernissen festh\u00e4lt und deine Landungen abfedert, sodass du lange shredden kannst. An der Unterseite befinden sich zahlreiche Channels, die seitliches Abrutschen verhindern und dir beim Carven und Landen einen absolut sicheren Stand geben. Mit seinem durchgehenden Rocker ist das Boson wie geschaffen, um den Park zu dominieren.<br \/>\nUnd sehen Sie sich das an \u2013 das X WAKE Boson hat auch in die Oberseite eingearbeitete Kan\u00e4le. Das reduziert das Gewicht, erh\u00f6ht die Steifigkeit und verleiht ihm einen einzigartigen, futuristischen Look, der alle Blicke auf sich zieht.<\/p>\n<p><img fetchpriority=\"high\" decoding=\"async\" class=\"aligncenter wp-image-2589 size-full\" src=\"https:\/\/x-sports.world\/wp-content\/uploads\/2025\/04\/OUT-BOSON-2023X.jpg\" alt=\"\" width=\"1920\" height=\"1200\" srcset=\"https:\/\/x-sports.world\/wp-content\/uploads\/2025\/04\/OUT-BOSON-2023X.jpg 1920w, https:\/\/x-sports.world\/wp-content\/uploads\/2025\/04\/OUT-BOSON-2023X-300x188.jpg 300w, https:\/\/x-sports.world\/wp-content\/uploads\/2025\/04\/OUT-BOSON-2023X-1024x640.jpg 1024w, https:\/\/x-sports.world\/wp-content\/uploads\/2025\/04\/OUT-BOSON-2023X-768x480.jpg 768w, https:\/\/x-sports.world\/wp-content\/uploads\/2025\/04\/OUT-BOSON-2023X-1536x960.jpg 1536w, https:\/\/x-sports.world\/wp-content\/uploads\/2025\/04\/OUT-BOSON-2023X-600x375.jpg 600w\" sizes=\"(max-width: 1920px) 100vw, 1920px\" \/><\/p>\n<p>&nbsp;<\/p>\n<h2 style=\"text-align: center;\">TECHNOLOGIE<\/h2>\n<h3 style=\"text-align: center;\">BOSON CARBON-KONSTRUKTION<\/h3>\n<p>Die Verwendung mehrerer Schichten ist ein strategischer Prozess, der Wissen und Erfahrung erfordert. Dies ist der Schl\u00fcssel zu optimaler Festigkeit und beeindruckenden Eigenschaften. Die Carbonfaser tr\u00e4gt ma\u00dfgeblich zum Pop des Boards bei und verleiht deiner Fahrt zus\u00e4tzlichen Schwung.<\/p>\n<h3 style=\"text-align: center;\">BOSON HOLZKERN<\/h3>\n<p>F\u00fcr einen guten POP ben\u00f6tigt jedes gute Board einen soliden und langfaserigen Holzkern. Der CNC-gefr\u00e4ste Paulownia-Holzkern ist das Herzst\u00fcck jedes X WAKE Boards.<\/p>\n<p><img decoding=\"async\" class=\"aligncenter wp-image-1846 size-full\" src=\"https:\/\/x-sports.world\/wp-content\/uploads\/2025\/04\/BOSON-WOODCOREX.jpg\" alt=\"\" width=\"1920\" height=\"1200\" srcset=\"https:\/\/x-sports.world\/wp-content\/uploads\/2025\/04\/BOSON-WOODCOREX.jpg 1920w, https:\/\/x-sports.world\/wp-content\/uploads\/2025\/04\/BOSON-WOODCOREX-300x188.jpg 300w, https:\/\/x-sports.world\/wp-content\/uploads\/2025\/04\/BOSON-WOODCOREX-1024x640.jpg 1024w, https:\/\/x-sports.world\/wp-content\/uploads\/2025\/04\/BOSON-WOODCOREX-768x480.jpg 768w, https:\/\/x-sports.world\/wp-content\/uploads\/2025\/04\/BOSON-WOODCOREX-1536x960.jpg 1536w, https:\/\/x-sports.world\/wp-content\/uploads\/2025\/04\/BOSON-WOODCOREX-600x375.jpg 600w\" sizes=\"(max-width: 1920px) 100vw, 1920px\" \/><\/p>\n<h2><img decoding=\"async\" class=\"aligncenter wp-image-1860 size-full\" src=\"https:\/\/x-sports.world\/wp-content\/uploads\/2025\/04\/BOSON-4XX.jpg\" alt=\"\" width=\"1920\" height=\"1200\" srcset=\"https:\/\/x-sports.world\/wp-content\/uploads\/2025\/04\/BOSON-4XX.jpg 1920w, https:\/\/x-sports.world\/wp-content\/uploads\/2025\/04\/BOSON-4XX-300x188.jpg 300w, https:\/\/x-sports.world\/wp-content\/uploads\/2025\/04\/BOSON-4XX-1024x640.jpg 1024w, https:\/\/x-sports.world\/wp-content\/uploads\/2025\/04\/BOSON-4XX-768x480.jpg 768w, https:\/\/x-sports.world\/wp-content\/uploads\/2025\/04\/BOSON-4XX-1536x960.jpg 1536w, https:\/\/x-sports.world\/wp-content\/uploads\/2025\/04\/BOSON-4XX-600x375.jpg 600w\" sizes=\"(max-width: 1920px) 100vw, 1920px\" \/><\/h2>\n<h3 style=\"text-align: center;\">BOSON V-KAN\u00c4LE<\/h3>\n<p>Auch beim Dr\u00fccken auf Schienen und bei der Landung auf dem Wasser kann es hilfreich sein.<\/p>\n<h2><\/h2>\n<h2><img loading=\"lazy\" decoding=\"async\" class=\"aligncenter wp-image-1859 size-full\" src=\"https:\/\/x-sports.world\/wp-content\/uploads\/2025\/04\/BOSON-3XX.jpg\" alt=\"\" width=\"1920\" height=\"1200\" srcset=\"https:\/\/x-sports.world\/wp-content\/uploads\/2025\/04\/BOSON-3XX.jpg 1920w, https:\/\/x-sports.world\/wp-content\/uploads\/2025\/04\/BOSON-3XX-300x188.jpg 300w, https:\/\/x-sports.world\/wp-content\/uploads\/2025\/04\/BOSON-3XX-1024x640.jpg 1024w, https:\/\/x-sports.world\/wp-content\/uploads\/2025\/04\/BOSON-3XX-768x480.jpg 768w, https:\/\/x-sports.world\/wp-content\/uploads\/2025\/04\/BOSON-3XX-1536x960.jpg 1536w, https:\/\/x-sports.world\/wp-content\/uploads\/2025\/04\/BOSON-3XX-600x375.jpg 600w\" sizes=\"(max-width: 1920px) 100vw, 1920px\" \/><\/h2>\n<h3 style=\"text-align: center;\">BOSON MEHRKAN\u00c4LE<\/h3>\n<p>Die Multi-Channel-Funktion Ihres Boards funktioniert wie verl\u00e4ngerte, durchgehende Finnen, die die Oberfl\u00e4chenspannung beim Landen unterbrechen. Diese Kan\u00e4le leiten auch den Wasserfluss. Einige sind so konzipiert, dass sie Ihre F\u00e4higkeit verbessern, sich an den Rails zu \u201everriegeln\u201c.<\/p>\n<p><img loading=\"lazy\" decoding=\"async\" class=\"aligncenter wp-image-1840 size-full\" src=\"https:\/\/x-sports.world\/wp-content\/uploads\/2025\/04\/BOSON-CHANNELSX.jpg\" alt=\"\" width=\"1920\" height=\"1200\" srcset=\"https:\/\/x-sports.world\/wp-content\/uploads\/2025\/04\/BOSON-CHANNELSX.jpg 1920w, https:\/\/x-sports.world\/wp-content\/uploads\/2025\/04\/BOSON-CHANNELSX-300x188.jpg 300w, https:\/\/x-sports.world\/wp-content\/uploads\/2025\/04\/BOSON-CHANNELSX-1024x640.jpg 1024w, https:\/\/x-sports.world\/wp-content\/uploads\/2025\/04\/BOSON-CHANNELSX-768x480.jpg 768w, https:\/\/x-sports.world\/wp-content\/uploads\/2025\/04\/BOSON-CHANNELSX-1536x960.jpg 1536w, https:\/\/x-sports.world\/wp-content\/uploads\/2025\/04\/BOSON-CHANNELSX-600x375.jpg 600w\" sizes=\"(max-width: 1920px) 100vw, 1920px\" \/><\/p>\n<h3 style=\"text-align: center;\">BOSON BOOT TOUGH EINS\u00c4TZE<\/h3>\n<p>X-Wakeboards sind mit verst\u00e4rkten Eins\u00e4tzen ausgestattet, die verhindern, dass deine Stiefel vom Board gerissen werden. Die mehrschichtigen Carbonschichten in der Boardkonstruktion verleihen dem Board nicht nur Stabilit\u00e4t und Power, sondern erh\u00f6hen auch die Haltbarkeit dieser Eins\u00e4tze. Das sichert deine Stiefel zus\u00e4tzlich und sorgt f\u00fcr ein sichereres und angenehmeres Wakeboard-Erlebnis.<\/p>\n<p>&nbsp;<\/p>\n<h3 style=\"text-align: center;\">BOSON KONTINUIERLICHER ROCKER<\/h3>\n<p>Das Continuous-Rocker-Design zeichnet sich durch eine durchgehende Kurve von der Spitze bis zum Heck aus, die dem Board einen gleichm\u00e4\u00dfigen Bogen verleiht. Dieses Design f\u00fchrt zu Boards, die ein ruhigeres und schnelleres Fahrgef\u00fchl erm\u00f6glichen, weichere Landungen erm\u00f6glichen und m\u00fcheloses Carven erleichtern.<\/p>\n<h3 style=\"text-align: center;\">BOSON BIO <span style=\"color: #00ff00;\">HARZ<\/span> &#8211; <span style=\"color: #00ff00;\">GreenPoxy<\/span><\/h3>\n<p>GreenPoxy ist eine von Sicomin entwickelte Produktlinie biobasierter Epoxidharze zur Reduzierung der Umweltbelastung. Diese Harze verwenden nachwachsende, pflanzliche Rohstoffe und stellen damit eine umweltfreundliche Alternative zu herk\u00f6mmlichen petrochemischen Produkten dar. GreenPoxy bietet hohe mechanische Leistung und Transparenz bei gleichzeitiger Reduzierung der CO2-Emissionen. Bis zu 50 % der Molek\u00fclstruktur stammen aus pflanzlichen Quellen. Es wird in verschiedenen Branchen eingesetzt, beispielsweise bei der Herstellung von Surfbrettern und Laminaten, um nachhaltige Leistung ohne Qualit\u00e4tseinbu\u00dfen zu gew\u00e4hrleisten.<\/p>\n<p>Weitere Informationen finden Sie bei GreenPoxy.<\/p>\n<h2><img loading=\"lazy\" decoding=\"async\" class=\"size-medium wp-image-1808 aligncenter\" src=\"https:\/\/x-sports.world\/wp-content\/uploads\/2025\/04\/NEUTRON-BIO-RESIN-300x188.jpg\" alt=\"\" width=\"300\" height=\"188\" srcset=\"https:\/\/x-sports.world\/wp-content\/uploads\/2025\/04\/NEUTRON-BIO-RESIN-300x188.jpg 300w, https:\/\/x-sports.world\/wp-content\/uploads\/2025\/04\/NEUTRON-BIO-RESIN-1024x640.jpg 1024w, https:\/\/x-sports.world\/wp-content\/uploads\/2025\/04\/NEUTRON-BIO-RESIN-768x480.jpg 768w, https:\/\/x-sports.world\/wp-content\/uploads\/2025\/04\/NEUTRON-BIO-RESIN-1536x960.jpg 1536w, https:\/\/x-sports.world\/wp-content\/uploads\/2025\/04\/NEUTRON-BIO-RESIN-600x375.jpg 600w, https:\/\/x-sports.world\/wp-content\/uploads\/2025\/04\/NEUTRON-BIO-RESIN.jpg 1920w\" sizes=\"(max-width: 300px) 100vw, 300px\" \/><\/h2>\n<h3><\/h3>","protected":false},"excerpt":{"rendered":"<p>Der <strong>BOSON <\/strong>ist f\u00fcr Fahrer gebaut, die Spitzenleistung und maximales Vertrauen in ihr Board w\u00fcnschen.<\/p>","protected":false},"featured_media":2588,"template":"","meta":[],"product_brand":[],"product_cat":[56],"product_tag":[],"class_list":{"0":"post-2583","1":"product","2":"type-product","3":"status-publish","4":"has-post-thumbnail","6":"product_cat-outlet-x-wake","7":"product_shipping_class-wake-boards","9":"first","10":"instock","11":"sale","12":"taxable","13":"shipping-taxable","14":"purchasable","15":"product-type-variable"},"yoast_head":"<!-- This site is optimized with the Yoast SEO plugin v26.4 - https:\/\/yoast.com\/wordpress\/plugins\/seo\/ -->\n<title>WAKEBOARD X-WAKE BOSON 2023 OUTLET - X-Sports.world - X-Wake | X-Surf<\/title>\n<meta name=\"robots\" content=\"index, follow, max-snippet:-1, max-image-preview:large, max-video-preview:-1\" \/>\n<link rel=\"canonical\" href=\"https:\/\/x-sports.world\/de\/product\/wakeboard-x-wake-boson-2023-outlet\/\" \/>\n<meta property=\"og:locale\" content=\"de_DE\" \/>\n<meta property=\"og:type\" content=\"article\" \/>\n<meta property=\"og:title\" content=\"WAKEBOARD X-WAKE BOSON 2023 OUTLET - X-Sports.world - X-Wake | X-Surf\" \/>\n<meta property=\"og:description\" content=\"The BOSON is built for riders who want top-tier performance and maximum trust for your board.\" \/>\n<meta property=\"og:url\" content=\"https:\/\/x-sports.world\/de\/product\/wakeboard-x-wake-boson-2023-outlet\/\" \/>\n<meta property=\"og:site_name\" content=\"X-Sports.world - X-Wake | X-Surf\" \/>\n<meta property=\"article:modified_time\" content=\"2026-03-17T14:00:49+00:00\" \/>\n<meta property=\"og:image\" content=\"https:\/\/x-sports.world\/wp-content\/uploads\/2025\/04\/OUT-BOSON-2023.jpg\" \/>\n\t<meta property=\"og:image:width\" content=\"1200\" \/>\n\t<meta property=\"og:image:height\" content=\"1200\" \/>\n\t<meta property=\"og:image:type\" content=\"image\/jpeg\" \/>\n<meta name=\"twitter:card\" content=\"summary_large_image\" \/>\n<meta name=\"twitter:label1\" content=\"Gesch\u00e4tzte Lesezeit\" \/>\n\t<meta name=\"twitter:data1\" content=\"2\u00a0Minuten\" \/>\n<script type=\"application\/ld+json\" class=\"yoast-schema-graph\">{\"@context\":\"https:\/\/schema.org\",\"@graph\":[{\"@type\":\"WebPage\",\"@id\":\"https:\/\/x-sports.world\/product\/wakeboard-x-wake-boson-2023-outlet\/\",\"url\":\"https:\/\/x-sports.world\/product\/wakeboard-x-wake-boson-2023-outlet\/\",\"name\":\"WAKEBOARD X-WAKE BOSON 2023 OUTLET - X-Sports.world - X-Wake | X-Surf\",\"isPartOf\":{\"@id\":\"https:\/\/x-sports.world\/#website\"},\"primaryImageOfPage\":{\"@id\":\"https:\/\/x-sports.world\/product\/wakeboard-x-wake-boson-2023-outlet\/#primaryimage\"},\"image\":{\"@id\":\"https:\/\/x-sports.world\/product\/wakeboard-x-wake-boson-2023-outlet\/#primaryimage\"},\"thumbnailUrl\":\"https:\/\/x-sports.world\/wp-content\/uploads\/2025\/04\/OUT-BOSON-2023.jpg\",\"datePublished\":\"2025-04-15T18:27:47+00:00\",\"dateModified\":\"2026-03-17T14:00:49+00:00\",\"breadcrumb\":{\"@id\":\"https:\/\/x-sports.world\/product\/wakeboard-x-wake-boson-2023-outlet\/#breadcrumb\"},\"inLanguage\":\"de\",\"potentialAction\":[{\"@type\":\"ReadAction\",\"target\":[\"https:\/\/x-sports.world\/product\/wakeboard-x-wake-boson-2023-outlet\/\"]}]},{\"@type\":\"ImageObject\",\"inLanguage\":\"de\",\"@id\":\"https:\/\/x-sports.world\/product\/wakeboard-x-wake-boson-2023-outlet\/#primaryimage\",\"url\":\"https:\/\/x-sports.world\/wp-content\/uploads\/2025\/04\/OUT-BOSON-2023.jpg\",\"contentUrl\":\"https:\/\/x-sports.world\/wp-content\/uploads\/2025\/04\/OUT-BOSON-2023.jpg\",\"width\":1200,\"height\":1200},{\"@type\":\"BreadcrumbList\",\"@id\":\"https:\/\/x-sports.world\/product\/wakeboard-x-wake-boson-2023-outlet\/#breadcrumb\",\"itemListElement\":[{\"@type\":\"ListItem\",\"position\":1,\"name\":\"Home\",\"item\":\"https:\/\/x-sports.world\/\"},{\"@type\":\"ListItem\",\"position\":2,\"name\":\"Shop\",\"item\":\"https:\/\/x-sports.world\/shop\/\"},{\"@type\":\"ListItem\",\"position\":3,\"name\":\"WAKEBOARD X-WAKE BOSON 2023 OUTLET\"}]},{\"@type\":\"WebSite\",\"@id\":\"https:\/\/x-sports.world\/#website\",\"url\":\"https:\/\/x-sports.world\/\",\"name\":\"X-Sports.world - X-Wake Wakeboards | X-Surf Surfboards\",\"description\":\"Kolejna witryna WordPress\",\"publisher\":{\"@id\":\"https:\/\/x-sports.world\/#organization\"},\"potentialAction\":[{\"@type\":\"SearchAction\",\"target\":{\"@type\":\"EntryPoint\",\"urlTemplate\":\"https:\/\/x-sports.world\/?s={search_term_string}\"},\"query-input\":{\"@type\":\"PropertyValueSpecification\",\"valueRequired\":true,\"valueName\":\"search_term_string\"}}],\"inLanguage\":\"de\"},{\"@type\":\"Organization\",\"@id\":\"https:\/\/x-sports.world\/#organization\",\"name\":\"X-Sports.world - X-Wake | X-Surf\",\"url\":\"https:\/\/x-sports.world\/\",\"logo\":{\"@type\":\"ImageObject\",\"inLanguage\":\"de\",\"@id\":\"https:\/\/x-sports.world\/#\/schema\/logo\/image\/\",\"url\":\"https:\/\/x-sports.world\/wp-content\/uploads\/2025\/04\/XSPORTS-BLACK-LOGO.png\",\"contentUrl\":\"https:\/\/x-sports.world\/wp-content\/uploads\/2025\/04\/XSPORTS-BLACK-LOGO.png\",\"width\":3810,\"height\":1016,\"caption\":\"X-Sports.world - X-Wake | X-Surf\"},\"image\":{\"@id\":\"https:\/\/x-sports.world\/#\/schema\/logo\/image\/\"}}]}<\/script>\n<!-- \/ Yoast SEO plugin. -->","yoast_head_json":{"title":"WAKEBOARD X-WAKE BOSON 2023 OUTLET - X-Sports.world - X-Wake | X-Surf","robots":{"index":"index","follow":"follow","max-snippet":"max-snippet:-1","max-image-preview":"max-image-preview:large","max-video-preview":"max-video-preview:-1"},"canonical":"https:\/\/x-sports.world\/de\/product\/wakeboard-x-wake-boson-2023-outlet\/","og_locale":"de_DE","og_type":"article","og_title":"WAKEBOARD X-WAKE BOSON 2023 OUTLET - X-Sports.world - X-Wake | X-Surf","og_description":"The BOSON is built for riders who want top-tier performance and maximum trust for your board.","og_url":"https:\/\/x-sports.world\/de\/product\/wakeboard-x-wake-boson-2023-outlet\/","og_site_name":"X-Sports.world - X-Wake | X-Surf","article_modified_time":"2026-03-17T14:00:49+00:00","og_image":[{"width":1200,"height":1200,"url":"https:\/\/x-sports.world\/wp-content\/uploads\/2025\/04\/OUT-BOSON-2023.jpg","type":"image\/jpeg"}],"twitter_card":"summary_large_image","twitter_misc":{"Gesch\u00e4tzte Lesezeit":"2\u00a0Minuten"},"schema":{"@context":"https:\/\/schema.org","@graph":[{"@type":"WebPage","@id":"https:\/\/x-sports.world\/product\/wakeboard-x-wake-boson-2023-outlet\/","url":"https:\/\/x-sports.world\/product\/wakeboard-x-wake-boson-2023-outlet\/","name":"WAKEBOARD X-WAKE BOSON 2023 OUTLET - X-Sports.world - X-Wake | X-Surf","isPartOf":{"@id":"https:\/\/x-sports.world\/#website"},"primaryImageOfPage":{"@id":"https:\/\/x-sports.world\/product\/wakeboard-x-wake-boson-2023-outlet\/#primaryimage"},"image":{"@id":"https:\/\/x-sports.world\/product\/wakeboard-x-wake-boson-2023-outlet\/#primaryimage"},"thumbnailUrl":"https:\/\/x-sports.world\/wp-content\/uploads\/2025\/04\/OUT-BOSON-2023.jpg","datePublished":"2025-04-15T18:27:47+00:00","dateModified":"2026-03-17T14:00:49+00:00","breadcrumb":{"@id":"https:\/\/x-sports.world\/product\/wakeboard-x-wake-boson-2023-outlet\/#breadcrumb"},"inLanguage":"de","potentialAction":[{"@type":"ReadAction","target":["https:\/\/x-sports.world\/product\/wakeboard-x-wake-boson-2023-outlet\/"]}]},{"@type":"ImageObject","inLanguage":"de","@id":"https:\/\/x-sports.world\/product\/wakeboard-x-wake-boson-2023-outlet\/#primaryimage","url":"https:\/\/x-sports.world\/wp-content\/uploads\/2025\/04\/OUT-BOSON-2023.jpg","contentUrl":"https:\/\/x-sports.world\/wp-content\/uploads\/2025\/04\/OUT-BOSON-2023.jpg","width":1200,"height":1200},{"@type":"BreadcrumbList","@id":"https:\/\/x-sports.world\/product\/wakeboard-x-wake-boson-2023-outlet\/#breadcrumb","itemListElement":[{"@type":"ListItem","position":1,"name":"Home","item":"https:\/\/x-sports.world\/"},{"@type":"ListItem","position":2,"name":"Shop","item":"https:\/\/x-sports.world\/shop\/"},{"@type":"ListItem","position":3,"name":"WAKEBOARD X-WAKE BOSON 2023 OUTLET"}]},{"@type":"WebSite","@id":"https:\/\/x-sports.world\/#website","url":"https:\/\/x-sports.world\/","name":"X-Sports.world - X-Wake Wakeboards | X-Surf Surfboards","description":"WordPress-Website","publisher":{"@id":"https:\/\/x-sports.world\/#organization"},"potentialAction":[{"@type":"SearchAction","target":{"@type":"EntryPoint","urlTemplate":"https:\/\/x-sports.world\/?s={search_term_string}"},"query-input":{"@type":"PropertyValueSpecification","valueRequired":true,"valueName":"search_term_string"}}],"inLanguage":"de"},{"@type":"Organization","@id":"https:\/\/x-sports.world\/#organization","name":"X-Sports.world - X-Wake | X-Surf","url":"https:\/\/x-sports.world\/","logo":{"@type":"ImageObject","inLanguage":"de","@id":"https:\/\/x-sports.world\/#\/schema\/logo\/image\/","url":"https:\/\/x-sports.world\/wp-content\/uploads\/2025\/04\/XSPORTS-BLACK-LOGO.png","contentUrl":"https:\/\/x-sports.world\/wp-content\/uploads\/2025\/04\/XSPORTS-BLACK-LOGO.png","width":3810,"height":1016,"caption":"X-Sports.world - X-Wake | X-Surf"},"image":{"@id":"https:\/\/x-sports.world\/#\/schema\/logo\/image\/"}}]}},"_links":{"self":[{"href":"https:\/\/x-sports.world\/de\/wp-json\/wp\/v2\/product\/2583","targetHints":{"allow":["GET"]}}],"collection":[{"href":"https:\/\/x-sports.world\/de\/wp-json\/wp\/v2\/product"}],"about":[{"href":"https:\/\/x-sports.world\/de\/wp-json\/wp\/v2\/types\/product"}],"version-history":[{"count":5,"href":"https:\/\/x-sports.world\/de\/wp-json\/wp\/v2\/product\/2583\/revisions"}],"predecessor-version":[{"id":4809,"href":"https:\/\/x-sports.world\/de\/wp-json\/wp\/v2\/product\/2583\/revisions\/4809"}],"wp:featuredmedia":[{"embeddable":true,"href":"https:\/\/x-sports.world\/de\/wp-json\/wp\/v2\/media\/2588"}],"wp:attachment":[{"href":"https:\/\/x-sports.world\/de\/wp-json\/wp\/v2\/media?parent=2583"}],"wp:term":[{"taxonomy":"product_brand","embeddable":true,"href":"https:\/\/x-sports.world\/de\/wp-json\/wp\/v2\/product_brand?post=2583"},{"taxonomy":"product_cat","embeddable":true,"href":"https:\/\/x-sports.world\/de\/wp-json\/wp\/v2\/product_cat?post=2583"},{"taxonomy":"product_tag","embeddable":true,"href":"https:\/\/x-sports.world\/de\/wp-json\/wp\/v2\/product_tag?post=2583"}],"curies":[{"name":"wp","href":"https:\/\/api.w.org\/{rel}","templated":true}]}}