{"id":3436,"date":"2025-04-24T14:16:34","date_gmt":"2025-04-24T12:16:34","guid":{"rendered":"https:\/\/x-sports.world\/?page_id=3436"},"modified":"2025-04-25T17:54:44","modified_gmt":"2025-04-25T15:54:44","slug":"general-warranty-policies","status":"publish","type":"page","link":"https:\/\/x-sports.world\/de\/general-warranty-policies\/","title":{"rendered":"ALLGEMEINE GARANTIERICHTLINIEN"},"content":{"rendered":"<p>Die von LOXEE sp. z oo f\u00fcr seine Produkte gew\u00e4hrten Garantien und Verpflichtungen sind die einzigen ausdr\u00fccklichen Garantien und Verpflichtungen, die vom Unternehmen, seinen Vertriebspartnern oder Einzelh\u00e4ndlern angeboten werden. Diese Garantien und Einschr\u00e4nkungen gelten nur f\u00fcr den Erstk\u00e4ufer oder die Person, f\u00fcr die das Produkt urspr\u00fcnglich erworben wurde.<\/p>\n\n\n\n<p>Garantieanspr\u00fcche m\u00fcssen vom H\u00e4ndler geltend gemacht werden, der das Produkt an den Verbraucher verkauft hat. Verbraucher m\u00fcssen das Produkt an den H\u00e4ndler zur\u00fcckgeben, bei dem sie es erworben haben, um einen Garantieanspruch geltend zu machen. Es liegt im alleinigen Ermessen des H\u00e4ndlers, die Herstellergarantie f\u00fcr einen Artikel anzuerkennen, den er nicht an einen Verbraucher verkauft hat. Unter keinen Umst\u00e4nden sollte ein Garantieanspruch ohne eine vom H\u00e4ndler ausgestellte R\u00fccksendenummer eingereicht werden. Alle Versandkosten im Zusammenhang mit der R\u00fccksendung des Produkts an X Wake gehen zu Lasten des Garantienehmers. Der H\u00e4ndler ist f\u00fcr die R\u00fccksendung des defekten Produkts an unser Lager verantwortlich. Nach Eingang des Produkts in unserem Lager f\u00fchren wir den Garantieprozess fort. X Wake akzeptiert keine R\u00fccksendungen gegen Gutschrift. F\u00fcr unge\u00f6ffnete oder ohne offensichtlichen Defekt zur\u00fcckgegebene Produkte wird eine Wiedereinlagerungsgeb\u00fchr von 15% erhoben.<\/p>\n\n\n\n<p>X Wake beh\u00e4lt sich das Recht vor, Garantieanspr\u00fcche abzulehnen, wenn festgestellt wird, dass die M\u00e4ngel nicht auf einen Herstellerfehler zur\u00fcckzuf\u00fchren sind. Produkte mit einem Herstellerfehler werden nach M\u00f6glichkeit repariert. Ist ein Produkt nicht reparierbar, erfolgt der Ersatz nach Ermessen der X Wake-Garantieabteilung durch ein gleichwertiges oder besseres Produkt.<\/p>\n\n\n\n<p>Bitte beachten Sie, dass das Produkt niemals ver\u00e4ndert werden darf, einschlie\u00dflich Wachsen, Lackieren oder anderen Modifikationen. Zur ordnungsgem\u00e4\u00dfen Pflege sollte das Produkt nur mit Wasser und Seife gereinigt und gr\u00fcndlich abgesp\u00fclt werden. Bitte beachten Sie, dass die Farben durch l\u00e4ngere Sonneneinstrahlung verblassen k\u00f6nnen. Dies ist nicht von der Garantie abgedeckt. Um ein Verblassen zu vermeiden, empfiehlt es sich, das Board bei Nichtgebrauch in einer Tasche aufzubewahren. Sch\u00e4den durch unsachgem\u00e4\u00dfen Gebrauch, Missbrauch oder Modifikationen sowie normale Abnutzung sind nicht von der Garantie abgedeckt.<\/p>\n\n\n\n<p>\u200b<\/p>\n\n\n\n<p>Die Garantie umfasst:<\/p>\n\n\n\n<p>-Delamination ohne sichtbare Aufprallsch\u00e4den.<\/p>\n\n\n\n<p>-Risse\/Spannungsrisse am Rand-, Boden-, Kern- oder Decklaminat aufgrund eines Herstellungsfehlers.<\/p>\n\n\n\n<p>- Defekte Eins\u00e4tze. Nicht abgedeckt sind unsachgem\u00e4\u00dfes Anschrauben der Manschetten oder die Verwendung von Schrauben mit falschem Gewinde.<\/p>\n\n\n\n<p>-Fehler bei der Qualit\u00e4tskontrolle und Verkauf einer Platine 2. Qualit\u00e4t als Platine 1. Qualit\u00e4t.<\/p>\n\n\n\n<p>-Risse im Lack&nbsp;<\/p>\n\n\n\n<p>-Einsatz herausgezogen<\/p>\n\n\n\n<p>Die Garantie deckt nicht ab:<\/p>\n\n\n\n<p>-Alle Probleme, die durch unsachgem\u00e4\u00dfe Verwendung, Missbrauch oder Aufprall auf\/mit anderen Oberfl\u00e4chen\/Gegenst\u00e4nden als Wasser entstehen.<\/p>\n\n\n\n<p>-Sch\u00e4den, die durch unsachgem\u00e4\u00dfe Verwendung, Missbrauch oder Modifikation verursacht wurden.<\/p>\n\n\n\n<p>-Normale Abnutzung, einschlie\u00dflich Kratzer, Absplitterungen und Dellen, Abnutzung der Schleifbasis (PerlaGlide)<\/p>\n\n\n\n<p>- Verblassen oder Vergilben durch langfristige Sonneneinstrahlung. Dies ist nicht durch die Garantie abgedeckt. Zum Schutz Ihres Wakeboards vor UV-Strahlen.<\/p>\n\n\n\n<p>-Boards ohne Kaufbeleg.<\/p>\n\n\n\n<p>-Sch\u00e4den oder M\u00e4ngel, die durch die Einwirkung von Temperaturen \u00fcber 70 oder unter 0 Grad Celsius verursacht wurden.<\/p>","protected":false},"excerpt":{"rendered":"<p>Die von LOXEE sp. z oo f\u00fcr seine Produkte gew\u00e4hrten Garantien und Verpflichtungen sind die einzigen ausdr\u00fccklichen Garantien und Verpflichtungen, die das Unternehmen, seine Vertriebspartner oder Einzelh\u00e4ndler anbieten. Diese Garantien und Einschr\u00e4nkungen gelten nur f\u00fcr den Erstk\u00e4ufer oder die Person, f\u00fcr die das Produkt urspr\u00fcnglich erworben wurde. Garantieanspr\u00fcche m\u00fcssen [\u2026]<\/p>","protected":false},"author":1,"featured_media":0,"parent":0,"menu_order":0,"comment_status":"closed","ping_status":"closed","template":"","meta":{"footnotes":""},"class_list":["post-3436","page","type-page","status-publish","hentry"],"yoast_head":"<!-- This site is optimized with the Yoast SEO plugin v26.4 - https:\/\/yoast.com\/wordpress\/plugins\/seo\/ -->\n<title>GENERAL WARRANTY POLICIES - X-Sports.world - X-Wake | X-Surf<\/title>\n<meta name=\"robots\" content=\"index, follow, max-snippet:-1, max-image-preview:large, max-video-preview:-1\" \/>\n<link rel=\"canonical\" href=\"https:\/\/x-sports.world\/de\/general-warranty-policies\/\" \/>\n<meta property=\"og:locale\" content=\"de_DE\" \/>\n<meta property=\"og:type\" content=\"article\" \/>\n<meta property=\"og:title\" content=\"GENERAL WARRANTY POLICIES - X-Sports.world - X-Wake | X-Surf\" \/>\n<meta property=\"og:description\" content=\"The warranties and obligations provided by LOXEE sp. z o. o. &nbsp;for its products are the only express warranties and obligations offered by the company, its distributors, or retailers. These warranties and limitations are only applicable to the original purchaser or the person for whom the product was originally purchased. Warranty claims must be initiated [&hellip;]\" \/>\n<meta property=\"og:url\" content=\"https:\/\/x-sports.world\/de\/general-warranty-policies\/\" \/>\n<meta property=\"og:site_name\" content=\"X-Sports.world - X-Wake | X-Surf\" \/>\n<meta property=\"article:modified_time\" content=\"2025-04-25T15:54:44+00:00\" \/>\n<meta name=\"twitter:card\" content=\"summary_large_image\" \/>\n<meta name=\"twitter:label1\" content=\"Gesch\u00e4tzte Lesezeit\" \/>\n\t<meta name=\"twitter:data1\" content=\"3\u00a0Minuten\" \/>\n<script type=\"application\/ld+json\" class=\"yoast-schema-graph\">{\"@context\":\"https:\/\/schema.org\",\"@graph\":[{\"@type\":\"WebPage\",\"@id\":\"https:\/\/x-sports.world\/general-warranty-policies\/\",\"url\":\"https:\/\/x-sports.world\/general-warranty-policies\/\",\"name\":\"GENERAL WARRANTY POLICIES - X-Sports.world - X-Wake | X-Surf\",\"isPartOf\":{\"@id\":\"https:\/\/x-sports.world\/#website\"},\"datePublished\":\"2025-04-24T12:16:34+00:00\",\"dateModified\":\"2025-04-25T15:54:44+00:00\",\"breadcrumb\":{\"@id\":\"https:\/\/x-sports.world\/general-warranty-policies\/#breadcrumb\"},\"inLanguage\":\"de\",\"potentialAction\":[{\"@type\":\"ReadAction\",\"target\":[\"https:\/\/x-sports.world\/general-warranty-policies\/\"]}]},{\"@type\":\"BreadcrumbList\",\"@id\":\"https:\/\/x-sports.world\/general-warranty-policies\/#breadcrumb\",\"itemListElement\":[{\"@type\":\"ListItem\",\"position\":1,\"name\":\"Home\",\"item\":\"https:\/\/x-sports.world\/\"},{\"@type\":\"ListItem\",\"position\":2,\"name\":\"GENERAL WARRANTY POLICIES\"}]},{\"@type\":\"WebSite\",\"@id\":\"https:\/\/x-sports.world\/#website\",\"url\":\"https:\/\/x-sports.world\/\",\"name\":\"X-Sports.world - X-Wake Wakeboards | X-Surf Surfboards\",\"description\":\"Kolejna witryna WordPress\",\"publisher\":{\"@id\":\"https:\/\/x-sports.world\/#organization\"},\"potentialAction\":[{\"@type\":\"SearchAction\",\"target\":{\"@type\":\"EntryPoint\",\"urlTemplate\":\"https:\/\/x-sports.world\/?s={search_term_string}\"},\"query-input\":{\"@type\":\"PropertyValueSpecification\",\"valueRequired\":true,\"valueName\":\"search_term_string\"}}],\"inLanguage\":\"de\"},{\"@type\":\"Organization\",\"@id\":\"https:\/\/x-sports.world\/#organization\",\"name\":\"X-Sports.world - X-Wake | X-Surf\",\"url\":\"https:\/\/x-sports.world\/\",\"logo\":{\"@type\":\"ImageObject\",\"inLanguage\":\"de\",\"@id\":\"https:\/\/x-sports.world\/#\/schema\/logo\/image\/\",\"url\":\"https:\/\/x-sports.world\/wp-content\/uploads\/2025\/04\/XSPORTS-BLACK-LOGO.png\",\"contentUrl\":\"https:\/\/x-sports.world\/wp-content\/uploads\/2025\/04\/XSPORTS-BLACK-LOGO.png\",\"width\":3810,\"height\":1016,\"caption\":\"X-Sports.world - X-Wake | X-Surf\"},\"image\":{\"@id\":\"https:\/\/x-sports.world\/#\/schema\/logo\/image\/\"}}]}<\/script>\n<!-- \/ Yoast SEO plugin. -->","yoast_head_json":{"title":"ALLGEMEINE GARANTIEBEDINGUNGEN - X-Sports.world - X-Wake | X-Surf","robots":{"index":"index","follow":"follow","max-snippet":"max-snippet:-1","max-image-preview":"max-image-preview:large","max-video-preview":"max-video-preview:-1"},"canonical":"https:\/\/x-sports.world\/de\/general-warranty-policies\/","og_locale":"de_DE","og_type":"article","og_title":"GENERAL WARRANTY POLICIES - X-Sports.world - X-Wake | X-Surf","og_description":"The warranties and obligations provided by LOXEE sp. z o. o. &nbsp;for its products are the only express warranties and obligations offered by the company, its distributors, or retailers. These warranties and limitations are only applicable to the original purchaser or the person for whom the product was originally purchased. Warranty claims must be initiated [&hellip;]","og_url":"https:\/\/x-sports.world\/de\/general-warranty-policies\/","og_site_name":"X-Sports.world - X-Wake | X-Surf","article_modified_time":"2025-04-25T15:54:44+00:00","twitter_card":"summary_large_image","twitter_misc":{"Gesch\u00e4tzte Lesezeit":"3\u00a0Minuten"},"schema":{"@context":"https:\/\/schema.org","@graph":[{"@type":"WebPage","@id":"https:\/\/x-sports.world\/general-warranty-policies\/","url":"https:\/\/x-sports.world\/general-warranty-policies\/","name":"ALLGEMEINE GARANTIEBEDINGUNGEN - X-Sports.world - X-Wake | X-Surf","isPartOf":{"@id":"https:\/\/x-sports.world\/#website"},"datePublished":"2025-04-24T12:16:34+00:00","dateModified":"2025-04-25T15:54:44+00:00","breadcrumb":{"@id":"https:\/\/x-sports.world\/general-warranty-policies\/#breadcrumb"},"inLanguage":"de","potentialAction":[{"@type":"ReadAction","target":["https:\/\/x-sports.world\/general-warranty-policies\/"]}]},{"@type":"BreadcrumbList","@id":"https:\/\/x-sports.world\/general-warranty-policies\/#breadcrumb","itemListElement":[{"@type":"ListItem","position":1,"name":"Home","item":"https:\/\/x-sports.world\/"},{"@type":"ListItem","position":2,"name":"GENERAL WARRANTY POLICIES"}]},{"@type":"WebSite","@id":"https:\/\/x-sports.world\/#website","url":"https:\/\/x-sports.world\/","name":"X-Sports.world - X-Wake Wakeboards | X-Surf Surfboards","description":"WordPress-Website","publisher":{"@id":"https:\/\/x-sports.world\/#organization"},"potentialAction":[{"@type":"SearchAction","target":{"@type":"EntryPoint","urlTemplate":"https:\/\/x-sports.world\/?s={search_term_string}"},"query-input":{"@type":"PropertyValueSpecification","valueRequired":true,"valueName":"search_term_string"}}],"inLanguage":"de"},{"@type":"Organization","@id":"https:\/\/x-sports.world\/#organization","name":"X-Sports.world - X-Wake | X-Surf","url":"https:\/\/x-sports.world\/","logo":{"@type":"ImageObject","inLanguage":"de","@id":"https:\/\/x-sports.world\/#\/schema\/logo\/image\/","url":"https:\/\/x-sports.world\/wp-content\/uploads\/2025\/04\/XSPORTS-BLACK-LOGO.png","contentUrl":"https:\/\/x-sports.world\/wp-content\/uploads\/2025\/04\/XSPORTS-BLACK-LOGO.png","width":3810,"height":1016,"caption":"X-Sports.world - X-Wake | X-Surf"},"image":{"@id":"https:\/\/x-sports.world\/#\/schema\/logo\/image\/"}}]}},"_links":{"self":[{"href":"https:\/\/x-sports.world\/de\/wp-json\/wp\/v2\/pages\/3436","targetHints":{"allow":["GET"]}}],"collection":[{"href":"https:\/\/x-sports.world\/de\/wp-json\/wp\/v2\/pages"}],"about":[{"href":"https:\/\/x-sports.world\/de\/wp-json\/wp\/v2\/types\/page"}],"author":[{"embeddable":true,"href":"https:\/\/x-sports.world\/de\/wp-json\/wp\/v2\/users\/1"}],"replies":[{"embeddable":true,"href":"https:\/\/x-sports.world\/de\/wp-json\/wp\/v2\/comments?post=3436"}],"version-history":[{"count":1,"href":"https:\/\/x-sports.world\/de\/wp-json\/wp\/v2\/pages\/3436\/revisions"}],"predecessor-version":[{"id":3437,"href":"https:\/\/x-sports.world\/de\/wp-json\/wp\/v2\/pages\/3436\/revisions\/3437"}],"wp:attachment":[{"href":"https:\/\/x-sports.world\/de\/wp-json\/wp\/v2\/media?parent=3436"}],"curies":[{"name":"wp","href":"https:\/\/api.w.org\/{rel}","templated":true}]}}