{"id":3428,"date":"2025-04-24T14:09:59","date_gmt":"2025-04-24T12:09:59","guid":{"rendered":"https:\/\/x-sports.world\/?page_id=3428"},"modified":"2025-04-25T17:53:55","modified_gmt":"2025-04-25T15:53:55","slug":"return-refund-info","status":"publish","type":"page","link":"https:\/\/x-sports.world\/de\/return-refund-info\/","title":{"rendered":"R\u00dcCKGABE- UND R\u00dcCKERSTATTUNGSINFORMATIONEN"},"content":{"rendered":"<p>R\u00fccktritt vom Vertrag<\/p>\n\n\n\n<p>Wenn Sie Verbraucher sind, steht Ihnen grunds\u00e4tzlich ein Widerrufsrecht bei einem Fernabsatzvertrag zu.<\/p>\n\n\n\n<p>Sie k\u00f6nnen vom Vertrag zur\u00fccktreten, indem Sie eine Erkl\u00e4rung zum R\u00fccktritt vom Vertrag abgeben, z. B. per E-Mail an:&nbsp;<a href=\"mailto:info@x-wake.com\">info@x-wake.com<\/a><\/p>\n\n\n\n<p>Senden Sie den zur\u00fcckgesendeten Artikel unverz\u00fcglich an die folgende Adresse zur\u00fcck: 43-100 Tychy ul. Fabryczna 5, POLEN, sp\u00e4testens jedoch innerhalb von 14 Tagen ab dem Datum, an dem Sie vom Vertrag zur\u00fcckgetreten sind.<\/p>\n\n\n\n<p>Sie k\u00f6nnen innerhalb von 14 Tagen vom Vertrag zur\u00fccktreten.<\/p>\n\n\n\n<p>Die Frist f\u00fcr den R\u00fccktritt vom Vertrag beginnt:<\/p>\n\n\n\n<p>f\u00fcr den Vertrag, in dem wir den Artikel herausgeben, wobei wir verpflichtet sind, sein Eigentum zu \u00fcbertragen \u2013 ab der Inbesitznahme durch den von Ciebielub benannten Dritten, der nicht der Spediteur ist,<\/p>\n\n\n\n<p>bei digitalen Inhalten \u2013 ab dem Datum des Vertragsschlusses.<\/p>\n\n\n\n<p>Zur Wahrung der Frist gen\u00fcgt die rechtzeitige Absendung der Mitteilung.<\/p>\n\n\n\n<p>Die von Ihnen geleisteten Zahlungen, einschlie\u00dflich der Kosten f\u00fcr die Lieferung der Artikel zu den in den Bestimmungen angegebenen Bedingungen, werden Ihnen unverz\u00fcglich, sp\u00e4testens jedoch innerhalb von 14 Tagen ab dem Tag des Eingangs Ihrer Widerrufserkl\u00e4rung zur\u00fcckerstattet.<\/p>\n\n\n\n<p>Wir k\u00f6nnen die R\u00fcckzahlung der von Ihnen erhaltenen Zahlung zur\u00fcckhalten, bis Sie die Ware zur\u00fcckerhalten oder einen Nachweis \u00fcber die R\u00fccksendung erbringen, je nachdem, welches Ereignis zuerst eintritt.<\/p>\n\n\n\n<p>Denken Sie daran, dass das Recht zum R\u00fccktritt von einem Fernabsatzvertrag dem Verbraucher unter anderem in Bezug auf den Vertrag nicht zusteht:<\/p>\n\n\n\n<p>bei denen es sich bei der Dienstleistung um eine nicht vorgefertigte Sache handelt, die nach den Vorgaben des Verbrauchers hergestellt wird oder zur Befriedigung seiner individuellen Bed\u00fcrfnisse dient,<\/p>\n\n\n\n<p>bei denen es sich bei dem Leistungsgegenstand um eine Ware handelt, die schnell verderben kann oder eine kurze Haltbarkeitsdauer hat,<\/p>\n\n\n\n<p>bei denen es sich bei der Dienstleistung um eine Ware handelt, die in einer versiegelten Verpackung geliefert wird und die aus Gr\u00fcnden des Gesundheitsschutzes oder der Hygiene nach dem \u00d6ffnen der Verpackung nicht zur R\u00fcckgabe geeignet ist, wenn die Verpackung nach der Lieferung ge\u00f6ffnet wurde,<\/p>\n\n\n\n<p>bei denen es sich bei der Dienstleistung um Ton- oder Bildaufzeichnungen oder Computersoftware handelt, die in einer versiegelten Verpackung geliefert werden, sofern die Verpackung nach der Lieferung ge\u00f6ffnet wurde<\/p>\n\n\n\n<p>zur Lieferung von nicht auf einem k\u00f6rperlichen Datentr\u00e4ger gespeicherten digitalen Inhalten, wenn mit der Ausf\u00fchrung der Dienstleistung der Verbraucher mit seiner ausdr\u00fccklichen Zustimmung vor Ablauf der Widerrufsfrist begonnen hat und der Unternehmer ihn \u00fcber seinen Verlust des Widerrufsrechts belehrt hat.<\/p>\n\n\n\n<p>Detaillierte Informationen zum R\u00fccktritt vom Vertrag finden Sie in unseren Verkaufsbedingungen.<\/p>\n\n\n\n<p>Beschwerden<\/p>\n\n\n\n<p>Wenn Sie Verbraucher sind und sich das bei uns gekaufte Produkt als mangelhaft erweist, haben Sie das Recht, es auf der Grundlage der Garantie zu reklamieren. Die Reklamation richten Sie am besten an die E-Mail-Adresse:&nbsp;<a href=\"mailto:info@x-wake.com\">info@x-wake.com<\/a>&nbsp;oder per Post an die folgende Adresse: ul. Fabryczna 5, 43-100 TYCHY, POLEN<\/p>\n\n\n\n<p>Die mangelhafte Ware sollte an folgende Adresse geschickt werden: ul.Fabryczna 5, 43-100 TYCHY, POLEN<\/p>\n\n\n\n<p>Im Zusammenhang mit der Benachteiligung k\u00f6nnen Sie Folgendes verlangen:<\/p>\n\n\n\n<p>Austausch der Sache gegen eine mangelfreie Sache,<\/p>\n\n\n\n<p>Beseitigung des Mangels,<\/p>\n\n\n\n<p>oder eine Erkl\u00e4rung abgeben zu:<\/p>\n\n\n\n<p>Senkung des Preises,<\/p>\n\n\n\n<p>R\u00fccktritt vom Vertrag \u2013 bei einem erheblichen Mangel.<\/p>\n\n\n\n<p>Wir haften Ihnen gegen\u00fcber f\u00fcr M\u00e4ngel, die vor Ablauf von zwei Jahren ab Ablieferung der Ware festgestellt werden.<\/p>\n\n\n\n<p>Sie k\u00f6nnen eine Reklamation grunds\u00e4tzlich innerhalb eines Jahres ab Feststellung des Mangels einreichen, die Reklamationsfrist endet jedoch fr\u00fchestens mit Ablauf der Haftungsfrist des Verk\u00e4ufers.<\/p>\n\n\n\n<p>Die Pr\u00fcfung Ihrer Beschwerde (Antwort darauf) erfolgt innerhalb von 14 Tagen ab dem Datum des Eingangs Ihres Beschwerdeantrags.<\/p>\n\n\n\n<p>Weitere Informationen zur Reklamation finden Sie in unseren Verkaufsbestimmungen.<\/p>\n\n\n\n<p><\/p>","protected":false},"excerpt":{"rendered":"<p>R\u00fccktritt vom Vertrag Wenn Sie Verbraucher sind, haben Sie grunds\u00e4tzlich das Recht, von einem Fernabsatzvertrag zur\u00fcckzutreten. Sie k\u00f6nnen vom Vertrag zur\u00fccktreten, indem Sie eine R\u00fccktrittserkl\u00e4rung abgeben, z. B. per E-Mail an: info@x-wake.com. Senden Sie den zur\u00fcckgegebenen Artikel unverz\u00fcglich an folgende Adresse: 43-100 Tychy ul. [\u2026]<\/p>","protected":false},"author":1,"featured_media":0,"parent":0,"menu_order":0,"comment_status":"closed","ping_status":"closed","template":"","meta":{"footnotes":""},"class_list":["post-3428","page","type-page","status-publish","hentry"],"yoast_head":"<!-- This site is optimized with the Yoast SEO plugin v26.4 - https:\/\/yoast.com\/wordpress\/plugins\/seo\/ -->\n<title>RETURN &amp; REFUND INFO - X-Sports.world - X-Wake | X-Surf<\/title>\n<meta name=\"robots\" content=\"index, follow, max-snippet:-1, max-image-preview:large, max-video-preview:-1\" \/>\n<link rel=\"canonical\" href=\"https:\/\/x-sports.world\/de\/return-refund-info\/\" \/>\n<meta property=\"og:locale\" content=\"de_DE\" \/>\n<meta property=\"og:type\" content=\"article\" \/>\n<meta property=\"og:title\" content=\"RETURN &amp; REFUND INFO - X-Sports.world - X-Wake | X-Surf\" \/>\n<meta property=\"og:description\" content=\"Withdrawal from the contract If you are a consumer &#8211; as a rule you have the right to withdraw from a distance contract. You can withdraw from the contract by submitting a statement of withdrawal from the contract, e.g. by e-mail sent to:&nbsp;info@x-wake.com Return the returned item immediately to the following address: 43-100 Tychy ul. [&hellip;]\" \/>\n<meta property=\"og:url\" content=\"https:\/\/x-sports.world\/de\/return-refund-info\/\" \/>\n<meta property=\"og:site_name\" content=\"X-Sports.world - X-Wake | X-Surf\" \/>\n<meta property=\"article:modified_time\" content=\"2025-04-25T15:53:55+00:00\" \/>\n<meta name=\"twitter:card\" content=\"summary_large_image\" \/>\n<meta name=\"twitter:label1\" content=\"Gesch\u00e4tzte Lesezeit\" \/>\n\t<meta name=\"twitter:data1\" content=\"3\u00a0Minuten\" \/>\n<script type=\"application\/ld+json\" class=\"yoast-schema-graph\">{\"@context\":\"https:\/\/schema.org\",\"@graph\":[{\"@type\":\"WebPage\",\"@id\":\"https:\/\/x-sports.world\/return-refund-info\/\",\"url\":\"https:\/\/x-sports.world\/return-refund-info\/\",\"name\":\"RETURN &amp; REFUND INFO - X-Sports.world - X-Wake | X-Surf\",\"isPartOf\":{\"@id\":\"https:\/\/x-sports.world\/#website\"},\"datePublished\":\"2025-04-24T12:09:59+00:00\",\"dateModified\":\"2025-04-25T15:53:55+00:00\",\"breadcrumb\":{\"@id\":\"https:\/\/x-sports.world\/return-refund-info\/#breadcrumb\"},\"inLanguage\":\"de\",\"potentialAction\":[{\"@type\":\"ReadAction\",\"target\":[\"https:\/\/x-sports.world\/return-refund-info\/\"]}]},{\"@type\":\"BreadcrumbList\",\"@id\":\"https:\/\/x-sports.world\/return-refund-info\/#breadcrumb\",\"itemListElement\":[{\"@type\":\"ListItem\",\"position\":1,\"name\":\"Home\",\"item\":\"https:\/\/x-sports.world\/\"},{\"@type\":\"ListItem\",\"position\":2,\"name\":\"RETURN &amp; REFUND INFO\"}]},{\"@type\":\"WebSite\",\"@id\":\"https:\/\/x-sports.world\/#website\",\"url\":\"https:\/\/x-sports.world\/\",\"name\":\"X-Sports.world - X-Wake Wakeboards | X-Surf Surfboards\",\"description\":\"Kolejna witryna WordPress\",\"publisher\":{\"@id\":\"https:\/\/x-sports.world\/#organization\"},\"potentialAction\":[{\"@type\":\"SearchAction\",\"target\":{\"@type\":\"EntryPoint\",\"urlTemplate\":\"https:\/\/x-sports.world\/?s={search_term_string}\"},\"query-input\":{\"@type\":\"PropertyValueSpecification\",\"valueRequired\":true,\"valueName\":\"search_term_string\"}}],\"inLanguage\":\"de\"},{\"@type\":\"Organization\",\"@id\":\"https:\/\/x-sports.world\/#organization\",\"name\":\"X-Sports.world - X-Wake | X-Surf\",\"url\":\"https:\/\/x-sports.world\/\",\"logo\":{\"@type\":\"ImageObject\",\"inLanguage\":\"de\",\"@id\":\"https:\/\/x-sports.world\/#\/schema\/logo\/image\/\",\"url\":\"https:\/\/x-sports.world\/wp-content\/uploads\/2025\/04\/XSPORTS-BLACK-LOGO.png\",\"contentUrl\":\"https:\/\/x-sports.world\/wp-content\/uploads\/2025\/04\/XSPORTS-BLACK-LOGO.png\",\"width\":3810,\"height\":1016,\"caption\":\"X-Sports.world - X-Wake | X-Surf\"},\"image\":{\"@id\":\"https:\/\/x-sports.world\/#\/schema\/logo\/image\/\"}}]}<\/script>\n<!-- \/ Yoast SEO plugin. -->","yoast_head_json":{"title":"R\u00dcCKGABE- UND R\u00dcCKERSTATTUNGSINFORMATIONEN - X-Sports.world - X-Wake | X-Surf","robots":{"index":"index","follow":"follow","max-snippet":"max-snippet:-1","max-image-preview":"max-image-preview:large","max-video-preview":"max-video-preview:-1"},"canonical":"https:\/\/x-sports.world\/de\/return-refund-info\/","og_locale":"de_DE","og_type":"article","og_title":"RETURN &amp; REFUND INFO - X-Sports.world - X-Wake | X-Surf","og_description":"Withdrawal from the contract If you are a consumer &#8211; as a rule you have the right to withdraw from a distance contract. You can withdraw from the contract by submitting a statement of withdrawal from the contract, e.g. by e-mail sent to:&nbsp;info@x-wake.com Return the returned item immediately to the following address: 43-100 Tychy ul. [&hellip;]","og_url":"https:\/\/x-sports.world\/de\/return-refund-info\/","og_site_name":"X-Sports.world - X-Wake | X-Surf","article_modified_time":"2025-04-25T15:53:55+00:00","twitter_card":"summary_large_image","twitter_misc":{"Gesch\u00e4tzte Lesezeit":"3\u00a0Minuten"},"schema":{"@context":"https:\/\/schema.org","@graph":[{"@type":"WebPage","@id":"https:\/\/x-sports.world\/return-refund-info\/","url":"https:\/\/x-sports.world\/return-refund-info\/","name":"R\u00dcCKGABE- UND R\u00dcCKERSTATTUNGSINFORMATIONEN - X-Sports.world - X-Wake | X-Surf","isPartOf":{"@id":"https:\/\/x-sports.world\/#website"},"datePublished":"2025-04-24T12:09:59+00:00","dateModified":"2025-04-25T15:53:55+00:00","breadcrumb":{"@id":"https:\/\/x-sports.world\/return-refund-info\/#breadcrumb"},"inLanguage":"de","potentialAction":[{"@type":"ReadAction","target":["https:\/\/x-sports.world\/return-refund-info\/"]}]},{"@type":"BreadcrumbList","@id":"https:\/\/x-sports.world\/return-refund-info\/#breadcrumb","itemListElement":[{"@type":"ListItem","position":1,"name":"Home","item":"https:\/\/x-sports.world\/"},{"@type":"ListItem","position":2,"name":"RETURN &amp; REFUND INFO"}]},{"@type":"WebSite","@id":"https:\/\/x-sports.world\/#website","url":"https:\/\/x-sports.world\/","name":"X-Sports.world - X-Wake Wakeboards | X-Surf Surfboards","description":"WordPress-Website","publisher":{"@id":"https:\/\/x-sports.world\/#organization"},"potentialAction":[{"@type":"SearchAction","target":{"@type":"EntryPoint","urlTemplate":"https:\/\/x-sports.world\/?s={search_term_string}"},"query-input":{"@type":"PropertyValueSpecification","valueRequired":true,"valueName":"search_term_string"}}],"inLanguage":"de"},{"@type":"Organization","@id":"https:\/\/x-sports.world\/#organization","name":"X-Sports.world - X-Wake | X-Surf","url":"https:\/\/x-sports.world\/","logo":{"@type":"ImageObject","inLanguage":"de","@id":"https:\/\/x-sports.world\/#\/schema\/logo\/image\/","url":"https:\/\/x-sports.world\/wp-content\/uploads\/2025\/04\/XSPORTS-BLACK-LOGO.png","contentUrl":"https:\/\/x-sports.world\/wp-content\/uploads\/2025\/04\/XSPORTS-BLACK-LOGO.png","width":3810,"height":1016,"caption":"X-Sports.world - X-Wake | X-Surf"},"image":{"@id":"https:\/\/x-sports.world\/#\/schema\/logo\/image\/"}}]}},"_links":{"self":[{"href":"https:\/\/x-sports.world\/de\/wp-json\/wp\/v2\/pages\/3428","targetHints":{"allow":["GET"]}}],"collection":[{"href":"https:\/\/x-sports.world\/de\/wp-json\/wp\/v2\/pages"}],"about":[{"href":"https:\/\/x-sports.world\/de\/wp-json\/wp\/v2\/types\/page"}],"author":[{"embeddable":true,"href":"https:\/\/x-sports.world\/de\/wp-json\/wp\/v2\/users\/1"}],"replies":[{"embeddable":true,"href":"https:\/\/x-sports.world\/de\/wp-json\/wp\/v2\/comments?post=3428"}],"version-history":[{"count":2,"href":"https:\/\/x-sports.world\/de\/wp-json\/wp\/v2\/pages\/3428\/revisions"}],"predecessor-version":[{"id":3432,"href":"https:\/\/x-sports.world\/de\/wp-json\/wp\/v2\/pages\/3428\/revisions\/3432"}],"wp:attachment":[{"href":"https:\/\/x-sports.world\/de\/wp-json\/wp\/v2\/media?parent=3428"}],"curies":[{"name":"wp","href":"https:\/\/api.w.org\/{rel}","templated":true}]}}