{"id":3,"date":"2024-12-31T10:49:46","date_gmt":"2024-12-31T10:49:46","guid":{"rendered":"http:\/\/x-sports.world\/?page_id=3"},"modified":"2025-04-25T17:54:40","modified_gmt":"2025-04-25T15:54:40","slug":"privacy-policy","status":"publish","type":"page","link":"https:\/\/x-sports.world\/de\/privacy-policy\/","title":{"rendered":"Datenschutzrichtlinie"},"content":{"rendered":"<p>Im Zusammenhang mit dem Beginn der Anwendung ab dem 25. Mai 2018 des Artikels 13 Absatz 1 der Allgemeinen Verordnung (EU) 2016\/679 des Europ\u00e4ischen Parlaments und des Rates vom 27. April 2016 zum Schutz nat\u00fcrlicher Personen und ihrer personenbezogenen Daten, zum freien Datenverkehr und zur Aufhebung der Richtlinie 95\/46\/EG (nachfolgend \u201eDSGVO\u201c) m\u00f6chten wir Sie dar\u00fcber informieren, dass Ihnen ab dem 25. Mai 2018 die nachstehend aufgef\u00fchrten Rechte in Bezug auf die Verarbeitung Ihrer personenbezogenen Daten zustehen.<\/p>\n\n\n\n<p>Gleichzeitig informieren wir Sie gem\u00e4\u00df Art. 25 der DSGVO, dass ab dem 25. Mai 2018 die folgenden Informationen und Regeln zur Verarbeitung Ihrer personenbezogenen Daten gelten:<\/p>\n\n\n\n<p>1. Der Administrator Ihrer pers\u00f6nlichen Daten ist LOXEE Sp. z oo mit Sitz in der FABRYCZNA-Stra\u00dfe 5, 43-100 TYCHY<\/p>\n\n\n\n<p>2. Wir haben Ihre pers\u00f6nlichen Daten von Ihnen erhalten, als Sie ein Konto im X WAKE SHOP Store erstellt haben<\/p>\n\n\n\n<p>3. Ihre personenbezogenen Daten werden verarbeitet, um:<\/p>\n\n\n\n<p>a) Erm\u00f6glichung der Bereitstellung elektronischer Dienste und des Abschlusses von Kaufvertr\u00e4gen, Bearbeitung von Beschwerden, Sendungen, Zahlungen, Einrichtung und Verwaltung Ihres Kontos sowie L\u00f6sung m\u00f6glicher technischer Probleme \u2013 die Rechtsgrundlage f\u00fcr die Verarbeitung personenbezogener Daten ist Art. 6 Abs. 1 lit. b) DSGVO,<\/p>\n\n\n\n<p>b) Marketingaktivit\u00e4ten in Ihrer Art und Weise, in denen Sie eingewilligt haben. Die Rechtsgrundlage f\u00fcr die Verarbeitung personenbezogener Daten ist das berechtigte Interesse des Unternehmens (Artikel 6 Absatz 1 Buchstabe a) der DSGVO);<\/p>\n\n\n\n<p>c) Erf\u00fcllung der dem Unternehmen auf Grundlage allgemein geltender Gesetze, einschlie\u00dflich Steuer- und Buchhaltungsvorschriften, obliegenden rechtlichen Verpflichtungen \u2013 Rechtsgrundlage f\u00fcr die Verarbeitung personenbezogener Daten ist Art. 6 Abs. 1 lit. c DSGVO,<\/p>\n\n\n\n<p>d) Durchf\u00fchrung analytischer und statistischer T\u00e4tigkeiten \u2013 die Rechtsgrundlage f\u00fcr die Verarbeitung personenbezogener Daten ist das berechtigte Interesse des Unternehmens (Art. 6 Abs. 1 Buchstabe f) DSGVO). Das berechtigte Interesse des Unternehmens besteht in der Analyse der Ergebnisse der Gesch\u00e4ftst\u00e4tigkeit.<\/p>\n\n\n\n<p>e) zur Umsetzung des berechtigten Interesses des Unternehmens, das in der m\u00f6glichen Feststellung oder Geltendmachung von Anspr\u00fcchen oder der Verteidigung gegen Anspr\u00fcche besteht \u2013 die Rechtsgrundlage f\u00fcr die Verarbeitung personenbezogener Daten ist das berechtigte Interesse des Unternehmens \u2013 Art. 6 Abs. 1 Buchstabe f DSGVO.<\/p>\n\n\n\n<p>4. Ihre personenbezogenen Daten k\u00f6nnen weitergegeben werden:<\/p>\n\n\n\n<p>a) Spediteure, Kurierdienste, Frachtf\u00fchrer,<\/p>\n\n\n\n<p>b) Unternehmen, die elektronische Zahlungen und Zahlungskarten abwickeln,<\/p>\n\n\n\n<p>c) Kreditunternehmen,<\/p>\n\n\n\n<p>d) IT-Unternehmen, die sich mit IT-Systemen befassen und unsere Server, Computer und E-Mail warten,<\/p>\n\n\n\n<p>e) Unternehmen, die unsere Website betreiben,<\/p>\n\n\n\n<p>f) Unternehmen, die f\u00fcr unser Unternehmen Dienstleistungen in den Bereichen Buchhaltung, Pr\u00fcfung der Servicequalit\u00e4t, Inkasso, Rechts-, Analyse- und Marketingdienstleistungen erbringen,<\/p>\n\n\n\n<p>g) Mitarbeiter von LOXEE SP. Z OO<\/p>\n\n\n\n<p>5. Ihre personenbezogenen Daten werden f\u00fcr einen Zeitraum verarbeitet:<\/p>\n\n\n\n<p>a) im Falle der Verarbeitung personenbezogener Daten zu Marketingzwecken und zur Erbringung von Dienstleistungen auf elektronischem Wege \u2013 bis Sie der Verarbeitung personenbezogener Daten in diesem Zusammenhang widersprechen.<\/p>\n\n\n\n<p>b) bei personenbezogenen Daten, die zur Erf\u00fcllung von Kaufvertr\u00e4gen verarbeitet werden \u2013 f\u00fcr den Zeitraum, der zur Erf\u00fcllung aller Verpflichtungen aus dem Vertrag erforderlich ist, und nach dessen Abschluss f\u00fcr folgende Zwecke:<\/p>\n\n\n\n<p>Geltendmachung von Anspr\u00fcchen im Zusammenhang mit der Vertragserf\u00fcllung,<\/p>\n\n\n\n<p>Erf\u00fcllung der sich aus gesetzlichen Bestimmungen ergebenden Pflichten, insbesondere im Steuer- und Rechnungswesen,<\/p>\n\n\n\n<p>f\u00fcr statistische und Archivierungszwecke,<\/p>\n\n\n\n<p>maximal f\u00fcr einen Zeitraum von 10 Jahren ab dem Datum der Vertragsbeendigung.<\/p>\n\n\n\n<p>6. Sie haben das Recht, jederzeit auf Ihre personenbezogenen Daten zuzugreifen und diese zu berichtigen, zu l\u00f6schen, die Verarbeitung einzuschr\u00e4nken, das Recht auf Daten\u00fcbertragung, das Widerspruchsrecht und das Recht, die Einwilligung jederzeit zu widerrufen, ohne die Rechtm\u00e4\u00dfigkeit der Verarbeitung (sofern die Verarbeitung auf Grundlage einer Einwilligung erfolgt) zu beeintr\u00e4chtigen, die auf Grundlage einer Einwilligung vor deren Widerruf erfolgt ist. Jeder Widerruf der Einwilligung sollte schriftlich an folgende Adresse gesendet werden: Akademia Sportu Stawiki Sp. z oo, ul. Kresowa 4, 41-200 Sosnowiec oder in elektronischer Form an die Adresse:&nbsp;<a href=\"mailto:info@x-wake.com\">info@x-wake.com<\/a><\/p>\n\n\n\n<p>Sie haben jederzeit das Recht, bei Giodo Beschwerde einzulegen, wenn Sie der Ansicht sind, dass die Speicherung Ihrer personenbezogenen Daten gegen die Bestimmungen der Datenschutz-Grundverordnung vom 26. April 2016 verst\u00f6\u00dft.<\/p>\n\n\n\n<p>7. Die Angabe personenbezogener Daten ist freiwillig, mit zwei Ausnahmen:<\/p>\n\n\n\n<p>a) Abschluss von Vertr\u00e4gen mit dem Administrator \u2013 die Nichtbereitstellung der f\u00fcr den Abschluss und die Erf\u00fcllung des Kaufvertrags oder des Vertrags \u00fcber die Erbringung elektronischer Dienstleistungen mit dem Administrator erforderlichen personenbezogenen Daten in den auf der Website des Online-Shops und in den Bestimmungen des Online-Shops angegebenen F\u00e4llen und Umfangs f\u00fchrt dazu, dass dieser Vertrag nicht abgeschlossen werden kann. Die Bereitstellung personenbezogener Daten ist in diesem Fall eine vertragliche Anforderung. Wenn die betroffene Person einen bestimmten Vertrag mit dem Administrator abschlie\u00dfen m\u00f6chte, ist sie verpflichtet, die erforderlichen Daten bereitzustellen.<\/p>\n\n\n\n<p>Der Umfang der f\u00fcr den Vertragsabschluss erforderlichen Daten wird jeweils zuvor auf der Website des Online-Shops und in den Bestimmungen des Online-Shops angegeben.<\/p>\n\n\n\n<p>b) Gesetzliche Pflichten des Administrators \u2013 die Bereitstellung personenbezogener Daten ist eine gesetzliche Anforderung, die sich aus allgemein geltenden Rechtsvorschriften ergibt, die dem Administrator die Verpflichtung auferlegen, personenbezogene Daten zu verarbeiten (z. B. Datenverarbeitung zum Zwecke der F\u00fchrung von Steuer- oder Buchhaltungsb\u00fcchern), und die Nichtbereitstellung macht den Administrator an der Erf\u00fcllung dieser Pflichten hinderlich.<\/p>\n\n\n\n<p>8. Ihre personenbezogenen Daten werden einem Profiling unterzogen.<\/p>\n\n\n\n<p>Wir verwenden die Profilerstellung Ihrer Daten zum Zwecke des Direktmarketings, z. B. w\u00e4hlen wir automatisch eine Anzeige f\u00fcr Sie auf Grundlage Ihrer bisherigen Aktivit\u00e4ten auf der Website aus, bieten Ihnen ein Produkt an, das Ihren Interessen entspricht, gew\u00e4hren einen Rabatt, erinnern Sie an nicht abgeschlossene Eink\u00e4ufe usw. Nat\u00fcrlich \u00fcberlassen wir die Entscheidung, ob Sie den Rabatt nutzen oder das von uns angebotene Produkt kaufen, Ihnen.<\/p>\n\n\n\n<p>KEKSE<\/p>\n\n\n\n<p>Was sind Cookies?<\/p>\n\n\n\n<p>Cookies sind kleine Dateien, die auf Ihrem Computer, Tablet oder Smartphone gespeichert werden, w\u00e4hrend Sie verschiedene Websites im Internet besuchen. Ein Cookie enth\u00e4lt in der Regel den Namen der Website, von der es stammt, die \u201eLebensdauer\u201c des Cookies (d. h. seine Lebensdauer) und die zuf\u00e4llig generierte eindeutige Nummer, die zur Identifizierung des Browsers verwendet wird, von dem aus die Website aufgerufen wird.<\/p>\n\n\n\n<p>Wof\u00fcr verwenden wir Cookies?<\/p>\n\n\n\n<p>Wake Sklep verwendet Cookies f\u00fcr verschiedene Zwecke: um Websites und Anwendungen schneller und benutzerfreundlicher zu gestalten, Inhalte und Anzeigen besser auf Ihre Erwartungen und Interessen abzustimmen und anonyme, aggregierte Statistiken zu sammeln, die dazu beitragen, die Funktionalit\u00e4t und den Inhalt von Seiten und Anwendungen zu verbessern. Durch die Verwendung von Cookies in der oben beschriebenen Weise identifizieren wir niemals die Identit\u00e4t von Benutzern anhand der in Cookies gespeicherten Informationen.<\/p>\n\n\n\n<p>Datenschutzpolitik<\/p>\n\n\n\n<p>Mit 25 Tagen vor dem 25. Mai 2018, Art. 13 USt. 1. Sitzung des Europ\u00e4ischen Parlaments in Rady (UE) 2016\/679 vom 27. Februar 2016. Mit der Zeit vor der Geburt des Jahres 95\/46\/WE, (abgesehen von \u201eRODO\u201c), am 25. Mai 2018 am 25. Mai 2018 Tobie hat sich entschieden, dass er zwei Kinder von Twoich und seinen Freunden bekommen hat.<\/p>\n\n\n\n<p>Jednocze\u015bnie na podstawie art. 13. Januar 2018, Mittwoch, 25. Mai 2018, aktuelles Datum: 13. Dezember 2018<\/p>\n\n\n\n<p>1. Der Administrator Twoich ist die Firma LOXEE Sp. z o.o. z oo z siedzib\u0105 pod adresem ul.FABRYCZNA 5 , 43-100 TYCHY<\/p>\n\n\n\n<p>2. Twoje dane osobowe otrzymali\u015bmy od Ciebie podczas zak\u0142adania konta w sklepie X WAKE SHOP<\/p>\n\n\n\n<p>3. Twoje dane osobowe b\u0119d\u0105 przetwarzane w celu :&nbsp;<\/p>\n\n\n\n<p>a) umo\u017cliwienia \u015bwiadczenia us\u0142ug drog\u0105 elektroniczn\u0105 oraz zawerania um\u00f3w sprzeda\u017cy, obs\u0142ugi reklamacji wysy\u0142ek, p\u0142atno\u015bci , zak\u0142adania i zarz\u0105dzania Twoim kontem, rozwi\u0105zywania ewentualnych problem\u00f3w technicznych \u2013 podstaw\u0105 prawn\u0105 przetwarzania danych osobowych Scherzkunst. 6 ust. 1 lit. b) RODO,<\/p>\n\n\n\n<p>b) prowadzenia wobec.&nbsp;<\/p>\n\n\n\n<p>c) wype\u0142nienia obowi\u0105zk\u00f3w prawnych ci\u0105\u017c\u0105cych na firmie na podstawie powszechnie obowi\u0105zuj\u0105cych przepis\u00f3w prawa, w tym przepis\u00f3w podatkowych oraz z zakresu rachunkowo\u015bci \u2013 podstaw\u0105 prawn\u0105 przetwarzania danych osobowych Scherzkunst. 6 ust. 1 lit. c RODO,<\/p>\n\n\n\n<p>d) prowadzenia dzia\u0142a\u0144 analitycznych i statystycznych \u2013 podstaw\u0105 prawn\u0105 przetwarzania danych osobowych jest prawnie uzasadniony interes firmy (art. 6 ust. 1 lit. f) RODO, uzasadnionym interesem firmy jest prowadzenie analizy wynik\u00f3w prowadzonej dzia\u0142alno\u015bci gospodarczej,<\/p>\n\n\n\n<p>e) Wir haben festgestellt, dass die Firma ein Interesse daran hat, ein Unternehmen zu gr\u00fcnden, das sich f\u00fcr die Zukunft entschieden hat, oder ob sie sich f\u00fcr ein Unternehmen entschieden haben. Kunst. 6 ust. 1 lit. f RODO.<\/p>\n\n\n\n<p>4. Twoje dane osobowe mog\u0105 by\u0107 udost\u0119pnione :<\/p>\n\n\n\n<p>a) spedytorom, firmom kurierskim, przewo\u017anikom,<\/p>\n\n\n\n<p>b) firmom obs\u0142uguj\u0105cym p\u0142atno\u015bci elektroniczne oraz kartami p\u0142atniczym,<\/p>\n\n\n\n<p>c) firmom udzielaj\u0105cym kredyt\u00f3w,<\/p>\n\n\n\n<p>d) Die IT-Firma verf\u00fcgt \u00fcber ein Informationssystem, ein Computersystem und elektronische Ger\u00e4te,<\/p>\n\n\n\n<p>e) firmom zajmuj\u0105cych si\u0119 nasza stron\u0105 internetow\u0105,<\/p>\n\n\n\n<p>f) podmiotom \u015bwiadcz\u0105cym na rzecz naszej firmy us\u0142ugi z zakresu ksi\u0119gowo\u015bci , badania jako\u015bci obs\u0142ugi, dochodzenia nale\u017cno\u015bci, us\u0142ugi prawne, analityczne, marketingowe,<\/p>\n\n\n\n<p>g) pracownikom firmy LOXEE SP. Z OO<\/p>\n\n\n\n<p>5. Twoje dane osobowe b\u0119d\u0105 przetwarzane przez okres::<\/p>\n\n\n\n<p>a) mit der M\u00f6glichkeit, die Marketingaktivit\u00e4ten in der Schweiz zu vermarkten \u2013 und die Verbraucher in aller Welt zu vermarkten.<\/p>\n\n\n\n<p>b) w przypadku danych osobowych przetwarzanych w celu realizacji um\u00f3w sprzeda\u017cy \u2013 przez okres konieczny do wykonania wszystkich obowi\u0105zk\u00f3w wynikaj\u0105cych z umowy oraz po jej zako\u0144czeniu w celach :<\/p>\n\n\n\n<ul class=\"wp-block-list\">\n<li>dochodzenia roszcze\u0144 w zwi\u0105zku z wykonaniem umowy,<\/li>\n\n\n\n<li>wykonania obowi\u0105zk\u00f3w wynikaj\u0105cych z przepis\u00f3w prawa, w tym w szczeg\u00f3lno\u015bci podatkowych i rachunkowych,<\/li>\n\n\n\n<li>w celach statystycznych i archiwizacyjnych,<\/li>\n\n\n\n<li>max. 10 Minuten vor der n\u00e4chsten Woche.<\/li>\n<\/ul>\n\n\n\n<p>6. Wenn Sie mit der Arbeit beginnen, wechseln Sie in die Umgebung, in der Sie sich befinden, in der K\u00fcche, in der K\u00fcche, in der Natur, in der Natur, in der Natur, in der Natur oder in der Freizeit Bez wp\u0142ywu na zgodno\u015b\u0107 z prewem przetwarzania (je\u017celi przetwarzanie odbywa si\u0119 na podstawie zgody), kt\u00f3rego dokonano na podstawie zgody przed jej cofni\u0119ciem. Ewentualne wycofanie zgody prosimy o przesy\u0142anie w formie pisemnej na adres: Akademia Sportu Stawiki Sp. z o.o. z oo, ul. Kresowa 4, 41-200 Sosnowiec lub w formie elektronicznej na adres:&nbsp;<a href=\"mailto:shop@wake-sklep.pl\">info@x-wake.com<\/a><\/p>\n\n\n\n<p>W\u00e4hrend der letzten Monate in Polen wurden die Preise f\u00fcr die 26. Woche vor dem 26. September 2016 erh\u00f6ht.<\/p>\n\n\n\n<p>7. Podanie danych osobowych jest dobrowolne, z zastrze\u017ceniem dw\u00f3ch wyj\u0105tk\u00f3w:<\/p>\n\n\n\n<p>a) Die Verwaltung erfolgt nicht durch einen Administrator oder durch eine neue Internetverbindung, die durch die Regulierung der Internetverbindung reguliert wird Der Administrator hat die M\u00f6glichkeit, sich um die Arbeit zu k\u00fcmmern. Sie haben die M\u00f6glichkeit, sich von der Verwaltung zu trennen, und haben die M\u00f6glichkeit, sich von der Verwaltung zu trennen. Wenn Sie die M\u00f6glichkeit haben, Ihre Internetverbindung zu verbessern, m\u00fcssen Sie die Internetverbindung mit der Regulierungsbeh\u00f6rde erweitern.&nbsp;<\/p>\n\n\n\n<p>b) Obowi\u0105zki ustawowe Administratora \u2013 podanie danych osobowych jest wymogiem ustawowym wynikaj\u0105cym z powszechnie obowi\u0105zuj\u0105cych przepis\u00f3w prawa nak\u0142adaj\u0105cych na Administratora obowi\u0105zek przetwarzania danych osobowych (np. Die Pr\u00fcfung erfolgt in der Regel, in der ich die erforderliche Leistung erbringen kann, und habe die M\u00f6glichkeit, die Verwaltungsaufgaben zu erf\u00fcllen.<\/p>\n\n\n\n<p>8. Twoje dane osobowe b\u0119d\u0105 podlega\u0142y profilowaniu.<\/p>\n\n\n\n<p>B\u0119dziemy korzysta\u0107 z profilowania Twoich danych do cel\u00f3w marketingu bezpo\u015bredniego tzn np. Automatisieren Sie die Reklamation der Ciebie mit der Einschaltdauer oder der Aktion auf der Stra\u00dfe, zaproponujemy Produkt zgodny z Twoimi zainteresowaniami , udzielimy odpowiedniego rabatu , przypomnimy o niedoko\u0144czonych zakupach itp. Sie haben die Gelegenheit erhalten, Ihr Lieblingsprodukt von Tobie zu kaufen.<\/p>\n\n\n\n<p>KEKSE&nbsp;<\/p>\n\n\n\n<p>Was ist mit der Ciasteczka?<br>Ciasteczka (ang. Cookies) zu niewielkie pliki, zapisywane i przechowywane na twoim computer, tablecie or smartphonie podczas gdy odwiedzasz r\u00f3\u017cne strony w internet. Ciasteczko zazwyczaj zawiera nazw\u0119 strony internetowej, z kt\u00f3rej pochodzi, \u201ed\u0142ugo\u015b\u0107 \u017cycia\u201c ciasteczka (to znaczy czas jego isnienia) oraz przypadkowo wygenerowany unikalny numer s\u0142u\u017c\u0105cy do identabilji przegl\u0105darki, z jakiej Neues Internet-Portal.<\/p>\n\n\n\n<p>Sind Sie ein schlauer Tscheche?<br>Wake Sklep hat die folgenden Schritte durchgef\u00fchrt: von Strony und einer App, die bereits von Ihnen verwendet wurde, und von der Sie sich die Zeit genommen haben, zwei Tage lang eine Woche lang zu arbeiten und sich die Zeit zu nehmen, die Sie brauchen anonym, zagregowanych statystyk, kt\u00f3re pomagaj\u0105 w poprawianiu funkcjonalno\u015bci i zawarto\u015bci stron i aplikacji. Sie erhalten von uns die M\u00f6glichkeit, Ihre Identit\u00e4t zu \u00fcberpr\u00fcfen, indem Sie die erforderlichen Informationen zur \u00dcberpr\u00fcfung Ihrer Daten bereitstellen.<\/p>","protected":false},"excerpt":{"rendered":"<p>In connection with the commencement of application as of May 25, 2018, Article 13, para. 1 of the General Regulation of the European Parliament and of the Council (EU) 2016\/679 of 27 April 2016 on the protection of individuals and their personal data and on the free movement of such data and repealing Directive 95\/46 [&hellip;]<\/p>","protected":false},"author":1,"featured_media":0,"parent":0,"menu_order":0,"comment_status":"closed","ping_status":"open","template":"","meta":{"footnotes":""},"class_list":["post-3","page","type-page","status-publish","hentry"],"yoast_head":"<!-- This site is optimized with the Yoast SEO plugin v26.4 - https:\/\/yoast.com\/wordpress\/plugins\/seo\/ -->\n<title>Privacy Policy - X-Sports.world - X-Wake | X-Surf<\/title>\n<meta name=\"robots\" content=\"index, follow, max-snippet:-1, max-image-preview:large, max-video-preview:-1\" \/>\n<link rel=\"canonical\" href=\"https:\/\/x-sports.world\/de\/privacy-policy\/\" \/>\n<meta property=\"og:locale\" content=\"de_DE\" \/>\n<meta property=\"og:type\" content=\"article\" \/>\n<meta property=\"og:title\" content=\"Privacy Policy - X-Sports.world - X-Wake | X-Surf\" \/>\n<meta property=\"og:description\" content=\"In connection with the commencement of application as of May 25, 2018, Article 13, para. 1 of the General Regulation of the European Parliament and of the Council (EU) 2016\/679 of 27 April 2016 on the protection of individuals and their personal data and on the free movement of such data and repealing Directive 95\/46 [&hellip;]\" \/>\n<meta property=\"og:url\" content=\"https:\/\/x-sports.world\/de\/privacy-policy\/\" \/>\n<meta property=\"og:site_name\" content=\"X-Sports.world - X-Wake | X-Surf\" \/>\n<meta property=\"article:modified_time\" content=\"2025-04-25T15:54:40+00:00\" \/>\n<meta name=\"twitter:card\" content=\"summary_large_image\" \/>\n<meta name=\"twitter:label1\" content=\"Gesch\u00e4tzte Lesezeit\" \/>\n\t<meta name=\"twitter:data1\" content=\"11\u00a0Minuten\" \/>\n<script type=\"application\/ld+json\" class=\"yoast-schema-graph\">{\"@context\":\"https:\/\/schema.org\",\"@graph\":[{\"@type\":\"WebPage\",\"@id\":\"https:\/\/x-sports.world\/privacy-policy\/\",\"url\":\"https:\/\/x-sports.world\/privacy-policy\/\",\"name\":\"Privacy Policy - X-Sports.world - X-Wake | X-Surf\",\"isPartOf\":{\"@id\":\"https:\/\/x-sports.world\/#website\"},\"datePublished\":\"2024-12-31T10:49:46+00:00\",\"dateModified\":\"2025-04-25T15:54:40+00:00\",\"breadcrumb\":{\"@id\":\"https:\/\/x-sports.world\/privacy-policy\/#breadcrumb\"},\"inLanguage\":\"de\",\"potentialAction\":[{\"@type\":\"ReadAction\",\"target\":[\"https:\/\/x-sports.world\/privacy-policy\/\"]}]},{\"@type\":\"BreadcrumbList\",\"@id\":\"https:\/\/x-sports.world\/privacy-policy\/#breadcrumb\",\"itemListElement\":[{\"@type\":\"ListItem\",\"position\":1,\"name\":\"Home\",\"item\":\"https:\/\/x-sports.world\/\"},{\"@type\":\"ListItem\",\"position\":2,\"name\":\"Privacy Policy\"}]},{\"@type\":\"WebSite\",\"@id\":\"https:\/\/x-sports.world\/#website\",\"url\":\"https:\/\/x-sports.world\/\",\"name\":\"X-Sports.world - X-Wake Wakeboards | X-Surf Surfboards\",\"description\":\"Kolejna witryna WordPress\",\"publisher\":{\"@id\":\"https:\/\/x-sports.world\/#organization\"},\"potentialAction\":[{\"@type\":\"SearchAction\",\"target\":{\"@type\":\"EntryPoint\",\"urlTemplate\":\"https:\/\/x-sports.world\/?s={search_term_string}\"},\"query-input\":{\"@type\":\"PropertyValueSpecification\",\"valueRequired\":true,\"valueName\":\"search_term_string\"}}],\"inLanguage\":\"de\"},{\"@type\":\"Organization\",\"@id\":\"https:\/\/x-sports.world\/#organization\",\"name\":\"X-Sports.world - X-Wake | X-Surf\",\"url\":\"https:\/\/x-sports.world\/\",\"logo\":{\"@type\":\"ImageObject\",\"inLanguage\":\"de\",\"@id\":\"https:\/\/x-sports.world\/#\/schema\/logo\/image\/\",\"url\":\"https:\/\/x-sports.world\/wp-content\/uploads\/2025\/04\/XSPORTS-BLACK-LOGO.png\",\"contentUrl\":\"https:\/\/x-sports.world\/wp-content\/uploads\/2025\/04\/XSPORTS-BLACK-LOGO.png\",\"width\":3810,\"height\":1016,\"caption\":\"X-Sports.world - X-Wake | X-Surf\"},\"image\":{\"@id\":\"https:\/\/x-sports.world\/#\/schema\/logo\/image\/\"}}]}<\/script>\n<!-- \/ Yoast SEO plugin. -->","yoast_head_json":{"title":"Datenschutzrichtlinie - X-Sports.world - X-Wake | X-Surf","robots":{"index":"index","follow":"follow","max-snippet":"max-snippet:-1","max-image-preview":"max-image-preview:large","max-video-preview":"max-video-preview:-1"},"canonical":"https:\/\/x-sports.world\/de\/privacy-policy\/","og_locale":"de_DE","og_type":"article","og_title":"Privacy Policy - X-Sports.world - X-Wake | X-Surf","og_description":"In connection with the commencement of application as of May 25, 2018, Article 13, para. 1 of the General Regulation of the European Parliament and of the Council (EU) 2016\/679 of 27 April 2016 on the protection of individuals and their personal data and on the free movement of such data and repealing Directive 95\/46 [&hellip;]","og_url":"https:\/\/x-sports.world\/de\/privacy-policy\/","og_site_name":"X-Sports.world - X-Wake | X-Surf","article_modified_time":"2025-04-25T15:54:40+00:00","twitter_card":"summary_large_image","twitter_misc":{"Gesch\u00e4tzte Lesezeit":"11\u00a0Minuten"},"schema":{"@context":"https:\/\/schema.org","@graph":[{"@type":"WebPage","@id":"https:\/\/x-sports.world\/privacy-policy\/","url":"https:\/\/x-sports.world\/privacy-policy\/","name":"Datenschutzrichtlinie - X-Sports.world - X-Wake | X-Surf","isPartOf":{"@id":"https:\/\/x-sports.world\/#website"},"datePublished":"2024-12-31T10:49:46+00:00","dateModified":"2025-04-25T15:54:40+00:00","breadcrumb":{"@id":"https:\/\/x-sports.world\/privacy-policy\/#breadcrumb"},"inLanguage":"de","potentialAction":[{"@type":"ReadAction","target":["https:\/\/x-sports.world\/privacy-policy\/"]}]},{"@type":"BreadcrumbList","@id":"https:\/\/x-sports.world\/privacy-policy\/#breadcrumb","itemListElement":[{"@type":"ListItem","position":1,"name":"Home","item":"https:\/\/x-sports.world\/"},{"@type":"ListItem","position":2,"name":"Privacy Policy"}]},{"@type":"WebSite","@id":"https:\/\/x-sports.world\/#website","url":"https:\/\/x-sports.world\/","name":"X-Sports.world - X-Wake Wakeboards | X-Surf Surfboards","description":"WordPress-Website","publisher":{"@id":"https:\/\/x-sports.world\/#organization"},"potentialAction":[{"@type":"SearchAction","target":{"@type":"EntryPoint","urlTemplate":"https:\/\/x-sports.world\/?s={search_term_string}"},"query-input":{"@type":"PropertyValueSpecification","valueRequired":true,"valueName":"search_term_string"}}],"inLanguage":"de"},{"@type":"Organization","@id":"https:\/\/x-sports.world\/#organization","name":"X-Sports.world - X-Wake | X-Surf","url":"https:\/\/x-sports.world\/","logo":{"@type":"ImageObject","inLanguage":"de","@id":"https:\/\/x-sports.world\/#\/schema\/logo\/image\/","url":"https:\/\/x-sports.world\/wp-content\/uploads\/2025\/04\/XSPORTS-BLACK-LOGO.png","contentUrl":"https:\/\/x-sports.world\/wp-content\/uploads\/2025\/04\/XSPORTS-BLACK-LOGO.png","width":3810,"height":1016,"caption":"X-Sports.world - X-Wake | X-Surf"},"image":{"@id":"https:\/\/x-sports.world\/#\/schema\/logo\/image\/"}}]}},"_links":{"self":[{"href":"https:\/\/x-sports.world\/de\/wp-json\/wp\/v2\/pages\/3","targetHints":{"allow":["GET"]}}],"collection":[{"href":"https:\/\/x-sports.world\/de\/wp-json\/wp\/v2\/pages"}],"about":[{"href":"https:\/\/x-sports.world\/de\/wp-json\/wp\/v2\/types\/page"}],"author":[{"embeddable":true,"href":"https:\/\/x-sports.world\/de\/wp-json\/wp\/v2\/users\/1"}],"replies":[{"embeddable":true,"href":"https:\/\/x-sports.world\/de\/wp-json\/wp\/v2\/comments?post=3"}],"version-history":[{"count":2,"href":"https:\/\/x-sports.world\/de\/wp-json\/wp\/v2\/pages\/3\/revisions"}],"predecessor-version":[{"id":324,"href":"https:\/\/x-sports.world\/de\/wp-json\/wp\/v2\/pages\/3\/revisions\/324"}],"wp:attachment":[{"href":"https:\/\/x-sports.world\/de\/wp-json\/wp\/v2\/media?parent=3"}],"curies":[{"name":"wp","href":"https:\/\/api.w.org\/{rel}","templated":true}]}}